{"id":327,"date":"2017-02-09T16:21:30","date_gmt":"2017-02-09T15:21:30","guid":{"rendered":"http:\/\/agora.xtec.cat\/ies-estatut\/?page_id=327"},"modified":"2024-09-10T21:28:06","modified_gmt":"2024-09-10T19:28:06","slug":"dept-llengues","status":"publish","type":"page","link":"https:\/\/agora.xtec.cat\/ies-estatut\/linstitut\/organigrama\/dept-llengues\/","title":{"rendered":"Departament de Lleng\u00fces"},"content":{"rendered":"<p>&nbsp;<\/p>\n<p><b>CURS 24-25<\/b><\/p>\n<p><b>PROFESSORAT:<\/b><\/p>\n<ul>\n<li aria-level=\"1\"><b>Clara Bass\u00f3: <\/b>Llengua catalana i literatura de 1r d\u2019ESO (Tutora de 1r C) i de 1r de Batxillerat, Coordinaci\u00f3 de Biblioteca.<\/li>\n<\/ul>\n<ul>\n<li aria-level=\"1\"><b>Susanna G\u00f3mez: <\/b>Llengua catalana i literatura de 2n d\u2019ESO (Coordinaci\u00f3 2n d\u2019ESO) i Optativa de Creaci\u00f3 liter\u00e0ria de 1r de Batxillerat.<\/li>\n<\/ul>\n<ul>\n<li aria-level=\"1\"><b>David Vilaplana: <\/b>\u00a0Llengua catalana i literatura de 3r d\u2019ESO i 2n de Batxillerat i Coordinaci\u00f3 pedag\u00f2gica.<\/li>\n<\/ul>\n<ul>\n<li aria-level=\"1\"><b>Susanna Mart\u00ednez: <\/b>Llengua catalana i literatura de 3r d\u2019ESO i Literatura Universal de 1r de Batxillerat<\/li>\n<\/ul>\n<ul>\n<li aria-level=\"1\"><b>Eug\u00e8nia Aragon\u00e8s: <\/b>Llengua catalana i literatura de 4t d\u2019ESO (tutora de 4t B) i CF.<\/li>\n<\/ul>\n<ul>\n<li aria-level=\"1\"><b>Gemma Peralta: <\/b>Llengua catalana i literatura de 4t d\u2019ESO, CF i Cap d\u2019Estudis.<\/li>\n<\/ul>\n<ul>\n<li aria-level=\"1\"><b>Gema D\u00edaz: <\/b>Llengua castellana i literatura de 1r d\u2019ESO (Coordinaci\u00f3 de 1r d\u2019ESO) i Literatura castellana de 2n de Batxillerat.<\/li>\n<\/ul>\n<ul>\n<li aria-level=\"1\"><b>Jane Yera: <\/b>Llengua castellana i literatura de 2n d\u2019ESO (tutora de 2n B), EINA i 1r de CFGB.<\/li>\n<\/ul>\n<ul>\n<li aria-level=\"1\"><b>Agustina Bassani: <\/b>Llengua castellana i literatura de 3r d\u2019ESO i 2n de Batxillerat (tutora de 2n A)<\/li>\n<\/ul>\n<ul>\n<li aria-level=\"1\"><b>Yesika Laplaza: <\/b>Llengua castellana i literatura de 4t d\u2019ESO, 1r de Batxillerat (tutora de 1r B) i Cap de departament de l\u2019\u00e0mbit ling\u00fc\u00edstic.<\/li>\n<\/ul>\n<p><b>CAP DE DEPARTAMENT: Yesika Laplaza.<\/b><\/p>\n<p><b>MAT\u00c8RIES:<\/b><\/p>\n<ul>\n<li aria-level=\"1\">\u00c0mbit ling\u00fc\u00edstic de Llengua catalana i literatura (de 1r a 4t d\u2019ESO)<\/li>\n<li aria-level=\"1\">\u00c0mbit ling\u00fc\u00edstic de Llengua castellana i literatura (de 1r a 4t d\u2019ESO)<\/li>\n<li aria-level=\"1\">Optativa Batxillerat: Creaci\u00f3 liter\u00e0ria.<\/li>\n<li aria-level=\"1\">Llengua catalana i literatura (1r i 2n de batxillerat)<\/li>\n<li aria-level=\"1\">Llengua castellana i literatura (1r i 2n de batxillerat)<\/li>\n<li aria-level=\"1\">Literatura universal (1r de batxillerat)<\/li>\n<li aria-level=\"1\">Literatura castellana (2n de batxillerat)<\/li>\n<\/ul>\n<p><b>Llibres i materials did\u00e0ctics utilitzats:<\/b><\/p>\n<ul>\n<li aria-level=\"1\">Catal\u00e0:\n<ul>\n<li aria-level=\"2\"><i>Mirall trencat, <\/i>Merc\u00e8 Rodoreda<\/li>\n<li aria-level=\"2\"><i>Aig\u00fces encantades, <\/i>Joan Puig i Ferreter<\/li>\n<li aria-level=\"2\"><i>Mar i cel,<\/i> \u00c0ngel Guimer\u00e0<\/li>\n<\/ul>\n<\/li>\n<\/ul>\n<p>&nbsp;<\/p>\n<ul>\n<li aria-level=\"1\">Castell\u00e0:\n<ul>\n<li aria-level=\"2\"><i>Nada, Carmen Laforet<\/i><\/li>\n<li aria-level=\"2\"><i>La fundaci\u00f3n, Antonio Buero Vallejo\u00a0<\/i><\/li>\n<\/ul>\n<\/li>\n<\/ul>\n<p>&nbsp;<\/p>\n<p><b>Enlla\u00e7os externs:<\/b><\/p>\n<ul>\n<li aria-level=\"1\">No hi ha enlla\u00e7os externs.<\/li>\n<\/ul>\n<p><b>Activitats del departament:<\/b><\/p>\n<ul>\n<li aria-level=\"1\">Autors a les aules: rebem visites dels autors que llegim.<\/li>\n<li aria-level=\"1\">Parelles ling\u00fc\u00edstiques: acollim ling\u00fc\u00edsticament els nouvinguts que venen d\u2019altres parts del m\u00f3n o de l\u2019Estat Espanyol.<\/li>\n<li aria-level=\"1\">Visites al teatre.<\/li>\n<li aria-level=\"1\">Sortides o rebuda de visites relacionades amb all\u00f2 treballat als projectes (tallers, rutes liter\u00e0ries, etc.).<\/li>\n<li aria-level=\"1\">A m\u00e9s, per Sant Jordi, organitzem cada curs, conjuntament amb la resta de lleng\u00fces del centre, la festa liter\u00e0ria, amb concurs i lliurament de premis.<\/li>\n<li aria-level=\"1\">Club de lectura en catal\u00e0 obert a tota la comunitat educativa del nostre centre.<\/li>\n<li aria-level=\"1\">Sortida al Sal\u00f3 del C\u00f2mic.<\/li>\n<\/ul>\n<p><b>Horaris de visites:<\/b><\/p>\n<p>Per fixar entrevistes cal enviar un correu electr\u00f2nic al professor\/a pertinent.<\/p>\n<p>&nbsp;<\/p>\n","protected":false},"excerpt":{"rendered":"<p>&nbsp;<br \/>\nCURS 24-25<br \/>\nPROFESSORAT:<\/p>\n<ul>\n<li aria-level=\"1\">Clara Bass\u00f3: Llengua catalana i literatura de 1r d\u2019ESO (Tutora de 1r C) i de 1r de Batxillerat, Coordinaci\u00f3 de Biblioteca.<\/li>\n<\/ul>\n<ul>\n<li aria-level=\"1\">Susanna G\u00f3mez: Llengua catalana i literatura de 2n d\u2019ESO (Coordinaci\u00f3 2n d\u2019ESO) i Optativa de Creaci\u00f3 liter\u00e0ria de 1r de Batxillerat.<\/li>\n<\/ul>\n<ul>\n<li aria-level=\"1\">David&hellip;  <a href=\"https:\/\/agora.xtec.cat\/ies-estatut\/linstitut\/organigrama\/dept-llengues\/\" title=\"Read Departament de Lleng\u00fces\">Llegeix m\u00e9s\u00bb<\/a><br \/>\n","protected":false},"author":1,"featured_media":0,"parent":46,"menu_order":0,"comment_status":"closed","ping_status":"closed","template":"","meta":{"_bbp_topic_count":0,"_bbp_reply_count":0,"_bbp_total_topic_count":0,"_bbp_total_reply_count":0,"_bbp_voice_count":0,"_bbp_anonymous_reply_count":0,"_bbp_topic_count_hidden":0,"_bbp_reply_count_hidden":0,"_bbp_forum_subforum_count":0,"footnotes":""},"class_list":["post-327","page","type-page","status-publish","hentry"],"post_mailing_queue_ids":[],"_links":{"self":[{"href":"https:\/\/agora.xtec.cat\/ies-estatut\/wp-json\/wp\/v2\/pages\/327","targetHints":{"allow":["GET"]}}],"collection":[{"href":"https:\/\/agora.xtec.cat\/ies-estatut\/wp-json\/wp\/v2\/pages"}],"about":[{"href":"https:\/\/agora.xtec.cat\/ies-estatut\/wp-json\/wp\/v2\/types\/page"}],"author":[{"embeddable":true,"href":"https:\/\/agora.xtec.cat\/ies-estatut\/wp-json\/wp\/v2\/users\/1"}],"replies":[{"embeddable":true,"href":"https:\/\/agora.xtec.cat\/ies-estatut\/wp-json\/wp\/v2\/comments?post=327"}],"version-history":[{"count":7,"href":"https:\/\/agora.xtec.cat\/ies-estatut\/wp-json\/wp\/v2\/pages\/327\/revisions"}],"predecessor-version":[{"id":5485,"href":"https:\/\/agora.xtec.cat\/ies-estatut\/wp-json\/wp\/v2\/pages\/327\/revisions\/5485"}],"up":[{"embeddable":true,"href":"https:\/\/agora.xtec.cat\/ies-estatut\/wp-json\/wp\/v2\/pages\/46"}],"wp:attachment":[{"href":"https:\/\/agora.xtec.cat\/ies-estatut\/wp-json\/wp\/v2\/media?parent=327"}],"curies":[{"name":"wp","href":"https:\/\/api.w.org\/{rel}","templated":true}]}}