{"id":3234,"date":"2022-03-14T11:51:07","date_gmt":"2022-03-14T10:51:07","guid":{"rendered":"https:\/\/agora.xtec.cat\/ies-estatut\/?page_id=3234"},"modified":"2022-07-15T11:01:11","modified_gmt":"2022-07-15T09:01:11","slug":"preinscripcions-2022-2023","status":"publish","type":"page","link":"https:\/\/agora.xtec.cat\/ies-estatut\/preinscripcions-2022-2023\/","title":{"rendered":"Preinscripcions 2022-2023"},"content":{"rendered":"<h1><span style=\"color: #37a16c;\">ESO<\/span><\/h1>\n<ul>\n<li><a href=\"https:\/\/agora.xtec.cat\/ies-estatut\/wp-content\/uploads\/usu435\/2022\/02\/Preinscripcio_2022-2023.pdf\">Tria l&#8217;escola p\u00fablica!<\/a><\/li>\n<li>\u200bPresentaci\u00f3 de sol\u00b7licituds:\u00a0del 9 al 21\u00a0de mar\u00e7<\/li>\n<li>Matr\u00edcula:\u00a0del 20 al 28\u00a0de juny<\/li>\n<li><span style=\"color: #0000ff;\"><a style=\"color: #0000ff;\" href=\"https:\/\/agora.xtec.cat\/ies-estatut\/portada\/jornada-de-portes-obertes-2022-per-eso\/\">JPO ESO<\/a><\/span><\/li>\n<li><a href=\"https:\/\/docs.google.com\/presentation\/d\/1GGIc2JEESwslYu_nRSOfyq7Z3AIKzr6fnvlvVI_KO1w\/edit#slide=id.g7118ef3c84_0_67\">Presentaci\u00f3 virtual de la JPO<\/a><\/li>\n<li><a href=\"https:\/\/agora.xtec.cat\/ies-estatut\/wp-content\/uploads\/usu435\/2022\/02\/Preinscripcio-2022-23.pdf\">Informaci\u00f3 pel proc\u00e9s de preinscripci\u00f3 2022-23<\/a><\/li>\n<li><a href=\"https:\/\/agora.xtec.cat\/ies-estatut\/wp-content\/uploads\/usu435\/2022\/02\/INFORME_OFERTA_OME_INFORME_OFERTA-5.pdf\">Oferta inicial de places<\/a><\/li>\n<li><a href=\"https:\/\/agora.xtec.cat\/ies-estatut\/wp-content\/uploads\/usu435\/2022\/04\/Llistat-amb-el-barem-provisional-de-lESO.pdf\">Llistat amb el barem provisional<\/a><\/li>\n<li><a href=\"https:\/\/agora.xtec.cat\/ies-estatut\/wp-content\/uploads\/usu435\/2022\/05\/Llistat-amb-el-barem-un-cop-resoltes-les-reclamacions.pdf\">Llistat amb el barem un cop resoltes les reclamacions<\/a><\/li>\n<li><a href=\"https:\/\/agora.xtec.cat\/ies-estatut\/wp-content\/uploads\/usu435\/2022\/05\/Llista-ordenada-definitiva.pdf\">Llistat ordenat definitiu<\/a><\/li>\n<li><a href=\"https:\/\/agora.xtec.cat\/ies-estatut\/wp-content\/uploads\/usu435\/2022\/06\/Llistat-alumnat-ESO-preinscrit-al-centre.pdf\">Llistat alumnat preinscrit al centre<\/a><\/li>\n<li><a href=\"https:\/\/agora.xtec.cat\/ies-estatut\/wp-content\/uploads\/usu435\/2022\/06\/LListat-alumnat-ESO-assignat-en-primera-peticio.pdf\">Llistat alumnat assignat amb indicaci\u00f3 de la primera petici\u00f3<\/a><\/li>\n<li><a href=\"https:\/\/agora.xtec.cat\/ies-estatut\/wp-content\/uploads\/usu435\/2022\/06\/Llista-espera-ESO.pdf\">Llista d&#8217;espera<\/a><\/li>\n<li><a href=\"https:\/\/agora.xtec.cat\/ies-estatut\/wp-content\/uploads\/usu435\/2022\/06\/Oferta-definitiva-de-l-ESO.pdf\">Oferta final de places<\/a><\/li>\n<li>\n<h3><a href=\"https:\/\/docs.google.com\/forms\/d\/1hPHM1Dglw9vnWDqxe4Rr3m6rF_Rw0BfxjVzx1sMbjP4\/closedform\">Formulari de reclamacions: del 13 al 15 de juny<\/a><\/h3>\n<\/li>\n<\/ul>\n<h1><span style=\"color: #37a16c;\">PFI AUXILIAR DE MUNTATGE I MANTENIMENT D&#8217;EQUIPS INFORM\u00c0TICS<\/span><\/h1>\n<ul>\n<li><a href=\"https:\/\/agora.xtec.cat\/ies-estatut\/wp-content\/uploads\/usu435\/2022\/05\/Oferta-PFI-2022-23.pdf\">Publicaci\u00f3 oferta inicial: 29 d&#8217;abril<\/a><\/li>\n<li>Presentaci\u00f3 presencial de sol\u00b7licituds: del 2 al 13 de maig\n<ul>\n<li><a href=\"https:\/\/agora.xtec.cat\/ies-estatut\/wp-content\/uploads\/usu435\/2022\/04\/Model-preinscripcio-PFI.pdf\">Impr\u00e9s a presentar a l&#8217;institut<\/a><\/li>\n<li>Els documents necessaris per\u00a0<strong>acreditar la identitat<\/strong> de l&#8217;alumne o alumna en la sol\u00b7licitud de preinscripci\u00f3 s\u00f3n els seg\u00fcents:<\/li>\n<\/ul>\n<\/li>\n<\/ul>\n<ol>\n<li style=\"list-style-type: none;\">\n<ol>\n<li style=\"list-style-type: none;\">\n<ol>\n<li><strong>Si \u00e9s major d&#8217;edat:<\/strong>\n<ul>\n<li>DNI, NIE, passaport o document d&#8217;identitat d&#8217;un pa\u00eds membre de la Uni\u00f3 Europea.<\/li>\n<\/ul>\n<\/li>\n<li><strong>Si \u00e9s menor d&#8217;edat:<\/strong>\n<ul>\n<li>Llibre de fam\u00edlia o altres documents relatius a la filiaci\u00f3.<br \/>\nQuan l&#8217;alumne estigui en situaci\u00f3 d&#8217;acolliment, el document que cal aportar \u00e9s la resoluci\u00f3 d&#8217;acolliment del Departament de Drets Socials.<\/li>\n<li>DNI del pare, la mare, el tutor o la tutora de l&#8217;alumne.<br \/>\nSi el sol\u00b7licitant \u00e9s estranger, necessitar\u00e0 la targeta de resid\u00e8ncia on consta el NIE o el passaport; i si \u00e9s estranger d&#8217;un pa\u00eds membre de la Uni\u00f3 Europea, li caldr\u00e0 adjuntar el document d&#8217;identitat del pa\u00eds d&#8217;origen.<\/li>\n<\/ul>\n<p>De manera excepcional, es poden acreditar les dades d&#8217;identificaci\u00f3 o de filiaci\u00f3 de l&#8217;alumnat estranger amb el document d&#8217;identitat, el llibre de fam\u00edlia del pa\u00eds d&#8217;origen o la documentaci\u00f3 alternativa que la persona pugui aportar. El director o la directora del centre educatiu corresponent valorar\u00e0 i examinar\u00e0 la documentaci\u00f3 presentada.<\/li>\n<\/ol>\n<\/li>\n<\/ol>\n<\/li>\n<\/ol>\n<p style=\"padding-left: 40px;\">Per\u00a0<strong>acreditar la condici\u00f3 de discapacitat<\/strong>\u00a0s&#8217;ha de presentar un certificat dels serveis de valoraci\u00f3 i orientaci\u00f3 a persones amb discapacitat (CAD) del Departament de Drets Socials o b\u00e9 un informe de l&#8217;EAP en qu\u00e8 s&#8217;indiqui l&#8217;exist\u00e8ncia d&#8217;indicis raonables que l&#8217;alumne presenta discapacitat.<\/p>\n<p style=\"padding-left: 40px;\">Tamb\u00e9 cal presentar un <strong>certificat d&#8217;anys d&#8217;escolaritzaci\u00f3 a l&#8217;ESO.<\/strong><\/p>\n<ul>\n<li>Entrevistes d&#8217;orientaci\u00f3: del 2 al 20 de maig<\/li>\n<li><a href=\"https:\/\/agora.xtec.cat\/ies-estatut\/wp-content\/uploads\/usu435\/2022\/05\/Llistat-baremat-PFI-.pdf\">Publicaci\u00f3 de sol\u00b7licituds amb puntuaci\u00f3: 26 de maig<\/a><\/li>\n<li>Reclamaci\u00f3 de sol\u00b7licituds: del 27 de maig al 3 de juny<\/li>\n<li><a href=\"https:\/\/agora.xtec.cat\/ies-estatut\/wp-content\/uploads\/usu435\/2022\/06\/Llistat-baremat-PFI-un-cop-resoltes-les-reclamacions.pdf\">Llistat baremat un cop resoltes les reclamacions: 09 de juny<\/a><\/li>\n<li>publicaci\u00f3 oferta final: 29 de juny<\/li>\n<li><a href=\"https:\/\/agora.xtec.cat\/ies-estatut\/wp-content\/uploads\/usu435\/2022\/07\/Llista-admesos-PFI-i-llista-espera.pdf\">Publicaci\u00f3 llistat admesos i llista d&#8217;espera: 29 de juny<\/a><\/li>\n<li>Matriculaci\u00f3: del 4 al 15 de juliol<\/li>\n<\/ul>\n<h1><span style=\"color: #37a16c;\">BATXILLERAT<\/span><\/h1>\n<ul>\n<li><a href=\"https:\/\/docs.google.com\/presentation\/d\/1BRW8kz4skiXuP6irKVUQwPKrdXOotXgNqr7liLAXEqM\/edit?usp=sharing\"><span style=\"color: #0000ff;\">Presentaci\u00f3 de la JPO de Batxillerat<\/span><\/a><\/li>\n<li><a href=\"https:\/\/agora.xtec.cat\/ies-estatut\/wp-content\/uploads\/usu435\/2022\/04\/Oferta-inicial-Batxillerat-2022-23.pdf\">Oferta inicial de places<\/a><\/li>\n<li>Presentaci\u00f3 de sol\u00b7licituds: del 20 al 26 d&#8217;abril<\/li>\n<li><a href=\"https:\/\/agora.xtec.cat\/ies-estatut\/wp-content\/uploads\/usu435\/2022\/05\/Llistat-barem-provisional-Batxillerat.pdf\">Llistat baremat provisional: 23 de maig<\/a><\/li>\n<li><a href=\"https:\/\/agora.xtec.cat\/ies-estatut\/wp-content\/uploads\/usu435\/2022\/06\/Llistat-baremat-batxillerat-un-cop-resoltes-les-reclamancions.pdf\">Llistat baremat un cop resoltes les reclamacions: 3 de juny<\/a><\/li>\n<li><a href=\"https:\/\/agora.xtec.cat\/ies-estatut\/wp-content\/uploads\/usu435\/2022\/06\/Llistat-definitiu-ordenat-batxillerat.pdf\">Llistat baremat definitiu: 9 de juny<\/a><\/li>\n<li><a href=\"https:\/\/agora.xtec.cat\/ies-estatut\/wp-content\/uploads\/usu435\/2022\/06\/Llista-admesos-batxillerat.pdf\">Llistat d&#8217;admesos: 22 de juny<\/a><\/li>\n<li>Matr\u00edcula: del 13 al 19 de juliol<\/li>\n<\/ul>\n<h1><span style=\"color: #37a16c;\">CICLE FORMATIU DE GRAU B\u00c0SIC<\/span><\/h1>\n<ul>\n<li style=\"list-style-type: none;\">\n<ul>\n<li style=\"text-align: justify;\"><strong><a href=\"https:\/\/agora.xtec.cat\/ies-estatut\/estudis-2\/cicle-formacio-administracio-i-gestio\/cicles-formatius-administracio-i-gestio-serveis-administratius\/\">Serveis administratius<\/a><\/strong><\/li>\n<\/ul>\n<\/li>\n<li><a href=\"https:\/\/agora.xtec.cat\/ies-estatut\/wp-content\/uploads\/usu435\/2022\/05\/Oferta-Grau-basic-2022-23.pdf\">Oferta inicial de places<\/a><\/li>\n<li>\n<h5>Documentaci\u00f3 identificativa<\/h5>\n<div>\n<div>\n<ul>\n<li><strong>Llibre de fam\u00edlia o altres documents relatius a la filiaci\u00f3<\/strong>.<br \/>\nQuan l&#8217;alumne estigui en situaci\u00f3 d&#8217;acolliment, el document que cal aportar \u00e9s la\u00a0<strong>resoluci\u00f3 d&#8217;acolliment del Departament de Drets Socials<\/strong>.<\/li>\n<li><strong>DNI, NIE o passaport del pare, la mare o el tutor o la tutora de l&#8217;alumne<\/strong>.<\/li>\n<li><strong>DNI, NIE, passaport o document d&#8217;identitat de l&#8217;alumne o l&#8217;alumna.<\/strong><\/li>\n<li><strong>L&#8217;original i una c\u00f2pia del document de consell orientador en qu\u00e8 es recull la proposta de l&#8217;equip docent.<\/strong><\/li>\n<\/ul>\n<\/div>\n<\/div>\n<\/li>\n<li>Presentaci\u00f3 de sol\u00b7licituds de preinscripci\u00f3: 16 al 25 de maig\n<ul>\n<li>Descarrega <a href=\"https:\/\/documents.espai.educacio.gencat.cat\/FormularisModels\/CentresGestioAdministrativa\/A151.pdf\">aqu\u00ed<\/a> l&#8217;Impr\u00e9s de sol\u00b7licitud<\/li>\n<\/ul>\n<\/li>\n<li><a href=\"https:\/\/agora.xtec.cat\/ies-estatut\/wp-content\/uploads\/usu435\/2022\/05\/Llistat-baremat-grau-basic.pdf\">Llistat amb el barem provisional: 31 de maig<\/a><\/li>\n<li>Reclamacions: 1 al 7 de juny<\/li>\n<li><a href=\"https:\/\/agora.xtec.cat\/ies-estatut\/wp-content\/uploads\/usu435\/2022\/06\/Llistat-baremat-grau-basic-un-cop-resoltes-les-reclamacions.pdf\">Llistat baremat un cop resoltes les reclamacions: 9 de juny<\/a><\/li>\n<li>Publicaci\u00f3 oferta final: 13 de juny<\/li>\n<li><a href=\"https:\/\/agora.xtec.cat\/ies-estatut\/wp-content\/uploads\/usu435\/2022\/06\/Llistat-alumnes-admesos-grau-basic.pdf\">Publicaci\u00f3 llista d&#8217;alumnes admesos: 14 de juny<\/a><\/li>\n<\/ul>\n<h3><span style=\"color: #ff0000;\">Les fam\u00edlies dels alumnes admesos rebreu un mail amb instruccions per formalitzar la matr\u00edcula<\/span><\/h3>\n<ul>\n<li>Per\u00edode de matriculaci\u00f3: 15 al 21 de juny<\/li>\n<\/ul>\n<h1><span style=\"color: #37a16c;\">CICLE FORMATIU DE GRAU MITJ\u00c0<\/span><\/h1>\n<ul>\n<li style=\"list-style-type: none;\">\n<ul>\n<li>\n<h5><a href=\"https:\/\/agora.xtec.cat\/ies-estatut\/estudis-2\/cicles-formatius\/sistemes-microinformatics-i-xarxes-smx\/\">Sistemes microinform\u00e0tics i xarxes<\/a><\/h5>\n<\/li>\n<li>\n<h5><a href=\"https:\/\/agora.xtec.cat\/ies-estatut\/estudis-2\/cicle-formacio-administracio-i-gestio\/ga-gestio-administrativa\/\">Gesti\u00f3 administrativa<\/a><\/h5>\n<\/li>\n<\/ul>\n<\/li>\n<li><a href=\"https:\/\/agora.xtec.cat\/ies-estatut\/wp-content\/uploads\/usu435\/2022\/04\/Oferta-inicial-cicles-formatius-grau-mitja-2022-23.pdf\"><span style=\"color: #0000ff;\">Presentaci\u00f3 de la JPO de Grau Mitj\u00e0<\/span><\/a><\/li>\n<li><a href=\"https:\/\/agora.xtec.cat\/ies-estatut\/wp-content\/uploads\/usu435\/2022\/04\/Oferta-inicial-cicles-formatius-grau-mitja-2022-23.pdf\">Oferta inicial de places<\/a><\/li>\n<li>Presentaci\u00f3 de sol\u00b7licituds de l&#8217;alumnat amb continu\u00eftat d\u2019escolaritzaci\u00f3 (en general, que cursa 4t d\u2019ESO en l\u2019actualitat): del 20 al 26 d\u2019abril<\/li>\n<li><a href=\"https:\/\/agora.xtec.cat\/ies-estatut\/wp-content\/uploads\/usu435\/2022\/05\/LListat-admesos-i-exclosos-de-grau-mitja.pdf\">Llistat d&#8217;alumnes admesos i exclosos<\/a><\/li>\n<li><a href=\"https:\/\/agora.xtec.cat\/ies-estatut\/wp-content\/uploads\/usu435\/2022\/05\/Llistat-admesos-i-exclosos-definitiva.pdf\">Llistat d&#8217;alumnes admesos i exclosos definitiva<\/a><\/li>\n<li><a href=\"https:\/\/agora.xtec.cat\/ies-estatut\/wp-content\/uploads\/usu435\/2022\/05\/Nombre-de-sollicituds-admeses-en-primera-peticio.pdf\">Nombre de sol\u00b7licituds admeses que han demanat el centre i ensenyament en primera petici\u00f3 per al primer curs<\/a><\/li>\n<li>Presentaci\u00f3 de sol\u00b7licituds de la resta d\u2019alumnat: del 17 al 23 de maig<\/li>\n<li><a href=\"https:\/\/educacio.gencat.cat\/ca\/tramits\/tramits-temes\/9420-FP-grau-mitja?moda=1\">Formulari de preinscripci\u00f3<\/a><\/li>\n<li><a href=\"https:\/\/agora.xtec.cat\/ies-estatut\/wp-content\/uploads\/usu435\/2022\/06\/Llistat-provisional-grau-mitja-per-a-l-alumnat-amb-continuitat.pdf\">Llistat provisional alumnat de continu\u00eftat: 9 de juny<\/a><\/li>\n<li><a href=\"https:\/\/agora.xtec.cat\/ies-estatut\/wp-content\/uploads\/usu435\/2022\/06\/Llistat-provisional-grau-mitja-per-a-la-resta-de-l-alumnat.pdf\">Llistat provisional resta d&#8217;alumnat: 9 de juny<\/a><\/li>\n<li><a href=\"https:\/\/agora.xtec.cat\/ies-estatut\/wp-content\/uploads\/usu435\/2022\/06\/Llistat-baremat-un-cop-resoltes-les-reclamacions-de-lalumnat-de-continuitat-de-grau-mitja.pdf\">Llistat baremat un cop resoltes les reclamacions de l&#8217;alumnat de continu\u00eftat de grau mitj\u00e0: 22 de juny<\/a><\/li>\n<li><a href=\"https:\/\/agora.xtec.cat\/ies-estatut\/wp-content\/uploads\/usu435\/2022\/06\/Llistat-baremat-un-cop-resoltes-les-reclamacions-de-grau-mitja.pdf\">Llistat baremat un cop resoltes les reclamacions de grau mitj\u00e0: 22 de juny<\/a><\/li>\n<li><a href=\"https:\/\/agora.xtec.cat\/ies-estatut\/wp-content\/uploads\/usu435\/2022\/06\/Llista-ordenada-definitiva-grau-mitja-alumnat-per-continuitat.pdf\">Llista definitiva ordenada pels alumnes de continu\u00eftat: 28 de juny<\/a><\/li>\n<li><a href=\"https:\/\/agora.xtec.cat\/ies-estatut\/wp-content\/uploads\/usu435\/2022\/06\/Llista-ordenada-definitiva-grau-mitja-per-a-la-resta-alumnat.pdf\">Llista definitiva ordenada per la resta d&#8217;alumnes: 28 de juny<\/a><\/li>\n<li><a href=\"https:\/\/agora.xtec.cat\/ies-estatut\/wp-content\/uploads\/usu435\/2022\/07\/Oferta-definitiva-per-a-grau-mitja.pdf\">Oferta de places definitiva: 7 de juliol<\/a><\/li>\n<li><a href=\"https:\/\/agora.xtec.cat\/ies-estatut\/wp-content\/uploads\/usu435\/2022\/07\/Alumnes-preinscrits-al-centre.pdf\">Llista d&#8217;alumnes preinscrits al centre: 8 de juliol<\/a><\/li>\n<li><a href=\"https:\/\/agora.xtec.cat\/ies-estatut\/wp-content\/uploads\/usu435\/2022\/07\/Alumnes-assignats-al-centre-amb-indicacio-de-la-primera-peticio.pdf\">Llista d&#8217;alumnes assignats al centre amb indicaci\u00f3 de la primera petici\u00f3: 8 de juliol<\/a><\/li>\n<li>Matr\u00edcula: de l&#8217;11 al 15 de juliol<\/li>\n<li><a href=\"https:\/\/agora.xtec.cat\/ies-estatut\/wp-content\/uploads\/usu435\/2022\/07\/Llistat-alumnes-assignats-grau-mitja-2n-proces.pdf\">Llista d&#8217;alumnes no continu\u00eftat assignats al centre: 15 de juliol<\/a><\/li>\n<li><a href=\"https:\/\/agora.xtec.cat\/ies-estatut\/wp-content\/uploads\/usu435\/2022\/07\/LLista-espera-grau-mitja.pdf\">Llista d&#8217;espera: 15 de juliol<\/a><\/li>\n<\/ul>\n<h1><span style=\"color: #37a16c;\">CICLE FORMATIU DE GRAU SUPERIOR<\/span><\/h1>\n<ul>\n<li style=\"list-style-type: none;\">\n<ul>\n<li>\n<h5><a href=\"https:\/\/agora.xtec.cat\/ies-estatut\/estudis-2\/cicles-formatius\/administracio-de-sistemes-informatics-en-xarxa-asix\/\">Administraci\u00f3 de sistemes inform\u00e0tics en xarxa<\/a><\/h5>\n<\/li>\n<li>\n<h5><a href=\"https:\/\/agora.xtec.cat\/ies-estatut\/estudis-2\/cicles-formatius\/daml-desenvolupament-daplicacions-multiplataforma-perfil-aplicat-a-la-logistica\/\">Desenvolupmanet d&#8217;aplicacions multiplataforma, perfil log\u00edstica<\/a><\/h5>\n<\/li>\n<\/ul>\n<\/li>\n<li><a href=\"https:\/\/agora.xtec.cat\/ies-estatut\/wp-content\/uploads\/usu435\/2022\/05\/Oferta-inicial-grau-superior.pdf\">Oferta inicial de places per cicle formatius de grau superior: 24 de maig<\/a><\/li>\n<li><a href=\"https:\/\/preinscripcio.gencat.cat\/ca\/estudis\/fp-grau-superior\/preinscriute\/sollicitud\/\">Presentaci\u00f3 de sol\u00b7licituds: del 25 al 31 de maig<\/a><\/li>\n<li><a href=\"https:\/\/agora.xtec.cat\/ies-estatut\/wp-content\/uploads\/usu435\/2022\/06\/Llistat-baremat-grau-superior.pdf\">Llistat amb la puntuaci\u00f3 provisional: 23 de juny<\/a><\/li>\n<\/ul>\n<h3 style=\"padding-left: 40px;\"><span style=\"color: #ff0000;\"><strong>Atenci\u00f3!<\/strong><\/span><\/h3>\n<p style=\"padding-left: 40px;\">Avui,\u00a0<strong>dijous 23 de juny<\/strong>, s\u2019ha tornat a obrir l\u2019opci\u00f3 de \u201c<em>gesti\u00f3 de sol\u00b7licituds<\/em>\u201d per CFGS &#8211; CFAS, un cop ja s&#8217;ha publicat la &#8220;llista de sol\u00b7licituds amb la puntuaci\u00f3 provisional&#8221;.<\/p>\n<p style=\"padding-left: 40px;\">Aquesta opci\u00f3 estar\u00e0 activa\u00a0<strong>fins el divendres 1 de juliol\u00a0<\/strong>per tal que es puguin rectificar les sol\u00b7licituds d\u2019acord amb les reclamacions presentades durant el per\u00edode corresponent.<\/p>\n<p style=\"padding-left: 40px;\">Cal tenir en compte que:<\/p>\n<ol>\n<li style=\"list-style-type: none;\">\n<ol>\n<li style=\"list-style-type: none;\">\n<ol>\n<li>Per tal que les sol\u00b7licituds participin en la preinscripci\u00f3 han de quedar en estat\u00a0<strong><em>validada<\/em><\/strong>.<\/li>\n<li>Hi ha sol\u00b7licituds de les quals\u00a0<strong>NO<\/strong>\u00a0s\u2019ha recuperat nota. Conv\u00e9 assegurar-se que les fam\u00edlies en s\u00f3n conscients, perqu\u00e8 aportin el certificat amb la nota mitjana de l\u2019expedient\u00a0<strong>acad\u00e8mic i es pugui validar la nota i la sol\u00b7licitud.<\/strong><\/li>\n<li>Teniu a la vostra disposici\u00f3 a la pantalla &#8220;Consulta de sol\u00b7licituds&#8221; un filtre per verificar quines sol\u00b7licituds tenen una reclamaci\u00f3 presentada i tamb\u00e9 podeu marcar si la sol\u00b7licitud ha estat tractada, o no, per al vostre control intern.<\/li>\n<\/ol>\n<\/li>\n<\/ol>\n<\/li>\n<\/ol>\n<ul>\n<li><a href=\"https:\/\/agora.xtec.cat\/ies-estatut\/wp-content\/uploads\/usu435\/2022\/07\/Llistat-grau-superior-un-cop-resoltes-les-reclamacions.pdf\">Llistat baremat un cop resoltes les reclamacions: 5 de juliol<\/a><\/li>\n<li><a href=\"https:\/\/agora.xtec.cat\/ies-estatut\/wp-content\/uploads\/usu435\/2022\/07\/Llista-ordenada-definitiva-grau-superior.pdf\">Llista ordenada definitiva: 7 de juliol<\/a><\/li>\n<li><a href=\"https:\/\/agora.xtec.cat\/ies-estatut\/wp-content\/uploads\/usu435\/2022\/07\/Oferta-definitiva-grau-superior.pdf\">Oferta definitiva: 15 de juliol<\/a><\/li>\n<li><a href=\"https:\/\/agora.xtec.cat\/ies-estatut\/wp-content\/uploads\/usu435\/2022\/07\/Llistat-admesos-grau-superior.pdf\">Llista d&#8217;admesos: 15 de juliol<\/a><\/li>\n<li>\u200bMatr\u00edcula: del 18 al 22 de juliol\u200b\u200b<\/li>\n<\/ul>\n<h1><span style=\"color: #37a16c;\">CURS D&#8217;ESPECIALITZACI\u00d3 DE FORMACI\u00d3 PROFESSIONAL<\/span><\/h1>\n<ul>\n<li style=\"list-style-type: none;\">\n<ul>\n<li>\n<h5><a href=\"https:\/\/agora.xtec.cat\/ies-estatut\/estudis-2\/cicles-formatius\/curs-despecialitzacio-en-intelligencia-artificial-i-big-data\/\">Curs d&#8217;especialitzaci\u00f3 intel\u00b7lig\u00e8ncia artificial i big data<\/a><\/h5>\n<\/li>\n<\/ul>\n<\/li>\n<li style=\"text-align: left;\"><a href=\"https:\/\/agora.xtec.cat\/ies-estatut\/wp-content\/uploads\/usu435\/2022\/06\/Oferta-curs-especialitzacio-2022-23.pdf\">Publicaci\u00f3 de l&#8217;oferta inicial: 14 de juny<\/a><\/li>\n<\/ul>\n<h3><span style=\"color: #ff0000;\">Preinscripci\u00f3 presencial i sense cita pr\u00e8via: Horari de secretaria de 9:00 a 13:30h<\/span><\/h3>\n<ul>\n<li style=\"text-align: left;\">Per\u00edode de presentaci\u00f3 de sol\u00b7licituds: de l&#8217;1 al 5 de juliol<\/li>\n<li style=\"text-align: left;\"><a href=\"https:\/\/agora.xtec.cat\/ies-estatut\/wp-content\/uploads\/usu435\/2022\/07\/Llistat-baremat-curs-especialitzacio.pdf\">Publicaci\u00f3 de les llistes de sol\u00b7licituds amb la puntuaci\u00f3 provisional: 7 de juliol<\/a><\/li>\n<li>Termini de reclamaci\u00f3 a les llistes de sol\u00b7licituds amb la puntuaci\u00f3: del 7 al 13 de juliol<\/li>\n<li><a href=\"https:\/\/agora.xtec.cat\/ies-estatut\/wp-content\/uploads\/usu435\/2022\/07\/Llistat-baremat-un-cop-resoltes-les-reclamacions-curs-especialitzacio.pdf\">Publicaci\u00f3 de les llistes ordenades de sol\u00b7licituds amb la puntuaci\u00f3, un cop resoltes les reclamacions: 14 de juliol<\/a><\/li>\n<li><a href=\"https:\/\/agora.xtec.cat\/ies-estatut\/wp-content\/uploads\/usu435\/2022\/07\/Oferta-curs-especialitzacio-definitiva-2022-23.docx\">Publicaci\u00f3 de l&#8217;oferta final: 14 de juliol<\/a><\/li>\n<li><a href=\"https:\/\/agora.xtec.cat\/ies-estatut\/wp-content\/uploads\/usu435\/2022\/07\/Llistat-admesos-curs-especialitzacio.pdf\">Publicaci\u00f3 de les llistes d&#8217;alumnes admesos: 15 de juliol<\/a><\/li>\n<li>Per\u00edode de matr\u00edcula: del 15 al 21 de juliol<\/li>\n<\/ul>\n<p>&nbsp;<\/p>\n","protected":false},"excerpt":{"rendered":"<p>ESO<\/p>\n<ul>\n<li><a href=\"https:\/\/agora.xtec.cat\/ies-estatut\/wp-content\/uploads\/usu435\/2022\/02\/Preinscripcio_2022-2023.pdf\">Tria l&#8217;escola p\u00fablica!<\/a><\/li>\n<li>\u200bPresentaci\u00f3 de sol\u00b7licituds:\u00a0del 9 al 21\u00a0de mar\u00e7<\/li>\n<li>Matr\u00edcula:\u00a0del 20 al 28\u00a0de juny<\/li>\n<li><a style=\"color: #0000ff;\" href=\"https:\/\/agora.xtec.cat\/ies-estatut\/portada\/jornada-de-portes-obertes-2022-per-eso\/\">JPO ESO<\/a><\/li>\n<li><a href=\"https:\/\/docs.google.com\/presentation\/d\/1GGIc2JEESwslYu_nRSOfyq7Z3AIKzr6fnvlvVI_KO1w\/edit#slide=id.g7118ef3c84_0_67\">Presentaci\u00f3 virtual de la JPO<\/a><\/li>\n<li><a href=\"https:\/\/agora.xtec.cat\/ies-estatut\/wp-content\/uploads\/usu435\/2022\/02\/Preinscripcio-2022-23.pdf\">Informaci\u00f3 pel proc\u00e9s de preinscripci\u00f3 2022-23<\/a><\/li>\n<li><a href=\"https:\/\/agora.xtec.cat\/ies-estatut\/wp-content\/uploads\/usu435\/2022\/02\/INFORME_OFERTA_OME_INFORME_OFERTA-5.pdf\">Oferta inicial de places<\/a><\/li>\n<li><a href=\"https:\/\/agora.xtec.cat\/ies-estatut\/wp-content\/uploads\/usu435\/2022\/04\/Llistat-amb-el-barem-provisional-de-lESO.pdf\">Llistat amb el barem provisional<\/a><\/li>\n<li><a href=\"https:\/\/agora.xtec.cat\/ies-estatut\/wp-content\/uploads\/usu435\/2022\/05\/Llistat-amb-el-barem-un-cop-resoltes-les-reclamacions.pdf\">Llistat amb el barem un cop resoltes&hellip;  <a href=\"https:\/\/agora.xtec.cat\/ies-estatut\/preinscripcions-2022-2023\/\" title=\"Read Preinscripcions 2022-2023\">Llegeix m\u00e9s\u00bb<\/a><br \/>\n","protected":false},"author":1,"featured_media":0,"parent":0,"menu_order":0,"comment_status":"closed","ping_status":"closed","template":"","meta":{"_bbp_topic_count":0,"_bbp_reply_count":0,"_bbp_total_topic_count":0,"_bbp_total_reply_count":0,"_bbp_voice_count":0,"_bbp_anonymous_reply_count":0,"_bbp_topic_count_hidden":0,"_bbp_reply_count_hidden":0,"_bbp_forum_subforum_count":0,"footnotes":""},"class_list":["post-3234","page","type-page","status-publish","hentry"],"post_mailing_queue_ids":[],"_links":{"self":[{"href":"https:\/\/agora.xtec.cat\/ies-estatut\/wp-json\/wp\/v2\/pages\/3234","targetHints":{"allow":["GET"]}}],"collection":[{"href":"https:\/\/agora.xtec.cat\/ies-estatut\/wp-json\/wp\/v2\/pages"}],"about":[{"href":"https:\/\/agora.xtec.cat\/ies-estatut\/wp-json\/wp\/v2\/types\/page"}],"author":[{"embeddable":true,"href":"https:\/\/agora.xtec.cat\/ies-estatut\/wp-json\/wp\/v2\/users\/1"}],"replies":[{"embeddable":true,"href":"https:\/\/agora.xtec.cat\/ies-estatut\/wp-json\/wp\/v2\/comments?post=3234"}],"version-history":[{"count":4,"href":"https:\/\/agora.xtec.cat\/ies-estatut\/wp-json\/wp\/v2\/pages\/3234\/revisions"}],"predecessor-version":[{"id":3469,"href":"https:\/\/agora.xtec.cat\/ies-estatut\/wp-json\/wp\/v2\/pages\/3234\/revisions\/3469"}],"wp:attachment":[{"href":"https:\/\/agora.xtec.cat\/ies-estatut\/wp-json\/wp\/v2\/media?parent=3234"}],"curies":[{"name":"wp","href":"https:\/\/api.w.org\/{rel}","templated":true}]}}