{"id":3199,"date":"2022-03-09T21:10:14","date_gmt":"2022-03-09T20:10:14","guid":{"rendered":"https:\/\/agora.xtec.cat\/ies-estatut\/?page_id=3199"},"modified":"2026-03-25T13:43:32","modified_gmt":"2026-03-25T12:43:32","slug":"cicle-formacio-administracio-i-gestio","status":"publish","type":"page","link":"https:\/\/agora.xtec.cat\/ies-estatut\/estudis\/cicle-formacio-administracio-i-gestio\/","title":{"rendered":"Cicles formatius Administraci\u00f3 i gesti\u00f3"},"content":{"rendered":"<h2><strong>Formaci\u00f3 Professional<\/strong><\/h2>\n<h2 style=\"text-align: center;\"><strong>Grau b\u00e0sic \u2013 Serveis administratius<\/strong><\/h2>\n<p>&nbsp;<\/p>\n<p>La compet\u00e8ncia general del t\u00edtol consisteix a realitzar tasques administratives i de gesti\u00f3 b\u00e0siques, amb autonomia amb responsabilitat i iniciativa personal, operant amb la qualitat indicada, observant les normes de prevenci\u00f3 de riscos laborals i protecci\u00f3 mediambiental corresponents i comunicant-se de forma oral i escrita en llengua catalana i castellana i a nivell b\u00e0sic en llengua anglesa.<\/p>\n<p style=\"text-align: center;\"><a href=\"https:\/\/agora.xtec.cat\/ies-estatut\/estudis-2\/cicle-formacio-administracio-i-gestio\/cicles-formatius-administracio-i-gestio-serveis-administratius\/\">M\u00e9s informaci\u00f3<\/a><\/p>\n<p>&nbsp;<\/p>\n<hr \/>\n<h2 style=\"text-align: center;\"><strong>Grau Mitj\u00e0 &#8211; Gesti\u00f3 administrativa<\/strong><\/h2>\n<p>&nbsp;<\/p>\n<p>La compet\u00e8ncia general d&#8217;aquest t\u00edtol consisteix a activitats de suport administratiu en l&#8217;\u00e0mbit laboral, comptable, comercial, financer i fiscal, aix\u00ed com d&#8217;atenci\u00f3 al client\/usuari, tant en empreses p\u00fabliques com en empreses privades, aplicant la normativa vigent i protocols de qualitat, assegurant la satisfacci\u00f3 del client i actuant segons les normes de prevenci\u00f3 de riscos laborals i de protecci\u00f3 ambiental.<\/p>\n<p style=\"text-align: center;\"><a href=\"https:\/\/agora.xtec.cat\/ies-estatut\/estudis-2\/cicle-formacio-administracio-i-gestio\/ga-gestio-administrativa\/\">M\u00e9s informaci\u00f3<\/a><\/p>\n<p>&nbsp;<\/p>\n<hr \/>\n<h2 style=\"text-align: center;\"><strong>Grau Superior &#8211; Administraci\u00f3 i Finances<\/strong><\/h2>\n<p>La compet\u00e8ncia general d\u2019aquest t\u00edtol consisteix en organitzar o executar les operacions de gesti\u00f3 i administraci\u00f3 en els processos comercials, laborals, comptables, fiscals i financers d\u2019una empresa p\u00fablica o privada, aplicant la normativa vigent i els protocols de gesti\u00f3 de la qualitat, gestionant la informaci\u00f3, assegurant la satisfacci\u00f3 del client i\/o usuari i actuant segons les normes de prevenci\u00f3 de riscos laboral i de protecci\u00f3 mediambiental.<\/p>\n<p style=\"text-align: center;\"><a href=\"https:\/\/agora.xtec.cat\/ies-estatut\/estudis-2\/cicle-formacio-administracio-i-gestio\/aif-administracio-i-finances\/\">M\u00e9s informaci\u00f3<\/a><\/p>\n<h3>Dades de contacte<\/h3>\n<div class=\"textwidget\">\n<p><b>Cap d&#8217;estudis de cicles<\/b><br \/>\nJavi G\u00f3ngora<br \/>\n<a href=\"mailto:capestudisadjunt@insestatut.cat\"> capestudisadjunt@insestatut.cat<\/a><\/p>\n<p><strong><b>Coordinadora FP<\/b><br \/>\n<\/strong>Sausan Battikh<br \/>\n<a href=\"mailto:coordinaciofp@insestatut.cat\"> coordinaciofp@insestatut.cat<\/a><\/p>\n<p><b>Coordinadora DUAL administraci\u00f3<\/b><br \/>\nLaura Mart\u00edn<br \/>\n<a href=\"mailto:coordinaciodualadmin@insestatut.cat\"> coordinaciodualadmin<span class=\"\">@inses<\/span>tatut.cat<\/a><\/p>\n<\/div>\n","protected":false},"excerpt":{"rendered":"<p>Formaci\u00f3 Professional<br \/>\nGrau b\u00e0sic \u2013 Serveis administratius<br \/>\n&nbsp;<br \/>\nLa compet\u00e8ncia general del t\u00edtol consisteix a realitzar tasques administratives i de gesti\u00f3 b\u00e0siques, amb autonomia amb responsabilitat i iniciativa personal, operant amb la qualitat indicada, observant les normes de prevenci\u00f3 de riscos laborals i protecci\u00f3 mediambiental corresponents i comunicant-se&hellip;  <a href=\"https:\/\/agora.xtec.cat\/ies-estatut\/estudis\/cicle-formacio-administracio-i-gestio\/\" title=\"Read Cicles formatius Administraci\u00f3 i gesti\u00f3\">Llegeix m\u00e9s\u00bb<\/a><\/p>\n","protected":false},"author":1,"featured_media":0,"parent":884,"menu_order":3,"comment_status":"closed","ping_status":"closed","template":"page-templates\/side-menu.php","meta":{"_bbp_topic_count":0,"_bbp_reply_count":0,"_bbp_total_topic_count":0,"_bbp_total_reply_count":0,"_bbp_voice_count":0,"_bbp_anonymous_reply_count":0,"_bbp_topic_count_hidden":0,"_bbp_reply_count_hidden":0,"_bbp_forum_subforum_count":0,"footnotes":""},"class_list":["post-3199","page","type-page","status-publish","hentry"],"post_mailing_queue_ids":[],"_links":{"self":[{"href":"https:\/\/agora.xtec.cat\/ies-estatut\/wp-json\/wp\/v2\/pages\/3199","targetHints":{"allow":["GET"]}}],"collection":[{"href":"https:\/\/agora.xtec.cat\/ies-estatut\/wp-json\/wp\/v2\/pages"}],"about":[{"href":"https:\/\/agora.xtec.cat\/ies-estatut\/wp-json\/wp\/v2\/types\/page"}],"author":[{"embeddable":true,"href":"https:\/\/agora.xtec.cat\/ies-estatut\/wp-json\/wp\/v2\/users\/1"}],"replies":[{"embeddable":true,"href":"https:\/\/agora.xtec.cat\/ies-estatut\/wp-json\/wp\/v2\/comments?post=3199"}],"version-history":[{"count":7,"href":"https:\/\/agora.xtec.cat\/ies-estatut\/wp-json\/wp\/v2\/pages\/3199\/revisions"}],"predecessor-version":[{"id":6924,"href":"https:\/\/agora.xtec.cat\/ies-estatut\/wp-json\/wp\/v2\/pages\/3199\/revisions\/6924"}],"up":[{"embeddable":true,"href":"https:\/\/agora.xtec.cat\/ies-estatut\/wp-json\/wp\/v2\/pages\/884"}],"wp:attachment":[{"href":"https:\/\/agora.xtec.cat\/ies-estatut\/wp-json\/wp\/v2\/media?parent=3199"}],"curies":[{"name":"wp","href":"https:\/\/api.w.org\/{rel}","templated":true}]}}