{"id":2741,"date":"2021-05-17T10:10:00","date_gmt":"2021-05-17T08:10:00","guid":{"rendered":"http:\/\/agora.xtec.cat\/ies-estatut\/?page_id=2741"},"modified":"2024-08-30T17:37:35","modified_gmt":"2024-08-30T15:37:35","slug":"practiques-en-empreses","status":"publish","type":"page","link":"https:\/\/agora.xtec.cat\/ies-estatut\/estudis\/practiques-en-empreses\/","title":{"rendered":"Pr\u00e0ctiques en empreses"},"content":{"rendered":"<p>Tots els cicles incorporen un m\u00f2dul que es realitza f\u00f3ra del centre, en concret en una empresa o entitat que ofereix a l\u2019alumnat formaci\u00f3 en l\u2019\u00e0mbit laboral.<\/p>\n<p>En aquestes empreses es desenvolupen tasques relacionades amb els estudis assolits i ofereixen un primer contacte amb el m\u00f3n laboral.<\/p>\n<p>Hi ha dues modalitats de pr\u00e0ctiques en empreses:<\/p>\n<ul>\n<li style=\"text-align: left;\"><strong>Modalitat DUAL General (anteriorment anomenada FCT : Formaci\u00f3 en Centres de Treball)<\/strong><\/li>\n<li><strong>Modalitat DUAL Intensiva<\/strong><\/li>\n<\/ul>\n<p><span style=\"font-weight: 400;\">Aquestes pr\u00e0ctiques computen nota dins d&#8217;un m\u00f2dul m\u00e9s dins del curr\u00edculum. Tot l&#8217;alumnat de cicles ha d&#8217;aprovar aquest m\u00f2dul per obtenir el seu t\u00edtol. Totes dues modalitats es compaginen amb l\u2019activitat en el centre.<\/span><\/p>\n<p>La <strong>DUAL General<\/strong> s\u00f3n pr\u00e0ctiques i estades formatives no laborals. S&#8217;ha de realitzar un m\u00ednim de 515 hores, que estan organitzades en un temps de 4 hores di\u00e0ries (20 de setmanals) en calendari lectiu o fins a 8h\/dia en calendari no lectiu. No s\u00f3n remunerades, per\u00f2 s\u00ed cotitzen a la Seguretat Social. L&#8217;activitat al centre \u00e9s de 5-6 hores di\u00e0ries.<\/p>\n<p><span style=\"font-weight: 400;\">La modalitat <strong>DUAL Intensiva<\/strong> \u00e9s la modalitat de la formaci\u00f3 professional en la qual l&#8217;estudiant esdev\u00e9 aprenent i combina la formaci\u00f3 en el centre educatiu amb l&#8217;activitat productiva en l&#8217;empresa. Aix\u00f2 implica que una part de la c\u00e0rrega docent del segon curs es fa a les\u00a0 instal\u00b7lacions de l&#8217;empresa. S&#8217;ha de realitzar un m\u00ednim de 717 hores a l&#8217;empresa i incorpora el projecte intermodular de final de curs que tamb\u00e9 es realitza dins de l&#8217;empresa. Estan organitzades en un temps de 5 hores di\u00e0ries (o fins a 8h\/dia o 40 hores setmanals en calendari no lectiu \/ vacances escolars). S\u00f3n pr\u00e0ctiques i estades formatives retribu\u00efdes que poden ser laborals (amb contracte de formaci\u00f3) o no laborals (amb beca). L&#8217;activitat al centre \u00e9s de 3 hores al dia.<\/span><\/p>\n<p><span style=\"font-weight: 400;\">La <strong>DUAL Intensiva<\/strong> \u00e9s opcional, una alternativa a la DUAL General.\u00a0<\/span><\/p>\n<p>&nbsp;<\/p>\n<p><b>D<\/b><b>E QU\u00c8 DEP\u00c8N QUE UN ALUMNE FACI O NO LA DUAL INTENSIVA<\/b><b>?\u00a0<\/b><\/p>\n<p><span style=\"font-weight: 400;\">Que un alumne faci la DUAL Intensiva dep\u00e8n de tres factors:\u00a0<\/span><\/p>\n<ol>\n<li><span style=\"font-weight: 400;\"><strong> Que l&#8217;alumne vulgui<\/strong>, ja que la DUAL Intensiva \u00e9s una opci\u00f3 i no una obligaci\u00f3 .<\/span><\/li>\n<li><span style=\"font-weight: 400;\"><strong> Que l&#8217;equip docent de la seva especialitat consideri que l&#8217;alumne reuneix els requisits m\u00ednims<\/strong> per ser un candidat per fer DUAL. Quan hi ha m\u00e9s alumnes candidats que empreses,\u00a0 es crea una baremaci\u00f3 sobre la mitjana de notes del primer curs de l&#8217;alumne per ordenar l&#8217;assignaci\u00f3 a les empreses.<\/span><\/li>\n<li><span style=\"font-weight: 400;\"><strong> Que l&#8217;alumne superi el proc\u00e9s de selecci\u00f3 d&#8217;una empresa<\/strong>. Tot i reunir els requisits m\u00ednims per fer la DUAL Intensiva, la decisi\u00f3 final la tenen les empreses, mitjan\u00e7ant les entrevistes i els seus processos de selecci\u00f3.<\/span><\/li>\n<\/ol>\n<p>&nbsp;<\/p>\n<p>Tens m\u00e9s dubtes sobre la DUAL?. Accedeix al\u00a0<a href=\"https:\/\/agora.xtec.cat\/fpdual\/\" target=\"_blank\" rel=\"noopener\">portal de l&#8217; FP DUAL<\/a>\u00a0o a la secci\u00f3\u00a0<a href=\"https:\/\/agora.xtec.cat\/fpdual\/empresa\/preguntes-mes-frequents-empreses\/\" target=\"_blank\" rel=\"noopener\">&#8220;Preguntes m\u00e9s freq\u00fcentes de les empreses&#8221;.<\/a><\/p>\n","protected":false},"excerpt":{"rendered":"<p>Tots els cicles incorporen un m\u00f2dul que es realitza f\u00f3ra del centre, en concret en una empresa o entitat que ofereix a l\u2019alumnat formaci\u00f3 en l\u2019\u00e0mbit laboral.<br \/>\nEn aquestes empreses es desenvolupen tasques relacionades amb els estudis assolits i ofereixen un primer contacte amb el m\u00f3n&hellip;  <a href=\"https:\/\/agora.xtec.cat\/ies-estatut\/estudis\/practiques-en-empreses\/\" title=\"Read Pr\u00e0ctiques en empreses\">Llegeix m\u00e9s\u00bb<\/a><\/p>\n","protected":false},"author":4,"featured_media":0,"parent":884,"menu_order":4,"comment_status":"closed","ping_status":"closed","template":"page-templates\/side-menu.php","meta":{"_bbp_topic_count":0,"_bbp_reply_count":0,"_bbp_total_topic_count":0,"_bbp_total_reply_count":0,"_bbp_voice_count":0,"_bbp_anonymous_reply_count":0,"_bbp_topic_count_hidden":0,"_bbp_reply_count_hidden":0,"_bbp_forum_subforum_count":0,"footnotes":""},"class_list":["post-2741","page","type-page","status-publish","hentry"],"post_mailing_queue_ids":[],"_links":{"self":[{"href":"https:\/\/agora.xtec.cat\/ies-estatut\/wp-json\/wp\/v2\/pages\/2741","targetHints":{"allow":["GET"]}}],"collection":[{"href":"https:\/\/agora.xtec.cat\/ies-estatut\/wp-json\/wp\/v2\/pages"}],"about":[{"href":"https:\/\/agora.xtec.cat\/ies-estatut\/wp-json\/wp\/v2\/types\/page"}],"author":[{"embeddable":true,"href":"https:\/\/agora.xtec.cat\/ies-estatut\/wp-json\/wp\/v2\/users\/4"}],"replies":[{"embeddable":true,"href":"https:\/\/agora.xtec.cat\/ies-estatut\/wp-json\/wp\/v2\/comments?post=2741"}],"version-history":[{"count":7,"href":"https:\/\/agora.xtec.cat\/ies-estatut\/wp-json\/wp\/v2\/pages\/2741\/revisions"}],"predecessor-version":[{"id":5463,"href":"https:\/\/agora.xtec.cat\/ies-estatut\/wp-json\/wp\/v2\/pages\/2741\/revisions\/5463"}],"up":[{"embeddable":true,"href":"https:\/\/agora.xtec.cat\/ies-estatut\/wp-json\/wp\/v2\/pages\/884"}],"wp:attachment":[{"href":"https:\/\/agora.xtec.cat\/ies-estatut\/wp-json\/wp\/v2\/media?parent=2741"}],"curies":[{"name":"wp","href":"https:\/\/api.w.org\/{rel}","templated":true}]}}