{"id":2707,"date":"2021-05-12T10:43:57","date_gmt":"2021-05-12T08:43:57","guid":{"rendered":"http:\/\/agora.xtec.cat\/ies-estatut\/?page_id=2707"},"modified":"2024-04-05T10:51:50","modified_gmt":"2024-04-05T08:51:50","slug":"sistemes-microinformatics-i-xarxes-smx","status":"publish","type":"page","link":"https:\/\/agora.xtec.cat\/ies-estatut\/estudis\/cicles-formatius\/sistemes-microinformatics-i-xarxes-smx\/","title":{"rendered":"CFGM SMX &#8211; Sistemes microinform\u00e0tics i xarxes"},"content":{"rendered":"<h2 style=\"text-align: center;\"><strong>Grau Mitj\u00e0<\/strong><\/h2>\n<p>T\u00e9 una assignaci\u00f3 de 2000 hores distribu\u00efdes en dos cursos acad\u00e8mics en horari de mat\u00ed o de tarda.<\/p>\n<p>Aquesta titulaci\u00f3 s\u2019ofereix en modalitat Dual intensiva i Dual general.<\/p>\n<p>La superaci\u00f3 d\u2019aquests estudis s\u2019acredita amb l\u2019obtenci\u00f3 de la titulaci\u00f3 com a T\u00e8cnic en Sistemes microinform\u00e0tics i xarxes.<\/p>\n<p>Les compet\u00e8ncies generals del perfil professional s\u00f3n: instal\u00b7lar i mantenir els serveis sobre xarxes fixes i m\u00f2bils, els serveis d\u2019Internet i els sistemes inform\u00e0tics monousuari i multiusuari, prestant suport a la persona usu\u00e0ria final en condicions de qualitat, seguretat i en els terminis adequats.<\/p>\n<h2 style=\"text-align: center;\"><strong><a href=\"https:\/\/agora.xtec.cat\/ies-estatut\/wp-content\/uploads\/usu435\/2021\/02\/SMX-Sistemes-Microinform\u00e0tics-i-Xarxes.jpg\" target=\"_blank\" rel=\"noopener noreferrer\"><img loading=\"lazy\" decoding=\"async\" class=\"wp-image-2486 size-medium aligncenter\" src=\"https:\/\/agora.xtec.cat\/ies-estatut\/wp-content\/uploads\/usu435\/2021\/02\/SMX-Sistemes-Microinform\u00e0tics-i-Xarxes-300x199.jpg\" alt=\"\" width=\"300\" height=\"199\" srcset=\"https:\/\/agora.xtec.cat\/ies-estatut\/wp-content\/uploads\/usu435\/2021\/02\/SMX-Sistemes-Microinform\u00e0tics-i-Xarxes-300x199.jpg 300w, https:\/\/agora.xtec.cat\/ies-estatut\/wp-content\/uploads\/usu435\/2021\/02\/SMX-Sistemes-Microinform\u00e0tics-i-Xarxes-768x508.jpg 768w, https:\/\/agora.xtec.cat\/ies-estatut\/wp-content\/uploads\/usu435\/2021\/02\/SMX-Sistemes-Microinform\u00e0tics-i-Xarxes-1024x678.jpg 1024w, https:\/\/agora.xtec.cat\/ies-estatut\/wp-content\/uploads\/usu435\/2021\/02\/SMX-Sistemes-Microinform\u00e0tics-i-Xarxes.jpg 1280w\" sizes=\"auto, (max-width: 300px) 100vw, 300px\" \/><\/a><\/strong><\/h2>\n<p>&nbsp;<\/p>\n<p style=\"text-align: center;\"><a href=\"https:\/\/agora.xtec.cat\/ies-estatut\/wp-content\/uploads\/usu435\/2019\/04\/triptic-smx.pdf\" target=\"_blank\" rel=\"noopener noreferrer\">Descarrega&#8217;t el tr\u00edptic amb tota la informaci\u00f3<\/a><\/p>\n<p>&nbsp;<\/p>\n<h2><strong>Curr\u00edculum del cicle de Sistemes microinform\u00e0tics i xarxes<\/strong><\/h2>\n<h3>Primer Curs &#8211; SMX<\/h3>\n<div class=\"h5p-iframe-wrapper\"><iframe id=\"h5p-iframe-1\" class=\"h5p-iframe\" data-content-id=\"1\" style=\"height:1px\" src=\"about:blank\" frameBorder=\"0\" scrolling=\"no\" title=\"Curr\u00edculum SMX - Primer Curs\"><\/iframe><\/div>\n<h3>Segon Curs &#8211; SMX<\/h3>\n<div class=\"h5p-iframe-wrapper\"><iframe id=\"h5p-iframe-2\" class=\"h5p-iframe\" data-content-id=\"2\" style=\"height:1px\" src=\"about:blank\" frameBorder=\"0\" scrolling=\"no\" title=\"Curr\u00edculum SMX - Segon Curs\"><\/iframe><\/div>\n<h2>Sortides professionals<\/h2>\n<p>T\u00e8cnic\/a instal\u00b7laci\u00f3 i reparaci\u00f3 d\u2019equips inform\u00e0tics.<br \/>\nT\u00e8cnic\/a en manteniment de sistemes inform\u00e0tics en entorns monousuari i multiusuari.<br \/>\nT\u00e8cnic\/a en manteniment de serveis d\u2019Internet.<br \/>\nT\u00e8cnic\/a en suport inform\u00e0tic.<br \/>\nT\u00e8cnic\/a en xarxes de dades.<br \/>\nT\u00e8cnic\/a en vendes de TIC per a sectors industrials.<br \/>\nReparador\/a de perif\u00e8rics de sistemes microinform\u00e0tics.<br \/>\nComercial de microinform\u00e0tica.<br \/>\nOperador\/a de teleassist\u00e8ncia.<br \/>\nOperador\/a de sistemes.<\/p>\n<p>&nbsp;<\/p>\n","protected":false},"excerpt":{"rendered":"<p>Grau Mitj\u00e0<br \/>\nT\u00e9 una assignaci\u00f3 de 2000 hores distribu\u00efdes en dos cursos acad\u00e8mics en horari de mat\u00ed o de tarda.<br \/>\nAquesta titulaci\u00f3 s\u2019ofereix en modalitat Dual intensiva i Dual general.<br \/>\nLa superaci\u00f3 d\u2019aquests estudis s\u2019acredita amb l\u2019obtenci\u00f3 de la titulaci\u00f3 com a T\u00e8cnic en Sistemes microinform\u00e0tics i xarxes.<br \/>\nLes&hellip;  <a href=\"https:\/\/agora.xtec.cat\/ies-estatut\/estudis\/cicles-formatius\/sistemes-microinformatics-i-xarxes-smx\/\" title=\"Read CFGM SMX &#8211; Sistemes microinform\u00e0tics i xarxes\">Llegeix m\u00e9s\u00bb<\/a><\/p>\n","protected":false},"author":4,"featured_media":0,"parent":894,"menu_order":0,"comment_status":"closed","ping_status":"closed","template":"","meta":{"_bbp_topic_count":0,"_bbp_reply_count":0,"_bbp_total_topic_count":0,"_bbp_total_reply_count":0,"_bbp_voice_count":0,"_bbp_anonymous_reply_count":0,"_bbp_topic_count_hidden":0,"_bbp_reply_count_hidden":0,"_bbp_forum_subforum_count":0,"footnotes":""},"class_list":["post-2707","page","type-page","status-publish","hentry"],"post_mailing_queue_ids":[],"_links":{"self":[{"href":"https:\/\/agora.xtec.cat\/ies-estatut\/wp-json\/wp\/v2\/pages\/2707","targetHints":{"allow":["GET"]}}],"collection":[{"href":"https:\/\/agora.xtec.cat\/ies-estatut\/wp-json\/wp\/v2\/pages"}],"about":[{"href":"https:\/\/agora.xtec.cat\/ies-estatut\/wp-json\/wp\/v2\/types\/page"}],"author":[{"embeddable":true,"href":"https:\/\/agora.xtec.cat\/ies-estatut\/wp-json\/wp\/v2\/users\/4"}],"replies":[{"embeddable":true,"href":"https:\/\/agora.xtec.cat\/ies-estatut\/wp-json\/wp\/v2\/comments?post=2707"}],"version-history":[{"count":6,"href":"https:\/\/agora.xtec.cat\/ies-estatut\/wp-json\/wp\/v2\/pages\/2707\/revisions"}],"predecessor-version":[{"id":5017,"href":"https:\/\/agora.xtec.cat\/ies-estatut\/wp-json\/wp\/v2\/pages\/2707\/revisions\/5017"}],"up":[{"embeddable":true,"href":"https:\/\/agora.xtec.cat\/ies-estatut\/wp-json\/wp\/v2\/pages\/894"}],"wp:attachment":[{"href":"https:\/\/agora.xtec.cat\/ies-estatut\/wp-json\/wp\/v2\/media?parent=2707"}],"curies":[{"name":"wp","href":"https:\/\/api.w.org\/{rel}","templated":true}]}}