{"id":27,"date":"2014-09-17T16:24:03","date_gmt":"2014-09-17T16:24:03","guid":{"rendered":"http:\/\/agora.xtec.cat\/ies-estatut\/?page_id=27"},"modified":"2026-02-25T19:25:49","modified_gmt":"2026-02-25T18:25:49","slug":"historia","status":"publish","type":"page","link":"https:\/\/agora.xtec.cat\/ies-estatut\/linstitut\/historia\/","title":{"rendered":"Hist\u00f2ria i caracter\u00edstiques del centre"},"content":{"rendered":"<p><span style=\"font-weight: 400;\">L\u2019Institut L\u2019Estatut neix el gener de 2005, com a conseq\u00fc\u00e8ncia del trasllat de l\u2019antic IES El Bullidor. El canvi d\u2019ubicaci\u00f3 va significar, alhora que un canvi de denominaci\u00f3, \u00a0una ampliaci\u00f3 en el nombre de professors i d\u2019alumnes. <\/span><br \/>\n<!--p class=\"textcentral\" align=\"justify\"><span style=\"display: inline-block; width: 0px; overflow: hidden; line-height: 0;\" data-mce-type=\"bookmark\" class=\"mce_SELRES_start\"><\/span>Aqu\u00ed podeu veure unes imatges de la construcci\u00f3 de l'edifici:\n\n\n<p align=\"justify\">[slideshow_deploy id='2577']<\/p--><\/p>\n<p><span style=\"font-weight: 400;\">Actualment est\u00e0 ubicat al carrer Flammarion 1, cantonada amb l\u2019Avinguda de L\u2019Estatut, al costat del parc del Bosc de ca N\u2019Oriol, en un edifici de nova construcci\u00f3, dotat de les instal\u00b7lacions que la normativa m\u00e9s recent assenyala per impartir les mat\u00e8ries que requereixen activitats pr\u00e0ctiques d\u2019aprenentatge.<\/span><\/p>\n<p><span style=\"font-weight: 400;\">A l\u2019interior de l\u2019edifici conservem un lacus rom\u00e0 integrat dins l\u2019aula d\u2019Educaci\u00f3 Visual i Pl\u00e0stica, i ben a prop tenim altres restes, com a mostra del valor hist\u00f2ric i arqueol\u00f2gic del nostre entorn.<\/span><\/p>\n<p><span style=\"font-weight: 400;\">El centre imparteix ESO, batxillerat, en les modalitats d\u2019humanitats i ci\u00e8ncies socials i la de ci\u00e8ncies i tecnologia, i cicles formatius: el Cicle de Grau Mitj\u00e0 Sistemes Microinform\u00e0tics i Xarxes (SMX) en torn de mat\u00ed i tarda, el cicle de Grau Mitj\u00e0 en Gesti\u00f3 Administrativa en torn de mat\u00ed i tarda, i els Cicles de Grau Superior d&#8217;Administraci\u00f3 de Sistemes Inform\u00e0tics i Xarxes (ASIX), Desenvolupament d&#8217;Aplicacions Multiplataforma (DAM), Desenvolupament d&#8217;Aplicacions Web (DAW) i Administraci\u00f3 i Finances (AiF) en torn de tarda.<\/span><\/p>\n<p><span style=\"font-weight: 400;\">La implantaci\u00f3 de l\u2019oferta de d\u2019FP DUAL ha suposat una bona manera d\u2019atraure matr\u00edcula i tamb\u00e9 de consolidar una xarxa de col\u00b7laboraci\u00f3 amb empreses de Rub\u00ed i d\u2019arreu del territori.<\/span><\/p>\n<p><span style=\"font-weight: 400;\">La seva estructura \u00e9s de tres l\u00ednies a l\u2019ESO, dos a batxillerat, tres de SMX (un de mat\u00ed i dos de tarda), dos de GA (un de mat\u00ed i un de tarda) i quatre a grau superior, una per cada cicle. L\u2019estructura pot quedar modificada puntualment degut a la pressi\u00f3 demogr\u00e0fica al municipi d\u2019alumnat en edat de realitzar l\u2019educaci\u00f3 secund\u00e0ria i segons els grups adjudicats pel Departament d\u2019Ensenyament. El fet de ser un centre relativament petit afavoreix les relacions interpersonals entre tots els membres de la comunitat educativa.<\/span><\/p>\n<p><span style=\"font-weight: 400;\">La proced\u00e8ncia de l\u2019alumnat \u00e9s molt diversa. A l\u2019ESO tenim adscrites cinc escoles de prim\u00e0ria: 25 de Setembre, Maria Montessori, Moss\u00e8n Cinto Verdaguer, Teresa Altet i Ca N\u2019Alzamora. A batxillerat, una part de l\u2019alumnat prov\u00e9 del centre i una altra part prou nombrosa de centres concertats de la ciutat que no imparteixen aquesta etapa educativa postobligat\u00f2ria. A cicles la proced\u00e8ncia \u00e9s m\u00e9s \u00e0mplia, ja que som l\u2019\u00fanic centre de la poblaci\u00f3 que ofereix els cicles de la fam\u00edlia d\u2019inform\u00e0tica. <\/span><\/p>\n<p><span style=\"font-weight: 400;\">El centre \u00e9s un reflex del municipi, de poblaci\u00f3 de classe treballadora, i que cada cop m\u00e9s s\u2019interessa per les q\u00fcestions que tenen a veure amb l\u2019educaci\u00f3 dels seus fills i filles.<\/span><\/p>\n<p><span style=\"font-weight: 400;\">Rub\u00ed \u00e9s una ciutat que acull cont\u00ednuament a fam\u00edlies d\u2019arreu del m\u00f3n, i per tant els centres educatius (tant de prim\u00e0ria com de secund\u00e0ria) reben alumnes nouvinguts durant tot el curs (matr\u00edcula viva)<\/span><\/p>\n<p><span style=\"font-weight: 400;\">El clima de centre \u00e9s for\u00e7a positiu, i l\u2019alumnat en general no presenta cap particularitat conductual, fora d\u2019aquests comportaments propis de l\u2019etapa que viuen a l\u2019institut. <\/span><\/p>\n<p><span style=\"font-weight: 400;\">L\u2019Estatut t\u00e9 vocaci\u00f3 de ser un centre obert al municipi, i per tant ha establert una xarxa de col\u00b7laboraci\u00f3 amb diverses entitats i empreses de Rub\u00ed (Castellers, Museu del Castell de Rub\u00ed, Gegants, biblioteca municipal, etc), per\u00f2 tamb\u00e9 de fora del municipi (Sonrisas de Bombay, institut de secund\u00e0ria Were di Drie)<\/span><\/p>\n<p><span style=\"font-weight: 400;\">A l\u2019Estatut donem molta import\u00e0ncia a les activitats i sortides complement\u00e0ries, i s\u00f3n part del desenvolupament curricular de les mat\u00e8ries. Per tant, quan comencem el curs ja tenim una programaci\u00f3 acurada de les activitats i sortides que l\u2019alumnat realitzar\u00e0 durant el curs vigent. Aquestes activitats intenten estar equilibrades pel que fa a la seva distribuci\u00f3 en tots els nivells i en tota la durada del per\u00edode lectiu.<\/span><\/p>\n<p><span style=\"font-weight: 400;\">Pel que fa la imatge del centre al municipi, s\u2019ha fet un esfor\u00e7 intens i continu en els \u00faltims anys per fer fora la (falsa) imatge de l\u2019Estatut com a centre conflictiu. Hem obert l\u2019institut a les fam\u00edlies i la comunitat educativa i els resultats es veuen reflectits en la taxa de demanda del centre, que est\u00e0 molt a prop del 90% en primera opci\u00f3 a 1r d\u2019ESO.<\/span><\/p>\n","protected":false},"excerpt":{"rendered":"<p>L\u2019Institut L\u2019Estatut neix el gener de 2005, com a conseq\u00fc\u00e8ncia del trasllat de l\u2019antic IES El Bullidor. El canvi d\u2019ubicaci\u00f3 va significar, alhora que un canvi de denominaci\u00f3, \u00a0una ampliaci\u00f3 en el nombre de professors i d\u2019alumnes. <\/p>\n<p>Actualment est\u00e0 ubicat al carrer Flammarion 1, cantonada&hellip;  <a href=\"https:\/\/agora.xtec.cat\/ies-estatut\/linstitut\/historia\/\" title=\"Read Hist\u00f2ria i caracter\u00edstiques del centre\">Llegeix m\u00e9s\u00bb<\/a><\/p>\n","protected":false},"author":1,"featured_media":0,"parent":19,"menu_order":20,"comment_status":"closed","ping_status":"closed","template":"page-templates\/side-menu.php","meta":{"_bbp_topic_count":0,"_bbp_reply_count":0,"_bbp_total_topic_count":0,"_bbp_total_reply_count":0,"_bbp_voice_count":0,"_bbp_anonymous_reply_count":0,"_bbp_topic_count_hidden":0,"_bbp_reply_count_hidden":0,"_bbp_forum_subforum_count":0,"footnotes":""},"class_list":["post-27","page","type-page","status-publish","hentry"],"post_mailing_queue_ids":[],"_links":{"self":[{"href":"https:\/\/agora.xtec.cat\/ies-estatut\/wp-json\/wp\/v2\/pages\/27","targetHints":{"allow":["GET"]}}],"collection":[{"href":"https:\/\/agora.xtec.cat\/ies-estatut\/wp-json\/wp\/v2\/pages"}],"about":[{"href":"https:\/\/agora.xtec.cat\/ies-estatut\/wp-json\/wp\/v2\/types\/page"}],"author":[{"embeddable":true,"href":"https:\/\/agora.xtec.cat\/ies-estatut\/wp-json\/wp\/v2\/users\/1"}],"replies":[{"embeddable":true,"href":"https:\/\/agora.xtec.cat\/ies-estatut\/wp-json\/wp\/v2\/comments?post=27"}],"version-history":[{"count":7,"href":"https:\/\/agora.xtec.cat\/ies-estatut\/wp-json\/wp\/v2\/pages\/27\/revisions"}],"predecessor-version":[{"id":6798,"href":"https:\/\/agora.xtec.cat\/ies-estatut\/wp-json\/wp\/v2\/pages\/27\/revisions\/6798"}],"up":[{"embeddable":true,"href":"https:\/\/agora.xtec.cat\/ies-estatut\/wp-json\/wp\/v2\/pages\/19"}],"wp:attachment":[{"href":"https:\/\/agora.xtec.cat\/ies-estatut\/wp-json\/wp\/v2\/media?parent=27"}],"curies":[{"name":"wp","href":"https:\/\/api.w.org\/{rel}","templated":true}]}}