{"id":2416,"date":"2020-11-20T09:44:36","date_gmt":"2020-11-20T08:44:36","guid":{"rendered":"http:\/\/agora.xtec.cat\/ies-estatut\/?page_id=2416"},"modified":"2026-02-20T14:02:49","modified_gmt":"2026-02-20T13:02:49","slug":"contacte","status":"publish","type":"page","link":"https:\/\/agora.xtec.cat\/ies-estatut\/contacte\/","title":{"rendered":"Contacte"},"content":{"rendered":"<p>&nbsp;<\/p>\n<h6><strong>I<a href=\"http:\/\/agora.xtec.cat\/ies-estatut\/wp-content\/uploads\/usu435\/2017\/04\/cutmypic-1.png\"><img loading=\"lazy\" decoding=\"async\" class=\"wp-image-454 alignleft\" src=\"http:\/\/agora.xtec.cat\/ies-estatut\/wp-content\/uploads\/usu435\/2017\/04\/cutmypic-1-150x150.png\" sizes=\"auto, (max-width: 90px) 100vw, 90px\" srcset=\"https:\/\/agora.xtec.cat\/ies-estatut\/wp-content\/uploads\/usu435\/2017\/04\/cutmypic-1-150x150.png 150w, https:\/\/agora.xtec.cat\/ies-estatut\/wp-content\/uploads\/usu435\/2017\/04\/cutmypic-1-300x300.png 300w, https:\/\/agora.xtec.cat\/ies-estatut\/wp-content\/uploads\/usu435\/2017\/04\/cutmypic-1.png 472w\" alt=\"\" width=\"90\" height=\"90\" \/><\/a>nstitut\u00a0L\u2019Estatut<\/strong><\/h6>\n<h6>Flammarion 1<\/h6>\n<h6>08191 Rub\u00ed<\/h6>\n<p>&nbsp;<\/p>\n<div style=\"font-size: 24px; line-height: 1.5;\"><strong>Tel\u00e8fon: <a style=\"font-weight: bold;\">93 588 05 58 \/ <\/a><a style=\"font-weight: bold;\">634 98 10 14<\/a><\/strong><br \/>\n<strong>Fax: <a style=\"font-weight: bold;\">93 588 05 58<\/a><\/strong><br \/>\n<strong>Correu: <a style=\"font-weight: bold;\" href=\"mailto:a8043668@xtec.cat\">a8043668@xtec.cat<\/a><\/strong><\/div>\n<p>&nbsp;<\/p>\n<p>L\u2019institut est\u00e0 ubicat al carrer Flammarion, 1, cantonada amb l\u2019Avinguda de l\u2019Estatut, al costat del Bosc de ca N\u2019Oriol, en un edifici de nova construcci\u00f3, dotat de les instal\u00b7lacions que la normativa m\u00e9s recent assenyala per impartir les mat\u00e8ries que requereixen activitats pr\u00e0ctiques d\u2019aprenentatge.<\/p>\n<p><img loading=\"lazy\" decoding=\"async\" class=\"size-full wp-image-2421 aligncenter\" src=\"https:\/\/agora.xtec.cat\/ies-estatut\/wp-content\/uploads\/usu435\/2020\/12\/estatut.jpg\" sizes=\"auto, (max-width: 897px) 100vw, 897px\" srcset=\"https:\/\/agora.xtec.cat\/ies-estatut\/wp-content\/uploads\/usu435\/2020\/12\/estatut.jpg 897w, https:\/\/agora.xtec.cat\/ies-estatut\/wp-content\/uploads\/usu435\/2020\/12\/estatut-300x187.jpg 300w, https:\/\/agora.xtec.cat\/ies-estatut\/wp-content\/uploads\/usu435\/2020\/12\/estatut-768x479.jpg 768w\" alt=\"\" width=\"897\" height=\"559\" \/><\/p>\n<p>&nbsp;<\/p>\n<p>&nbsp;<\/p>\n","protected":false},"excerpt":{"rendered":"<p>&nbsp;<br \/>\nI<a href=\"http:\/\/agora.xtec.cat\/ies-estatut\/wp-content\/uploads\/usu435\/2017\/04\/cutmypic-1.png\"><\/a>nstitut\u00a0L\u2019Estatut<br \/>\nFlammarion 1<br \/>\n08191 Rub\u00ed<br \/>\n&nbsp;<br \/>\nTel\u00e8fon: <a style=\"font-weight: bold;\">93 588 05 58 \/ <\/a><a style=\"font-weight: bold;\">634 98 10 14<\/a><br \/>\nFax: <a style=\"font-weight: bold;\">93 588 05 58<\/a><br \/>\nCorreu: <a style=\"font-weight: bold;\" href=\"mailto:a8043668@xtec.cat\">a8043668@xtec.cat<\/a><br \/>\n&nbsp;<br \/>\nL\u2019institut est\u00e0 ubicat al carrer Flammarion, 1, cantonada amb l\u2019Avinguda de l\u2019Estatut, al costat del Bosc de ca N\u2019Oriol,&hellip;  <a href=\"https:\/\/agora.xtec.cat\/ies-estatut\/contacte\/\" title=\"Read Contacte\">Llegeix m\u00e9s\u00bb<\/a><\/p>\n","protected":false},"author":1,"featured_media":0,"parent":0,"menu_order":0,"comment_status":"closed","ping_status":"closed","template":"","meta":{"_bbp_topic_count":0,"_bbp_reply_count":0,"_bbp_total_topic_count":0,"_bbp_total_reply_count":0,"_bbp_voice_count":0,"_bbp_anonymous_reply_count":0,"_bbp_topic_count_hidden":0,"_bbp_reply_count_hidden":0,"_bbp_forum_subforum_count":0,"footnotes":""},"class_list":["post-2416","page","type-page","status-publish","hentry"],"post_mailing_queue_ids":[],"_links":{"self":[{"href":"https:\/\/agora.xtec.cat\/ies-estatut\/wp-json\/wp\/v2\/pages\/2416","targetHints":{"allow":["GET"]}}],"collection":[{"href":"https:\/\/agora.xtec.cat\/ies-estatut\/wp-json\/wp\/v2\/pages"}],"about":[{"href":"https:\/\/agora.xtec.cat\/ies-estatut\/wp-json\/wp\/v2\/types\/page"}],"author":[{"embeddable":true,"href":"https:\/\/agora.xtec.cat\/ies-estatut\/wp-json\/wp\/v2\/users\/1"}],"replies":[{"embeddable":true,"href":"https:\/\/agora.xtec.cat\/ies-estatut\/wp-json\/wp\/v2\/comments?post=2416"}],"version-history":[{"count":7,"href":"https:\/\/agora.xtec.cat\/ies-estatut\/wp-json\/wp\/v2\/pages\/2416\/revisions"}],"predecessor-version":[{"id":6766,"href":"https:\/\/agora.xtec.cat\/ies-estatut\/wp-json\/wp\/v2\/pages\/2416\/revisions\/6766"}],"wp:attachment":[{"href":"https:\/\/agora.xtec.cat\/ies-estatut\/wp-json\/wp\/v2\/media?parent=2416"}],"curies":[{"name":"wp","href":"https:\/\/api.w.org\/{rel}","templated":true}]}}