{"id":1640,"date":"2020-01-14T11:58:39","date_gmt":"2020-01-14T10:58:39","guid":{"rendered":"http:\/\/agora.xtec.cat\/ies-estatut\/?page_id=1640"},"modified":"2026-03-09T15:31:29","modified_gmt":"2026-03-09T14:31:29","slug":"erasmus","status":"publish","type":"page","link":"https:\/\/agora.xtec.cat\/ies-estatut\/international\/erasmus\/","title":{"rendered":"Erasmus+ Program"},"content":{"rendered":"<h2 style=\"text-align: center;\">INSTITUT L&#8217;ESTATUT<\/h2>\n<p>&nbsp;<\/p>\n<p>The main objective of Erasmus plus is to improve employability of the youth by acquiring supplementary competences appreciated by employers, as well as improving their language skills and flexibility.<\/p>\n<p class=\"fz-15\">The aims of our Mobility Programs are to improve the quality and increase the mobility of staff and students in vocational education, facilitate the development of innovative practices through internships in companies abroad and promote cooperation with the Institute of European companies and institutions<\/p>\n<p>All these programmes are carried out with the financial support of Departament d&#8217;Ensenyament and the Erasmus+ Program.<\/p>\n<style>\n#logo-container {display: flex; justify-content: space-evenly; align-items: center: width: 100%;}<br \/>#logo-container > a {display: flex; align-items: center; width: 25%}<br \/><\/style>\n<div id=\"logo-container\"><a href=\"https:\/\/agora.xtec.cat\/ies-estatut\/wp-content\/uploads\/usu435\/2026\/03\/eu_co_funded_en.jpg\" target=\"_blank\" rel=\"noopener\"><img loading=\"lazy\" decoding=\"async\" class=\"alignleft wp-image-1689 size-medium\" src=\"https:\/\/agora.xtec.cat\/ies-estatut\/wp-content\/uploads\/usu435\/2026\/03\/Captura-de-pantalla-2026-03-09-152853.png\" alt=\"\" width=\"300\" height=\"101\" data-wp-editing=\"1\" \/><\/a><a href=\"http:\/\/sepie.es\/educacion-superior\/index.html\" target=\"_blank\" rel=\"noopener\"><img loading=\"lazy\" decoding=\"async\" class=\"alignnone size-full wp-image-5927\" src=\"https:\/\/agora.xtec.cat\/ies-estatut\/wp-content\/uploads\/usu435\/2020\/02\/logo-DPT-300x68.jpg\" alt=\"\" width=\"270\" height=\"155\" \/><\/a><a href=\"https:\/\/agora.xtec.cat\/ies-estatut\/wp-content\/uploads\/usu435\/2026\/03\/SEPIE_erasmus_plus.gif\" target=\"_blank\" rel=\"noopener\"><img loading=\"lazy\" decoding=\"async\" class=\"size-medium wp-image-1688 alignleft\" src=\"https:\/\/agora.xtec.cat\/ies-estatut\/wp-content\/uploads\/usu435\/2026\/03\/SEPIE_erasmus_plus.gif\" alt=\"\" width=\"300\" height=\"68\" \/><\/a><\/div>\n<p>&nbsp;<\/p>\n<p><span style=\"font-weight: 400;\">*The projects mentioned here are co-financed by the Erasmus + program of the European Union. The content of this publication is the sole responsibility of INS l\u2019Estatut and neither the European Commission nor the Spanish Service for the Internationalization of Education (SEPIE) are responsible for the use that may be made of the information disclosed here. &#8220;<\/span><\/p>\n<p>&nbsp;<\/p>\n<p><b>Els projectes aqu\u00ed esmentats estan cofinan\u00e7ats pel programa Erasmus + de la Uni\u00f3 Europea. El contingut d&#8217;aquesta publicaci\u00f3 \u00e9s responsabilitat exclusiva de l&#8217;INS l&#8217;Estatut i ni la Comissi\u00f3 Europea, ni el Servei Espanyol per a la Internacionalitzaci\u00f3 de l&#8217;Educaci\u00f3 (SEPIE) s\u00f3n responsables de l&#8217;\u00fas que pugui fer de la informaci\u00f3 aqu\u00ed difosa.<\/b><\/p>\n<p>&nbsp;<\/p>\n","protected":false},"excerpt":{"rendered":"<p>INSTITUT L&#8217;ESTATUT<br \/>\n&nbsp;<br \/>\nThe main objective of Erasmus plus is to improve employability of the youth by acquiring supplementary competences appreciated by employers, as well as improving their language skills and flexibility.<br \/>\nThe aims of our Mobility Programs are to improve the quality and increase the mobility of&hellip;  <a href=\"https:\/\/agora.xtec.cat\/ies-estatut\/international\/erasmus\/\" title=\"Read Erasmus+ Program\">Llegeix m\u00e9s\u00bb<\/a><\/p>\n","protected":false},"author":4,"featured_media":0,"parent":1557,"menu_order":1,"comment_status":"closed","ping_status":"closed","template":"page-templates\/side-menu.php","meta":{"_bbp_topic_count":0,"_bbp_reply_count":0,"_bbp_total_topic_count":0,"_bbp_total_reply_count":0,"_bbp_voice_count":0,"_bbp_anonymous_reply_count":0,"_bbp_topic_count_hidden":0,"_bbp_reply_count_hidden":0,"_bbp_forum_subforum_count":0,"footnotes":""},"class_list":["post-1640","page","type-page","status-publish","hentry"],"post_mailing_queue_ids":[],"_links":{"self":[{"href":"https:\/\/agora.xtec.cat\/ies-estatut\/wp-json\/wp\/v2\/pages\/1640","targetHints":{"allow":["GET"]}}],"collection":[{"href":"https:\/\/agora.xtec.cat\/ies-estatut\/wp-json\/wp\/v2\/pages"}],"about":[{"href":"https:\/\/agora.xtec.cat\/ies-estatut\/wp-json\/wp\/v2\/types\/page"}],"author":[{"embeddable":true,"href":"https:\/\/agora.xtec.cat\/ies-estatut\/wp-json\/wp\/v2\/users\/4"}],"replies":[{"embeddable":true,"href":"https:\/\/agora.xtec.cat\/ies-estatut\/wp-json\/wp\/v2\/comments?post=1640"}],"version-history":[{"count":6,"href":"https:\/\/agora.xtec.cat\/ies-estatut\/wp-json\/wp\/v2\/pages\/1640\/revisions"}],"predecessor-version":[{"id":6824,"href":"https:\/\/agora.xtec.cat\/ies-estatut\/wp-json\/wp\/v2\/pages\/1640\/revisions\/6824"}],"up":[{"embeddable":true,"href":"https:\/\/agora.xtec.cat\/ies-estatut\/wp-json\/wp\/v2\/pages\/1557"}],"wp:attachment":[{"href":"https:\/\/agora.xtec.cat\/ies-estatut\/wp-json\/wp\/v2\/media?parent=1640"}],"curies":[{"name":"wp","href":"https:\/\/api.w.org\/{rel}","templated":true}]}}