{"id":1559,"date":"2020-01-14T11:51:18","date_gmt":"2020-01-14T10:51:18","guid":{"rendered":"http:\/\/agora.xtec.cat\/ies-estatut\/?page_id=1559"},"modified":"2025-09-16T20:03:45","modified_gmt":"2025-09-16T18:03:45","slug":"international-projects","status":"publish","type":"page","link":"https:\/\/agora.xtec.cat\/ies-estatut\/international\/international-projects\/","title":{"rendered":"International Projects"},"content":{"rendered":"<p>&nbsp;<\/p>\n<p>In today&#8217;s increasingly interconnected world, our institute recognizes the importance of <strong>international collaboration<\/strong>.<\/p>\n<p>We are dedicated to building strong global partnerships through a variety of initiatives, from <strong>student exchange programs<\/strong> that foster cross-cultural understanding to immersive <strong>job shadowing experiences<\/strong> that allow educators to gain firsthand insight into teaching practices at institutions around the world.<\/p>\n<p>Below, you&#8217;ll find detailed information on the <strong>projects<\/strong> we&#8217;ve undertaken over the years:<\/p>\n<p>&nbsp;<\/p>\n<h1>International projects for students<\/h1>\n<ul>\n<li>Student exchange project: <a href=\"https:\/\/agora.xtec.cat\/ies-estatut\/international\/international-projects\/exchange-project-ins-lestatut-%e2%86%94-jeroen-bosch-college\/\">INS l\u2019Estatut \u2194 Jeroen Bosch College<\/a><\/li>\n<li>Mobility Erasmus+: <a href=\"https:\/\/agora.xtec.cat\/ies-estatut\/portada\/erasmus-estudiants-dipluso-fent-un-curs-daws-a-lestatut\/\">Curs d&#8217;AWS per alumnes d&#8217;IPLUSO<\/a><\/li>\n<li>Mobility Erasmus+:\u00a0<a href=\"https:\/\/agora.xtec.cat\/ies-estatut\/general\/erasmus-alumnes-de-lestatut-fent-practiques-a-lisboa\/\">Alumnes de L\u2019Estatut fent pr\u00e0ctiques a Lisboa<\/a><\/li>\n<\/ul>\n<p>&nbsp;<\/p>\n<h1>International projects for teachers<\/h1>\n<h2>Incoming<\/h2>\n<ul>\n<li>Job shadowing 24 &#8211; 25: <a href=\"https:\/\/agora.xtec.cat\/ies-estatut\/portada\/erasmus-docents-dipluso-fent-jobshadowing-a-lestatut\/\">Instituto Polit\u00e8cnico da Lus\u00f3fonia<\/a><\/li>\n<\/ul>\n<h2>Outgoing<\/h2>\n<ul>\n<li>Job shadowing 22 &#8211; 23: <a href=\"https:\/\/agora.xtec.cat\/ies-estatut\/general\/jobshadowing-de-dos-professors-al-lycee-et-college-le-likes-la-salle-a-quimper\/\">Lyc\u00e9e et coll\u00e8ge Le Lik\u00e8s La Salle, Quimper<\/a><\/li>\n<li>Job shadowing 23 &#8211; 24: <a href=\"https:\/\/agora.xtec.cat\/ies-estatut\/cicles-formatius\/erasmus-docents-de-lestatut-fent-jobshadowing-a-lisboa\/\">Institut Polit\u00e8cnico da Lusofonia (IPLUSO)<\/a><\/li>\n<li>Job shadowing 24 &#8211; 25: <a href=\"https:\/\/agora.xtec.cat\/ies-estatut\/general\/linstitut-lestatut-explora-leducacio-finlandesa-a-lfp-mitjancant-una-beca-erasmus\/\">H\u00e8lsinki (Finl\u00e0ndia)<\/a><\/li>\n<\/ul>\n","protected":false},"excerpt":{"rendered":"<p>&nbsp;<br \/>\nIn today&#8217;s increasingly interconnected world, our institute recognizes the importance of international collaboration.<br \/>\nWe are dedicated to building strong global partnerships through a variety of initiatives, from student exchange programs that foster cross-cultural understanding to immersive job shadowing experiences that allow educators to gain firsthand insight&hellip;  <a href=\"https:\/\/agora.xtec.cat\/ies-estatut\/international\/international-projects\/\" title=\"Read International Projects\">Llegeix m\u00e9s\u00bb<\/a><\/p>\n","protected":false},"author":4,"featured_media":0,"parent":1557,"menu_order":1,"comment_status":"closed","ping_status":"closed","template":"page-templates\/side-menu.php","meta":{"_bbp_topic_count":0,"_bbp_reply_count":0,"_bbp_total_topic_count":0,"_bbp_total_reply_count":0,"_bbp_voice_count":0,"_bbp_anonymous_reply_count":0,"_bbp_topic_count_hidden":0,"_bbp_reply_count_hidden":0,"_bbp_forum_subforum_count":0,"footnotes":""},"class_list":["post-1559","page","type-page","status-publish","hentry"],"post_mailing_queue_ids":[],"_links":{"self":[{"href":"https:\/\/agora.xtec.cat\/ies-estatut\/wp-json\/wp\/v2\/pages\/1559","targetHints":{"allow":["GET"]}}],"collection":[{"href":"https:\/\/agora.xtec.cat\/ies-estatut\/wp-json\/wp\/v2\/pages"}],"about":[{"href":"https:\/\/agora.xtec.cat\/ies-estatut\/wp-json\/wp\/v2\/types\/page"}],"author":[{"embeddable":true,"href":"https:\/\/agora.xtec.cat\/ies-estatut\/wp-json\/wp\/v2\/users\/4"}],"replies":[{"embeddable":true,"href":"https:\/\/agora.xtec.cat\/ies-estatut\/wp-json\/wp\/v2\/comments?post=1559"}],"version-history":[{"count":6,"href":"https:\/\/agora.xtec.cat\/ies-estatut\/wp-json\/wp\/v2\/pages\/1559\/revisions"}],"predecessor-version":[{"id":6567,"href":"https:\/\/agora.xtec.cat\/ies-estatut\/wp-json\/wp\/v2\/pages\/1559\/revisions\/6567"}],"up":[{"embeddable":true,"href":"https:\/\/agora.xtec.cat\/ies-estatut\/wp-json\/wp\/v2\/pages\/1557"}],"wp:attachment":[{"href":"https:\/\/agora.xtec.cat\/ies-estatut\/wp-json\/wp\/v2\/media?parent=1559"}],"curies":[{"name":"wp","href":"https:\/\/api.w.org\/{rel}","templated":true}]}}