{"id":1557,"date":"2020-01-14T11:16:14","date_gmt":"2020-01-14T10:16:14","guid":{"rendered":"http:\/\/agora.xtec.cat\/ies-estatut\/?page_id=1557"},"modified":"2026-03-09T15:12:46","modified_gmt":"2026-03-09T14:12:46","slug":"international","status":"publish","type":"page","link":"https:\/\/agora.xtec.cat\/ies-estatut\/international\/","title":{"rendered":"International"},"content":{"rendered":"<p style=\"text-align: center;\"><strong>Our School<\/strong><\/p>\n<p>&nbsp;<\/p>\n\r\n\t<div class=\"slideshow_container slideshow_container_style-light\" style=\"height: 200px; \" data-slideshow-id=\"1169\" data-style-name=\"style-light\" data-style-version=\"2.3.1\" >\r\n\r\n\t\t\t\t\t<div class=\"slideshow_loading_icon\"><\/div>\r\n\t\t\r\n\t\t<div class=\"slideshow_content\" style=\"display: none;\">\r\n\r\n\t\t\t<div class=\"slideshow_view\">\r\n\t\t\t\t<div class=\"slideshow_slide slideshow_slide_image\">\r\n\t\t\t\t\t\t\t\t\t\t\t<img src=\"https:\/\/agora.xtec.cat\/ies-estatut\/wp-content\/uploads\/usu435\/2019\/01\/placa.jpg\" alt=\"placa\" width=\"2632\" height=\"759\" \/>\r\n\t\t\t\t\t\t\t\t\t\t<div class=\"slideshow_description_box slideshow_transparent\">\r\n\t\t\t\t\t\t<div class=\"slideshow_title\">placa<\/div>\t\t\t\t\t\t\t\t\t\t\t<\/div>\r\n\t\t\t\t<\/div>\r\n\r\n\t\t\t\t\t\t<div style=\"clear: both;\"><\/div><\/div><div class=\"slideshow_view\">\r\n\t\t\t\t<div class=\"slideshow_slide slideshow_slide_image\">\r\n\t\t\t\t\t\t\t\t\t\t\t<img src=\"https:\/\/agora.xtec.cat\/ies-estatut\/wp-content\/uploads\/usu435\/2019\/01\/entradajpg.jpg\" alt=\"entradajpg\" width=\"2429\" height=\"823\" \/>\r\n\t\t\t\t\t\t\t\t\t\t<div class=\"slideshow_description_box slideshow_transparent\">\r\n\t\t\t\t\t\t<div class=\"slideshow_title\">entradajpg<\/div>\t\t\t\t\t\t\t\t\t\t\t<\/div>\r\n\t\t\t\t<\/div>\r\n\r\n\t\t\t\t\t\t<div style=\"clear: both;\"><\/div><\/div><div class=\"slideshow_view\">\r\n\t\t\t\t<div class=\"slideshow_slide slideshow_slide_image\">\r\n\t\t\t\t\t\t\t\t\t\t\t<img src=\"https:\/\/agora.xtec.cat\/ies-estatut\/wp-content\/uploads\/usu435\/2019\/01\/hort.jpg\" alt=\"hort\" width=\"2246\" height=\"890\" \/>\r\n\t\t\t\t\t\t\t\t\t\t<div class=\"slideshow_description_box slideshow_transparent\">\r\n\t\t\t\t\t\t<div class=\"slideshow_title\">hort<\/div>\t\t\t\t\t\t\t\t\t\t\t<\/div>\r\n\t\t\t\t<\/div>\r\n\r\n\t\t\t\t\t\t<div style=\"clear: both;\"><\/div><\/div><div class=\"slideshow_view\">\r\n\t\t\t\t<div class=\"slideshow_slide slideshow_slide_image\">\r\n\t\t\t\t\t\t\t\t\t\t\t<img src=\"https:\/\/agora.xtec.cat\/ies-estatut\/wp-content\/uploads\/usu435\/2019\/01\/pista.jpg\" alt=\"pista\" width=\"2568\" height=\"778\" \/>\r\n\t\t\t\t\t\t\t\t\t\t<div class=\"slideshow_description_box slideshow_transparent\">\r\n\t\t\t\t\t\t<div class=\"slideshow_title\">pista<\/div>\t\t\t\t\t\t\t\t\t\t\t<\/div>\r\n\t\t\t\t<\/div>\r\n\r\n\t\t\t\t\t\t<div style=\"clear: both;\"><\/div><\/div><div class=\"slideshow_view\">\r\n\t\t\t\t<div class=\"slideshow_slide slideshow_slide_image\">\r\n\t\t\t\t\t\t\t\t\t\t\t<img src=\"https:\/\/agora.xtec.cat\/ies-estatut\/wp-content\/uploads\/usu435\/2019\/01\/taules.jpg\" alt=\"taules\" width=\"2499\" height=\"800\" \/>\r\n\t\t\t\t\t\t\t\t\t\t<div class=\"slideshow_description_box slideshow_transparent\">\r\n\t\t\t\t\t\t<div class=\"slideshow_title\">taules<\/div>\t\t\t\t\t\t\t\t\t\t\t<\/div>\r\n\t\t\t\t<\/div>\r\n\r\n\t\t\t\t\t\t<div style=\"clear: both;\"><\/div><\/div>\r\n\t\t<\/div>\r\n\r\n\t\t<div class=\"slideshow_controlPanel slideshow_transparent\" style=\"display: none;\"><ul><li class=\"slideshow_togglePlay\" data-play-text=\"Visualitza\" data-pause-text=\"Pausa\"><\/li><\/ul><\/div>\r\n\r\n\t\t<div class=\"slideshow_button slideshow_previous slideshow_transparent\" role=\"button\" data-previous-text=\"Anterior\" style=\"display: none;\"><\/div>\r\n\t\t<div class=\"slideshow_button slideshow_next slideshow_transparent\" role=\"button\" data-next-text=\"Seg\u00fcent\" style=\"display: none;\"><\/div>\r\n\r\n\t\t<div class=\"slideshow_pagination\" style=\"display: none;\" data-go-to-text=\"V\u00e9s a la diapositiva\"><div class=\"slideshow_pagination_center\"><\/div><\/div>\r\n\r\n\t\t<!-- WordPress Slideshow Version 2.3.1 -->\r\n\r\n\t\t\t<\/div>\r\n\r\n\n<p><strong>Ins L&#8217;Estatut<\/strong> is a high school with 890 students and 93 teachers which is located in Rub\u00ed, a town near Barcelona.<br \/>\nInside the building, a Roman lacus is integrated into the floor of a classroom, as an example of the historical and archaeological value found during the construction of the building.<br \/>\nThe center offers ESO (secondary education) and Baccalaureate (in the modalities of humanistic and social sciences, science and technology).<\/p>\n<p><a href=\"https:\/\/agora.xtec.cat\/ies-estatut\/wp-content\/uploads\/usu435\/2014\/09\/lacus.jpg\"><img loading=\"lazy\" decoding=\"async\" class=\"aligncenter wp-image-265 size-medium\" src=\"https:\/\/agora.xtec.cat\/ies-estatut\/wp-content\/uploads\/usu435\/2014\/09\/lacus-300x168.jpg\" alt=\"\" width=\"300\" height=\"168\" srcset=\"https:\/\/agora.xtec.cat\/ies-estatut\/wp-content\/uploads\/usu435\/2014\/09\/lacus-300x168.jpg 300w, https:\/\/agora.xtec.cat\/ies-estatut\/wp-content\/uploads\/usu435\/2014\/09\/lacus.jpg 480w\" sizes=\"auto, (max-width: 300px) 100vw, 300px\" \/><\/a><\/p>\n<p><span style=\"font-weight: 400;\">Our school offers four <\/span><b>vocational studies families<\/b><span style=\"font-weight: 400;\">:<\/span><\/p>\n<p>VET &#8211; EQ 4:<\/p>\n<ul>\n<li>Technician in Administrative Management<\/li>\n<li style=\"font-weight: 400;\"><span style=\"font-weight: 400;\">Technician in Microcomputer Systems and Networks<\/span><\/li>\n<\/ul>\n<p>HED &#8211; EQF 5:<\/p>\n<ul>\n<li style=\"font-weight: 400;\"><span style=\"font-weight: 400;\">Higher Technician in Multi-platform Applications Development<\/span><\/li>\n<li style=\"font-weight: 400;\"><span style=\"font-weight: 400;\">Higher Technician in Computer Network Systems Management<\/span><\/li>\n<li>Higher Technician in Development of Web Applications<\/li>\n<li>Higher Technician in Administration and Finance<\/li>\n<\/ul>\n<p><span style=\"font-weight: 400;\">We collaborate with the Regional Government Consortium in Catalonia, in order to implement international mobility and students\u2019 skills.<\/span><\/p>\n<p>We carry out projects and collaborations with European partners, with the aim of obtaining reliable data on the teaching skills of European schools (job-shadowing experiences), facilitating the exchange of good teaching practices and offering a new perspective on teaching.<\/p>\n<p><span style=\"font-weight: 400;\">INS L&#8217;Estatut welcomes foreign teachers to come and get to know our school in return.<\/span><\/p>\n<p><!--iframe src=\"https:\/\/docs.google.com\/presentation\/d\/e\/1-jL6vm0dH_XgO5j0K3tn-3v1D_1JwyO5\/embed?start=false&amp;loop=false&amp;delayms=3000\" width=\"1440\" height=\"500\" frameborder=\"0\" allowfullscreen=\"allowfullscreen\"><\/iframe--><\/p>\n<p style=\"text-align: right;\">International Mobility Coordination<br \/>\n<strong><br \/>\n<\/strong><\/p>\n<p>&nbsp;<\/p>\n<p><b>Contact Information<\/b><\/p>\n<p><span style=\"font-weight: 400;\">Address: Carrer Flammarion, 1. 08191 &#8211; Rub\u00ed (Barcelona SPAIN)<\/span><\/p>\n<p><span style=\"font-weight: 400;\">\u00c0lex Bat\u00e1n &#8211; Mobility Coordinator<\/span><\/p>\n<p><span style=\"font-weight: 400;\">+34 634 98 10 14<\/span><\/p>\n<p><strong>mobility<span class=\"\"><span class=\"\">@insestatut.<\/span>cat<\/span><\/strong><\/p>\n<p>&nbsp;<\/p>\n<p>&nbsp;<\/p>\n<p><!--iframe src=\"https:\/\/www.google.com\/maps\/d\/embed?mid=1tWGRCqqA9Ff-gEMfBHsJqRBU9vlxiMPp&amp;hl=ca\" width=\"640\" height=\"480\"><\/iframe--><br \/>\n<iframe loading=\"lazy\" src=\"https:\/\/www.google.com\/maps\/d\/embed?mid=1ZsJw3aifPbcTDn7P7EKWyQehtTGjiU0&amp;hl=ca\" width=\"640\" height=\"480\"><\/iframe><\/p>\n<p><img loading=\"lazy\" decoding=\"async\" class=\"aligncenter size-full wp-image-6811\" src=\"https:\/\/agora.xtec.cat\/ies-estatut\/wp-content\/uploads\/usu435\/2026\/03\/eu_co_funded_en.jpg\" alt=\"\" width=\"1100\" height=\"231\" srcset=\"https:\/\/agora.xtec.cat\/ies-estatut\/wp-content\/uploads\/usu435\/2026\/03\/eu_co_funded_en.jpg 1100w, https:\/\/agora.xtec.cat\/ies-estatut\/wp-content\/uploads\/usu435\/2026\/03\/eu_co_funded_en-300x63.jpg 300w, https:\/\/agora.xtec.cat\/ies-estatut\/wp-content\/uploads\/usu435\/2026\/03\/eu_co_funded_en-1024x215.jpg 1024w, https:\/\/agora.xtec.cat\/ies-estatut\/wp-content\/uploads\/usu435\/2026\/03\/eu_co_funded_en-768x161.jpg 768w\" sizes=\"auto, (max-width: 1100px) 100vw, 1100px\" \/><\/p>\n<p><span style=\"font-weight: 400;\">*The projects mentioned here are co-financed by the Erasmus + program of the European Union. The content of this publication is the sole responsibility of INS l\u2019Estatut and neither the European Commission nor the Spanish Service for the Internationalization of Education (SEPIE) are responsible for the use that may be made of the information disclosed here. &#8220;<\/span><\/p>\n<p>&nbsp;<\/p>\n<p><b>Els projectes aqu\u00ed esmentats estan cofinan\u00e7ats pel programa Erasmus + de la Uni\u00f3 Europea. El contingut d&#8217;aquesta publicaci\u00f3 \u00e9s responsabilitat exclusiva de l&#8217;INS l&#8217;Estatut i ni la Comissi\u00f3 Europea, ni el Servei Espanyol per a la Internacionalitzaci\u00f3 de l&#8217;Educaci\u00f3 (SEPIE) s\u00f3n responsables de l&#8217;\u00fas que pugui fer de la informaci\u00f3 aqu\u00ed difosa.<\/b><\/p>\n","protected":false},"excerpt":{"rendered":"<p>Our School<br \/>\n&nbsp;<\/p>\n<p>\t\t\t\t\t\tplaca\t\t\t\t\t\t\t\t\t\t\t<\/p>\n<p>\t\t\t\t\t\tentradajpg\t\t\t\t\t\t\t\t\t\t\t<\/p>\n<p>\t\t\t\t\t\thort\t\t\t\t\t\t\t\t\t\t\t<\/p>\n<p>\t\t\t\t\t\tpista\t\t\t\t\t\t\t\t\t\t\t<\/p>\n<p>\t\t\t\t\t\ttaules\t\t\t\t\t\t\t\t\t\t\t<\/p>\n<ul>\n<li class=\"slideshow_togglePlay\" data-play-text=\"Visualitza\" data-pause-text=\"Pausa\"><\/li>\n<\/ul>\n<p>Ins L&#8217;Estatut is a high school with 890 students and 93 teachers which is located in Rub\u00ed, a town near Barcelona.<br \/>\nInside the building, a Roman lacus is integrated into the floor of a classroom, as an example of the historical and&hellip;  <a href=\"https:\/\/agora.xtec.cat\/ies-estatut\/international\/\" title=\"Read International\">Llegeix m\u00e9s\u00bb<\/a><\/p>\n","protected":false},"author":4,"featured_media":0,"parent":0,"menu_order":0,"comment_status":"closed","ping_status":"closed","template":"page-templates\/side-menu.php","meta":{"_bbp_topic_count":0,"_bbp_reply_count":0,"_bbp_total_topic_count":0,"_bbp_total_reply_count":0,"_bbp_voice_count":0,"_bbp_anonymous_reply_count":0,"_bbp_topic_count_hidden":0,"_bbp_reply_count_hidden":0,"_bbp_forum_subforum_count":0,"footnotes":""},"class_list":["post-1557","page","type-page","status-publish","hentry"],"post_mailing_queue_ids":[],"_links":{"self":[{"href":"https:\/\/agora.xtec.cat\/ies-estatut\/wp-json\/wp\/v2\/pages\/1557","targetHints":{"allow":["GET"]}}],"collection":[{"href":"https:\/\/agora.xtec.cat\/ies-estatut\/wp-json\/wp\/v2\/pages"}],"about":[{"href":"https:\/\/agora.xtec.cat\/ies-estatut\/wp-json\/wp\/v2\/types\/page"}],"author":[{"embeddable":true,"href":"https:\/\/agora.xtec.cat\/ies-estatut\/wp-json\/wp\/v2\/users\/4"}],"replies":[{"embeddable":true,"href":"https:\/\/agora.xtec.cat\/ies-estatut\/wp-json\/wp\/v2\/comments?post=1557"}],"version-history":[{"count":7,"href":"https:\/\/agora.xtec.cat\/ies-estatut\/wp-json\/wp\/v2\/pages\/1557\/revisions"}],"predecessor-version":[{"id":6812,"href":"https:\/\/agora.xtec.cat\/ies-estatut\/wp-json\/wp\/v2\/pages\/1557\/revisions\/6812"}],"wp:attachment":[{"href":"https:\/\/agora.xtec.cat\/ies-estatut\/wp-json\/wp\/v2\/media?parent=1557"}],"curies":[{"name":"wp","href":"https:\/\/api.w.org\/{rel}","templated":true}]}}