{"id":1224,"date":"2019-02-21T19:17:41","date_gmt":"2019-02-21T18:17:41","guid":{"rendered":"http:\/\/agora.xtec.cat\/ies-estatut\/?page_id=1224"},"modified":"2021-11-15T12:06:03","modified_gmt":"2021-11-15T11:06:03","slug":"proveidors","status":"publish","type":"page","link":"https:\/\/agora.xtec.cat\/ies-estatut\/serveis\/proveidors\/","title":{"rendered":"Prove\u00efdors"},"content":{"rendered":"<p>&nbsp;<\/p>\n<p dir=\"ltr\">L&#8217;Institut L&#8217;Estatut far\u00e0 una homologaci\u00f3 cont\u00ednua dels prove\u00efdors amb els quals treballa. Per aquesta homologaci\u00f3 es tindran en compte els criteris seg\u00fcents:<\/p>\n<ul>\n<li dir=\"ltr\">\n<p dir=\"ltr\">que la documentaci\u00f3 lliurada (pressupostos, factures i albarans) compleixi amb els est\u00e0ndars comptables vigents.<\/p>\n<\/li>\n<li dir=\"ltr\">\n<p dir=\"ltr\">que es compleixin les normatives requerides per prestar serveis a un centre educatiu (certificacions -ISO si \u00e9s el cas-, homologacions, etc.)<\/p>\n<\/li>\n<li dir=\"ltr\">\n<p dir=\"ltr\">que es compleixin els compromisos adquirits en forma, termini d&#8217;entrega i qualitat, amb el centre, en el moment de la contractaci\u00f3.<\/p>\n<\/li>\n<\/ul>\n<p dir=\"ltr\">Si no hi ha cap incid\u00e8ncia relacionada amb aquests criteris, o en cas d&#8217;haver-ni es subsanen adequadament,\u00a0 o si no s\u2019ha fet \u00fas dels serveis d\u2019un prove\u00efdor, aquest continuar\u00e0 homologat de forma autom\u00e0tica.<\/p>\n<p>L&#8217;institut comunicar\u00e0 als prove\u00efdors la deshomologaci\u00f3, en cas de produir-se, a trav\u00e9s del mail (opci\u00f3 preferent) o del correu ordinari.<\/p>\n<p>&nbsp;<\/p>\n","protected":false},"excerpt":{"rendered":"<p>&nbsp;<br \/>\nL&#8217;Institut L&#8217;Estatut far\u00e0 una homologaci\u00f3 cont\u00ednua dels prove\u00efdors amb els quals treballa. Per aquesta homologaci\u00f3 es tindran en compte els criteris seg\u00fcents:<\/p>\n<ul>\n<li dir=\"ltr\">\nque la documentaci\u00f3 lliurada (pressupostos, factures i albarans) compleixi amb els est\u00e0ndars comptables vigents.\n<\/li>\n<li dir=\"ltr\">\nque es compleixin les normatives requerides per prestar serveis&hellip;  <a href=\"https:\/\/agora.xtec.cat\/ies-estatut\/serveis\/proveidors\/\" title=\"Read Prove\u00efdors\">Llegeix m\u00e9s\u00bb<\/a><\/p>\n","protected":false},"author":1,"featured_media":0,"parent":63,"menu_order":0,"comment_status":"closed","ping_status":"closed","template":"page-templates\/side-menu.php","meta":{"_bbp_topic_count":0,"_bbp_reply_count":0,"_bbp_total_topic_count":0,"_bbp_total_reply_count":0,"_bbp_voice_count":0,"_bbp_anonymous_reply_count":0,"_bbp_topic_count_hidden":0,"_bbp_reply_count_hidden":0,"_bbp_forum_subforum_count":0,"footnotes":""},"class_list":["post-1224","page","type-page","status-publish","hentry"],"post_mailing_queue_ids":[],"_links":{"self":[{"href":"https:\/\/agora.xtec.cat\/ies-estatut\/wp-json\/wp\/v2\/pages\/1224","targetHints":{"allow":["GET"]}}],"collection":[{"href":"https:\/\/agora.xtec.cat\/ies-estatut\/wp-json\/wp\/v2\/pages"}],"about":[{"href":"https:\/\/agora.xtec.cat\/ies-estatut\/wp-json\/wp\/v2\/types\/page"}],"author":[{"embeddable":true,"href":"https:\/\/agora.xtec.cat\/ies-estatut\/wp-json\/wp\/v2\/users\/1"}],"replies":[{"embeddable":true,"href":"https:\/\/agora.xtec.cat\/ies-estatut\/wp-json\/wp\/v2\/comments?post=1224"}],"version-history":[{"count":3,"href":"https:\/\/agora.xtec.cat\/ies-estatut\/wp-json\/wp\/v2\/pages\/1224\/revisions"}],"predecessor-version":[{"id":3029,"href":"https:\/\/agora.xtec.cat\/ies-estatut\/wp-json\/wp\/v2\/pages\/1224\/revisions\/3029"}],"up":[{"embeddable":true,"href":"https:\/\/agora.xtec.cat\/ies-estatut\/wp-json\/wp\/v2\/pages\/63"}],"wp:attachment":[{"href":"https:\/\/agora.xtec.cat\/ies-estatut\/wp-json\/wp\/v2\/media?parent=1224"}],"curies":[{"name":"wp","href":"https:\/\/api.w.org\/{rel}","templated":true}]}}