{"id":1075,"date":"2018-06-13T18:37:50","date_gmt":"2018-06-13T16:37:50","guid":{"rendered":"http:\/\/agora.xtec.cat\/ies-estatut\/?page_id=1075"},"modified":"2025-01-24T17:25:04","modified_gmt":"2025-01-24T16:25:04","slug":"certificat-de-qualitat","status":"publish","type":"page","link":"https:\/\/agora.xtec.cat\/ies-estatut\/projecte-educatiu\/pqimc\/certificat-de-qualitat\/","title":{"rendered":"Certificat de Qualitat"},"content":{"rendered":"<p>L\u2019Estatut va obtenir la primera certificaci\u00f3 de Qualitat ISO 9001:2008 el mar\u00e7 de 2015. L\u2019empresa Applus va realitzar l\u2019auditoria del sistema de gesti\u00f3 de la qualitat a l\u2019institut, en la qual es van revisar tots els processos del centre, i en especial els d\u2019Ensenyament-Aprenentatge dels estudis d\u2019ESO, Batxillerat i Cicles Formatius de Grau Mig i Superior amb uns resultats molt positius.<\/p>\n<p>Tres anys despr\u00e9s, el mar\u00e7 de 2018, el sistema de Qualitat es va adequar a la nova norma ISO 9001:2015. El mar\u00e7 de 2021 es va renovar la certificaci\u00f3 que seria vigent fins el 2024. Finalment, el mar\u00e7 de 2024 es va renovar la certificaci\u00f3 fins 2027.<\/p>\n<p>Anualment el centre revisa tots els seus processos de forma interna i externa per assegurar-ne un bon funcionament.<\/p>\n<p><a href=\"https:\/\/agora.xtec.cat\/ies-estatut\/wp-content\/uploads\/usu435\/2025\/01\/ISO90012024.jpg\" target=\"_blank\" rel=\"noopener\"><img loading=\"lazy\" decoding=\"async\" class=\"size-large wp-image-5757 aligncenter\" src=\"https:\/\/agora.xtec.cat\/ies-estatut\/wp-content\/uploads\/usu435\/2025\/01\/ISO90012024-724x1024.jpg\" alt=\"\" width=\"724\" height=\"1024\" srcset=\"https:\/\/agora.xtec.cat\/ies-estatut\/wp-content\/uploads\/usu435\/2025\/01\/ISO90012024-724x1024.jpg 724w, https:\/\/agora.xtec.cat\/ies-estatut\/wp-content\/uploads\/usu435\/2025\/01\/ISO90012024-212x300.jpg 212w, https:\/\/agora.xtec.cat\/ies-estatut\/wp-content\/uploads\/usu435\/2025\/01\/ISO90012024-768x1086.jpg 768w, https:\/\/agora.xtec.cat\/ies-estatut\/wp-content\/uploads\/usu435\/2025\/01\/ISO90012024-1086x1536.jpg 1086w, https:\/\/agora.xtec.cat\/ies-estatut\/wp-content\/uploads\/usu435\/2025\/01\/ISO90012024-1448x2048.jpg 1448w, https:\/\/agora.xtec.cat\/ies-estatut\/wp-content\/uploads\/usu435\/2025\/01\/ISO90012024.jpg 1654w\" sizes=\"auto, (max-width: 724px) 100vw, 724px\" \/><\/a><\/p>\n","protected":false},"excerpt":{"rendered":"<p>L\u2019Estatut va obtenir la primera certificaci\u00f3 de Qualitat ISO 9001:2008 el mar\u00e7 de 2015. L\u2019empresa Applus va realitzar l\u2019auditoria del sistema de gesti\u00f3 de la qualitat a l\u2019institut, en la qual es van revisar tots els processos del centre, i en especial els d\u2019Ensenyament-Aprenentatge dels&hellip;  <a href=\"https:\/\/agora.xtec.cat\/ies-estatut\/projecte-educatiu\/pqimc\/certificat-de-qualitat\/\" title=\"Read Certificat de Qualitat\">Llegeix m\u00e9s\u00bb<\/a><\/p>\n","protected":false},"author":1,"featured_media":0,"parent":725,"menu_order":10,"comment_status":"closed","ping_status":"closed","template":"page-templates\/side-menu.php","meta":{"_bbp_topic_count":0,"_bbp_reply_count":0,"_bbp_total_topic_count":0,"_bbp_total_reply_count":0,"_bbp_voice_count":0,"_bbp_anonymous_reply_count":0,"_bbp_topic_count_hidden":0,"_bbp_reply_count_hidden":0,"_bbp_forum_subforum_count":0,"footnotes":""},"class_list":["post-1075","page","type-page","status-publish","hentry"],"post_mailing_queue_ids":[],"_links":{"self":[{"href":"https:\/\/agora.xtec.cat\/ies-estatut\/wp-json\/wp\/v2\/pages\/1075","targetHints":{"allow":["GET"]}}],"collection":[{"href":"https:\/\/agora.xtec.cat\/ies-estatut\/wp-json\/wp\/v2\/pages"}],"about":[{"href":"https:\/\/agora.xtec.cat\/ies-estatut\/wp-json\/wp\/v2\/types\/page"}],"author":[{"embeddable":true,"href":"https:\/\/agora.xtec.cat\/ies-estatut\/wp-json\/wp\/v2\/users\/1"}],"replies":[{"embeddable":true,"href":"https:\/\/agora.xtec.cat\/ies-estatut\/wp-json\/wp\/v2\/comments?post=1075"}],"version-history":[{"count":6,"href":"https:\/\/agora.xtec.cat\/ies-estatut\/wp-json\/wp\/v2\/pages\/1075\/revisions"}],"predecessor-version":[{"id":5759,"href":"https:\/\/agora.xtec.cat\/ies-estatut\/wp-json\/wp\/v2\/pages\/1075\/revisions\/5759"}],"up":[{"embeddable":true,"href":"https:\/\/agora.xtec.cat\/ies-estatut\/wp-json\/wp\/v2\/pages\/725"}],"wp:attachment":[{"href":"https:\/\/agora.xtec.cat\/ies-estatut\/wp-json\/wp\/v2\/media?parent=1075"}],"curies":[{"name":"wp","href":"https:\/\/api.w.org\/{rel}","templated":true}]}}