{"id":3469,"date":"2020-09-27T09:37:52","date_gmt":"2020-09-27T07:37:52","guid":{"rendered":"http:\/\/agora.xtec.cat\/ies-espriu\/?page_id=3469"},"modified":"2020-09-27T09:37:55","modified_gmt":"2020-09-27T07:37:55","slug":"certificats-de-catala","status":"publish","type":"page","link":"https:\/\/agora.xtec.cat\/ies-espriu\/secretaria\/certificats-de-catala\/","title":{"rendered":"Certificats de Catal\u00e0"},"content":{"rendered":"<p><span style=\"color: #5c5ced;\"><strong>Sol\u00b7licitud de certificats de catal\u00e0 B2 i C1<\/strong><\/span><\/p>\n<p>Requisits:<\/p>\n<p>Acompleixen aquest requisit les persones nascudes a partir de l\u2019any 1972. Cal aportar en tots els casos:<\/p>\n<ul>\n<li>Certificat acreditatiu, expedit pel centre on va cursar els estudis, on consti que s\u2019hagi cursat i aprovat la mat\u00e8ria de la llengua catalana en la totalitat dels estudis esmentats.<\/li>\n<li>T\u00edtols (EGB, ESO, BATXILLERAT, BUP, FP-1, FP-2)<\/li>\n<li>Originals i fotoc\u00f2pies de tots els documents que s\u2019hagin de presentar a les nostres oficines.<\/li>\n<\/ul>\n<p><b>Quadre d\u2019equival\u00e8ncies:<\/b><\/p>\n<p><b>Nivell B2 (intermedi)<\/b><\/p>\n<table class=\"listing\">\n<tbody>\n<tr>\n<td style=\"text-align: center;\" width=\"192\"><span style=\"color: #333399;\"><strong>T\u00edtol presentat<\/strong><\/span><\/td>\n<td style=\"text-align: center;\" width=\"212\"><span style=\"color: #333399;\"><strong>S\u2019ha d\u2019haver estudiat a Catalunya<\/strong><\/span><\/td>\n<td style=\"text-align: center;\" width=\"192\"><span style=\"color: #333399;\"><strong>Documents que cal presentar<\/strong><\/span><\/td>\n<\/tr>\n<tr>\n<td width=\"192\"><strong>T\u00edtol de graduat escolar (EGB)<\/strong><\/td>\n<td width=\"212\">tota l\u2019EGB a Catalunya i cursat la mat\u00e8ria de la llengua catalana en la\u00a0<b>totalitat\u00a0<\/b>dels estudis esmentats a partir del curs 1978\/1979<\/td>\n<td width=\"192\"><b>Original i fotoc\u00f2pia de:<\/b><\/p>\n<ul>\n<li>DNI<\/li>\n<li>Llibre\/certificat d\u2019EGB<\/li>\n<li>T\u00edtol d&#8217;EGB<\/li>\n<\/ul>\n<\/td>\n<\/tr>\n<tr>\n<td width=\"192\"><strong>T\u00edtol FP1<\/strong><\/td>\n<td width=\"212\">tota l\u2019EGB i l\u2019FP1 a Catalunya i cursat la mat\u00e8ria de la llengua catalana en la\u00a0<b>totalitat<\/b>\u00a0dels estudis esmentats a partir del curs 1978\/1979 (curs d\u2019inici d\u2019EGB)<\/td>\n<td width=\"192\"><b>Original i fotoc\u00f2pia de:<\/b><\/p>\n<ul>\n<li>DNI<\/li>\n<li>Llibre\/certificat d\u2019EGB<\/li>\n<li>Certificat acad\u00e8mic d\u2019FP1<\/li>\n<li>T\u00edtol d&#8217;EGB i FP1<\/li>\n<\/ul>\n<\/td>\n<\/tr>\n<\/tbody>\n<\/table>\n<p><b>\u00a0<\/b><b>Nivell C1 (sufici\u00e8ncia)<br \/>\n<\/b><\/p>\n<table class=\"listing\">\n<tbody>\n<tr>\n<td style=\"text-align: center;\" width=\"192\"><strong><span style=\"color: #333399;\">T\u00edtol presentat<\/span><\/strong><\/td>\n<td style=\"text-align: center;\" width=\"212\"><strong><span style=\"color: #333399;\">S\u2019ha d\u2019haver estudiat a Catalunya<\/span><\/strong><\/td>\n<td style=\"text-align: center;\" width=\"192\"><strong><span style=\"color: #333399;\">Documents que cal presentar<\/span><\/strong><\/td>\n<\/tr>\n<tr>\n<td width=\"192\"><strong>T\u00edtol BUP<\/strong><\/td>\n<td width=\"212\">tota l\u2019EGB i BUP a Catalunya i s\u2019hagi cursat de manera oficial la mat\u00e8ria de llengua catalana en la\u00a0<b>totalitat\u00a0<\/b>dels estudis esmentats a partir del curs 1978\/1979 (curs d\u2019inici d\u2019EGB)<\/td>\n<td width=\"192\"><b>Original i fotoc\u00f2pia de:<\/b><\/p>\n<ul>\n<li>DNI<\/li>\n<li>Llibre\/certificat d\u2019EGB<\/li>\n<li>Llibre\/certificat de BUP<\/li>\n<li>T\u00edtol EGB i BUP<\/li>\n<\/ul>\n<\/td>\n<\/tr>\n<tr>\n<td width=\"192\"><strong>T\u00edtol\u00a0 FP2<\/strong><\/td>\n<td width=\"212\">Tota l\u2019EGB, FP1 i FP2 a Catalunya i s\u2019hagi cursat de manera oficial la mat\u00e8ria de llengua catalana en la\u00a0<b>totalitat<\/b>\u00a0dels estudis esmentats a partir del curs 1978\/1979 (curs d\u2019inici d\u2019EGB)<\/td>\n<td width=\"192\"><b>Original i fotoc\u00f2pia de:<\/b><\/p>\n<ul>\n<li>DNI<\/li>\n<li>Llibre\/certificat d\u2019EGB<\/li>\n<li>Certificat acad\u00e8mic oficial d\u2019FP1 i FP2<\/li>\n<li>T\u00edtol EGB, FP1 i FP2<\/li>\n<\/ul>\n<\/td>\n<\/tr>\n<tr>\n<td width=\"192\"><strong>T\u00edtol BATXILLERAT<\/strong><\/td>\n<td width=\"212\">almenys 3 cursos de PRIM\u00c0RIA i 5 entre ESO i BATX a Catalunya i cursat la mat\u00e8ria de llengua catalana en la\u00a0<b>totalitat\u00a0<\/b>dels estudis m\u00ednims esmentats.<\/td>\n<td width=\"192\"><b>Original i fotoc\u00f2pia de:<\/b><\/p>\n<ul>\n<li>DNI<\/li>\n<li>Llibre\/certificat de prim\u00e0ria, d\u2019ESO i Batxillerat<\/li>\n<li>T\u00edtol ESO i Batxillerat<\/li>\n<\/ul>\n<\/td>\n<\/tr>\n<tr>\n<td width=\"192\"><strong>T\u00edtol ESO<\/strong><\/td>\n<td width=\"212\">almenys 3 cursos de PRIM\u00c0RIA i tota l\u2019ESO a Catalunya i\u00a0<b>cursat i aprovat\u00a0<\/b>la mat\u00e8ria de llengua catalana en la totalitat dels estudis m\u00ednims esmentats. El requisit d\u2019acreditaci\u00f3 d\u2019haver aprovat la mat\u00e8ria de llengua catalana, \u00e9s d\u2019aplicaci\u00f3 als t\u00edtols de graduat en educaci\u00f3 secund\u00e0ria obtinguts a partir del curs 2007\/2008<\/td>\n<td width=\"192\"><b>Original i fotoc\u00f2pia de:<\/b><\/p>\n<ul>\n<li>DNI<\/li>\n<li>Llibre\/certificat de prim\u00e0ria i d\u2019ESO<\/li>\n<li>T\u00edtol ESO<\/li>\n<\/ul>\n<\/td>\n<\/tr>\n<\/tbody>\n<\/table>\n<p>En el cas que no disposeu dels llibres d\u2019escolaritat, la persona interessada haur\u00e0 d\u2019adre\u00e7ar-se a la secretaria del centre on va cursar els seus estudis per demanar el llibre o el certificat equivalent.<\/p>\n<p>Per m\u00e9s informaci\u00f3 consulteu l\u2019<span class=\"link-external\"><a href=\"http:\/\/tinyurl.com\/ordre-vcp-491-2009\">Ordre VCP\/491\/2009<\/a><\/span>\u00a0modificada per l&#8217;<span class=\"link-external\"><a class=\"external-link\" title=\"\" href=\"https:\/\/dogc.gencat.cat\/ca\/pdogc_canals_interns\/pdogc_resultats_fitxa\/?documentId=519344&amp;language=ca_ES&amp;action=fitxa\" target=\"_blank\" rel=\"noopener noreferrer\">Ordre VCP\/233\/2010<\/a><\/span>, de 12 d&#8217;abril de 2010 (DOGC n\u00fam. 5610, de 19\/04\/2010.<\/p>\n<p>Aquelles persones que no acompleixin els requisits detallats a la graella segons la seva petici\u00f3 s\u2019han d\u2019adre\u00e7ar a:<\/p>\n<p><i>Departament d\u2019Ensenyament<br \/>\nVia Augusta, 202-226 | Barcelona<br \/>\nTel\u00e8fon: 934 006 900<\/i><\/p>\n","protected":false},"excerpt":{"rendered":"<p>Sol\u00b7licitud de certificats de catal\u00e0 B2 i C1<br \/>\nRequisits:<br \/>\nAcompleixen aquest requisit les persones nascudes a partir de l\u2019any 1972. Cal aportar en tots els casos:<\/p>\n<ul>\n<li>Certificat acreditatiu, expedit pel centre on va cursar els estudis, on consti que s\u2019hagi cursat i aprovat la mat\u00e8ria de la llengua&hellip;  <a href=\"https:\/\/agora.xtec.cat\/ies-espriu\/secretaria\/certificats-de-catala\/\" title=\"Read Certificats de Catal\u00e0\">Llegeix m\u00e9s\u00bb<\/a><br \/>\n","protected":false},"author":1,"featured_media":0,"parent":81,"menu_order":30,"comment_status":"closed","ping_status":"closed","template":"page-templates\/side-menu.php","meta":{"_bbp_topic_count":0,"_bbp_reply_count":0,"_bbp_total_topic_count":0,"_bbp_total_reply_count":0,"_bbp_voice_count":0,"_bbp_anonymous_reply_count":0,"_bbp_topic_count_hidden":0,"_bbp_reply_count_hidden":0,"_bbp_forum_subforum_count":0,"footnotes":""},"class_list":["post-3469","page","type-page","status-publish","hentry"],"post_mailing_queue_ids":[],"_links":{"self":[{"href":"https:\/\/agora.xtec.cat\/ies-espriu\/wp-json\/wp\/v2\/pages\/3469","targetHints":{"allow":["GET"]}}],"collection":[{"href":"https:\/\/agora.xtec.cat\/ies-espriu\/wp-json\/wp\/v2\/pages"}],"about":[{"href":"https:\/\/agora.xtec.cat\/ies-espriu\/wp-json\/wp\/v2\/types\/page"}],"author":[{"embeddable":true,"href":"https:\/\/agora.xtec.cat\/ies-espriu\/wp-json\/wp\/v2\/users\/1"}],"replies":[{"embeddable":true,"href":"https:\/\/agora.xtec.cat\/ies-espriu\/wp-json\/wp\/v2\/comments?post=3469"}],"version-history":[{"count":1,"href":"https:\/\/agora.xtec.cat\/ies-espriu\/wp-json\/wp\/v2\/pages\/3469\/revisions"}],"predecessor-version":[{"id":3470,"href":"https:\/\/agora.xtec.cat\/ies-espriu\/wp-json\/wp\/v2\/pages\/3469\/revisions\/3470"}],"up":[{"embeddable":true,"href":"https:\/\/agora.xtec.cat\/ies-espriu\/wp-json\/wp\/v2\/pages\/81"}],"wp:attachment":[{"href":"https:\/\/agora.xtec.cat\/ies-espriu\/wp-json\/wp\/v2\/media?parent=3469"}],"curies":[{"name":"wp","href":"https:\/\/api.w.org\/{rel}","templated":true}]}}