{"id":935,"date":"2025-12-15T14:04:39","date_gmt":"2025-12-15T13:04:39","guid":{"rendered":"https:\/\/agora.xtec.cat\/ies-ernest-lluch\/?page_id=935"},"modified":"2026-02-27T13:27:18","modified_gmt":"2026-02-27T12:27:18","slug":"eso","status":"publish","type":"page","link":"https:\/\/agora.xtec.cat\/ies-ernest-lluch\/linstitut\/estudis\/eso\/","title":{"rendered":"ESO"},"content":{"rendered":"\n<p>Etapa educativa que abasta els quatre cursos de l\u2019Ensenyament Secundari Obligatori.<\/p>\n\n\n\n<p>Oferim mat\u00e8ries amb continguts en angl\u00e8s i mat\u00e8ries optatives per completar el curr\u00edculum acad\u00e8mic.<\/p>\n\n\n\n<p>L\u2019alumnat t\u00e9 l\u2019opci\u00f3 de cursar franc\u00e8s o alemany com a segona llengua estrangera des de 1r d\u2019ESO fins a 2n BTX.<\/p>\n\n\n\n<p><a href=\"https:\/\/agora.xtec.cat\/ies-ernest-lluch\/wp-content\/uploads\/usu2233\/2026\/02\/Presentacio-PORTES-OBERTES-ESO-25-26-1.pdf\">PRESENTACI\u00d3 DE LA DARRERA JORNADA DE PORTES OBERTES (26\/02\/2026)<\/a><\/p>\n\n\n\n<figure class=\"wp-block-image size-full\"><a href=\"https:\/\/agora.xtec.cat\/ies-ernest-lluch\/wp-content\/uploads\/usu2233\/2025\/12\/IMATGE-ESO-WEB.jpg\"><img loading=\"lazy\" decoding=\"async\" width=\"960\" height=\"540\" src=\"https:\/\/agora.xtec.cat\/ies-ernest-lluch\/wp-content\/uploads\/usu2233\/2025\/12\/IMATGE-ESO-WEB.jpg\" alt=\"\" class=\"wp-image-947\" srcset=\"https:\/\/agora.xtec.cat\/ies-ernest-lluch\/wp-content\/uploads\/usu2233\/2025\/12\/IMATGE-ESO-WEB.jpg 960w, https:\/\/agora.xtec.cat\/ies-ernest-lluch\/wp-content\/uploads\/usu2233\/2025\/12\/IMATGE-ESO-WEB-300x169.jpg 300w, https:\/\/agora.xtec.cat\/ies-ernest-lluch\/wp-content\/uploads\/usu2233\/2025\/12\/IMATGE-ESO-WEB-768x432.jpg 768w\" sizes=\"auto, (max-width: 960px) 100vw, 960px\" \/><\/a><\/figure>\n","protected":false},"excerpt":{"rendered":"<p>Etapa educativa que abasta els quatre cursos de l\u2019Ensenyament Secundari Obligatori. Oferim mat\u00e8ries amb continguts en angl\u00e8s i mat\u00e8ries optatives per completar el curr\u00edculum acad\u00e8mic. L\u2019alumnat t\u00e9 l\u2019opci\u00f3 de cursar franc\u00e8s o alemany com a segona llengua estrangera des de 1r d\u2019ESO fins a 2n BTX. PRESENTACI\u00d3 DE LA DARRERA JORNADA DE PORTES OBERTES (26\/02\/2026)<\/p>\n","protected":false},"author":1,"featured_media":0,"parent":933,"menu_order":0,"comment_status":"closed","ping_status":"close","template":"","meta":{"site-sidebar-layout":"default","site-content-layout":"","ast-site-content-layout":"default","site-content-style":"default","site-sidebar-style":"default","ast-global-header-display":"","ast-banner-title-visibility":"","ast-main-header-display":"","ast-hfb-above-header-display":"","ast-hfb-below-header-display":"","ast-hfb-mobile-header-display":"","site-post-title":"","ast-breadcrumbs-content":"","ast-featured-img":"","footer-sml-layout":"","theme-transparent-header-meta":"","adv-header-id-meta":"","stick-header-meta":"","header-above-stick-meta":"","header-main-stick-meta":"","header-below-stick-meta":"","astra-migrate-meta-layouts":"set","ast-page-background-enabled":"default","ast-page-background-meta":{"desktop":{"background-color":"var(--ast-global-color-4)","background-image":"","background-repeat":"repeat","background-position":"center center","background-size":"auto","background-attachment":"scroll","background-type":"","background-media":"","overlay-type":"","overlay-color":"","overlay-opacity":"","overlay-gradient":""},"tablet":{"background-color":"","background-image":"","background-repeat":"repeat","background-position":"center center","background-size":"auto","background-attachment":"scroll","background-type":"","background-media":"","overlay-type":"","overlay-color":"","overlay-opacity":"","overlay-gradient":""},"mobile":{"background-color":"","background-image":"","background-repeat":"repeat","background-position":"center center","background-size":"auto","background-attachment":"scroll","background-type":"","background-media":"","overlay-type":"","overlay-color":"","overlay-opacity":"","overlay-gradient":""}},"ast-content-background-meta":{"desktop":{"background-color":"var(--ast-global-color-5)","background-image":"","background-repeat":"repeat","background-position":"center center","background-size":"auto","background-attachment":"scroll","background-type":"","background-media":"","overlay-type":"","overlay-color":"","overlay-opacity":"","overlay-gradient":""},"tablet":{"background-color":"var(--ast-global-color-5)","background-image":"","background-repeat":"repeat","background-position":"center center","background-size":"auto","background-attachment":"scroll","background-type":"","background-media":"","overlay-type":"","overlay-color":"","overlay-opacity":"","overlay-gradient":""},"mobile":{"background-color":"var(--ast-global-color-5)","background-image":"","background-repeat":"repeat","background-position":"center center","background-size":"auto","background-attachment":"scroll","background-type":"","background-media":"","overlay-type":"","overlay-color":"","overlay-opacity":"","overlay-gradient":""}},"footnotes":""},"class_list":["post-935","page","type-page","status-publish","hentry"],"post_mailing_queue_ids":[],"_links":{"self":[{"href":"https:\/\/agora.xtec.cat\/ies-ernest-lluch\/wp-json\/wp\/v2\/pages\/935","targetHints":{"allow":["GET"]}}],"collection":[{"href":"https:\/\/agora.xtec.cat\/ies-ernest-lluch\/wp-json\/wp\/v2\/pages"}],"about":[{"href":"https:\/\/agora.xtec.cat\/ies-ernest-lluch\/wp-json\/wp\/v2\/types\/page"}],"author":[{"embeddable":true,"href":"https:\/\/agora.xtec.cat\/ies-ernest-lluch\/wp-json\/wp\/v2\/users\/1"}],"replies":[{"embeddable":true,"href":"https:\/\/agora.xtec.cat\/ies-ernest-lluch\/wp-json\/wp\/v2\/comments?post=935"}],"version-history":[{"count":5,"href":"https:\/\/agora.xtec.cat\/ies-ernest-lluch\/wp-json\/wp\/v2\/pages\/935\/revisions"}],"predecessor-version":[{"id":1440,"href":"https:\/\/agora.xtec.cat\/ies-ernest-lluch\/wp-json\/wp\/v2\/pages\/935\/revisions\/1440"}],"up":[{"embeddable":true,"href":"https:\/\/agora.xtec.cat\/ies-ernest-lluch\/wp-json\/wp\/v2\/pages\/933"}],"wp:attachment":[{"href":"https:\/\/agora.xtec.cat\/ies-ernest-lluch\/wp-json\/wp\/v2\/media?parent=935"}],"curies":[{"name":"wp","href":"https:\/\/api.w.org\/{rel}","templated":true}]}}