{"id":9,"date":"2014-09-12T10:15:01","date_gmt":"2014-09-12T10:15:01","guid":{"rendered":"http:\/\/agora.xtec.cat\/ies-ernest-lluch\/?page_id=9"},"modified":"2026-04-20T15:37:02","modified_gmt":"2026-04-20T13:37:02","slug":"pagina-dinici-buida","status":"publish","type":"page","link":"https:\/\/agora.xtec.cat\/ies-ernest-lluch\/","title":{"rendered":"Avisos"},"content":{"rendered":"\n<p class=\"has-text-align-center has-medium-font-size\"><strong>JORNADES DE PORTES OBERTES ESO I BATXILLERAT<\/strong><\/p>\n\n\n\n<p class=\"has-text-align-center has-medium-font-size\">Podeu recuperar les presentacions de les jornades de portes obertes d&#8217;ESO i batxillerat <a href=\"https:\/\/agora.xtec.cat\/ies-ernest-lluch\/linstitut\/estudis\/\">aqu\u00ed<\/a>.<\/p>\n\n\n\n<p class=\"has-text-align-center has-medium-font-size\">Podeu veure l&#8217;oferta de mat\u00e8ries optatives del Batxillerat pel curs vinent <a href=\"https:\/\/agora.xtec.cat\/ies-ernest-lluch\/wp-content\/uploads\/usu2233\/2026\/04\/OPTATIVES-BATXILLERAT-26-27-INS-ERNEST-LLUCH.pdf\">aqu\u00ed<\/a>.<\/p>\n\n\n\n<p class=\"has-text-align-center has-medium-font-size\">Quan hagi finalitzat la preinscripci\u00f3 i publiquem les llistes definitives d&#8217;alumnes admesos, enviarem un formulari per a triar mat\u00e8ries optatives.<\/p>\n\n\n\n<p><\/p>\n\n\n\n<p><\/p>\n\n\n\n<p><\/p>\n","protected":false},"excerpt":{"rendered":"<p>JORNADES DE PORTES OBERTES ESO I BATXILLERAT Podeu recuperar les presentacions de les jornades de portes obertes d&#8217;ESO i batxillerat aqu\u00ed. Podeu veure l&#8217;oferta de mat\u00e8ries optatives del Batxillerat pel curs vinent aqu\u00ed. Quan hagi finalitzat la preinscripci\u00f3 i publiquem les llistes definitives d&#8217;alumnes admesos, enviarem un formulari per a triar mat\u00e8ries optatives.<\/p>\n","protected":false},"author":1,"featured_media":0,"parent":0,"menu_order":0,"comment_status":"closed","ping_status":"closed","template":"","meta":{"site-sidebar-layout":"left-sidebar","site-content-layout":"","ast-site-content-layout":"default","site-content-style":"default","site-sidebar-style":"default","ast-global-header-display":"","ast-banner-title-visibility":"","ast-main-header-display":"","ast-hfb-above-header-display":"","ast-hfb-below-header-display":"","ast-hfb-mobile-header-display":"","site-post-title":"disabled","ast-breadcrumbs-content":"","ast-featured-img":"","footer-sml-layout":"","theme-transparent-header-meta":"","adv-header-id-meta":"","stick-header-meta":"","header-above-stick-meta":"","header-main-stick-meta":"","header-below-stick-meta":"","astra-migrate-meta-layouts":"set","ast-page-background-enabled":"default","ast-page-background-meta":{"desktop":{"background-color":"var(--ast-global-color-4)","background-image":"","background-repeat":"repeat","background-position":"center center","background-size":"auto","background-attachment":"scroll","background-type":"","background-media":"","overlay-type":"","overlay-color":"","overlay-opacity":"","overlay-gradient":""},"tablet":{"background-color":"","background-image":"","background-repeat":"repeat","background-position":"center center","background-size":"auto","background-attachment":"scroll","background-type":"","background-media":"","overlay-type":"","overlay-color":"","overlay-opacity":"","overlay-gradient":""},"mobile":{"background-color":"","background-image":"","background-repeat":"repeat","background-position":"center center","background-size":"auto","background-attachment":"scroll","background-type":"","background-media":"","overlay-type":"","overlay-color":"","overlay-opacity":"","overlay-gradient":""}},"ast-content-background-meta":{"desktop":{"background-color":"var(--ast-global-color-5)","background-image":"","background-repeat":"repeat","background-position":"center center","background-size":"auto","background-attachment":"scroll","background-type":"","background-media":"","overlay-type":"","overlay-color":"","overlay-opacity":"","overlay-gradient":""},"tablet":{"background-color":"var(--ast-global-color-5)","background-image":"","background-repeat":"repeat","background-position":"center center","background-size":"auto","background-attachment":"scroll","background-type":"","background-media":"","overlay-type":"","overlay-color":"","overlay-opacity":"","overlay-gradient":""},"mobile":{"background-color":"var(--ast-global-color-5)","background-image":"","background-repeat":"repeat","background-position":"center center","background-size":"auto","background-attachment":"scroll","background-type":"","background-media":"","overlay-type":"","overlay-color":"","overlay-opacity":"","overlay-gradient":""}},"footnotes":""},"class_list":["post-9","page","type-page","status-publish","hentry"],"post_mailing_queue_ids":[],"_links":{"self":[{"href":"https:\/\/agora.xtec.cat\/ies-ernest-lluch\/wp-json\/wp\/v2\/pages\/9","targetHints":{"allow":["GET"]}}],"collection":[{"href":"https:\/\/agora.xtec.cat\/ies-ernest-lluch\/wp-json\/wp\/v2\/pages"}],"about":[{"href":"https:\/\/agora.xtec.cat\/ies-ernest-lluch\/wp-json\/wp\/v2\/types\/page"}],"author":[{"embeddable":true,"href":"https:\/\/agora.xtec.cat\/ies-ernest-lluch\/wp-json\/wp\/v2\/users\/1"}],"replies":[{"embeddable":true,"href":"https:\/\/agora.xtec.cat\/ies-ernest-lluch\/wp-json\/wp\/v2\/comments?post=9"}],"version-history":[{"count":6,"href":"https:\/\/agora.xtec.cat\/ies-ernest-lluch\/wp-json\/wp\/v2\/pages\/9\/revisions"}],"predecessor-version":[{"id":1737,"href":"https:\/\/agora.xtec.cat\/ies-ernest-lluch\/wp-json\/wp\/v2\/pages\/9\/revisions\/1737"}],"wp:attachment":[{"href":"https:\/\/agora.xtec.cat\/ies-ernest-lluch\/wp-json\/wp\/v2\/media?parent=9"}],"curies":[{"name":"wp","href":"https:\/\/api.w.org\/{rel}","templated":true}]}}