{"id":55,"date":"2014-09-17T16:59:49","date_gmt":"2014-09-17T16:59:49","guid":{"rendered":"http:\/\/agora.xtec.cat\/ies-ernest-lluch\/?page_id=55"},"modified":"2026-01-09T12:25:15","modified_gmt":"2026-01-09T11:25:15","slug":"horari-atencio","status":"publish","type":"page","link":"https:\/\/agora.xtec.cat\/ies-ernest-lluch\/secretaria\/horari-atencio\/","title":{"rendered":"Horari d&#8217;atenci\u00f3"},"content":{"rendered":"<p><strong>Horari d\u2019atenci\u00f3 a finestreta i telef\u00f2nica:<\/strong><\/p>\n<ul>\n<li>1-10 setembre: de dilluns a divendres d\u2019<strong>11 a 13h<\/strong>.<\/li>\n<li>12-30 setembre: de dilluns a divendres, de\u00a0<strong>10\u00a0a 13 h.<\/strong><\/li>\n<li>A partir de l\u20191 d\u2019octubre: de dilluns a divendres, de\u00a0<strong>9 a 13h<\/strong>.<\/li>\n<\/ul>\n<p><strong>Tel\u00e8fon:<\/strong>\u00a093 426 06 76<\/p>\n<p><strong>Correu electr\u00f2nic:\u00a0<\/strong><strong><a href=\"https:\/\/insernestlluch.cat\/secretaria\/secretaria@insernestlluch.cat\">secretaria@insernestlluch.cat<\/a><\/strong><\/p>\n<p>La majoria de tr\u00e0mits es poden fer de forma telem\u00e0tica escrivint al correu electr\u00f2nic. Per poder agilitzar els tr\u00e0mits, si ens envieu un correu per demanar un certificat o documentaci\u00f3, haureu d&#8217;adjuntar els DNI tant de la persona sol\u00b7licitant com el de l&#8217;alumne\/a.<\/p>\n","protected":false},"excerpt":{"rendered":"<p>Horari d\u2019atenci\u00f3 a finestreta i telef\u00f2nica: 1-10 setembre: de dilluns a divendres d\u201911 a 13h. 12-30 setembre: de dilluns a divendres, de\u00a010\u00a0a 13 h. A partir de l\u20191 d\u2019octubre: de dilluns a divendres, de\u00a09 a 13h. Tel\u00e8fon:\u00a093 426 06 76 Correu electr\u00f2nic:\u00a0secretaria@insernestlluch.cat La majoria de tr\u00e0mits es poden fer de forma telem\u00e0tica escrivint al correu [&hellip;]<\/p>\n","protected":false},"author":1,"featured_media":0,"parent":81,"menu_order":0,"comment_status":"closed","ping_status":"closed","template":"","meta":{"site-sidebar-layout":"default","site-content-layout":"","ast-site-content-layout":"default","site-content-style":"default","site-sidebar-style":"default","ast-global-header-display":"","ast-banner-title-visibility":"","ast-main-header-display":"","ast-hfb-above-header-display":"","ast-hfb-below-header-display":"","ast-hfb-mobile-header-display":"","site-post-title":"","ast-breadcrumbs-content":"","ast-featured-img":"","footer-sml-layout":"","theme-transparent-header-meta":"","adv-header-id-meta":"","stick-header-meta":"","header-above-stick-meta":"","header-main-stick-meta":"","header-below-stick-meta":"","astra-migrate-meta-layouts":"set","ast-page-background-enabled":"default","ast-page-background-meta":{"desktop":{"background-color":"var(--ast-global-color-4)","background-image":"","background-repeat":"repeat","background-position":"center center","background-size":"auto","background-attachment":"scroll","background-type":"","background-media":"","overlay-type":"","overlay-color":"","overlay-opacity":"","overlay-gradient":""},"tablet":{"background-color":"","background-image":"","background-repeat":"repeat","background-position":"center center","background-size":"auto","background-attachment":"scroll","background-type":"","background-media":"","overlay-type":"","overlay-color":"","overlay-opacity":"","overlay-gradient":""},"mobile":{"background-color":"","background-image":"","background-repeat":"repeat","background-position":"center center","background-size":"auto","background-attachment":"scroll","background-type":"","background-media":"","overlay-type":"","overlay-color":"","overlay-opacity":"","overlay-gradient":""}},"ast-content-background-meta":{"desktop":{"background-color":"var(--ast-global-color-5)","background-image":"","background-repeat":"repeat","background-position":"center center","background-size":"auto","background-attachment":"scroll","background-type":"","background-media":"","overlay-type":"","overlay-color":"","overlay-opacity":"","overlay-gradient":""},"tablet":{"background-color":"var(--ast-global-color-5)","background-image":"","background-repeat":"repeat","background-position":"center center","background-size":"auto","background-attachment":"scroll","background-type":"","background-media":"","overlay-type":"","overlay-color":"","overlay-opacity":"","overlay-gradient":""},"mobile":{"background-color":"var(--ast-global-color-5)","background-image":"","background-repeat":"repeat","background-position":"center center","background-size":"auto","background-attachment":"scroll","background-type":"","background-media":"","overlay-type":"","overlay-color":"","overlay-opacity":"","overlay-gradient":""}},"footnotes":""},"class_list":["post-55","page","type-page","status-publish","hentry"],"post_mailing_queue_ids":[],"_links":{"self":[{"href":"https:\/\/agora.xtec.cat\/ies-ernest-lluch\/wp-json\/wp\/v2\/pages\/55","targetHints":{"allow":["GET"]}}],"collection":[{"href":"https:\/\/agora.xtec.cat\/ies-ernest-lluch\/wp-json\/wp\/v2\/pages"}],"about":[{"href":"https:\/\/agora.xtec.cat\/ies-ernest-lluch\/wp-json\/wp\/v2\/types\/page"}],"author":[{"embeddable":true,"href":"https:\/\/agora.xtec.cat\/ies-ernest-lluch\/wp-json\/wp\/v2\/users\/1"}],"replies":[{"embeddable":true,"href":"https:\/\/agora.xtec.cat\/ies-ernest-lluch\/wp-json\/wp\/v2\/comments?post=55"}],"version-history":[{"count":2,"href":"https:\/\/agora.xtec.cat\/ies-ernest-lluch\/wp-json\/wp\/v2\/pages\/55\/revisions"}],"predecessor-version":[{"id":1130,"href":"https:\/\/agora.xtec.cat\/ies-ernest-lluch\/wp-json\/wp\/v2\/pages\/55\/revisions\/1130"}],"up":[{"embeddable":true,"href":"https:\/\/agora.xtec.cat\/ies-ernest-lluch\/wp-json\/wp\/v2\/pages\/81"}],"wp:attachment":[{"href":"https:\/\/agora.xtec.cat\/ies-ernest-lluch\/wp-json\/wp\/v2\/media?parent=55"}],"curies":[{"name":"wp","href":"https:\/\/api.w.org\/{rel}","templated":true}]}}