{"id":490,"date":"2020-11-06T08:31:11","date_gmt":"2020-11-06T07:31:11","guid":{"rendered":"https:\/\/agora.xtec.cat\/ies-ernest-lluch\/?page_id=490"},"modified":"2026-01-21T15:59:15","modified_gmt":"2026-01-21T14:59:15","slug":"biblioteca","status":"publish","type":"page","link":"https:\/\/agora.xtec.cat\/ies-ernest-lluch\/biblioteca\/","title":{"rendered":"Biblioteca"},"content":{"rendered":"\n<p><a href=\"https:\/\/bibliotecaernestlluch.blogspot.com\/\">Bloc de la biblioteca de l&#8217;institut Ernest Lluch<\/a><\/p>\n\n\n\n<p>La Biblioteca de l&#8217;INS Ernest Lluch \u00e9s un espai destinat a l&#8217;estudi, consulta i cerca d&#8217;informaci\u00f3. T\u00e9 com a objectiu promoure l&#8217;h\u00e0bit d&#8217;estudi, el plaer de la lectura i la recerca d&#8217;informaci\u00f3.<\/p>\n\n\n\n<figure class=\"wp-block-image\"><a href=\"https:\/\/drive.google.com\/file\/d\/1pie1xitmfVxyovZMFN45BCH5r6vTqckL\/view?usp=sharing\" target=\"_blank\" rel=\"noreferrer noopener\"><img decoding=\"async\" src=\"https:\/\/blogger.googleusercontent.com\/img\/b\/R29vZ2xl\/AVvXsEhL2I5N58_FRhRYfl_lUcrOd8toXDwrTwL_t6bdey67iqYW9rJ3ja39kPsx3Mk_tegZDJXuLz-wtGTNFna1lh_31ZmviAdkAeqm_A3rJhvWbM_cc3_kgseF4S0qwuO6xwNaPCQ378yxkIc\/s1600\/horari.jpg\" alt=\"\"\/><\/a><\/figure>\n\n\n\n<p><a href=\"https:\/\/drive.google.com\/file\/d\/13to4zJ0MGcxPoDP8oCygteNRA1fblXyp\/view\" target=\"_blank\" rel=\"noreferrer noopener\"><u><strong>Horari de la bibliotec<\/strong><\/u><strong><u>a<\/u><\/strong><\/a><\/p>\n\n\n\n<p><br>De dilluns a divendres d&#8217; 11:00 h a 11:30 h.<br>Dimecres i dijous de 15:00 h a 17:00 h.<br><br><br><a href=\"https:\/\/blogger.googleusercontent.com\/img\/b\/R29vZ2xl\/AVvXsEj-xvEfz_kLRzf4doDu1eQQJUvE0ubjqbXsL4lLdHIkPEVuY9nPBC4kxGi7B3eoRYZWqk0dew2mNPMlN4kSo7qTKZNQHaFvt2ENIeIbKjX2h7fuzvbPwTfAUdnqHiHF7ZBPxXTovXdRM9s\/s1600\/xinxeta3.jpg\"><\/a><strong><u>Normes d&#8217;\u00fas de la biblioteca<\/u><\/strong><\/p>\n\n\n\n<p>La biblioteca posa a disposici\u00f3 de tots el ususaris del centre el pr\u00e8stec del seu fons de llibres.<\/p>\n\n\n\n<ul class=\"wp-block-list\">\n<li>Cal mantenir un clima adequat per l\u2019estudi i estar en silenci. Us podeu endur en pr\u00e9stec els llibres durant 15 dies.<\/li>\n\n\n\n<li>Si passat aquest temps no hi ha cap altra persona que hagi demanat el llibre, podreu renovar-ne el pr\u00e9stec.&nbsp;Els usuaris que no compleixin amb els terminis fixats, quedaran exclosos d\u2019aquest servei.<\/li>\n\n\n\n<li>No es pot menjar ni beure.<\/li>\n<\/ul>\n\n\n\n<p><a href=\"https:\/\/blogger.googleusercontent.com\/img\/b\/R29vZ2xl\/AVvXsEi7HePSKtADMAHmsvsRncmrN3b3WhuDGu8bTNWGAUppv-9_00d5irmsp7owbjZoA6Gm94x1-2dPMyAAraxmAIVIAKpyT4Wk7FbcRUGkAIsecaNrzExp4kTJ_97YBisTQKPqnrMeWoWpSno\/s1600\/Ordinador.jpg\"><\/a><strong><u>Normativa sobre l&#8217;\u00fas d&#8217;ordinadors:<\/u><\/strong><\/p>\n\n\n\n<ul class=\"wp-block-list\">\n<li>No els useu per xatejar ni per participar en jocs en l\u00ednia.<\/li>\n\n\n\n<li>Es permet nom\u00e9s l&#8217;acc\u00e9s a webs de contingut relacionat amb la feina del centre.<\/li>\n<\/ul>\n\n\n\n<p><a href=\"https:\/\/blogger.googleusercontent.com\/img\/b\/R29vZ2xl\/AVvXsEgw0YWmVHoqI81GafnfYCIzyHlu4JjIUhzOIe1-qd0A9wco9r2uJFERJHjMikaclFnNL2wzO5Q5VsqXRRG-pp95agiX6pdjrNC10YLUxPY6WQEH2HAfXfu-cniXg2BPtReRsUGx2DNAiSc\/s1600\/telescopi.jpg\"><\/a><strong><u>Cercador de llibres<\/u><\/strong><\/p>\n\n\n\n<p>Per &nbsp;a trobar la informaci\u00f3 que necessiteu, disposeu d\u2019obres de consulta en paper i tamb\u00e9 acc\u00e9s a informaci\u00f3 en l\u00ednia.<\/p>\n\n\n\n<p><\/p>\n","protected":false},"excerpt":{"rendered":"<p>Bloc de la biblioteca de l&#8217;institut Ernest Lluch La Biblioteca de l&#8217;INS Ernest Lluch \u00e9s un espai destinat a l&#8217;estudi, consulta i cerca d&#8217;informaci\u00f3. T\u00e9 com a objectiu promoure l&#8217;h\u00e0bit d&#8217;estudi, el plaer de la lectura i la recerca d&#8217;informaci\u00f3. Horari de la biblioteca De dilluns a divendres d&#8217; 11:00 h a 11:30 h.Dimecres i [&hellip;]<\/p>\n","protected":false},"author":1,"featured_media":0,"parent":0,"menu_order":0,"comment_status":"closed","ping_status":"closed","template":"","meta":{"site-sidebar-layout":"default","site-content-layout":"","ast-site-content-layout":"default","site-content-style":"default","site-sidebar-style":"default","ast-global-header-display":"","ast-banner-title-visibility":"","ast-main-header-display":"","ast-hfb-above-header-display":"","ast-hfb-below-header-display":"","ast-hfb-mobile-header-display":"","site-post-title":"","ast-breadcrumbs-content":"","ast-featured-img":"","footer-sml-layout":"","theme-transparent-header-meta":"","adv-header-id-meta":"","stick-header-meta":"","header-above-stick-meta":"","header-main-stick-meta":"","header-below-stick-meta":"","astra-migrate-meta-layouts":"set","ast-page-background-enabled":"default","ast-page-background-meta":{"desktop":{"background-color":"var(--ast-global-color-4)","background-image":"","background-repeat":"repeat","background-position":"center center","background-size":"auto","background-attachment":"scroll","background-type":"","background-media":"","overlay-type":"","overlay-color":"","overlay-opacity":"","overlay-gradient":""},"tablet":{"background-color":"","background-image":"","background-repeat":"repeat","background-position":"center center","background-size":"auto","background-attachment":"scroll","background-type":"","background-media":"","overlay-type":"","overlay-color":"","overlay-opacity":"","overlay-gradient":""},"mobile":{"background-color":"","background-image":"","background-repeat":"repeat","background-position":"center center","background-size":"auto","background-attachment":"scroll","background-type":"","background-media":"","overlay-type":"","overlay-color":"","overlay-opacity":"","overlay-gradient":""}},"ast-content-background-meta":{"desktop":{"background-color":"var(--ast-global-color-5)","background-image":"","background-repeat":"repeat","background-position":"center center","background-size":"auto","background-attachment":"scroll","background-type":"","background-media":"","overlay-type":"","overlay-color":"","overlay-opacity":"","overlay-gradient":""},"tablet":{"background-color":"var(--ast-global-color-5)","background-image":"","background-repeat":"repeat","background-position":"center center","background-size":"auto","background-attachment":"scroll","background-type":"","background-media":"","overlay-type":"","overlay-color":"","overlay-opacity":"","overlay-gradient":""},"mobile":{"background-color":"var(--ast-global-color-5)","background-image":"","background-repeat":"repeat","background-position":"center center","background-size":"auto","background-attachment":"scroll","background-type":"","background-media":"","overlay-type":"","overlay-color":"","overlay-opacity":"","overlay-gradient":""}},"footnotes":""},"class_list":["post-490","page","type-page","status-publish","hentry"],"post_mailing_queue_ids":[],"_links":{"self":[{"href":"https:\/\/agora.xtec.cat\/ies-ernest-lluch\/wp-json\/wp\/v2\/pages\/490","targetHints":{"allow":["GET"]}}],"collection":[{"href":"https:\/\/agora.xtec.cat\/ies-ernest-lluch\/wp-json\/wp\/v2\/pages"}],"about":[{"href":"https:\/\/agora.xtec.cat\/ies-ernest-lluch\/wp-json\/wp\/v2\/types\/page"}],"author":[{"embeddable":true,"href":"https:\/\/agora.xtec.cat\/ies-ernest-lluch\/wp-json\/wp\/v2\/users\/1"}],"replies":[{"embeddable":true,"href":"https:\/\/agora.xtec.cat\/ies-ernest-lluch\/wp-json\/wp\/v2\/comments?post=490"}],"version-history":[{"count":6,"href":"https:\/\/agora.xtec.cat\/ies-ernest-lluch\/wp-json\/wp\/v2\/pages\/490\/revisions"}],"predecessor-version":[{"id":1237,"href":"https:\/\/agora.xtec.cat\/ies-ernest-lluch\/wp-json\/wp\/v2\/pages\/490\/revisions\/1237"}],"wp:attachment":[{"href":"https:\/\/agora.xtec.cat\/ies-ernest-lluch\/wp-json\/wp\/v2\/media?parent=490"}],"curies":[{"name":"wp","href":"https:\/\/api.w.org\/{rel}","templated":true}]}}