{"id":46,"date":"2014-09-17T16:53:45","date_gmt":"2014-09-17T16:53:45","guid":{"rendered":"http:\/\/agora.xtec.cat\/ies-ernest-lluch\/?page_id=46"},"modified":"2025-12-16T11:29:55","modified_gmt":"2025-12-16T10:29:55","slug":"equip-directiu-i-coordinacions","status":"publish","type":"page","link":"https:\/\/agora.xtec.cat\/ies-ernest-lluch\/linstitut\/equip-directiu-i-coordinacions\/","title":{"rendered":"Equip directiu i coordinacions"},"content":{"rendered":"<p><strong>Equip directiu<\/strong><\/p>\n<ul>\n<li><strong>Director<\/strong>:\u00a0<a href=\"https:\/\/agora.xtec.cat\/ies-ernest-lluch\/wp-content\/uploads\/usu2233\/2025\/11\/Fitxa-transparencia-Eduard-Hernandez.pdf\">Eduard Hern\u00e1ndez<\/a>, ehernandez@insernestlluch.cat<\/li>\n<li><strong>Cap d&#8217;estudis<\/strong>:\u00a0<a href=\"https:\/\/agora.xtec.cat\/ies-ernest-lluch\/wp-content\/uploads\/usu2233\/2025\/11\/TransparenciaArturoPalau.pdf\">Arturo Palau<\/a>, apalau@insernestlluch.cat<\/li>\n<li><strong>Coordinadora pedag\u00f2gica<\/strong>: Gemma Cobos, gcobos@insernestlluch.cat<\/li>\n<li><strong>Secret\u00e0ria acad\u00e8mica<\/strong>:\u00a0<a href=\"https:\/\/agora.xtec.cat\/ies-ernest-lluch\/wp-content\/uploads\/usu2233\/2025\/11\/Fitxa-transparencia-Anna-Bosch-secretaria.pdf\">Anna Bosch,<\/a> abosch@insernestlluch.cat<\/li>\n<\/ul>\n<p><strong>Coordinacions<\/strong><\/p>\n<ul>\n<li><strong>Coordinadora ESO:<\/strong>\u00a0Arantxa Sauca, asauca@insernestlluch.cat<\/li>\n<li><strong>Coordinadora BATX:<\/strong>\u00a0Nat\u00e0lia Flo, nflo@insernestlluch.cat<\/li>\n<li><strong>Coordinadora TIC:<\/strong>\u00a0Mariona Taniguchi, mtaniguchi@insernestlluch.cat<\/li>\n<li><strong>Coordinadora sortides i activitats:<\/strong>\u00a0Ant\u00f2nia Bosch, antbosch@insernestlluch.cat<\/li>\n<li><strong>Coordinador de riscos laborals<\/strong>: Enrique Asensio, easensio@insernestlluch.cat<\/li>\n<li><strong>Coordinador LIC:<\/strong>\u00a0Eduard Garcia, egarcia@insernestlluch.cat<\/li>\n<li><strong>Coordinadora de biblioteca<\/strong>: Carolina Mart\u00ednez, cmartinez@insernestlluch.cat<\/li>\n<li><strong>Cordinadora de conviv\u00e8ncia:\u00a0<\/strong>Marta Puentes,\u00a0mpuentes@insernestlluch.cat<\/li>\n<li><strong>Orientadora:<\/strong>\u00a0Olga Roig, oroig@insernestlluch.cat<\/li>\n<li><strong>Xarxes i web:<\/strong> Vicky Santolaria, vsantolar@insernestlluch.cat<\/li>\n<li><strong>Armariets:<\/strong>\u00a0Juan Ferrero, jferrero@insernestlluch.cat<\/li>\n<\/ul>\n<p><strong>Caps de departament<\/strong><\/p>\n<ul>\n<li><strong>Llengua catalana:\u00a0<\/strong>Xavi Senent, xsenent@insernestlluch.cat<\/li>\n<li><strong>Llengua castellana:\u00a0<\/strong>Mariela Pu\u00e9rtolas, mpuertola@insernestlluch.cat<\/li>\n<li><strong>Llengua anglesa i segones lleng\u00fces estrangeres:\u00a0<\/strong>Gemma Mart\u00ednez, gmarti@insernestlluch.cat<\/li>\n<li><strong>Geografia, hist\u00f2ria i economia:<\/strong>\u00a0Toni Fond\u00f3n, afondo@insernestlluch.cat<\/li>\n<li><strong>Expressi\u00f3 art\u00edstica (dibuix i m\u00fasica):\u00a0<\/strong>Xavi Gregori, fxgregori@insernestlluch.cat<\/li>\n<li><strong>Filosofia i cl\u00e0ssiques:\u00a0<\/strong>Marc Barbany, mbarban@insernestlluch.cat<\/li>\n<li><strong>Matem\u00e0tiques:\u00a0<\/strong>Salvador Pola, psalvador@insernestlluch.cat<\/li>\n<li><strong>Biologia i geologia:\u00a0<\/strong>Carme Miquel, cmiquel@insernestlluch.cat<\/li>\n<li><strong>F\u00edsica i qu\u00edmica:\u00a0<\/strong>Carolina Mart\u00ednez, cmartinez@insernestlluch.cat<\/li>\n<li><strong>Tecnologia:\u00a0<\/strong>Eva Dealbert, edealbert@insernestlluch.cat<\/li>\n<li><strong>Educaci\u00f3 f\u00edsica:\u00a0<\/strong>Carlos Perales, cperales@insernestlluch.cat<\/li>\n<li><strong>Orientaci\u00f3<\/strong>: Olga Roig, oroig@insernestlluch.cat<\/li>\n<li><strong>Religi\u00f3 \/ Aprenentatge i servei 3r ESO:<\/strong>\u00a0Anna-Eva Jarabo, ajarabo@insernestlluch.cat<\/li>\n<\/ul>\n<p><strong>Correus gen\u00e8rics<\/strong><\/p>\n<ul>\n<li><strong>Factures de prove\u00efdors<\/strong>: facturacio@insernestlluch.cat<\/li>\n<li><strong>Xarxes i web<\/strong>:\u00a0xarxes@insernestlluch.cat<\/li>\n<li><strong>Correu del centre:\u00a0<\/strong>a8043462@xtec.cat<\/li>\n<\/ul>\n","protected":false},"excerpt":{"rendered":"<p>Equip directiu Director:\u00a0Eduard Hern\u00e1ndez, ehernandez@insernestlluch.cat Cap d&#8217;estudis:\u00a0Arturo Palau, apalau@insernestlluch.cat Coordinadora pedag\u00f2gica: Gemma Cobos, gcobos@insernestlluch.cat Secret\u00e0ria acad\u00e8mica:\u00a0Anna Bosch, abosch@insernestlluch.cat Coordinacions Coordinadora ESO:\u00a0Arantxa Sauca, asauca@insernestlluch.cat Coordinadora BATX:\u00a0Nat\u00e0lia Flo, nflo@insernestlluch.cat Coordinadora TIC:\u00a0Mariona Taniguchi, mtaniguchi@insernestlluch.cat Coordinadora sortides i activitats:\u00a0Ant\u00f2nia Bosch, antbosch@insernestlluch.cat Coordinador de riscos laborals: Enrique Asensio, easensio@insernestlluch.cat Coordinador LIC:\u00a0Eduard Garcia, egarcia@insernestlluch.cat Coordinadora de biblioteca: Carolina Mart\u00ednez, cmartinez@insernestlluch.cat Cordinadora [&hellip;]<\/p>\n","protected":false},"author":1,"featured_media":0,"parent":19,"menu_order":40,"comment_status":"closed","ping_status":"closed","template":"","meta":{"site-sidebar-layout":"default","site-content-layout":"","ast-site-content-layout":"default","site-content-style":"default","site-sidebar-style":"default","ast-global-header-display":"","ast-banner-title-visibility":"","ast-main-header-display":"","ast-hfb-above-header-display":"","ast-hfb-below-header-display":"","ast-hfb-mobile-header-display":"","site-post-title":"","ast-breadcrumbs-content":"","ast-featured-img":"","footer-sml-layout":"","theme-transparent-header-meta":"","adv-header-id-meta":"","stick-header-meta":"","header-above-stick-meta":"","header-main-stick-meta":"","header-below-stick-meta":"","astra-migrate-meta-layouts":"set","ast-page-background-enabled":"default","ast-page-background-meta":{"desktop":{"background-color":"var(--ast-global-color-4)","background-image":"","background-repeat":"repeat","background-position":"center center","background-size":"auto","background-attachment":"scroll","background-type":"","background-media":"","overlay-type":"","overlay-color":"","overlay-opacity":"","overlay-gradient":""},"tablet":{"background-color":"","background-image":"","background-repeat":"repeat","background-position":"center center","background-size":"auto","background-attachment":"scroll","background-type":"","background-media":"","overlay-type":"","overlay-color":"","overlay-opacity":"","overlay-gradient":""},"mobile":{"background-color":"","background-image":"","background-repeat":"repeat","background-position":"center center","background-size":"auto","background-attachment":"scroll","background-type":"","background-media":"","overlay-type":"","overlay-color":"","overlay-opacity":"","overlay-gradient":""}},"ast-content-background-meta":{"desktop":{"background-color":"var(--ast-global-color-5)","background-image":"","background-repeat":"repeat","background-position":"center center","background-size":"auto","background-attachment":"scroll","background-type":"","background-media":"","overlay-type":"","overlay-color":"","overlay-opacity":"","overlay-gradient":""},"tablet":{"background-color":"var(--ast-global-color-5)","background-image":"","background-repeat":"repeat","background-position":"center center","background-size":"auto","background-attachment":"scroll","background-type":"","background-media":"","overlay-type":"","overlay-color":"","overlay-opacity":"","overlay-gradient":""},"mobile":{"background-color":"var(--ast-global-color-5)","background-image":"","background-repeat":"repeat","background-position":"center center","background-size":"auto","background-attachment":"scroll","background-type":"","background-media":"","overlay-type":"","overlay-color":"","overlay-opacity":"","overlay-gradient":""}},"footnotes":""},"class_list":["post-46","page","type-page","status-publish","hentry"],"post_mailing_queue_ids":[],"_links":{"self":[{"href":"https:\/\/agora.xtec.cat\/ies-ernest-lluch\/wp-json\/wp\/v2\/pages\/46","targetHints":{"allow":["GET"]}}],"collection":[{"href":"https:\/\/agora.xtec.cat\/ies-ernest-lluch\/wp-json\/wp\/v2\/pages"}],"about":[{"href":"https:\/\/agora.xtec.cat\/ies-ernest-lluch\/wp-json\/wp\/v2\/types\/page"}],"author":[{"embeddable":true,"href":"https:\/\/agora.xtec.cat\/ies-ernest-lluch\/wp-json\/wp\/v2\/users\/1"}],"replies":[{"embeddable":true,"href":"https:\/\/agora.xtec.cat\/ies-ernest-lluch\/wp-json\/wp\/v2\/comments?post=46"}],"version-history":[{"count":5,"href":"https:\/\/agora.xtec.cat\/ies-ernest-lluch\/wp-json\/wp\/v2\/pages\/46\/revisions"}],"predecessor-version":[{"id":734,"href":"https:\/\/agora.xtec.cat\/ies-ernest-lluch\/wp-json\/wp\/v2\/pages\/46\/revisions\/734"}],"up":[{"embeddable":true,"href":"https:\/\/agora.xtec.cat\/ies-ernest-lluch\/wp-json\/wp\/v2\/pages\/19"}],"wp:attachment":[{"href":"https:\/\/agora.xtec.cat\/ies-ernest-lluch\/wp-json\/wp\/v2\/media?parent=46"}],"curies":[{"name":"wp","href":"https:\/\/api.w.org\/{rel}","templated":true}]}}