{"id":21,"date":"2014-09-17T16:14:14","date_gmt":"2014-09-17T16:14:14","guid":{"rendered":"http:\/\/agora.xtec.cat\/ies-ernest-lluch\/?page_id=21"},"modified":"2025-12-16T11:28:45","modified_gmt":"2025-12-16T10:28:45","slug":"on-som","status":"publish","type":"page","link":"https:\/\/agora.xtec.cat\/ies-ernest-lluch\/linstitut\/on-som\/","title":{"rendered":"On som"},"content":{"rendered":"\n<p><strong>Institut Ernest Lluch<\/strong><br>Carrer de la Diputaci\u00f3, 11-15<br>08015 Barcelona<\/p>\n\n\n\n<iframe src=\"https:\/\/www.google.com\/maps\/embed?pb=!1m18!1m12!1m3!1d11975.226306159195!2d2.131964285034059!3d41.378286925925906!2m3!1f0!2f0!3f0!3m2!1i1024!2i768!4f13.1!3m3!1m2!1s0x12a4a27c344df6ad%3A0x455cd8bce337326d!2sInstitut%20d&#39;Estudis%20Secundaris%20Ernest%20Lluch!5e0!3m2!1sca!2ses!4v1762859748181!5m2!1sca!2ses\" width=\"600\" height=\"450\" style=\"border:0;\" allowfullscreen=\"\" loading=\"lazy\" referrerpolicy=\"no-referrer-when-downgrade\"><\/iframe>\n\n\n\n<div class=\"wp-block-group is-layout-constrained wp-block-group-is-layout-constrained\">\n<p><\/p>\n\n\n\n<p><strong>Escoles adscrites a l&#8217;institut:<\/strong><\/p>\n\n\n\n<div class=\"wp-block-group is-layout-constrained wp-block-group-is-layout-constrained\">\n<p><a href=\"https:\/\/agora.xtec.cat\/escaldana\/\">Escola Aldana<\/a><br><a href=\"https:\/\/agora.xtec.cat\/ceip-diputacio\/\">Escola Diputaci\u00f3<\/a><br><a href=\"https:\/\/escolaelsllorers.cat\/\">Escola Els Llorers<\/a><br><a href=\"https:\/\/agora.xtec.cat\/escferransunyer\/\">Escola Ferran Sunyer<\/a><br><a href=\"https:\/\/agora.xtec.cat\/escola-francescmacia\/\">Escola Francesc Maci\u00e0<\/a><br><a href=\"https:\/\/agora.xtec.cat\/ceip-joanmiro-barcelona\/\">Escola Joan Mir\u00f3<\/a><br><a href=\"https:\/\/agora.xtec.cat\/ceip-mallorca\/\">Escola Mallorca<\/a><\/p>\n\n\n\n<p><a href=\"https:\/\/agora.xtec.cat\/insbosc\/\" data-type=\"link\" data-id=\"https:\/\/agora.xtec.cat\/insbosc\/\">Institut Bosc de Montju\u00efc<\/a><\/p>\n\n\n\n<p><\/p>\n\n\n\n<p><\/p>\n\n\n\n<p><\/p>\n<\/div>\n<\/div>\n\n\n\n<p>&nbsp;<\/p>\n","protected":false},"excerpt":{"rendered":"<p>Institut Ernest LluchCarrer de la Diputaci\u00f3, 11-1508015 Barcelona Escoles adscrites a l&#8217;institut: Escola AldanaEscola Diputaci\u00f3Escola Els LlorersEscola Ferran SunyerEscola Francesc Maci\u00e0Escola Joan Mir\u00f3Escola Mallorca Institut Bosc de Montju\u00efc &nbsp;<\/p>\n","protected":false},"author":1,"featured_media":0,"parent":19,"menu_order":10,"comment_status":"closed","ping_status":"closed","template":"","meta":{"site-sidebar-layout":"default","site-content-layout":"","ast-site-content-layout":"default","site-content-style":"default","site-sidebar-style":"default","ast-global-header-display":"","ast-banner-title-visibility":"","ast-main-header-display":"","ast-hfb-above-header-display":"","ast-hfb-below-header-display":"","ast-hfb-mobile-header-display":"","site-post-title":"","ast-breadcrumbs-content":"","ast-featured-img":"","footer-sml-layout":"","theme-transparent-header-meta":"","adv-header-id-meta":"","stick-header-meta":"","header-above-stick-meta":"","header-main-stick-meta":"","header-below-stick-meta":"","astra-migrate-meta-layouts":"set","ast-page-background-enabled":"default","ast-page-background-meta":{"desktop":{"background-color":"var(--ast-global-color-4)","background-image":"","background-repeat":"repeat","background-position":"center center","background-size":"auto","background-attachment":"scroll","background-type":"","background-media":"","overlay-type":"","overlay-color":"","overlay-opacity":"","overlay-gradient":""},"tablet":{"background-color":"","background-image":"","background-repeat":"repeat","background-position":"center center","background-size":"auto","background-attachment":"scroll","background-type":"","background-media":"","overlay-type":"","overlay-color":"","overlay-opacity":"","overlay-gradient":""},"mobile":{"background-color":"","background-image":"","background-repeat":"repeat","background-position":"center center","background-size":"auto","background-attachment":"scroll","background-type":"","background-media":"","overlay-type":"","overlay-color":"","overlay-opacity":"","overlay-gradient":""}},"ast-content-background-meta":{"desktop":{"background-color":"var(--ast-global-color-5)","background-image":"","background-repeat":"repeat","background-position":"center center","background-size":"auto","background-attachment":"scroll","background-type":"","background-media":"","overlay-type":"","overlay-color":"","overlay-opacity":"","overlay-gradient":""},"tablet":{"background-color":"var(--ast-global-color-5)","background-image":"","background-repeat":"repeat","background-position":"center center","background-size":"auto","background-attachment":"scroll","background-type":"","background-media":"","overlay-type":"","overlay-color":"","overlay-opacity":"","overlay-gradient":""},"mobile":{"background-color":"var(--ast-global-color-5)","background-image":"","background-repeat":"repeat","background-position":"center center","background-size":"auto","background-attachment":"scroll","background-type":"","background-media":"","overlay-type":"","overlay-color":"","overlay-opacity":"","overlay-gradient":""}},"footnotes":""},"class_list":["post-21","page","type-page","status-publish","hentry"],"post_mailing_queue_ids":[],"_links":{"self":[{"href":"https:\/\/agora.xtec.cat\/ies-ernest-lluch\/wp-json\/wp\/v2\/pages\/21","targetHints":{"allow":["GET"]}}],"collection":[{"href":"https:\/\/agora.xtec.cat\/ies-ernest-lluch\/wp-json\/wp\/v2\/pages"}],"about":[{"href":"https:\/\/agora.xtec.cat\/ies-ernest-lluch\/wp-json\/wp\/v2\/types\/page"}],"author":[{"embeddable":true,"href":"https:\/\/agora.xtec.cat\/ies-ernest-lluch\/wp-json\/wp\/v2\/users\/1"}],"replies":[{"embeddable":true,"href":"https:\/\/agora.xtec.cat\/ies-ernest-lluch\/wp-json\/wp\/v2\/comments?post=21"}],"version-history":[{"count":6,"href":"https:\/\/agora.xtec.cat\/ies-ernest-lluch\/wp-json\/wp\/v2\/pages\/21\/revisions"}],"predecessor-version":[{"id":737,"href":"https:\/\/agora.xtec.cat\/ies-ernest-lluch\/wp-json\/wp\/v2\/pages\/21\/revisions\/737"}],"up":[{"embeddable":true,"href":"https:\/\/agora.xtec.cat\/ies-ernest-lluch\/wp-json\/wp\/v2\/pages\/19"}],"wp:attachment":[{"href":"https:\/\/agora.xtec.cat\/ies-ernest-lluch\/wp-json\/wp\/v2\/media?parent=21"}],"curies":[{"name":"wp","href":"https:\/\/api.w.org\/{rel}","templated":true}]}}