{"id":75,"date":"2014-09-18T10:21:02","date_gmt":"2014-09-18T10:21:02","guid":{"rendered":"http:\/\/agora.xtec.cat\/ies-enric-borras\/?page_id=75"},"modified":"2016-05-01T19:48:14","modified_gmt":"2016-05-01T18:48:14","slug":"activitats-extraescolars","status":"publish","type":"page","link":"https:\/\/agora.xtec.cat\/ies-enric-borras\/serveis\/activitats-extraescolars\/","title":{"rendered":"Activitats extraescolars"},"content":{"rendered":"<ol style=\"list-style-type: upper-roman;\">\n<li>Activitats acad\u00e8miques de refor\u00e7, <strong>l\u2019estudi assistit.<\/strong> Es programen activitats de refor\u00e7 per alumnat de l\u2019ESO, fora de l\u2019horari lectiu. Dues tardes per setmana els alumnes de l\u2019ESO proposats pels tutors han assistit al centre per fer els deures. Els monitors han estat alumnes de batxillerat coordinats per la TIS (t\u00e8cnic d\u2019integraci\u00f3 social) . L\u2019activitat t\u00e9 un cost simb\u00f2lic que aporten els assistents mensualment i s\u2019utilitza pel viatge de fi de curs dels monitors.<\/li>\n<li>\u00a0<strong>Activitats realitzades a les tardes<\/strong> per l\u2019alumnat del centre.\n<ul>\n<li>\u00das de la biblioteca dos dies per setmana. Dos alumnes de batxillerat fan de monitors i controlen la gesti\u00f3 del temps i l\u2019espai. La biblioteca \u00e9s un lloc d\u2019estudi al que poden assistir lliurament o per indicaci\u00f3 del tutor.<\/li>\n<li>L\u2019AMPA organitza activitats com futbol, ball, o percussi\u00f3, segons la demanda anual, tots els dies de la setmana, incl\u00f2s algun dissabte mat\u00ed.<\/li>\n<li>Tamb\u00e9 el centre programa activitats dins del Pla catal\u00e0 de l\u2019esport. El coordinador del projecte \u00e9s un professor d\u2019educaci\u00f3 f\u00edsica del centre que coordina totes les activitats esportives per la tarda.<\/li>\n<li>L\u2019espai del pati el fa servir tamb\u00e9 els Serveis Socials per alumnat de prim\u00e0ria del barri dos dies per setmana.<\/li>\n<li>El centre ofereix les aules per activitats de refor\u00e7 d\u2019alumnes de batxillerat a alumnes d\u2019ESO, aix\u00ed com altres demandes d\u2019alumnes per poder treballar en grup. Tamb\u00e9 es cedeix l\u2019espai per activitats relaciones amb les tutories.<\/li>\n<\/ul>\n<\/li>\n<\/ol>\n","protected":false},"excerpt":{"rendered":"<ol style=\"list-style-type: upper-roman;\">\n<li>Activitats acad\u00e8miques de refor\u00e7, l\u2019estudi assistit. Es programen activitats de refor\u00e7 per alumnat de l\u2019ESO, fora de l\u2019horari lectiu. Dues tardes per setmana els alumnes de l\u2019ESO proposats pels tutors han assistit al centre per fer els deures. Els monitors han estat alumnes&hellip;  <a href=\"https:\/\/agora.xtec.cat\/ies-enric-borras\/serveis\/activitats-extraescolars\/\" title=\"Read Activitats extraescolars\">Llegeix m\u00e9s\u00bb<\/a><br \/>\n","protected":false},"author":2,"featured_media":0,"parent":63,"menu_order":40,"comment_status":"closed","ping_status":"closed","template":"page-templates\/side-menu.php","meta":{"_bbp_topic_count":0,"_bbp_reply_count":0,"_bbp_total_topic_count":0,"_bbp_total_reply_count":0,"_bbp_voice_count":0,"_bbp_anonymous_reply_count":0,"_bbp_topic_count_hidden":0,"_bbp_reply_count_hidden":0,"_bbp_forum_subforum_count":0,"footnotes":""},"class_list":["post-75","page","type-page","status-publish","hentry"],"post_mailing_queue_ids":[],"_links":{"self":[{"href":"https:\/\/agora.xtec.cat\/ies-enric-borras\/wp-json\/wp\/v2\/pages\/75","targetHints":{"allow":["GET"]}}],"collection":[{"href":"https:\/\/agora.xtec.cat\/ies-enric-borras\/wp-json\/wp\/v2\/pages"}],"about":[{"href":"https:\/\/agora.xtec.cat\/ies-enric-borras\/wp-json\/wp\/v2\/types\/page"}],"author":[{"embeddable":true,"href":"https:\/\/agora.xtec.cat\/ies-enric-borras\/wp-json\/wp\/v2\/users\/2"}],"replies":[{"embeddable":true,"href":"https:\/\/agora.xtec.cat\/ies-enric-borras\/wp-json\/wp\/v2\/comments?post=75"}],"version-history":[{"count":2,"href":"https:\/\/agora.xtec.cat\/ies-enric-borras\/wp-json\/wp\/v2\/pages\/75\/revisions"}],"predecessor-version":[{"id":1221,"href":"https:\/\/agora.xtec.cat\/ies-enric-borras\/wp-json\/wp\/v2\/pages\/75\/revisions\/1221"}],"up":[{"embeddable":true,"href":"https:\/\/agora.xtec.cat\/ies-enric-borras\/wp-json\/wp\/v2\/pages\/63"}],"wp:attachment":[{"href":"https:\/\/agora.xtec.cat\/ies-enric-borras\/wp-json\/wp\/v2\/media?parent=75"}],"curies":[{"name":"wp","href":"https:\/\/api.w.org\/{rel}","templated":true}]}}