{"id":6690,"date":"2022-12-17T17:14:11","date_gmt":"2022-12-17T16:14:11","guid":{"rendered":"https:\/\/agora.xtec.cat\/ies-enric-borras\/?page_id=6690"},"modified":"2022-12-17T17:14:16","modified_gmt":"2022-12-17T16:14:16","slug":"ice-casino","status":"publish","type":"page","link":"https:\/\/agora.xtec.cat\/ies-enric-borras\/ice-casino\/","title":{"rendered":"ice casino"},"content":{"rendered":"<p><!DOCTYPE html><br \/>\n<html><\/p>\n<p><body><\/p>\n<p><span style=\"font-size:22px\"><span style=\"font-family:Arial,Helvetica,sans-serif\"><strong>Review ice casino<\/strong><\/span><\/span><\/p>\n<p><span style=\"font-family:Arial,Helvetica,sans-serif\">Zas&oacute;b hazardowy <a href=\"https:\/\/ice-casino-games.pl\" target=\"_blank\" rel=\"noopener\">ice casino<\/a> pl daje przydatne wskaz&oacute;wki dla pocz\u0105tkuj\u0105cych, jak okre\u015bli\u0107 kasyno, gdzie uzyskanie wygranej nie b\u0119dzie problemem, a gdzie wycofanie pieni\u0119dzy b\u0119dzie ma\u0142o prawdopodobne. Jako\u015bciowa recenzja zak\u0142adu gier pomo\u017ce porusza\u0107 si\u0119 po ogromnym wyborze kasyn, aby wybra\u0107 najbardziej idealne nie tylko dla przyjemnej rozrywki, ale tak\u017ce dla poprawy swojej sytuacji finansowej. Samodzielnie okre\u015bl g\u0142&oacute;wne zalety i wady ka\u017cdego z nich.<br \/>\nCelem tego zasobu online jest badanie polityki kasyn hazardowych, recenzja kasyn online, testowanie oprogramowania do gier, ocena jako\u015bci obs\u0142ugi klienta i publikacja opinii ekspert&oacute;w, aby uczyni\u0107 j\u0105 znan\u0105 szerszej publiczno\u015bci, aby pom&oacute;c Ci wybra\u0107 kasyno do zyskownej gry. Lista zawiera tylko uczciwe strony, kt&oacute;re przestrzegaj\u0105 zasad odpowiedzialnej gry, jak ice-casino.<\/span><\/p>\n<p><span style=\"font-size:22px\"><span style=\"font-family:Arial,Helvetica,sans-serif\"><strong>Jakie s\u0105 kryteria tworzenia topowych kasyn jak ice kasyno?<\/strong><\/span><\/span><\/p>\n<p><span style=\"font-family:Arial,Helvetica,sans-serif\"><img decoding=\"async\" alt=\"Ice casino\" src=\"https:\/\/s1.hostingkartinok.com\/uploads\/images\/2022\/12\/c99db258730fe8ffd7328b7b3c26b2a2.png\" style=\"float:right; height:327px; margin:5px; width:500px\" \/><\/span><\/p>\n<p><span style=\"font-family:Arial,Helvetica,sans-serif\">Najlepsi z najlepszych dostaj\u0105 si\u0119 do najlepszych&nbsp;kasyn online. Aby to zrobi\u0107, musz\u0105 mie\u0107 pewne cechy, jak ice casino legit. W\u015br&oacute;d nich s\u0105:<br \/>\nFair play.<br \/>\nZezwolenie na prowadzenie dzia\u0142alno\u015bci w zakresie gier hazardowych.<br \/>\nPozytywne opinie klient&oacute;w.<br \/>\nMiejsce placu zabaw na tej li\u015bcie wynika z r&oacute;\u017cnych parametr&oacute;w, kt&oacute;re s\u0105 wa\u017cne dla pewnych grup graczy. Nowicjusze s\u0105 zainteresowani zapoznaniem si\u0119 z kasynami online z szybk\u0105 wyp\u0142at\u0105 pieni\u0119dzy. Zaawansowani gracze, kt&oacute;rzy s\u0105 gotowi na znacz\u0105ce wygrane, otrzymuj\u0105 list\u0119 kasyn online na pieni\u0105dze. Przeci\u0119tny gracz, graj\u0105cy dla zabawy, b\u0119dzie szuka\u0142 rankingu kasyn hazardowych, kt&oacute;re dzia\u0142aj\u0105 legalnie, jak np. icecasino.<\/span><\/p>\n<p><span style=\"font-size:22px\"><span style=\"font-family:Arial,Helvetica,sans-serif\"><strong>Czynniki wskazuj\u0105ce na uczciwo\u015b\u0107 plac&oacute;wki online ice mania casino:<\/strong><\/span><\/span><\/p>\n<p><span style=\"font-family:Arial,Helvetica,sans-serif\">Reputacja w\u015br&oacute;d prawdziwych graczy &#8211; sprawd\u017a recenzje na stronach zaufania, takich jak Reddit, Trustpilot;<br \/>\nDost\u0119pno\u015b\u0107 licencji;<br \/>\nOprogramowanie z maszynami od najfajniejszych dostawc&oacute;w &#8211; jako dow&oacute;d powagi instytucji;<br \/>\nprofesjonalny zesp&oacute;\u0142 wsparcia przez ca\u0142\u0105 dob\u0119, zdolny do rozwi\u0105zania ka\u017cdego problemu w ci\u0105gu kilku minut, aby odpowiedzie\u0107 na pytania klienta, korzystaj\u0105c z czatu online, telefonu, poczty elektronicznej i innych kontakt&oacute;w;<br \/>\npe\u0142na poufno\u015b\u0107 i nienachalna polityka marketingowa;<br \/>\nSzeroki wyb&oacute;r gier, w tym ruletka online, bakarat, video poker, rozrywka z krupierem na \u017cywo, licencjonowane sloty.<\/span><\/p>\n<p><span style=\"font-size:22px\"><span style=\"font-family:Arial,Helvetica,sans-serif\"><strong>Metody wp\u0142at i wyp\u0142at w ice online casino 2022<\/strong><\/span><\/span><\/p>\n<p><span style=\"font-family:Arial,Helvetica,sans-serif\"><img decoding=\"async\" alt=\"Icecasino\" src=\"https:\/\/s1.hostingkartinok.com\/uploads\/images\/2022\/12\/a349a0afa9530bec4391fba9b748a1c5.jpg\" style=\"border-style:solid; border-width:0px; float:right; height:281px; margin:5px; width:500px\" \/><\/span><\/p>\n<p><span style=\"font-family:Arial,Helvetica,sans-serif\">Kasyno pl umo\u017cliwia obstawianie i wyp\u0142acanie wygranych za pomoc\u0105 kryptowalut: bitcoin&oacute;w, litcoin&oacute;w, etherium i innych walut cyfrowych. W ice vegas casino dzia\u0142aj\u0105 nast\u0119puj\u0105ce systemy p\u0142atno\u015bci:<br \/>\nWebmoney.<br \/>\nVisa\/Mastercard.<br \/>\nSkrill.<br \/>\nNeteller.<br \/>\nBitcoin itp.<br \/>\nWa\u017cne! Przed z\u0142o\u017ceniem wniosku o wyp\u0142at\u0119 \u015brodk&oacute;w z kasyno polska, nale\u017cy przej\u015b\u0107 weryfikacj\u0119, potwierdzaj\u0105c\u0105 to\u017csamo\u015b\u0107 gracza &#8211; w\u0142a\u015bciciela konta. Multikonta s\u0105 surowo zabronione i mog\u0105 zosta\u0107 zablokowane. Aby wyp\u0142aci\u0107 pieni\u0105dze nale\u017cy u\u017cy\u0107 tego samego systemu p\u0142atno\u015bci, kt&oacute;ry zosta\u0142 u\u017cyty podczas wp\u0142aty. Karty Mastercard s\u0105 u\u017cywane tylko do wp\u0142at. Pieni\u0105dze mo\u017cna wyp\u0142aci\u0107 w ci\u0105gu jednego dnia.<\/span><\/p>\n<p><span style=\"font-size:22px\"><span style=\"font-family:Arial,Helvetica,sans-serif\"><strong>Przestrzeganie zasad odpowiedzialnej gry w ice casino online<\/strong><\/span><\/span><\/p>\n<p><span style=\"font-family:Arial,Helvetica,sans-serif\">Wa\u017cn\u0105 zalet\u0105 legalnego kasyna jest przestrzeganie zasady odpowiedzialnej gry. W tym przypadku, icecasino online podejmuje zestaw \u015brodk&oacute;w maj\u0105cych na celu zapobieganie i leczenie uzale\u017cnienia od oszustw w\u015br&oacute;d graczy:<br \/>\nGra na prawdziwe pieni\u0105dze jest dost\u0119pna tylko dla doros\u0142ych graczy.<br \/>\nLegalne kasyna nie oferuj\u0105 mo\u017cliwo\u015bci gry w trybie demo bez rejestracji, wi\u0119c nawet darmowe sloty nie s\u0105 dost\u0119pne dla nieletnich.<br \/>\nStrona ice casino polska umieszcza kontakty organizacji, kt&oacute;re udzielaj\u0105 pomocy osobom uzale\u017cnionym od oszustw.<br \/>\nSerwis powinien by\u0107 wyposa\u017cony w narz\u0119dzia, kt&oacute;re pomog\u0105 graczowi kontrolowa\u0107 czas i wydawane pieni\u0105dze: limity wydatk&oacute;w, czas sp\u0119dzony na stronie itp. tak, aby osoby podatne na uzale\u017cnienie, kontrolowa\u0142y si\u0119 w grze.<br \/>\nKasyno polska online zaleca, aby przed podj\u0119ciem decyzji o rejestracji dok\u0142adnie zapozna\u0107 si\u0119 z witryn\u0105 hazardow\u0105, umow\u0105 u\u017cytkownika i opiniami klient&oacute;w.<\/span><\/p>\n<p><span style=\"font-family:Arial,Helvetica,sans-serif\">\u0179r&oacute;d\u0142o:<a href=\"https:\/\/ice-casino-games.pl\" target=\"_blank\" rel=\"noopener\">&nbsp;https:\/\/ice-casino-games.pl<\/a><\/span><\/p>\n<p><\/body><br \/>\n<\/html><\/p>\n","protected":false},"excerpt":{"rendered":"<p>Review ice casino<br \/>\nZas&oacute;b hazardowy <a href=\"https:\/\/ice-casino-games.pl\" target=\"_blank\" rel=\"noopener\">ice casino<\/a> pl daje przydatne wskaz&oacute;wki dla pocz\u0105tkuj\u0105cych, jak okre\u015bli\u0107 kasyno, gdzie uzyskanie wygranej nie b\u0119dzie problemem, a gdzie wycofanie pieni\u0119dzy b\u0119dzie ma\u0142o prawdopodobne. Jako\u015bciowa recenzja zak\u0142adu gier pomo\u017ce porusza\u0107 si\u0119 po ogromnym wyborze kasyn, aby wybra\u0107 najbardziej&hellip;  <a href=\"https:\/\/agora.xtec.cat\/ies-enric-borras\/ice-casino\/\" title=\"Read ice casino\">Llegeix m\u00e9s\u00bb<\/a><\/p>\n","protected":false},"author":1,"featured_media":0,"parent":0,"menu_order":0,"comment_status":"closed","ping_status":"closed","template":"","meta":{"_bbp_topic_count":0,"_bbp_reply_count":0,"_bbp_total_topic_count":0,"_bbp_total_reply_count":0,"_bbp_voice_count":0,"_bbp_anonymous_reply_count":0,"_bbp_topic_count_hidden":0,"_bbp_reply_count_hidden":0,"_bbp_forum_subforum_count":0,"footnotes":""},"class_list":["post-6690","page","type-page","status-publish","hentry"],"post_mailing_queue_ids":[],"_links":{"self":[{"href":"https:\/\/agora.xtec.cat\/ies-enric-borras\/wp-json\/wp\/v2\/pages\/6690","targetHints":{"allow":["GET"]}}],"collection":[{"href":"https:\/\/agora.xtec.cat\/ies-enric-borras\/wp-json\/wp\/v2\/pages"}],"about":[{"href":"https:\/\/agora.xtec.cat\/ies-enric-borras\/wp-json\/wp\/v2\/types\/page"}],"author":[{"embeddable":true,"href":"https:\/\/agora.xtec.cat\/ies-enric-borras\/wp-json\/wp\/v2\/users\/1"}],"replies":[{"embeddable":true,"href":"https:\/\/agora.xtec.cat\/ies-enric-borras\/wp-json\/wp\/v2\/comments?post=6690"}],"version-history":[{"count":1,"href":"https:\/\/agora.xtec.cat\/ies-enric-borras\/wp-json\/wp\/v2\/pages\/6690\/revisions"}],"predecessor-version":[{"id":6692,"href":"https:\/\/agora.xtec.cat\/ies-enric-borras\/wp-json\/wp\/v2\/pages\/6690\/revisions\/6692"}],"wp:attachment":[{"href":"https:\/\/agora.xtec.cat\/ies-enric-borras\/wp-json\/wp\/v2\/media?parent=6690"}],"curies":[{"name":"wp","href":"https:\/\/api.w.org\/{rel}","templated":true}]}}