{"id":601,"date":"2016-01-13T22:39:06","date_gmt":"2016-01-13T21:39:06","guid":{"rendered":"http:\/\/agora.xtec.cat\/ies-enric-borras\/?page_id=601"},"modified":"2018-05-17T10:04:38","modified_gmt":"2018-05-17T08:04:38","slug":"biblioteca","status":"publish","type":"page","link":"https:\/\/agora.xtec.cat\/ies-enric-borras\/serveis\/biblioteca\/","title":{"rendered":"Biblioteca"},"content":{"rendered":"<p>El centre t\u00e9 una Biblioteca oberta dos dies per setmana en horari no lectiu.<\/p>\n<p>L&#8217;espai est\u00e0 gestionat per alumnes de Batxillerat. El centre subvenciona aquesta activitat per ajudar a financiar el vitge de fi de curs de batxillerat.<\/p>\n<p>Durant dos dies per setmana de 17 a 19h, els alumnes de l&#8217;ESO poden utilitzar l&#8217;instal.laci\u00f3 com a espai d&#8217;estudi o de consulta.<\/p>\n<p>Ara hi ha una comissi\u00f3 de Biblioteca que est\u00e0 treballant per donar-li un nou funcionament a la biblioteca. En breu hi haur\u00e0 novetats.<\/p>\n<p>Tamb\u00e9 s&#8217;est\u00e0 renovant el cat\u00e0leg amb el programa <a href=\"https:\/\/aplicacions.gestioeducativa.gencat.cat\/epergam\/web\/biblioteca.jsp?codi=08045604\" target=\"_blank\" rel=\"noopener noreferrer\"><span style=\"color: #0000ff;\">Ep\u00e8rgam<\/span><\/a><\/p>\n","protected":false},"excerpt":{"rendered":"<p>El centre t\u00e9 una Biblioteca oberta dos dies per setmana en horari no lectiu.<br \/>\nL&#8217;espai est\u00e0 gestionat per alumnes de Batxillerat. El centre subvenciona aquesta activitat per ajudar a financiar el vitge de fi de curs de batxillerat.<br \/>\nDurant dos dies per setmana de 17 a 19h,&hellip;  <a href=\"https:\/\/agora.xtec.cat\/ies-enric-borras\/serveis\/biblioteca\/\" title=\"Read Biblioteca\">Llegeix m\u00e9s\u00bb<\/a><\/p>\n","protected":false},"author":1,"featured_media":0,"parent":63,"menu_order":21,"comment_status":"closed","ping_status":"closed","template":"page-templates\/side-menu.php","meta":{"_bbp_topic_count":0,"_bbp_reply_count":0,"_bbp_total_topic_count":0,"_bbp_total_reply_count":0,"_bbp_voice_count":0,"_bbp_anonymous_reply_count":0,"_bbp_topic_count_hidden":0,"_bbp_reply_count_hidden":0,"_bbp_forum_subforum_count":0,"footnotes":""},"class_list":["post-601","page","type-page","status-publish","hentry"],"post_mailing_queue_ids":[],"_links":{"self":[{"href":"https:\/\/agora.xtec.cat\/ies-enric-borras\/wp-json\/wp\/v2\/pages\/601","targetHints":{"allow":["GET"]}}],"collection":[{"href":"https:\/\/agora.xtec.cat\/ies-enric-borras\/wp-json\/wp\/v2\/pages"}],"about":[{"href":"https:\/\/agora.xtec.cat\/ies-enric-borras\/wp-json\/wp\/v2\/types\/page"}],"author":[{"embeddable":true,"href":"https:\/\/agora.xtec.cat\/ies-enric-borras\/wp-json\/wp\/v2\/users\/1"}],"replies":[{"embeddable":true,"href":"https:\/\/agora.xtec.cat\/ies-enric-borras\/wp-json\/wp\/v2\/comments?post=601"}],"version-history":[{"count":2,"href":"https:\/\/agora.xtec.cat\/ies-enric-borras\/wp-json\/wp\/v2\/pages\/601\/revisions"}],"predecessor-version":[{"id":2425,"href":"https:\/\/agora.xtec.cat\/ies-enric-borras\/wp-json\/wp\/v2\/pages\/601\/revisions\/2425"}],"up":[{"embeddable":true,"href":"https:\/\/agora.xtec.cat\/ies-enric-borras\/wp-json\/wp\/v2\/pages\/63"}],"wp:attachment":[{"href":"https:\/\/agora.xtec.cat\/ies-enric-borras\/wp-json\/wp\/v2\/media?parent=601"}],"curies":[{"name":"wp","href":"https:\/\/api.w.org\/{rel}","templated":true}]}}