{"id":52,"date":"2014-09-17T16:58:07","date_gmt":"2014-09-17T16:58:07","guid":{"rendered":"http:\/\/agora.xtec.cat\/ies-enric-borras\/?page_id=52"},"modified":"2025-01-27T12:02:16","modified_gmt":"2025-01-27T11:02:16","slug":"calendari-del-curs","status":"publish","type":"page","link":"https:\/\/agora.xtec.cat\/ies-enric-borras\/linstitut\/calendari-del-curs\/","title":{"rendered":"Calendari del curs"},"content":{"rendered":"<h4><strong><u>CALENDARI DEL CURS 2024-2025<\/u><\/strong><\/h4>\n<h5><strong><u>ESO I BATXILLERAT<\/u><\/strong><\/h5>\n<table style=\"width: 49.8915%;\" width=\"691\">\n<tbody>\n<tr>\n<td style=\"width: 30%;\" width=\"210\"><strong>\u00a0<\/strong><\/p>\n<p><strong>1r TRIMESTRE<\/strong><\/td>\n<td style=\"width: 29.8551%;\" width=\"210\"><strong>\u00a0<\/strong><\/p>\n<p><strong>2n TRIMESTRE<\/strong><\/td>\n<td style=\"width: 38.6957%;\" width=\"271\"><strong>\u00a0<\/strong><\/p>\n<p><strong>3r TRIMESTRE <\/strong><\/td>\n<\/tr>\n<tr>\n<td style=\"width: 30%;\" width=\"210\">&nbsp;<\/p>\n<p>Inici \u20139 de setembre\u00a0 fins al 5 de desembre (59 dies lectius)<\/p>\n<p>Proves trimestrals de batxillerat: 27, 28 i 29 novembre<\/p>\n<p>Preavaluaci\u00f3: 22 i 23 d&#8217;octubre (Batxillerat i PFI), 29 i 30 d&#8217;octubre (ESO)<\/p>\n<p>Juntes d\u2019avaluaci\u00f3:\u00a010 de desembre (Batxillerat),<br \/>\n                    11 i 12 de desembre (ESO);<\/p>\n<p>Lliurament de notes: 20 de desembre de 9:00h a 11:00h.<\/p>\n<p>Dinar de Nadal: 13 de desembre .<\/p>\n<p>Sortida Batxillerat: 18 i 19\u00a0 de desembre.<\/td>\n<td style=\"width: 29.8551%;\" width=\"210\">&nbsp;<\/p>\n<p>Del 9 de desembre fins al 14 de mar\u00e7 (57 dies lectius)<\/p>\n<p>Proves trimestrals de batxillerat:\u00a0 12, 13 i 14 de mar\u00e7.<\/p>\n<p>Canvi\u00a0 quadrimestre: 27 de gener.<\/p>\n<p>Carnaval: 28 de febrer<\/p>\n<p>Dia de la dona: 8 de mar\u00e7<\/p>\n<p>Juntes d\u2019avaluaci\u00f3:\u00a0 24 de mar\u00e7 (Batxillerat),<br \/>\n                     25 i 26 de mar\u00e7 (ESO);<\/p>\n<p>Lliurament de notes: <strong>\u00a0<\/strong>28 de mar\u00e7 de 9:00h a 11:00h.<\/p>\n<p>Jornada de portes obertes:<br \/>\n                           -Educaci\u00f3 Secund\u00e0ria Obligat\u00f2ria (ESO):<br \/>\n                           Dilluns 26 de febrer a les 17:00 hores<\/p>\n<p>                           -Batxillerat:<br \/>\n                           Dimecres 2 d\u2019abril a les 16:30 hores<\/p>\n<p>&nbsp;<\/td>\n<td style=\"width: 38.6957%;\" width=\"271\">&nbsp;<\/p>\n<p>Del 17 de mar\u00e7 fins al 6 de juny (52 dies lectius)<\/p>\n<p>20 de juny: fi del per\u00edode lectiu<\/p>\n<p>Viatge 2n de Batxillerat i CFGS: setmana del 17 al 21 de mar\u00e7 (a confirmar).<\/p>\n<p>Activitats Sant Jordi: 23 d&#8217;abril<\/p>\n<p>Prova Compet\u00e8ncies B\u00e0siques (2n i 4rt d&#8217;ESO): (a confirmar)<\/p>\n<p>Final 2n Batx: 9 de maig.\u00a0 Proves finals: 13, 14, 15 i 16 de maig.<\/p>\n<p>Junta final ordin\u00e0ria 2n Batxillerat: 19 de maig<\/p>\n<p>Lliurament notes final ordin\u00e0ria 2n Batx:\u00a0 20 de maig<\/p>\n<p>Preparaci\u00f3 PAU + activitats repesca extraordin\u00e0ria: del 19 de maig al 6 de juny.<\/p>\n<p>PAU: 11, 12 i 13 de juny <\/p>\n<p>Viatge 4t d&#8217;ESO: del 2 al 6 de juny (a confirmar)<\/p>\n<p>Treball de S\u00edntesi de 1r, 2n. 3r \u00a0i 4t \u00a0ESO: del 10 al 18 juny.<\/p>\n<p>Activitats de recuperaci\u00f3\/ pujada de nota ESO + Batx: 14 al 20 de juny<\/p>\n<p>Activitats de cohesi\u00f3: 19 de juny<\/p>\n<p>Lliurament de notes: 20 de juny<\/p>\n<p>Reclamaci\u00f3 de notes: des de 9:00 a les 13:00 del 20 de juny<\/p>\n<p>Festa Graduaci\u00f3 : a determinar.<\/td>\n<\/tr>\n<\/tbody>\n<\/table>\n<h5><strong><u>CICLES FORMATIUS I PFI<\/u><\/strong><\/h5>\n<table style=\"width: 49.8915%;\" width=\"691\">\n<tbody>\n<tr>\n<td style=\"width: 30%;\" width=\"210\"><strong>\u00a0<\/strong><\/p>\n<p><strong>1r TRIMESTRE<\/strong><\/td>\n<td style=\"width: 29.8551%;\" width=\"210\"><strong>\u00a0<\/strong><\/p>\n<p><strong>2n TRIMESTRE<\/strong><\/td>\n<td style=\"width: 38.6957%;\" width=\"271\"><strong>\u00a0<\/strong><\/p>\n<p><strong>3r TRIMESTRE <\/strong><\/td>\n<\/tr>\n<tr>\n<td style=\"width: 30%;\" width=\"210\">&nbsp;<\/p>\n<p>Inici \u201312 de setembre\u00a0 fins al 5 de desembre (59 dies lectius)<\/p>\n<p>Jornades d&#8217;Acollida: 12 i 13 de setembre<\/p>\n<p>Sortida Cicles Castanyada: octubre (a determinar)<\/p>\n<p>Reuni\u00f3 de preavaluaci\u00f3 PFI: 25 d&#8217;octubre<\/p>\n<p>Reunions d&#8217;avaluaci\u00f3: 11 i 18 de desembre (de 13:00 a 17:00) (Cicles)<br \/>\n                      13 de desembre (PFI)<\/p>\n<p>Dinar de Nadal: 13 de desembre .<\/p>\n<p>Lliurament de notes: 20 de desembre<\/td>\n<td style=\"width: 29.8551%;\" width=\"210\">&nbsp;<\/p>\n<p>Del 9 de desembre fins al 14 de mar\u00e7 (57 dies lectius)<\/p>\n<p>Canvi\u00a0 quadrimestre: 24 de gener.<\/p>\n<p>Carnaval: 28 de febrer<\/p>\n<p>Activitats dia de la dona: 7 de mar\u00e7<\/p>\n<p>Juntes d\u2019avaluaci\u00f3:\u00a0 19 i 26 de mar\u00e7 (de 13:00 a 17:00) (Cicles),<br \/>\n                     21 de mar\u00e7 (PFI);<\/p>\n<p>Lliurament de notes: <strong>\u00a0<\/strong>28 de mar\u00e7.<\/p>\n<p>Jornada de portes obertes:<br \/>\n                           -Cicles Formatius i Programes de Formaci\u00f3 i Inserci\u00f3 (PFI):<br \/>\n                           Dimecres 2 d\u2019abril a les 17:30 hores de mar\u00e7<\/p>\n<p>&nbsp;<\/td>\n<td style=\"width: 38.6957%;\" width=\"271\">&nbsp;<\/p>\n<p>Del 17 de mar\u00e7 fins al 30 de maig (52 dies lectius)<\/p>\n<p>13 de juny: fi del per\u00edode lectiu<\/p>\n<p>Viatge 2n de Batxillerat i CFGS: setmana del 17 al 21 de mar\u00e7 (a confirmar).<\/p>\n<p>Fi de classes ordin\u00e0ries: 16 de maig (2n CFGS),<br \/>\n                          30 de maig (CFGM i 1r CFGS),<br \/>\n                          4 de juny (PFI).\u00a0 <\/p>\n<p>Inici de l\u2019ampliaci\u00f3 de l\u2019horari d\u2019FCT: 2 de juny<\/p>\n<p>Classes d\u2019ampliaci\u00f3 i refor\u00e7 (en l\u2019horari habitual): del 2 al 6 de juny<\/p>\n<p>M\u00f2dul Projecte Integrat PFI: del 2 al 13 de juny.<\/p>\n<p>Juntes d&#8217;avaluaci\u00f3 1a covocat\u00f2ria: 21 de maig (de 14:00 a 15:00) (2n CFGS),<br \/>\n                                   3 de juny (de 13:00 a 16:00) i 4 de juny (de 13:00 a 17:00) (CFGM i 1r CFGS),<br \/>\n                                   6 de juny (PFI).<\/p>\n<p>Lliurament notes 1a convocat\u00f2ria:\u00a023 de maig (2n CFGS),<br \/>\n                                  6 de juny (CFGM i 1r CFGS),<br \/>\n                                  11 de juny (PFI).<\/p>\n<p>PAU: 11, 12 i 13 de juny <\/p>\n<p>Inici jornada intensiva professorat (mat\u00ed): 10 de juny<\/p>\n<p>Proves 2a convocatoria: 10, 11, 12 i 13 de juny<\/p>\n<p>Juntes d\u2019avaluaci\u00f3 2a convocat\u00f2ria: 16 i 17 de juny<\/p>\n<p>Lliurament de notes 2a convocat\u00f2ria: 20 de juny<\/p>\n<p>Reclamaci\u00f3 de notes: des de 9:00 a les 13:00 del 20 de juny<\/p>\n<p>Festa Graduaci\u00f3 : a determinar.<\/td>\n<\/tr>\n<\/tbody>\n<\/table>\n<p>FESTIUS DEL CURS<\/p>\n<p>&nbsp;<\/p>\n<table width=\"685\">\n<tbody>\n<tr>\n<td width=\"214\"><strong>\u00a0<\/strong><\/p>\n<p><strong>1r TRIMESTRE<\/strong><\/td>\n<td width=\"214\"><strong>\u00a0<\/strong><\/p>\n<p><strong>2n TRIMESTRE<\/strong><\/td>\n<td width=\"257\"><strong>\u00a0<\/strong><\/p>\n<p><strong>3r TRIMESTRE <\/strong><\/td>\n<\/tr>\n<tr>\n<td width=\"214\">&nbsp;<\/p>\n<p><u>11 de setembre:<\/u> Diada de Catalunya<\/p>\n<p><u>1 de novembre: <\/u>Tots Sants<\/p>\n<p><u>4 de novembre:<\/u> Lliure disposici\u00f3<\/p>\n<p>&nbsp;<\/p>\n<p>&nbsp;<\/td>\n<td width=\"214\">&nbsp;<\/p>\n<p><u>6 de desembre<\/u>: Constituci\u00f3 del 78<\/p>\n<p><u>Del 23 de desembre al 7 de gener(inclosos)<\/u>: Vacances de Nadal.<\/p>\n<p><u>14 de febrer<\/u>: Lliure disposici\u00f3<\/p>\n<p><u>3 de mar\u00e7<\/u>: Lliure disposici\u00f3<\/td>\n<td width=\"257\">&nbsp;<\/p>\n<p><u>Del 14 al 21 d\u2019abril (inclosos)<\/u>: Setmana Santa.<\/p>\n<p><u>1 de maig<\/u>: Dia del treballador<\/p>\n<p><u>2 de maig<\/u>: Lliure disposici\u00f3<\/p>\n<p><u>12 de maig<\/u>: Sant Anastasi<\/p>\n<p><u>9 de juny<\/u>: 2a Pasqua<\/td>\n<\/tr>\n<\/tbody>\n<\/table>\n<p>&nbsp;<\/p>\n","protected":false},"excerpt":{"rendered":"<p>CALENDARI DEL CURS 2024-2025<br \/>\nESO I BATXILLERAT<\/p>\n<p>\u00a0<br \/>\n1r TRIMESTRE<br \/>\n\u00a0<br \/>\n2n TRIMESTRE<br \/>\n\u00a0<br \/>\n3r TRIMESTRE <\/p>\n<p>&nbsp;<br \/>\nInici \u20139 de setembre\u00a0 fins al 5 de desembre (59 dies lectius)<br \/>\nProves trimestrals de batxillerat: 27, 28 i 29 novembre<br \/>\nPreavaluaci\u00f3: 22 i 23 d&#8217;octubre (Batxillerat i PFI), 29 i 30 d&#8217;octubre (ESO)<br \/>\nJuntes d\u2019avaluaci\u00f3:\u00a010 de desembre (Batxillerat),<br \/>\n&hellip;  <a href=\"https:\/\/agora.xtec.cat\/ies-enric-borras\/linstitut\/calendari-del-curs\/\" title=\"Read Calendari del curs\">Llegeix m\u00e9s\u00bb<\/a><\/p>\n","protected":false},"author":1,"featured_media":0,"parent":19,"menu_order":70,"comment_status":"closed","ping_status":"closed","template":"page-templates\/side-menu.php","meta":{"_bbp_topic_count":0,"_bbp_reply_count":0,"_bbp_total_topic_count":0,"_bbp_total_reply_count":0,"_bbp_voice_count":0,"_bbp_anonymous_reply_count":0,"_bbp_topic_count_hidden":0,"_bbp_reply_count_hidden":0,"_bbp_forum_subforum_count":0,"footnotes":""},"class_list":["post-52","page","type-page","status-publish","hentry"],"post_mailing_queue_ids":[],"_links":{"self":[{"href":"https:\/\/agora.xtec.cat\/ies-enric-borras\/wp-json\/wp\/v2\/pages\/52","targetHints":{"allow":["GET"]}}],"collection":[{"href":"https:\/\/agora.xtec.cat\/ies-enric-borras\/wp-json\/wp\/v2\/pages"}],"about":[{"href":"https:\/\/agora.xtec.cat\/ies-enric-borras\/wp-json\/wp\/v2\/types\/page"}],"author":[{"embeddable":true,"href":"https:\/\/agora.xtec.cat\/ies-enric-borras\/wp-json\/wp\/v2\/users\/1"}],"replies":[{"embeddable":true,"href":"https:\/\/agora.xtec.cat\/ies-enric-borras\/wp-json\/wp\/v2\/comments?post=52"}],"version-history":[{"count":6,"href":"https:\/\/agora.xtec.cat\/ies-enric-borras\/wp-json\/wp\/v2\/pages\/52\/revisions"}],"predecessor-version":[{"id":8346,"href":"https:\/\/agora.xtec.cat\/ies-enric-borras\/wp-json\/wp\/v2\/pages\/52\/revisions\/8346"}],"up":[{"embeddable":true,"href":"https:\/\/agora.xtec.cat\/ies-enric-borras\/wp-json\/wp\/v2\/pages\/19"}],"wp:attachment":[{"href":"https:\/\/agora.xtec.cat\/ies-enric-borras\/wp-json\/wp\/v2\/media?parent=52"}],"curies":[{"name":"wp","href":"https:\/\/api.w.org\/{rel}","templated":true}]}}