{"id":46,"date":"2014-09-17T16:53:45","date_gmt":"2014-09-17T16:53:45","guid":{"rendered":"http:\/\/agora.xtec.cat\/ies-enric-borras\/?page_id=46"},"modified":"2026-02-10T09:49:29","modified_gmt":"2026-02-10T08:49:29","slug":"organigrama","status":"publish","type":"page","link":"https:\/\/agora.xtec.cat\/ies-enric-borras\/linstitut\/organigrama\/","title":{"rendered":"Organigrama"},"content":{"rendered":"<p><a href=\"https:\/\/drive.google.com\/file\/d\/1bfnZhG2xqMlhNpnFuqoxWZxit2vLmOv0\/view?usp=sharing\">Correus EBORRAS Profes 25_26<\/a><\/p>\n<h5><strong>EQUIP DE GESTI\u00d3<\/strong><\/h5>\n<p style=\"text-align: left;\">ELISA S\u00c1NCHEZ DE OCA\u00d1A.<strong>DIRECTORA<\/strong><br \/>\nJULI\u00c1N HUESO.\u00a0<strong>SOTSDIRECTOR<\/strong><br \/>\nM\u00d2NICA RAMOS. <strong>CAP D\u2019ESTUDIS<\/strong><br \/>\nMONTSERRAT VILARRUBLA.<strong> COORDINADORA PEDAG\u00d2GICA<\/strong><br \/>\nMARC VALL\u00c9S <strong>SECRETARI<\/strong><\/p>\n<p>&nbsp;<\/p>\n<h5><strong>CAPS DE DEPARTAMENT<\/strong><\/h5>\n<ul>\n<li>LLU\u00cdS MAYENCH. <strong> LLENG\u00dcES (Catal\u00e0 i AA) \u00a0\u00a0\u00a0\u00a0\u00a0\u00a0\u00a0\u00a0\u00a0\u00a0\u00a0\u00a0\u00a0 \u00a0\u00a0\u00a0\u00a0\u00a0\u00a0\u00a0\u00a0\u00a0\u00a0\u00a0 <\/strong><\/li>\n<li>CRISTINA GARC\u00cdA<strong>. Dep. LLENG\u00dcES (Castell\u00e0)<\/strong><\/li>\n<li>RAUL BUJARD\u00d3N. <strong> IDIOMES<\/strong><\/li>\n<li>\u00c0NGELS FERRARONS. <strong> ED. F\u00cdSICA i \u00c0MBIT ART\u00cdSTIC<\/strong><\/li>\n<li>CHRISTIAN GRECCO.\u00a0<strong> SOCIALS<\/strong><\/li>\n<li>IMMA VALLS. <strong> CI\u00c8NCIES<\/strong><\/li>\n<li>CARLOS OBRERO.<strong> MATEM\u00c0TIQUES I TECNOLOGIA<\/strong><\/li>\n<li>M\u00aa \u00c0NGELS GAGO. <strong> ORIENTACI\u00d3<\/strong><\/li>\n<li>SONIA MONJO.<strong> IMATGE PERSONAL<\/strong><\/li>\n<\/ul>\n<p>&nbsp;<\/p>\n<h5><strong>COORDINADORS\u00a0DE NIVELL<\/strong><\/h5>\n<p>MARINA MART\u00cdNEZ-<strong>1r ESO<\/strong><br \/>\nISABEL R\u00c0FOLS\u2013 <strong>2n ESO<\/strong><br \/>\nELENA PIP\u00d3\u2013<strong>3r ESO<\/strong><br \/>\nWILSON RICHETTI\u2013 <strong>4t ESO<\/strong><br \/>\nFERNANDA SANZ- <strong>Batxillerat<\/strong><br \/>\nADRI\u00c0 PELEATO-<strong>Cicles Formatius<\/strong><\/p>\n<h5><strong>SIEI<\/strong><\/h5>\n<p>TATIANA ESCOBAR<br \/>\nCYRA GARRIDO<\/p>\n<p>&nbsp;<\/p>\n<h5><strong>ALTRES C\u00c0RRECS<\/strong><\/h5>\n<p>SORAYA LENA. <strong>Coord. D\u2019ACT. I SERVEIS<\/strong><br \/>\nMANUEL AZNAR. <strong>Pla Catal\u00e0 de l&#8217;esport <\/strong><br \/>\nFERNANDA SANZ. <strong>Coord. RISCOS LABORALS<\/strong><br \/>\nPAULA LLOPIS.<strong> Coord. LIC<\/strong><br \/>\nALBA MART\u00cdNEZ. <strong>Coord. ERASMUS+ ESO i BATXILLERAT<\/strong><br \/>\nMELISSA GARC\u00cdA.\u00a0<strong>Coord. ERASMUS+ CICLES FORMATIUS<\/strong><br \/>\nELISABET PINO<strong>\u00a0 Coord. INFORM\u00c0TICA<\/strong><br \/>\nSONIA NIUB\u00d3<strong> Coordinador FCT<\/strong><br \/>\nS\u00d2NIA MONJO <strong>Coordinador FP DUAL<\/strong><br \/>\nVANESSA LAFARGA <strong>Coordinador PFI<\/strong><\/p>\n<p>&nbsp;<\/p>\n<h5><strong>ATENCIONS PSICOPEDAG\u00d2GIQUES INDIVIDUALITZADES<\/strong><\/h5>\n<p>Sandra Doncel<br \/>\nM. \u00c0ngels Gago<br \/>\nSoraya Lena<br \/>\nMiriam Jordana<br \/>\nJoanmi Ledesma<br \/>\nMarina Socias<\/p>\n<p>&nbsp;<\/p>\n<h5><strong>TUTORIES<\/strong><\/h5>\n<p><strong>1r A. ESO.<\/strong> Gerard P\u00e9rez<br \/>\n<strong>1r B. ESO.<\/strong> Carlota Mas<br \/>\n<strong>1r C. ESO.<\/strong> Marina Mart\u00ednez<br \/>\n<strong>1r D. ESO.<\/strong> Lorena Muelas<br \/>\n<strong>1r E. ESO.\u00a0<\/strong>Sandra Garrido<br \/>\n<strong>1r F. ESO.<\/strong> Joanmi Ledesma-Le\u00f3n<br \/>\n<strong>2n A. ESO.<\/strong> Laura Orpinell<br \/>\n<strong>2n B. ESO.<\/strong> Vanessa Uceira<br \/>\n<strong>2n C. ESO.<\/strong> Isabel R\u00e0fols<br \/>\n<strong>2n D. ESO. <\/strong>Elisenda Selvas<br \/>\n<strong>2n E. ESO. <\/strong>Cristina Garc\u00eda<br \/>\n<strong>2n F. ESO. <\/strong>N\u00faria Herrera<br \/>\n<strong>3r A. ESO.<\/strong> Montse P\u00e1ez<br \/>\n<strong>3r B. ESO.<\/strong> Jos\u00e9 Antonio Moya<br \/>\n<strong>3r C. ESO.<\/strong> Ra\u00fal Bujard\u00f3n<br \/>\n<strong>3r D. ESO.<\/strong> Elena Pip\u00f3<br \/>\n<strong>3r E. ESO.<\/strong> Alex Rib\u00f3<br \/>\n<strong>4t A. ESO.<\/strong> Manuel Aznar<br \/>\n<strong>4t B. ESO.<\/strong> Ma \u00c0ngels Gago<br \/>\n<strong>4t C. ESO.<\/strong> Valentina Gall\u00ed<br \/>\n<strong>4t D. ESO.<\/strong> Christian Grecco<br \/>\n<strong>4t E. ESO.<\/strong> Wilson Richetti<br \/>\n<strong>AULA D&#8217;ACOLLIDA. <\/strong>Paula Llopis<br \/>\n<strong>1r. BATX. C-T.<\/strong> Rogelio Ca\u00f1edo<br \/>\n<strong><strong>1r. BATX. H-S.\u00a0 <\/strong><\/strong>Fernanda Sanz<strong><br \/>\n<strong>2n. BATX. C-T. <\/strong><\/strong>Pilar Portero<strong><br \/>\n<strong>2n. BATX. H-S.<\/strong><\/strong>Fernando G\u00f3mez<strong><br \/>\n<\/strong><\/p>\n<p><strong>CFGM EST\u00c8TICA:<\/strong><br \/>\n<strong>1R MATI<\/strong> Dolors Cabrera<br \/>\n<strong>2N MATI<\/strong> Marga Lopez<br \/>\n<strong>1R TARDA<\/strong> Isabel Mar\u00eda Villarte<br \/>\n<strong>2N TARDA<\/strong> S\u00f2nia S\u00e1nchez<\/p>\n<p><strong>CFGS EST\u00c8TICA:<\/strong><br \/>\n<strong>1R<\/strong> Raquel Alp\u00e1\u00f1ez<br \/>\n<strong>2N<\/strong> Ana Mill\u00e1n<\/p>\n<p><strong>CFGM PERRUQUERIA:<\/strong><br \/>\n<strong>1R<\/strong> Cristina Jov\u00e9<br \/>\n<strong>2N<\/strong> Laura Garc\u00eda<\/p>\n<p><strong>PFI:<\/strong><br \/>\n<strong>Mat\u00ed<\/strong>: Sandra Doncel<br \/>\n<strong>Tarda<\/strong>: Marina Soc\u00edas<\/p>\n","protected":false},"excerpt":{"rendered":"<p><a href=\"https:\/\/drive.google.com\/file\/d\/1bfnZhG2xqMlhNpnFuqoxWZxit2vLmOv0\/view?usp=sharing\">Correus EBORRAS Profes 25_26<\/a><br \/>\nEQUIP DE GESTI\u00d3<br \/>\nELISA S\u00c1NCHEZ DE OCA\u00d1A.DIRECTORA<br \/>\nJULI\u00c1N HUESO.\u00a0SOTSDIRECTOR<br \/>\nM\u00d2NICA RAMOS. CAP D\u2019ESTUDIS<br \/>\nMONTSERRAT VILARRUBLA. COORDINADORA PEDAG\u00d2GICA<br \/>\nMARC VALL\u00c9S SECRETARI<br \/>\n&nbsp;<br \/>\nCAPS DE DEPARTAMENT<\/p>\n<ul>\n<li>LLU\u00cdS MAYENCH.  LLENG\u00dcES (Catal\u00e0 i AA) \u00a0\u00a0\u00a0\u00a0\u00a0\u00a0\u00a0\u00a0\u00a0\u00a0\u00a0\u00a0\u00a0 \u00a0\u00a0\u00a0\u00a0\u00a0\u00a0\u00a0\u00a0\u00a0\u00a0\u00a0 <\/li>\n<li>CRISTINA GARC\u00cdA. Dep. LLENG\u00dcES (Castell\u00e0)<\/li>\n<li>RAUL BUJARD\u00d3N.  IDIOMES<\/li>\n<li>\u00c0NGELS FERRARONS.  ED. F\u00cdSICA i \u00c0MBIT ART\u00cdSTIC<\/li>\n<li>CHRISTIAN GRECCO.\u00a0&hellip;  <a href=\"https:\/\/agora.xtec.cat\/ies-enric-borras\/linstitut\/organigrama\/\" title=\"Read Organigrama\">Llegeix m\u00e9s\u00bb<\/a><br \/>\n","protected":false},"author":1,"featured_media":0,"parent":19,"menu_order":50,"comment_status":"closed","ping_status":"closed","template":"page-templates\/side-menu.php","meta":{"_bbp_topic_count":0,"_bbp_reply_count":0,"_bbp_total_topic_count":0,"_bbp_total_reply_count":0,"_bbp_voice_count":0,"_bbp_anonymous_reply_count":0,"_bbp_topic_count_hidden":0,"_bbp_reply_count_hidden":0,"_bbp_forum_subforum_count":0,"footnotes":""},"class_list":["post-46","page","type-page","status-publish","hentry"],"post_mailing_queue_ids":[],"_links":{"self":[{"href":"https:\/\/agora.xtec.cat\/ies-enric-borras\/wp-json\/wp\/v2\/pages\/46","targetHints":{"allow":["GET"]}}],"collection":[{"href":"https:\/\/agora.xtec.cat\/ies-enric-borras\/wp-json\/wp\/v2\/pages"}],"about":[{"href":"https:\/\/agora.xtec.cat\/ies-enric-borras\/wp-json\/wp\/v2\/types\/page"}],"author":[{"embeddable":true,"href":"https:\/\/agora.xtec.cat\/ies-enric-borras\/wp-json\/wp\/v2\/users\/1"}],"replies":[{"embeddable":true,"href":"https:\/\/agora.xtec.cat\/ies-enric-borras\/wp-json\/wp\/v2\/comments?post=46"}],"version-history":[{"count":7,"href":"https:\/\/agora.xtec.cat\/ies-enric-borras\/wp-json\/wp\/v2\/pages\/46\/revisions"}],"predecessor-version":[{"id":9077,"href":"https:\/\/agora.xtec.cat\/ies-enric-borras\/wp-json\/wp\/v2\/pages\/46\/revisions\/9077"}],"up":[{"embeddable":true,"href":"https:\/\/agora.xtec.cat\/ies-enric-borras\/wp-json\/wp\/v2\/pages\/19"}],"wp:attachment":[{"href":"https:\/\/agora.xtec.cat\/ies-enric-borras\/wp-json\/wp\/v2\/media?parent=46"}],"curies":[{"name":"wp","href":"https:\/\/api.w.org\/{rel}","templated":true}]}}