{"id":43,"date":"2014-09-17T16:45:07","date_gmt":"2014-09-17T16:45:07","guid":{"rendered":"http:\/\/agora.xtec.cat\/ies-enric-borras\/?page_id=43"},"modified":"2016-05-01T19:43:08","modified_gmt":"2016-05-01T18:43:08","slug":"consell-escolar","status":"publish","type":"page","link":"https:\/\/agora.xtec.cat\/ies-enric-borras\/linstitut\/consell-escolar\/","title":{"rendered":"Consell escolar"},"content":{"rendered":"<p>El <strong>Consell Escolar<\/strong> del centre i el <strong>Claustre de professors<\/strong> s\u00f3n<strong> \u00f2rgans col\u00b7legiats de participaci\u00f3<\/strong> en el control de la gesti\u00f3 dels instituts d\u2019educaci\u00f3 secund\u00e0ria<strong>.<\/strong><\/p>\n<h5><strong>Composici\u00f3<\/strong><\/h5>\n<ul>\n<li>El director, que el presideix.<\/li>\n<li>El cap d\u2019estudis.<\/li>\n<li>Un regidor o un representant de l\u2019Ajuntament, del terme municipal en el qual es troba el centre.<\/li>\n<li>Sis\u00a0 professors elegits pel claustre.<\/li>\n<li>Tres representants dels alumnes i dels pares o tutors dels alumnes elegits per i entre ells, respectivament.<\/li>\n<li>Un representant del personal d\u2019administraci\u00f3 i serveis del centre.<\/li>\n<li>Un membre designat per l\u2019associaci\u00f3 de pares i mares d\u2019alumnes m\u00e9s representativa, d\u2019acord amb el seu nombre d\u2019associats.<\/li>\n<li>El secretari del centre, que actua com a secretari del consell escolar, amb veu i sense vot.<\/li>\n<\/ul>\n<p>En cap cas poden ser escollits representants dels alumnes aquells que han estat objecte de sanci\u00f3 per conductes greument perjudicials per a la conviv\u00e8ncia del centre durant el curs en qu\u00e8 es du a terme el proc\u00e9s electoral o en l\u2019immediat anterior.<\/p>\n<p>En els instituts d\u2019educaci\u00f3 secund\u00e0ria no poden ser representants de l\u2019alumnat aquells que cursen primer o segon curs d\u2019educaci\u00f3 secund\u00e0ria obligat\u00f2ria, per\u00f2 podran participar-hi en els termes que estableixi el reglament de r\u00e8gim interior, amb veu i sense vot.<\/p>\n<h5><strong>Funcions<\/strong><\/h5>\n<p>Corresponen al consell escolar les funcions seg\u00fcents:<\/p>\n<ol style=\"list-style-type: lower-alpha;\">\n<li style=\"padding-left: 30px;\">Aprovar el projecte educatiu i les modificacions corresponents per una majoria de tres cinquenes parts dels membres.<\/li>\n<li style=\"padding-left: 30px;\">Aprovar la programaci\u00f3 general anual del centre i avaluar-ne el desenvolupament i els resultats.<\/li>\n<li style=\"padding-left: 30px;\">Aprovar les propostes d&#8217;acords de coresponsabilitat, convenis i altres acords de col.laboraci\u00f3 del centre amb entitats o institucions.<\/li>\n<li style=\"padding-left: 30px;\">Aprovar les normes d&#8217;organitzaci\u00f3 i funcionament i les modificacions corresponents.<\/li>\n<li style=\"padding-left: 30px;\">Aprovar la carta de comprom\u00eds educatiu.<\/li>\n<li style=\"padding-left: 30px;\">Aprovar el pressupost del centre i el rendiment de comptes.<\/li>\n<li style=\"padding-left: 30px;\">Intervenir en el procediment d&#8217;admissi\u00f3 d&#8217;alumnes.<\/li>\n<li style=\"padding-left: 30px;\">Participar en el procediment de selecci\u00f3 i en la proposta de cessament del director o directora.<\/li>\n<li style=\"padding-left: 30px;\">Intervenir en la resoluci\u00f3 dels conflictes i, si escau, revisar les sancions als alumnes.<\/li>\n<li style=\"padding-left: 30px;\">Aprovar les directrius per a la programaci\u00f3 d&#8217;activitats escolars complement\u00e0ries i d&#8217;activitats extraescolars, i avaluar-ne el desenvolupament.<\/li>\n<li style=\"padding-left: 30px;\">Participar en les an\u00e0lisis i les avaluacions del funcionament general del centre i con\u00e8ixer l&#8217;evoluci\u00f3 del rendiment escolar.<\/li>\n<li style=\"padding-left: 30px;\">Aprovar els criteris de col.laboraci\u00f3 amb altres centres i amb l&#8217;entorn.<\/li>\n<li style=\"padding-left: 30px;\">Qualsevol altra que li sigui atribu\u00efda per les normes legals o reglament\u00e0ries.<\/li>\n<\/ol>\n<h5><strong>Funcionament del Consell escolar<\/strong><\/h5>\n<p>El Consell Escolar del Centre es reuneix preceptivament una vegada al trimestre i sempre que el convoca el seu president o ho sol\u00b7licita almenys un ter\u00e7 dels seus membres. A m\u00e9s, preceptivament, es far\u00e0 una reuni\u00f3 a l&#8217;inici del curs i una al final.<\/p>\n<p>Es procurar\u00e0 que les decisions del Consell Escolar es prenguin per consens. Si no \u00e9s possible arribar a un acord es determinar\u00e0 la decisi\u00f3 per majoria dels membres presents.<\/p>\n<p>La convocat\u00f2ria de les reunions ordin\u00e0ries i extraordin\u00e0ries ser\u00e0 tramesa pel director, amb antelaci\u00f3 suficient, juntament amb la documentaci\u00f3 necess\u00e0ria que hagi de ser objecte de debat.<\/p>\n<h5><strong>Comissions espec\u00edfiques del Consell escolar<\/strong><\/h5>\n<ul>\n<li>\n<h6><strong>Comissi\u00f3 econ\u00f2mica.<\/strong><\/h6>\n<ul>\n<li><strong>Composici\u00f3:<\/strong> Director, que la presideix, el Secretari, un professor, un pare d&#8217;alumne i un alumne, designats pel Consell Escolar d&#8217;entre els seus membres.<\/li>\n<li><strong>Funcions:<\/strong> Aquelles que expressament li delega el Consell escolar. L&#8217;aprovaci\u00f3 del pressupost i la fiscalitzaci\u00f3 dels comptes anuals del centre no s\u00f3n delegables.<\/li>\n<\/ul>\n<\/li>\n<li>\n<h6><strong>Comissi\u00f3 permanent.<\/strong><\/h6>\n<ul>\n<li><strong>Composici\u00f3:\u00a0<\/strong>Director, que la presideix, el Cap d&#8217;estudis i\u00a0 un representant del professorat, un\u00a0 pare\/mare d&#8217;alumnes i un alumne\/a, designats pel Consell Escolar. El Secretari amb veu i sense vot. Un representant de l&#8217;Ajuntament.<\/li>\n<li><strong>Funcions:<\/strong> tracta els problemes urgents.<\/li>\n<\/ul>\n<\/li>\n<li>\n<h6><strong>Comissi\u00f3 de disciplina.<\/strong><\/h6>\n<ul>\n<li><strong>Composici\u00f3:<\/strong> Director, Cap d&#8217;Estudis, Secretari, 1 representant dels professors, 1 representant dels\u00a0 alumnes i un representant dels pares. Tamb\u00e9 es convocaran als pares de l&#8217;alumne, l&#8217;alumne si s&#8217;escau i al tutor\/s del grup.<\/li>\n<li><strong>Funcions:\u00a0<\/strong> Analitzar i valorar els expedients disciplinaris quan hi hagi una proposta d\u2019expulsi\u00f3 cautelar\u00a0 superior a 5 dies o la sanci\u00f3 proposada sigui d\u2019inhabilitaci\u00f3 per cursar estudis en el centre.<\/li>\n<li><strong>Reunions:<\/strong> Segons necessitats.<\/li>\n<\/ul>\n<\/li>\n<\/ul>\n","protected":false},"excerpt":{"rendered":"<p>El Consell Escolar del centre i el Claustre de professors s\u00f3n \u00f2rgans col\u00b7legiats de participaci\u00f3 en el control de la gesti\u00f3 dels instituts d\u2019educaci\u00f3 secund\u00e0ria.<br \/>\nComposici\u00f3<\/p>\n<ul>\n<li>El director, que el presideix.<\/li>\n<li>El cap d\u2019estudis.<\/li>\n<li>Un regidor o un representant de l\u2019Ajuntament, del terme municipal en el qual es troba&hellip;  <a href=\"https:\/\/agora.xtec.cat\/ies-enric-borras\/linstitut\/consell-escolar\/\" title=\"Read Consell escolar\">Llegeix m\u00e9s\u00bb<\/a><br \/>\n","protected":false},"author":1,"featured_media":0,"parent":19,"menu_order":40,"comment_status":"closed","ping_status":"closed","template":"page-templates\/side-menu.php","meta":{"_bbp_topic_count":0,"_bbp_reply_count":0,"_bbp_total_topic_count":0,"_bbp_total_reply_count":0,"_bbp_voice_count":0,"_bbp_anonymous_reply_count":0,"_bbp_topic_count_hidden":0,"_bbp_reply_count_hidden":0,"_bbp_forum_subforum_count":0,"footnotes":""},"class_list":["post-43","page","type-page","status-publish","hentry"],"post_mailing_queue_ids":[],"_links":{"self":[{"href":"https:\/\/agora.xtec.cat\/ies-enric-borras\/wp-json\/wp\/v2\/pages\/43","targetHints":{"allow":["GET"]}}],"collection":[{"href":"https:\/\/agora.xtec.cat\/ies-enric-borras\/wp-json\/wp\/v2\/pages"}],"about":[{"href":"https:\/\/agora.xtec.cat\/ies-enric-borras\/wp-json\/wp\/v2\/types\/page"}],"author":[{"embeddable":true,"href":"https:\/\/agora.xtec.cat\/ies-enric-borras\/wp-json\/wp\/v2\/users\/1"}],"replies":[{"embeddable":true,"href":"https:\/\/agora.xtec.cat\/ies-enric-borras\/wp-json\/wp\/v2\/comments?post=43"}],"version-history":[{"count":4,"href":"https:\/\/agora.xtec.cat\/ies-enric-borras\/wp-json\/wp\/v2\/pages\/43\/revisions"}],"predecessor-version":[{"id":1220,"href":"https:\/\/agora.xtec.cat\/ies-enric-borras\/wp-json\/wp\/v2\/pages\/43\/revisions\/1220"}],"up":[{"embeddable":true,"href":"https:\/\/agora.xtec.cat\/ies-enric-borras\/wp-json\/wp\/v2\/pages\/19"}],"wp:attachment":[{"href":"https:\/\/agora.xtec.cat\/ies-enric-borras\/wp-json\/wp\/v2\/media?parent=43"}],"curies":[{"name":"wp","href":"https:\/\/api.w.org\/{rel}","templated":true}]}}