{"id":39,"date":"2014-09-17T16:36:44","date_gmt":"2014-09-17T16:36:44","guid":{"rendered":"http:\/\/agora.xtec.cat\/ies-enric-borras\/?page_id=39"},"modified":"2020-02-12T14:29:10","modified_gmt":"2020-02-12T13:29:10","slug":"instal%c2%b7lacions","status":"publish","type":"page","link":"https:\/\/agora.xtec.cat\/ies-enric-borras\/linstitut\/instal%c2%b7lacions\/","title":{"rendered":"Instal\u00b7lacions"},"content":{"rendered":"<p>L&#8217;Institut consta de <strong>dos edificis<\/strong> i <strong>dos patis exteriors<\/strong>.<\/p>\n<p>L&#8217;<strong>edifici principal<\/strong>, amb l&#8217;entrada pel passatge dels Encants, t\u00e9 cinc plantes i \u00e9s on es desenvolupa la major part de l&#8217;activitat educativa. Donada la pendent del carrer la porta principal est\u00e0 a la planta 2 de l&#8217;edifici. El tallers d&#8217;est\u00e8tica estan ubicats a la planta -1.<\/p>\n<p>Cada grup classe t\u00e9 assignada una <em>aula referent<\/em> i els alumnes es mouen pel centre a les <em>aules espec\u00edfiques<\/em><\/p>\n<p><em>Aules complement\u00e0ries<\/em>:\u00a0 aules d&#8217;Educaci\u00f3 i Visual i Pl\u00e0stica, aules de M\u00fasica, tallers de Tecnologia, tallers d&#8217;Est\u00e8tica, Laboratoris, Aules d&#8217;Inform\u00e0tica, aula de la SIEI, espais d&#8217;Orientaci\u00f3 i Mediaci\u00f3.<\/p>\n<p>&nbsp;<\/p>\n<p>Al <strong>segon edifici<\/strong>, amb acc\u00e8s des de la benzinera,\u00a0 estan ubicats la cantina, el gimn\u00e0s, la biblioteca, aula del projecte Z, tallers d&#8217;Est\u00e8tica i espai de l&#8217;AMPA.<\/p>\n<p>A l&#8217;hora de l&#8217;esbarjo, els alumnes es distribueixen en dos espais:\u00a0 un espai nom\u00e9s per a alumnes de 1r d&#8217;ESO i un altre pels alumnes de 2n, 3r i 4t d&#8217;ESO.<\/p>\n<p>Els alumnes de Batxillerat i Cicles Formatius poden sortir al carrer durant l&#8217;esbarjo.<\/p>\n<p>&nbsp;<\/p>\n<p>&nbsp;<\/p>\n","protected":false},"excerpt":{"rendered":"<p>L&#8217;Institut consta de dos edificis i dos patis exteriors.<br \/>\nL&#8217;edifici principal, amb l&#8217;entrada pel passatge dels Encants, t\u00e9 cinc plantes i \u00e9s on es desenvolupa la major part de l&#8217;activitat educativa. Donada la pendent del carrer la porta principal est\u00e0 a la planta 2 de l&#8217;edifici.&hellip;  <a href=\"https:\/\/agora.xtec.cat\/ies-enric-borras\/linstitut\/instal%c2%b7lacions\/\" title=\"Read Instal\u00b7lacions\">Llegeix m\u00e9s\u00bb<\/a><\/p>\n","protected":false},"author":1,"featured_media":0,"parent":19,"menu_order":30,"comment_status":"closed","ping_status":"closed","template":"page-templates\/side-menu.php","meta":{"_bbp_topic_count":0,"_bbp_reply_count":0,"_bbp_total_topic_count":0,"_bbp_total_reply_count":0,"_bbp_voice_count":0,"_bbp_anonymous_reply_count":0,"_bbp_topic_count_hidden":0,"_bbp_reply_count_hidden":0,"_bbp_forum_subforum_count":0,"footnotes":""},"class_list":["post-39","page","type-page","status-publish","hentry"],"post_mailing_queue_ids":[],"_links":{"self":[{"href":"https:\/\/agora.xtec.cat\/ies-enric-borras\/wp-json\/wp\/v2\/pages\/39","targetHints":{"allow":["GET"]}}],"collection":[{"href":"https:\/\/agora.xtec.cat\/ies-enric-borras\/wp-json\/wp\/v2\/pages"}],"about":[{"href":"https:\/\/agora.xtec.cat\/ies-enric-borras\/wp-json\/wp\/v2\/types\/page"}],"author":[{"embeddable":true,"href":"https:\/\/agora.xtec.cat\/ies-enric-borras\/wp-json\/wp\/v2\/users\/1"}],"replies":[{"embeddable":true,"href":"https:\/\/agora.xtec.cat\/ies-enric-borras\/wp-json\/wp\/v2\/comments?post=39"}],"version-history":[{"count":2,"href":"https:\/\/agora.xtec.cat\/ies-enric-borras\/wp-json\/wp\/v2\/pages\/39\/revisions"}],"predecessor-version":[{"id":3643,"href":"https:\/\/agora.xtec.cat\/ies-enric-borras\/wp-json\/wp\/v2\/pages\/39\/revisions\/3643"}],"up":[{"embeddable":true,"href":"https:\/\/agora.xtec.cat\/ies-enric-borras\/wp-json\/wp\/v2\/pages\/19"}],"wp:attachment":[{"href":"https:\/\/agora.xtec.cat\/ies-enric-borras\/wp-json\/wp\/v2\/media?parent=39"}],"curies":[{"name":"wp","href":"https:\/\/api.w.org\/{rel}","templated":true}]}}