{"id":21,"date":"2014-09-17T16:14:14","date_gmt":"2014-09-17T16:14:14","guid":{"rendered":"http:\/\/agora.xtec.cat\/ies-enric-borras\/?page_id=21"},"modified":"2016-05-01T20:12:21","modified_gmt":"2016-05-01T19:12:21","slug":"on-som","status":"publish","type":"page","link":"https:\/\/agora.xtec.cat\/ies-enric-borras\/linstitut\/on-som\/","title":{"rendered":"On som"},"content":{"rendered":"<p style=\"color: #666666;\"><strong>Institut Enric Borr\u00e0s<\/strong><br \/>\nPassatge dels Encants, s\/n<br \/>\n08914\u00a0Badalona<\/p>\n<p><iframe loading=\"lazy\" style=\"border: 0;\" src=\"https:\/\/www.google.com\/maps\/embed?pb=!1m14!1m8!1m3!1d1495.3960553310833!2d2.226202!3d41.4437323!3m2!1i1024!2i768!4f13.1!3m3!1m2!1s0x0000000000000000%3A0xe7efc7c6e097efbd!2sInstitut+Public+Enric+Borr%C3%A1s!5e0!3m2!1ses!2sus!4v1452382179295\" width=\"600\" height=\"450\" frameborder=\"0\" allowfullscreen=\"allowfullscreen\"><\/iframe><br \/>\n<strong>Com arribar-hi:<br \/>\n<\/strong><\/p>\n<ul>\n<li>Per metro: Estaci\u00f3 La Salut (l\u00ednia 10) i Gorg (l\u00ednia 2)<\/li>\n<\/ul>\n<p><strong>Escoles adscrites a l&#8217;institut:<br \/>\n<\/strong>Escola\u00a0Josep Carner, Escola\u00a0Margarida Xirgu, Escola\u00a0Feliu i Vegu\u00e9s\u00a0i\u00a0Escola\u00a0Alexandre Gal\u00ed<\/p>\n<p><strong>Correu electr\u00f2nic de contacte:<\/strong><\/p>\n<ul>\n<li><span style=\"font-size: medium;\">B\u00fastia General: <a href=\"mailto:a8045604@xtec.cat\">a8045604@xtec.cat<\/a><\/span><\/li>\n<\/ul>\n","protected":false},"excerpt":{"rendered":"<p>Institut Enric Borr\u00e0s<br \/>\nPassatge dels Encants, s\/n<br \/>\n08914\u00a0Badalona<\/p>\n<p>Com arribar-hi:<\/p>\n<ul>\n<li>Per metro: Estaci\u00f3 La Salut (l\u00ednia 10) i Gorg (l\u00ednia 2)<\/li>\n<\/ul>\n<p>Escoles adscrites a l&#8217;institut:<br \/>\nEscola\u00a0Josep Carner, Escola\u00a0Margarida Xirgu, Escola\u00a0Feliu i Vegu\u00e9s\u00a0i\u00a0Escola\u00a0Alexandre Gal\u00ed<br \/>\nCorreu electr\u00f2nic de contacte:<\/p>\n<ul>\n<li>B\u00fastia General: <a href=\"mailto:a8045604@xtec.cat\">a8045604@xtec.cat<\/a><\/li>\n<\/ul>\n","protected":false},"author":1,"featured_media":0,"parent":19,"menu_order":10,"comment_status":"closed","ping_status":"closed","template":"page-templates\/side-menu.php","meta":{"_bbp_topic_count":0,"_bbp_reply_count":0,"_bbp_total_topic_count":0,"_bbp_total_reply_count":0,"_bbp_voice_count":0,"_bbp_anonymous_reply_count":0,"_bbp_topic_count_hidden":0,"_bbp_reply_count_hidden":0,"_bbp_forum_subforum_count":0,"footnotes":""},"class_list":["post-21","page","type-page","status-publish","hentry"],"post_mailing_queue_ids":[],"_links":{"self":[{"href":"https:\/\/agora.xtec.cat\/ies-enric-borras\/wp-json\/wp\/v2\/pages\/21","targetHints":{"allow":["GET"]}}],"collection":[{"href":"https:\/\/agora.xtec.cat\/ies-enric-borras\/wp-json\/wp\/v2\/pages"}],"about":[{"href":"https:\/\/agora.xtec.cat\/ies-enric-borras\/wp-json\/wp\/v2\/types\/page"}],"author":[{"embeddable":true,"href":"https:\/\/agora.xtec.cat\/ies-enric-borras\/wp-json\/wp\/v2\/users\/1"}],"replies":[{"embeddable":true,"href":"https:\/\/agora.xtec.cat\/ies-enric-borras\/wp-json\/wp\/v2\/comments?post=21"}],"version-history":[{"count":3,"href":"https:\/\/agora.xtec.cat\/ies-enric-borras\/wp-json\/wp\/v2\/pages\/21\/revisions"}],"predecessor-version":[{"id":1224,"href":"https:\/\/agora.xtec.cat\/ies-enric-borras\/wp-json\/wp\/v2\/pages\/21\/revisions\/1224"}],"up":[{"embeddable":true,"href":"https:\/\/agora.xtec.cat\/ies-enric-borras\/wp-json\/wp\/v2\/pages\/19"}],"wp:attachment":[{"href":"https:\/\/agora.xtec.cat\/ies-enric-borras\/wp-json\/wp\/v2\/media?parent=21"}],"curies":[{"name":"wp","href":"https:\/\/api.w.org\/{rel}","templated":true}]}}