{"id":195,"date":"2014-09-22T10:39:39","date_gmt":"2014-09-22T10:39:39","guid":{"rendered":"http:\/\/agora.xtec.cat\/ies-enric-borras\/?page_id=195"},"modified":"2023-02-07T13:44:27","modified_gmt":"2023-02-07T12:44:27","slug":"estudis","status":"publish","type":"page","link":"https:\/\/agora.xtec.cat\/ies-enric-borras\/estudis\/","title":{"rendered":"Estudis"},"content":{"rendered":"<h1 class=\"entry-title\" style=\"font-weight: 400; color: #087eb6;\">ESO<\/h1>\n<p class=\"entry-header\" style=\"color: #444444;\">L&#8217;Institut Enric Borr\u00e0s t\u00e9 <strong>quatre l\u00ednies d&#8217;ESO<\/strong> que desdoblem en 5 grups per nivell. Tenim una<strong> Aula d&#8217;Acollida<\/strong> per als alumnes nouvinguts. Tamb\u00e9 disposem d&#8217;una <strong>aula SIEI<\/strong>.Durant el curs 2020\/21 degut a la pand\u00e8mia hem desdoblat cada nivell en <strong>6 grups estables<\/strong>.<\/p>\n<div class=\"entry-content\" style=\"color: #444444;\">\n<header class=\"entry-header\">&nbsp;<\/p>\n<h1 class=\"entry-title\" style=\"font-weight: 400; color: #087eb6;\">Batxillerat<\/h1>\n<\/header>\n<div class=\"entry-content\">\n<p>Tenim dues modalitats:<\/p>\n<ul>\n<li><strong>Ci\u00e8ncies i tecnologia<\/strong><\/li>\n<li><strong>Humanitas i CCSS<\/strong><\/li>\n<\/ul>\n<\/div>\n<\/div>\n<header class=\"entry-header\" style=\"color: #444444;\">&nbsp;<\/p>\n<h1 class=\"entry-title\" style=\"font-weight: 400; color: #087eb6;\">FORMACI\u00d3 PROFESSIONAL<\/h1>\n<p><strong>Fam\u00edlia professional Imatge personal<\/strong>&nbsp;<\/p>\n<h4>PFI (PROGRAMES de FORMACI\u00d3 i INSERCI\u00d3)<\/h4>\n<ul>\n<li style=\"list-style-type: none;\">\n<ul>\n<li><a href=\"#_PFI_d\u2019Auxiliar_en\">Auxiliar en imatge personal: perruqueria i est\u00e8tica<\/a><em>(mat\u00ed i tarda)<\/em><\/li>\n<\/ul>\n<\/li>\n<\/ul>\n<h4>CICLES FORMATIUS<\/h4>\n<h5 style=\"text-align: left;\">\u00a0 \u00a0 CFGM<\/h5>\n<ul>\n<li style=\"list-style-type: none;\">\n<ul>\n<li><a href=\"#_Est\u00e8tica_i_bellesa\">CFGM Est\u00e8tica i bellesa<\/a><em>( mat\u00ed i tarda)<\/em><\/li>\n<li><a href=\"#_Perruqueria_i_cosm\u00e8tica\">CFGM Perruqueria i cosm\u00e8tica capil\u00b7lar<\/a><em>(mat\u00ed )<\/em><\/li>\n<\/ul>\n<\/li>\n<\/ul>\n<h5>\u00a0 \u00a0 CFGS<\/h5>\n<ul>\n<li style=\"list-style-type: none;\">\n<ul>\n<li><a href=\"#_CFGS_Est\u00e8tica_integral_1\">CFGS Est\u00e8tica integral i benestar<\/a><em>(mat\u00ed)\u00a0<\/em><em>FORMACI\u00d3 EN DUAL<\/em><\/li>\n<\/ul>\n<\/li>\n<\/ul>\n<\/header>\n<p>&nbsp;<\/p>\n<div class=\"entry-content\" style=\"color: #444444;\">\n<p>&nbsp;<\/p>\n<\/div>\n","protected":false},"excerpt":{"rendered":"<p>ESO<br \/>\nL&#8217;Institut Enric Borr\u00e0s t\u00e9 quatre l\u00ednies d&#8217;ESO que desdoblem en 5 grups per nivell. Tenim una Aula d&#8217;Acollida per als alumnes nouvinguts. Tamb\u00e9 disposem d&#8217;una aula SIEI.Durant el curs 2020\/21 degut a la pand\u00e8mia hem desdoblat cada nivell en 6 grups estables.<\/p>\n<p>&nbsp;<br \/>\nBatxillerat<\/p>\n<p>Tenim dues modalitats:<\/p>\n<ul>\n<li>Ci\u00e8ncies i&hellip;  <a href=\"https:\/\/agora.xtec.cat\/ies-enric-borras\/estudis\/\" title=\"Read Estudis\">Llegeix m\u00e9s\u00bb<\/a><br \/>\n","protected":false},"author":1,"featured_media":0,"parent":0,"menu_order":0,"comment_status":"closed","ping_status":"closed","template":"","meta":{"_bbp_topic_count":0,"_bbp_reply_count":0,"_bbp_total_topic_count":0,"_bbp_total_reply_count":0,"_bbp_voice_count":0,"_bbp_anonymous_reply_count":0,"_bbp_topic_count_hidden":0,"_bbp_reply_count_hidden":0,"_bbp_forum_subforum_count":0,"footnotes":""},"class_list":["post-195","page","type-page","status-publish","hentry"],"post_mailing_queue_ids":[],"_links":{"self":[{"href":"https:\/\/agora.xtec.cat\/ies-enric-borras\/wp-json\/wp\/v2\/pages\/195","targetHints":{"allow":["GET"]}}],"collection":[{"href":"https:\/\/agora.xtec.cat\/ies-enric-borras\/wp-json\/wp\/v2\/pages"}],"about":[{"href":"https:\/\/agora.xtec.cat\/ies-enric-borras\/wp-json\/wp\/v2\/types\/page"}],"author":[{"embeddable":true,"href":"https:\/\/agora.xtec.cat\/ies-enric-borras\/wp-json\/wp\/v2\/users\/1"}],"replies":[{"embeddable":true,"href":"https:\/\/agora.xtec.cat\/ies-enric-borras\/wp-json\/wp\/v2\/comments?post=195"}],"version-history":[{"count":5,"href":"https:\/\/agora.xtec.cat\/ies-enric-borras\/wp-json\/wp\/v2\/pages\/195\/revisions"}],"predecessor-version":[{"id":6685,"href":"https:\/\/agora.xtec.cat\/ies-enric-borras\/wp-json\/wp\/v2\/pages\/195\/revisions\/6685"}],"wp:attachment":[{"href":"https:\/\/agora.xtec.cat\/ies-enric-borras\/wp-json\/wp\/v2\/media?parent=195"}],"curies":[{"name":"wp","href":"https:\/\/api.w.org\/{rel}","templated":true}]}}