{"id":887,"date":"2016-09-27T14:38:29","date_gmt":"2016-09-27T13:38:29","guid":{"rendered":"http:\/\/agora.xtec.cat\/ies-eltiller\/?page_id=887"},"modified":"2023-01-19T12:44:38","modified_gmt":"2023-01-19T11:44:38","slug":"portatils-a-laula","status":"publish","type":"page","link":"https:\/\/agora.xtec.cat\/ies-eltiller\/linstitut\/portatils-a-laula\/","title":{"rendered":"Port\u00e0tils a l&#8217;aula"},"content":{"rendered":"<p>L&#8217;alumnat del centre ha de portar a classe l&#8217;ordinador port\u00e0til nom\u00e9s quan el professorat ho demani. Tot l&#8217;alumnat del centre ha de seguir les normes d&#8217;\u00fas.<\/p>\n<p><iframe loading=\"lazy\" title=\"Seguretat dels dispositius\" width=\"500\" height=\"281\" src=\"https:\/\/www.youtube.com\/embed\/0VnSiVoh4rw?feature=oembed\" frameborder=\"0\" allow=\"accelerometer; autoplay; clipboard-write; encrypted-media; gyroscope; picture-in-picture; web-share\" referrerpolicy=\"strict-origin-when-cross-origin\" allowfullscreen><\/iframe><\/p>\n<p><iframe loading=\"lazy\" title=\"Consells per tenir cura de l&#039;ordinador\" width=\"500\" height=\"281\" src=\"https:\/\/www.youtube.com\/embed\/bYiWW8yu3kQ?feature=oembed\" frameborder=\"0\" allow=\"accelerometer; autoplay; clipboard-write; encrypted-media; gyroscope; picture-in-picture; web-share\" referrerpolicy=\"strict-origin-when-cross-origin\" allowfullscreen><\/iframe><\/p>\n<p>&nbsp;<\/p>\n","protected":false},"excerpt":{"rendered":"<p>L&#8217;alumnat del centre ha de portar a classe l&#8217;ordinador port\u00e0til nom\u00e9s quan el professorat ho demani. Tot l&#8217;alumnat del centre ha de seguir les normes d&#8217;\u00fas.<\/p>\n<p>&nbsp;<\/p>\n","protected":false},"author":1,"featured_media":0,"parent":19,"menu_order":110,"comment_status":"closed","ping_status":"closed","template":"page-templates\/side-menu.php","meta":{"_bbp_topic_count":0,"_bbp_reply_count":0,"_bbp_total_topic_count":0,"_bbp_total_reply_count":0,"_bbp_voice_count":0,"_bbp_anonymous_reply_count":0,"_bbp_topic_count_hidden":0,"_bbp_reply_count_hidden":0,"_bbp_forum_subforum_count":0,"footnotes":""},"class_list":["post-887","page","type-page","status-publish","hentry"],"post_mailing_queue_ids":[],"_links":{"self":[{"href":"https:\/\/agora.xtec.cat\/ies-eltiller\/wp-json\/wp\/v2\/pages\/887","targetHints":{"allow":["GET"]}}],"collection":[{"href":"https:\/\/agora.xtec.cat\/ies-eltiller\/wp-json\/wp\/v2\/pages"}],"about":[{"href":"https:\/\/agora.xtec.cat\/ies-eltiller\/wp-json\/wp\/v2\/types\/page"}],"author":[{"embeddable":true,"href":"https:\/\/agora.xtec.cat\/ies-eltiller\/wp-json\/wp\/v2\/users\/1"}],"replies":[{"embeddable":true,"href":"https:\/\/agora.xtec.cat\/ies-eltiller\/wp-json\/wp\/v2\/comments?post=887"}],"version-history":[{"count":4,"href":"https:\/\/agora.xtec.cat\/ies-eltiller\/wp-json\/wp\/v2\/pages\/887\/revisions"}],"predecessor-version":[{"id":6951,"href":"https:\/\/agora.xtec.cat\/ies-eltiller\/wp-json\/wp\/v2\/pages\/887\/revisions\/6951"}],"up":[{"embeddable":true,"href":"https:\/\/agora.xtec.cat\/ies-eltiller\/wp-json\/wp\/v2\/pages\/19"}],"wp:attachment":[{"href":"https:\/\/agora.xtec.cat\/ies-eltiller\/wp-json\/wp\/v2\/media?parent=887"}],"curies":[{"name":"wp","href":"https:\/\/api.w.org\/{rel}","templated":true}]}}