{"id":8632,"date":"2025-10-07T18:33:26","date_gmt":"2025-10-07T16:33:26","guid":{"rendered":"https:\/\/agora.xtec.cat\/ies-eltiller\/?page_id=8632"},"modified":"2025-10-12T11:00:04","modified_gmt":"2025-10-12T09:00:04","slug":"mufps","status":"publish","type":"page","link":"https:\/\/agora.xtec.cat\/ies-eltiller\/projecte-educatiu\/mufps\/","title":{"rendered":"Programa d\u2019Innovaci\u00f3 PINN MUFPS"},"content":{"rendered":"<p>Programa d&#8217;innovaci\u00f3 pedag\u00f2gica de pr\u00e0ctiques del m\u00e0ster universitari de Formaci\u00f3 del Professorat d&#8217;Educaci\u00f3 Secund\u00e0ria Obligat\u00f2ria i Batxillerat, Formaci\u00f3 Professional i Ensenyament d&#8217;Idiomes en Centres Educatius.<\/p>\n<h4><strong><a href=\"https:\/\/agora.xtec.cat\/ies-eltiller\/wp-content\/uploads\/usu1312\/2025\/10\/Publicacio-web-1.pdf\" target=\"_blank\" rel=\"noopener\">&#8211; Programa d\u2019Innovaci\u00f3 PINN MUFPS<\/a><\/strong><\/h4>\n<h4>&#8211; <a href=\"https:\/\/agora.xtec.cat\/ies-eltiller\/wp-content\/uploads\/usu1312\/2025\/10\/PLA-DACOLLIDA-DE-LALUMNAT-UNIVERSITARI-DE-PRACTIQUES-MUFPS.docx.pdf\" target=\"_blank\" rel=\"noopener\">PLA D\u2019ACOLLIDA DE L\u2019ALUMNAT UNIVERSITARI DE PR\u00c0CTIQUES MUFPS<\/a><\/h4>\n","protected":false},"excerpt":{"rendered":"<p>Programa d&#8217;innovaci\u00f3 pedag\u00f2gica de pr\u00e0ctiques del m\u00e0ster universitari de Formaci\u00f3 del Professorat d&#8217;Educaci\u00f3 Secund\u00e0ria Obligat\u00f2ria i Batxillerat, Formaci\u00f3 Professional i Ensenyament d&#8217;Idiomes en Centres Educatius.<br \/>\n<a href=\"https:\/\/agora.xtec.cat\/ies-eltiller\/wp-content\/uploads\/usu1312\/2025\/10\/Publicacio-web-1.pdf\" target=\"_blank\" rel=\"noopener\">&#8211; Programa d\u2019Innovaci\u00f3 PINN MUFPS<\/a><br \/>\n&#8211; <a href=\"https:\/\/agora.xtec.cat\/ies-eltiller\/wp-content\/uploads\/usu1312\/2025\/10\/PLA-DACOLLIDA-DE-LALUMNAT-UNIVERSITARI-DE-PRACTIQUES-MUFPS.docx.pdf\" target=\"_blank\" rel=\"noopener\">PLA D\u2019ACOLLIDA DE L\u2019ALUMNAT UNIVERSITARI DE PR\u00c0CTIQUES MUFPS<\/a><\/p>\n","protected":false},"author":1,"featured_media":0,"parent":57,"menu_order":14,"comment_status":"closed","ping_status":"closed","template":"","meta":{"_bbp_topic_count":0,"_bbp_reply_count":0,"_bbp_total_topic_count":0,"_bbp_total_reply_count":0,"_bbp_voice_count":0,"_bbp_anonymous_reply_count":0,"_bbp_topic_count_hidden":0,"_bbp_reply_count_hidden":0,"_bbp_forum_subforum_count":0,"footnotes":""},"class_list":["post-8632","page","type-page","status-publish","hentry"],"post_mailing_queue_ids":[],"_links":{"self":[{"href":"https:\/\/agora.xtec.cat\/ies-eltiller\/wp-json\/wp\/v2\/pages\/8632","targetHints":{"allow":["GET"]}}],"collection":[{"href":"https:\/\/agora.xtec.cat\/ies-eltiller\/wp-json\/wp\/v2\/pages"}],"about":[{"href":"https:\/\/agora.xtec.cat\/ies-eltiller\/wp-json\/wp\/v2\/types\/page"}],"author":[{"embeddable":true,"href":"https:\/\/agora.xtec.cat\/ies-eltiller\/wp-json\/wp\/v2\/users\/1"}],"replies":[{"embeddable":true,"href":"https:\/\/agora.xtec.cat\/ies-eltiller\/wp-json\/wp\/v2\/comments?post=8632"}],"version-history":[{"count":2,"href":"https:\/\/agora.xtec.cat\/ies-eltiller\/wp-json\/wp\/v2\/pages\/8632\/revisions"}],"predecessor-version":[{"id":8638,"href":"https:\/\/agora.xtec.cat\/ies-eltiller\/wp-json\/wp\/v2\/pages\/8632\/revisions\/8638"}],"up":[{"embeddable":true,"href":"https:\/\/agora.xtec.cat\/ies-eltiller\/wp-json\/wp\/v2\/pages\/57"}],"wp:attachment":[{"href":"https:\/\/agora.xtec.cat\/ies-eltiller\/wp-json\/wp\/v2\/media?parent=8632"}],"curies":[{"name":"wp","href":"https:\/\/api.w.org\/{rel}","templated":true}]}}