{"id":8440,"date":"2025-03-14T09:55:42","date_gmt":"2025-03-14T08:55:42","guid":{"rendered":"https:\/\/agora.xtec.cat\/ies-eltiller\/?page_id=8440"},"modified":"2025-03-14T10:52:17","modified_gmt":"2025-03-14T09:52:17","slug":"preinscripcions25-26","status":"publish","type":"page","link":"https:\/\/agora.xtec.cat\/ies-eltiller\/preinscripcions25\/preinscripcions25-26\/","title":{"rendered":"Preinscripcions ESO"},"content":{"rendered":"<p><a href=\"https:\/\/agora.xtec.cat\/ies-eltiller\/wp-content\/uploads\/usu1312\/2025\/03\/notebook-2386034_1280.jpg\"><img loading=\"lazy\" decoding=\"async\" class=\"aligncenter size-medium wp-image-8429\" src=\"https:\/\/agora.xtec.cat\/ies-eltiller\/wp-content\/uploads\/usu1312\/2025\/03\/notebook-2386034_1280-300x200.jpg\" alt=\"\" width=\"300\" height=\"200\" srcset=\"https:\/\/agora.xtec.cat\/ies-eltiller\/wp-content\/uploads\/usu1312\/2025\/03\/notebook-2386034_1280-300x200.jpg 300w, https:\/\/agora.xtec.cat\/ies-eltiller\/wp-content\/uploads\/usu1312\/2025\/03\/notebook-2386034_1280-1024x682.jpg 1024w, https:\/\/agora.xtec.cat\/ies-eltiller\/wp-content\/uploads\/usu1312\/2025\/03\/notebook-2386034_1280-768x512.jpg 768w, https:\/\/agora.xtec.cat\/ies-eltiller\/wp-content\/uploads\/usu1312\/2025\/03\/notebook-2386034_1280.jpg 1280w\" sizes=\"auto, (max-width: 300px) 100vw, 300px\" \/><\/a><\/p>\n<p>Benvolgudes fam\u00edlies,<\/p>\n<p>compartim amb vosaltres el <a href=\"https:\/\/preinscripcio.gencat.cat\/ca\/estudis\/eso\/informat\/\" target=\"_blank\" rel=\"noopener\"><strong>web del Departament d&#8217;Educaci\u00f3<\/strong><\/a> mitjan\u00e7ant el qual s&#8217;ha de gestionar la preinscripci\u00f3, i posterior matr\u00edcula, de l&#8217;alumnat d&#8217;ESO. Tamb\u00e9 us fem un recordatori d&#8217;algunes dades importants que s&#8217;han de tenir en compte:<\/p>\n<ul>\n<li><a href=\"https:\/\/preinscripcio.gencat.cat\/ca\/estudis\/eso\/informat\/calendari\/\" target=\"_blank\" rel=\"noopener\"><strong>Calendari i terminis<\/strong><\/a> del proc\u00e9s. <strong>Del 14 al 26 de mar\u00e7<\/strong> de 2025 (a partir de les 9 hores) comen\u00e7a la <a href=\"https:\/\/educacio.gencat.cat\/ca\/tramits\/tramits-temes\/perinscripcio-obligatoris?category=&amp;moda=3\"><strong>presentaci\u00f3 de sol\u00b7licituds telem\u00e0tiques<\/strong><\/a>.<\/li>\n<li><a href=\"https:\/\/preinscripcio.gencat.cat\/ca\/estudis\/eso\/informat\/criteris-assignacio\/\" target=\"_blank\" rel=\"noopener\"><strong>Criteris<\/strong><\/a> d&#8217;assignaci\u00f3 de places.<\/li>\n<li><a href=\"https:\/\/preinscripcio.gencat.cat\/ca\/estudis\/eso\/informat\/prepara-documentacio\/\" target=\"_blank\" rel=\"noopener\"><strong>Documentaci\u00f3<\/strong><\/a> que cal presentar.<\/li>\n<\/ul>\n<p>A m\u00e9s, us recordem que si necessiteu ajuda al llarg del proc\u00e9s, el <strong>nostre horari d&#8217;atenci\u00f3 a fam\u00edlies a secretaria \u00e9s de dilluns a divendres de 9:00 a 13:00 hores.<\/strong><\/p>\n<p><strong>Tel\u00e8fon: <\/strong>938407266<\/p>\n<p><strong>Correu electr\u00f2nic: <\/strong>a8065391@xtec.cat<\/p>\n","protected":false},"excerpt":{"rendered":"<p><a href=\"https:\/\/agora.xtec.cat\/ies-eltiller\/wp-content\/uploads\/usu1312\/2025\/03\/notebook-2386034_1280.jpg\"><\/a><br \/>\nBenvolgudes fam\u00edlies,<br \/>\ncompartim amb vosaltres el <a href=\"https:\/\/preinscripcio.gencat.cat\/ca\/estudis\/eso\/informat\/\" target=\"_blank\" rel=\"noopener\">web del Departament d&#8217;Educaci\u00f3<\/a> mitjan\u00e7ant el qual s&#8217;ha de gestionar la preinscripci\u00f3, i posterior matr\u00edcula, de l&#8217;alumnat d&#8217;ESO. Tamb\u00e9 us fem un recordatori d&#8217;algunes dades importants que s&#8217;han de tenir en compte:<\/p>\n<ul>\n<li><a href=\"https:\/\/preinscripcio.gencat.cat\/ca\/estudis\/eso\/informat\/calendari\/\" target=\"_blank\" rel=\"noopener\">Calendari i&hellip;  <a href=\"https:\/\/agora.xtec.cat\/ies-eltiller\/preinscripcions25\/preinscripcions25-26\/\" title=\"Read Preinscripcions ESO\">Llegeix m\u00e9s\u00bb<\/a><br \/>\n","protected":false},"author":1,"featured_media":0,"parent":8436,"menu_order":0,"comment_status":"closed","ping_status":"closed","template":"","meta":{"_bbp_topic_count":0,"_bbp_reply_count":0,"_bbp_total_topic_count":0,"_bbp_total_reply_count":0,"_bbp_voice_count":0,"_bbp_anonymous_reply_count":0,"_bbp_topic_count_hidden":0,"_bbp_reply_count_hidden":0,"_bbp_forum_subforum_count":0,"footnotes":""},"class_list":["post-8440","page","type-page","status-publish","hentry"],"post_mailing_queue_ids":[],"_links":{"self":[{"href":"https:\/\/agora.xtec.cat\/ies-eltiller\/wp-json\/wp\/v2\/pages\/8440","targetHints":{"allow":["GET"]}}],"collection":[{"href":"https:\/\/agora.xtec.cat\/ies-eltiller\/wp-json\/wp\/v2\/pages"}],"about":[{"href":"https:\/\/agora.xtec.cat\/ies-eltiller\/wp-json\/wp\/v2\/types\/page"}],"author":[{"embeddable":true,"href":"https:\/\/agora.xtec.cat\/ies-eltiller\/wp-json\/wp\/v2\/users\/1"}],"replies":[{"embeddable":true,"href":"https:\/\/agora.xtec.cat\/ies-eltiller\/wp-json\/wp\/v2\/comments?post=8440"}],"version-history":[{"count":3,"href":"https:\/\/agora.xtec.cat\/ies-eltiller\/wp-json\/wp\/v2\/pages\/8440\/revisions"}],"predecessor-version":[{"id":8445,"href":"https:\/\/agora.xtec.cat\/ies-eltiller\/wp-json\/wp\/v2\/pages\/8440\/revisions\/8445"}],"up":[{"embeddable":true,"href":"https:\/\/agora.xtec.cat\/ies-eltiller\/wp-json\/wp\/v2\/pages\/8436"}],"wp:attachment":[{"href":"https:\/\/agora.xtec.cat\/ies-eltiller\/wp-json\/wp\/v2\/media?parent=8440"}],"curies":[{"name":"wp","href":"https:\/\/api.w.org\/{rel}","templated":true}]}}