{"id":8436,"date":"2025-03-13T09:45:36","date_gmt":"2025-03-13T08:45:36","guid":{"rendered":"https:\/\/agora.xtec.cat\/ies-eltiller\/?page_id=8436"},"modified":"2025-03-13T09:45:36","modified_gmt":"2025-03-13T08:45:36","slug":"preinscripcions25","status":"publish","type":"page","link":"https:\/\/agora.xtec.cat\/ies-eltiller\/preinscripcions25\/","title":{"rendered":"Preinscripcions 2025-2026"},"content":{"rendered":"<p>Benvolgudes fam\u00edlies,<\/p>\n<p>compartim amb vosaltres algunes dades del centre qu\u00e8 pot ser d&#8217;utilitat a l&#8217;hora de gestionar les preinscripcions per al curs 2025-2026:<\/p>\n<ul>\n<li><span style=\"font-weight: 400;\">Oferta d\u2019ensenyaments: 120 places 1r a 4t d\u2019ESO. 70 places a primer de batxillerat i 70 a 2n de batxillerat. Consulta:<\/span>\n<ul>\n<li><strong><a href=\"https:\/\/preinscripcio.gencat.cat\/ca\/estudis\/eso\/inici\/\" target=\"_blank\" rel=\"noopener\">Criteris admissi\u00f3 d\u2019alumnat \u2018ESO<\/a>. <\/strong><\/li>\n<li><strong><a href=\"https:\/\/preinscripcio.gencat.cat\/ca\/estudis\/batxillerat\/inici\/\" target=\"_blank\" rel=\"noopener\">Criteris d\u2019admissi\u00f3 de batxillerat.<\/a><\/strong><\/li>\n<\/ul>\n<\/li>\n<li aria-level=\"1\"><span>L\u2019Institut El Til\u00b7ler pertany a una zona educativa \u00fanica.<\/span><\/li>\n<li><a style=\"color: #2795b6;\" href=\"https:\/\/agora.xtec.cat\/ies-eltiller\/projecte-educatiu\/carta-de-compromis\/\" target=\"_blank\" rel=\"noopener\"><b>Carta de comprom\u00eds educatiu<\/b><\/a><\/li>\n<li><span>Quota de material: 80\u20ac, subvencionat en la seva totalitat per l\u2019ajuntament de les Franqueses (alumnat d\u2019ESO empadronat al municipi).<\/span><\/li>\n<li aria-level=\"1\"><span>Aula SIEI, Aula d\u2019Acollida per a alumnat nouvingut fins als dos anys, orientadores, vetlladores.<\/span><\/li>\n<li><span>Tallers de suport educatiu gratu\u00eft al centre un cop a la setmana per ajudar l\u2019alumnat a fer deures. Forma part del Projecte Educatiu de l\u2019Entorn.<\/span><\/li>\n<li><span style=\"font-weight: 400;\">Aportacions: Premi Derypol. Dotaci\u00f3 de 500\u20ac per al centre a trav\u00e9s d\u2019un concurs.<\/span><\/li>\n<li><a href=\"https:\/\/agora.xtec.cat\/ies-eltiller\/serveis\/menjador-escolar\/\"><b>Cantina-menjador<\/b><\/a><span>. T\u00e9 disponibilitat de men\u00fas especials per malalties, intoler\u00e0ncies, al\u00b7l\u00e8rgies. Podeu consultar la p\u00e0gina web de l\u2019empresa\u00a0<\/span><a href=\"http:\/\/tresmes.com\" target=\"_blank\" rel=\"noopener\"><b>Tresmes<\/b><\/a><span>\u00a0on estan publicats totes les opcions de men\u00fas.<\/span><\/li>\n<li><span style=\"font-weight: 400;\">Quota anual de l\u2019<\/span><a href=\"https:\/\/agora.xtec.cat\/ies-eltiller\/categoria\/ampa\/\"><b>AMPA<\/b><\/a><span style=\"font-weight: 400;\">: 20\u20ac<\/span>\n<ul>\n<li><span style=\"font-weight: 400;\">Extraescolars: es realitzen a demanda de les fam\u00edlies i sempre que hi hagi com a m\u00ednim 10 alumnes per grup.<\/span><\/li>\n<li><span style=\"font-weight: 400;\">Altres activitats organitzades per <\/span><b>l\u2019AMPA <\/b><span style=\"font-weight: 400;\">o en col\u00b7laboraci\u00f3 amb l\u2019institut:<\/span>\n<ol>\n<li style=\"font-weight: 400;\" aria-level=\"2\"><span style=\"font-weight: 400;\">Curs de premonitoratge<\/span><\/li>\n<li style=\"font-weight: 400;\" aria-level=\"2\"><span style=\"font-weight: 400;\">Tallers primers auxilis<\/span><\/li>\n<li style=\"font-weight: 400;\" aria-level=\"2\"><span style=\"font-weight: 400;\">Tallers\/xerrades per fam\u00edlies segons demanda<\/span><\/li>\n<li style=\"font-weight: 400;\" aria-level=\"2\"><span style=\"font-weight: 400;\">Organitzaci\u00f3 de la socialitzaci\u00f3 de llibres<\/span><\/li>\n<li style=\"font-weight: 400;\" aria-level=\"2\"><span style=\"font-weight: 400;\">Venda de polvorons i loteria<\/span><\/li>\n<li style=\"font-weight: 400;\" aria-level=\"2\"><span style=\"font-weight: 400;\">Col\u00b7laboraci\u00f3 per Sant Jordi, Carnaval, Comiat de 4t i 2n de batxillerat i Batucada de l&#8217;Institut El Til\u00b7ler<\/span><\/li>\n<\/ol>\n<\/li>\n<\/ul>\n<\/li>\n<\/ul>\n<ol>\n<li style=\"list-style-type: none;\"><\/li>\n<\/ol>\n","protected":false},"excerpt":{"rendered":"<p>Benvolgudes fam\u00edlies,<br \/>\ncompartim amb vosaltres algunes dades del centre qu\u00e8 pot ser d&#8217;utilitat a l&#8217;hora de gestionar les preinscripcions per al curs 2025-2026:<\/p>\n<ul>\n<li>Oferta d\u2019ensenyaments: 120 places 1r a 4t d\u2019ESO. 70 places a primer de batxillerat i 70 a 2n de batxillerat. Consulta:\n<ul>\n<li><a href=\"https:\/\/preinscripcio.gencat.cat\/ca\/estudis\/eso\/inici\/\" target=\"_blank\" rel=\"noopener\">Criteris&hellip;  <a href=\"https:\/\/agora.xtec.cat\/ies-eltiller\/preinscripcions25\/\" title=\"Read Preinscripcions 2025-2026\">Llegeix m\u00e9s\u00bb<\/a><br \/>\n","protected":false},"author":1,"featured_media":0,"parent":0,"menu_order":0,"comment_status":"closed","ping_status":"closed","template":"","meta":{"_bbp_topic_count":0,"_bbp_reply_count":0,"_bbp_total_topic_count":0,"_bbp_total_reply_count":0,"_bbp_voice_count":0,"_bbp_anonymous_reply_count":0,"_bbp_topic_count_hidden":0,"_bbp_reply_count_hidden":0,"_bbp_forum_subforum_count":0,"footnotes":""},"class_list":["post-8436","page","type-page","status-publish","hentry"],"post_mailing_queue_ids":[],"_links":{"self":[{"href":"https:\/\/agora.xtec.cat\/ies-eltiller\/wp-json\/wp\/v2\/pages\/8436","targetHints":{"allow":["GET"]}}],"collection":[{"href":"https:\/\/agora.xtec.cat\/ies-eltiller\/wp-json\/wp\/v2\/pages"}],"about":[{"href":"https:\/\/agora.xtec.cat\/ies-eltiller\/wp-json\/wp\/v2\/types\/page"}],"author":[{"embeddable":true,"href":"https:\/\/agora.xtec.cat\/ies-eltiller\/wp-json\/wp\/v2\/users\/1"}],"replies":[{"embeddable":true,"href":"https:\/\/agora.xtec.cat\/ies-eltiller\/wp-json\/wp\/v2\/comments?post=8436"}],"version-history":[{"count":2,"href":"https:\/\/agora.xtec.cat\/ies-eltiller\/wp-json\/wp\/v2\/pages\/8436\/revisions"}],"predecessor-version":[{"id":8439,"href":"https:\/\/agora.xtec.cat\/ies-eltiller\/wp-json\/wp\/v2\/pages\/8436\/revisions\/8439"}],"wp:attachment":[{"href":"https:\/\/agora.xtec.cat\/ies-eltiller\/wp-json\/wp\/v2\/media?parent=8436"}],"curies":[{"name":"wp","href":"https:\/\/api.w.org\/{rel}","templated":true}]}}