{"id":723,"date":"2016-07-06T09:27:30","date_gmt":"2016-07-06T08:27:30","guid":{"rendered":"http:\/\/agora.xtec.cat\/ies-eltiller\/?page_id=723"},"modified":"2025-02-13T09:39:33","modified_gmt":"2025-02-13T08:39:33","slug":"sortides-i-activitats","status":"publish","type":"page","link":"https:\/\/agora.xtec.cat\/ies-eltiller\/estudis\/sortides-i-activitats\/","title":{"rendered":"Sortides i activitats"},"content":{"rendered":"<p><span style=\"font-weight: 400;\">Des de l\u2019inici de l\u2019Institut hem valorat molt aquest apartat de la tasca docent per fomentar el contacte amb l\u00b4entorn i poder realitzar activitats de car\u00e0cter m\u00e9s pragm\u00e0tic. Entre les activitats fetes, cal destacar-ne les seg\u00fcents:<\/span><\/p>\n<ul>\n<li style=\"font-weight: 400;\"><span style=\"font-weight: 400;\">Sortides espec\u00edfiques de cada mat\u00e8ria<\/span><\/li>\n<li style=\"font-weight: 400;\"><span style=\"font-weight: 400;\">Activitats organitzades per l\u2019Associaci\u00f3 Cultural de Granollers<\/span><\/li>\n<li style=\"font-weight: 400;\"><span style=\"font-weight: 400;\">Activitats i xerrades del C17 i del Servei de Joventut (PIDCES)<\/span><\/li>\n<li style=\"font-weight: 400;\"><span style=\"font-weight: 400;\">Sortides de tutoria i sortida de final de curs<\/span><\/li>\n<li style=\"font-weight: 400;\"><span style=\"font-weight: 400;\">Excursions del projecte de patrimoni<\/span><\/li>\n<li>Sortides realitzades dins de la programaci\u00f3 de cada projecte.<\/li>\n<\/ul>\n","protected":false},"excerpt":{"rendered":"<p>Des de l\u2019inici de l\u2019Institut hem valorat molt aquest apartat de la tasca docent per fomentar el contacte amb l\u00b4entorn i poder realitzar activitats de car\u00e0cter m\u00e9s pragm\u00e0tic. Entre les activitats fetes, cal destacar-ne les seg\u00fcents:<\/p>\n<ul>\n<li style=\"font-weight: 400;\">Sortides espec\u00edfiques de cada mat\u00e8ria<\/li>\n<li style=\"font-weight: 400;\">Activitats organitzades&hellip;  <a href=\"https:\/\/agora.xtec.cat\/ies-eltiller\/estudis\/sortides-i-activitats\/\" title=\"Read Sortides i activitats\">Llegeix m\u00e9s\u00bb<\/a><br \/>\n","protected":false},"author":1,"featured_media":0,"parent":195,"menu_order":40,"comment_status":"closed","ping_status":"closed","template":"page-templates\/side-menu.php","meta":{"_bbp_topic_count":0,"_bbp_reply_count":0,"_bbp_total_topic_count":0,"_bbp_total_reply_count":0,"_bbp_voice_count":0,"_bbp_anonymous_reply_count":0,"_bbp_topic_count_hidden":0,"_bbp_reply_count_hidden":0,"_bbp_forum_subforum_count":0,"footnotes":""},"class_list":["post-723","page","type-page","status-publish","hentry"],"post_mailing_queue_ids":[],"_links":{"self":[{"href":"https:\/\/agora.xtec.cat\/ies-eltiller\/wp-json\/wp\/v2\/pages\/723","targetHints":{"allow":["GET"]}}],"collection":[{"href":"https:\/\/agora.xtec.cat\/ies-eltiller\/wp-json\/wp\/v2\/pages"}],"about":[{"href":"https:\/\/agora.xtec.cat\/ies-eltiller\/wp-json\/wp\/v2\/types\/page"}],"author":[{"embeddable":true,"href":"https:\/\/agora.xtec.cat\/ies-eltiller\/wp-json\/wp\/v2\/users\/1"}],"replies":[{"embeddable":true,"href":"https:\/\/agora.xtec.cat\/ies-eltiller\/wp-json\/wp\/v2\/comments?post=723"}],"version-history":[{"count":5,"href":"https:\/\/agora.xtec.cat\/ies-eltiller\/wp-json\/wp\/v2\/pages\/723\/revisions"}],"predecessor-version":[{"id":8403,"href":"https:\/\/agora.xtec.cat\/ies-eltiller\/wp-json\/wp\/v2\/pages\/723\/revisions\/8403"}],"up":[{"embeddable":true,"href":"https:\/\/agora.xtec.cat\/ies-eltiller\/wp-json\/wp\/v2\/pages\/195"}],"wp:attachment":[{"href":"https:\/\/agora.xtec.cat\/ies-eltiller\/wp-json\/wp\/v2\/media?parent=723"}],"curies":[{"name":"wp","href":"https:\/\/api.w.org\/{rel}","templated":true}]}}