{"id":719,"date":"2016-07-06T09:26:15","date_gmt":"2016-07-06T08:26:15","guid":{"rendered":"http:\/\/agora.xtec.cat\/ies-eltiller\/?page_id=719"},"modified":"2025-04-04T11:39:06","modified_gmt":"2025-04-04T09:39:06","slug":"eso","status":"publish","type":"page","link":"https:\/\/agora.xtec.cat\/ies-eltiller\/estudis\/eso\/","title":{"rendered":"Pla d&#8217;estudis ESO"},"content":{"rendered":"<p>Amb l\u2019ajuda d\u2019<a href=\"https:\/\/projectes.xtec.cat\/nou-curriculum\/educacio-basica\/guia-de-leducacio-basica\/\" target=\"_blank\" rel=\"noopener\">aquesta guia<\/a> podreu fer un recorregut per a con\u00e8ixer les caracter\u00edstiques i les oportunitats de reflexi\u00f3 pedag\u00f2gica que ens ofereix el nou curr\u00edculum de l\u2019educaci\u00f3 b\u00e0sica.<\/p>\n<p><a href=\"https:\/\/projectes.xtec.cat\/nou-curriculum\/educacio-basica\/guia-de-leducacio-basica\/\" target=\"_blank\" rel=\"noopener\">La guia est\u00e0 dividida en quatre grans apartats<\/a>:<\/p>\n<ul>\n<li>Els vectors del curr\u00edculum<\/li>\n<li>L\u2019organitzaci\u00f3 dels ensenyaments,<\/li>\n<li>La programaci\u00f3 competencial<\/li>\n<li>L\u2019avaluaci\u00f3<\/li>\n<\/ul>\n<p><img loading=\"lazy\" decoding=\"async\" class=\"size-medium wp-image-7064 alignleft\" src=\"https:\/\/agora.xtec.cat\/ies-eltiller\/wp-content\/uploads\/usu1312\/2023\/02\/basica-Aspectes-rellevants-208x300.png\" alt=\"\" width=\"208\" height=\"300\" srcset=\"https:\/\/agora.xtec.cat\/ies-eltiller\/wp-content\/uploads\/usu1312\/2023\/02\/basica-Aspectes-rellevants-208x300.png 208w, https:\/\/agora.xtec.cat\/ies-eltiller\/wp-content\/uploads\/usu1312\/2023\/02\/basica-Aspectes-rellevants-709x1024.png 709w, https:\/\/agora.xtec.cat\/ies-eltiller\/wp-content\/uploads\/usu1312\/2023\/02\/basica-Aspectes-rellevants-768x1109.png 768w, https:\/\/agora.xtec.cat\/ies-eltiller\/wp-content\/uploads\/usu1312\/2023\/02\/basica-Aspectes-rellevants-1063x1536.png 1063w, https:\/\/agora.xtec.cat\/ies-eltiller\/wp-content\/uploads\/usu1312\/2023\/02\/basica-Aspectes-rellevants-1418x2048.png 1418w\" sizes=\"auto, (max-width: 208px) 100vw, 208px\" \/> <a href=\"https:\/\/agora.xtec.cat\/ies-eltiller\/estudis\/disseny-curricular\/attachment\/basica-aspectes-rellevants2\/\" rel=\"attachment wp-att-7066\"><img loading=\"lazy\" decoding=\"async\" class=\"size-medium wp-image-7066 alignleft\" src=\"https:\/\/agora.xtec.cat\/ies-eltiller\/wp-content\/uploads\/usu1312\/2023\/02\/basica-Aspectes-rellevants2-208x300.png\" alt=\"\" width=\"208\" height=\"300\" srcset=\"https:\/\/agora.xtec.cat\/ies-eltiller\/wp-content\/uploads\/usu1312\/2023\/02\/basica-Aspectes-rellevants2-208x300.png 208w, https:\/\/agora.xtec.cat\/ies-eltiller\/wp-content\/uploads\/usu1312\/2023\/02\/basica-Aspectes-rellevants2-709x1024.png 709w, https:\/\/agora.xtec.cat\/ies-eltiller\/wp-content\/uploads\/usu1312\/2023\/02\/basica-Aspectes-rellevants2-768x1109.png 768w, https:\/\/agora.xtec.cat\/ies-eltiller\/wp-content\/uploads\/usu1312\/2023\/02\/basica-Aspectes-rellevants2-1063x1536.png 1063w, https:\/\/agora.xtec.cat\/ies-eltiller\/wp-content\/uploads\/usu1312\/2023\/02\/basica-Aspectes-rellevants2-1418x2048.png 1418w\" sizes=\"auto, (max-width: 208px) 100vw, 208px\" \/><\/a><a href=\"https:\/\/agora.xtec.cat\/ies-eltiller\/estudis\/disseny-curricular\/attachment\/consolida-2\/\" rel=\"attachment wp-att-7065\"><img loading=\"lazy\" decoding=\"async\" class=\"size-medium wp-image-7065 alignleft\" src=\"https:\/\/agora.xtec.cat\/ies-eltiller\/wp-content\/uploads\/usu1312\/2023\/02\/consolida-2-208x300.png\" alt=\"\" width=\"208\" height=\"300\" srcset=\"https:\/\/agora.xtec.cat\/ies-eltiller\/wp-content\/uploads\/usu1312\/2023\/02\/consolida-2-208x300.png 208w, https:\/\/agora.xtec.cat\/ies-eltiller\/wp-content\/uploads\/usu1312\/2023\/02\/consolida-2-709x1024.png 709w, https:\/\/agora.xtec.cat\/ies-eltiller\/wp-content\/uploads\/usu1312\/2023\/02\/consolida-2-768x1109.png 768w, https:\/\/agora.xtec.cat\/ies-eltiller\/wp-content\/uploads\/usu1312\/2023\/02\/consolida-2-1063x1536.png 1063w, https:\/\/agora.xtec.cat\/ies-eltiller\/wp-content\/uploads\/usu1312\/2023\/02\/consolida-2-1418x2048.png 1418w\" sizes=\"auto, (max-width: 208px) 100vw, 208px\" \/><\/a><\/p>\n","protected":false},"excerpt":{"rendered":"<p>Amb l\u2019ajuda d\u2019<a href=\"https:\/\/projectes.xtec.cat\/nou-curriculum\/educacio-basica\/guia-de-leducacio-basica\/\" target=\"_blank\" rel=\"noopener\">aquesta guia<\/a> podreu fer un recorregut per a con\u00e8ixer les caracter\u00edstiques i les oportunitats de reflexi\u00f3 pedag\u00f2gica que ens ofereix el nou curr\u00edculum de l\u2019educaci\u00f3 b\u00e0sica.<br \/>\n<a href=\"https:\/\/projectes.xtec.cat\/nou-curriculum\/educacio-basica\/guia-de-leducacio-basica\/\" target=\"_blank\" rel=\"noopener\">La guia est\u00e0 dividida en quatre grans apartats<\/a>:<\/p>\n<ul>\n<li>Els vectors del curr\u00edculum<\/li>\n<li>L\u2019organitzaci\u00f3 dels&hellip;  <a href=\"https:\/\/agora.xtec.cat\/ies-eltiller\/estudis\/eso\/\" title=\"Read Pla d&#8217;estudis ESO\">Llegeix m\u00e9s\u00bb<\/a><br \/>\n","protected":false},"author":1,"featured_media":0,"parent":195,"menu_order":10,"comment_status":"closed","ping_status":"closed","template":"page-templates\/side-menu.php","meta":{"_bbp_topic_count":0,"_bbp_reply_count":0,"_bbp_total_topic_count":0,"_bbp_total_reply_count":0,"_bbp_voice_count":0,"_bbp_anonymous_reply_count":0,"_bbp_topic_count_hidden":0,"_bbp_reply_count_hidden":0,"_bbp_forum_subforum_count":0,"footnotes":""},"class_list":["post-719","page","type-page","status-publish","hentry"],"post_mailing_queue_ids":[],"_links":{"self":[{"href":"https:\/\/agora.xtec.cat\/ies-eltiller\/wp-json\/wp\/v2\/pages\/719","targetHints":{"allow":["GET"]}}],"collection":[{"href":"https:\/\/agora.xtec.cat\/ies-eltiller\/wp-json\/wp\/v2\/pages"}],"about":[{"href":"https:\/\/agora.xtec.cat\/ies-eltiller\/wp-json\/wp\/v2\/types\/page"}],"author":[{"embeddable":true,"href":"https:\/\/agora.xtec.cat\/ies-eltiller\/wp-json\/wp\/v2\/users\/1"}],"replies":[{"embeddable":true,"href":"https:\/\/agora.xtec.cat\/ies-eltiller\/wp-json\/wp\/v2\/comments?post=719"}],"version-history":[{"count":4,"href":"https:\/\/agora.xtec.cat\/ies-eltiller\/wp-json\/wp\/v2\/pages\/719\/revisions"}],"predecessor-version":[{"id":8455,"href":"https:\/\/agora.xtec.cat\/ies-eltiller\/wp-json\/wp\/v2\/pages\/719\/revisions\/8455"}],"up":[{"embeddable":true,"href":"https:\/\/agora.xtec.cat\/ies-eltiller\/wp-json\/wp\/v2\/pages\/195"}],"wp:attachment":[{"href":"https:\/\/agora.xtec.cat\/ies-eltiller\/wp-json\/wp\/v2\/media?parent=719"}],"curies":[{"name":"wp","href":"https:\/\/api.w.org\/{rel}","templated":true}]}}