{"id":681,"date":"2016-07-06T08:30:27","date_gmt":"2016-07-06T07:30:27","guid":{"rendered":"http:\/\/agora.xtec.cat\/ies-eltiller\/?page_id=681"},"modified":"2024-09-17T10:42:47","modified_gmt":"2024-09-17T08:42:47","slug":"programacio-general-anual","status":"publish","type":"page","link":"https:\/\/agora.xtec.cat\/ies-eltiller\/projecte-educatiu\/programacio-general-anual\/","title":{"rendered":"Programaci\u00f3 General Anual (en revisi\u00f3)"},"content":{"rendered":"<h4><b>Programaci\u00f3 General Anual curs 2023-2024 (en revisi\u00f3)<\/b><\/h4>\n<p>Podeu consultar la PGA del curs 2022-2023 en aquest document:<\/p>\n<p><a href=\"https:\/\/docs.google.com\/document\/d\/1PnuJbVpLJK0YCFNriuKNxL9WABSpn3yPVUK2i7BxnSY\/edit?usp=sharing\">PGA 2023-24<\/a><\/p>\n","protected":false},"excerpt":{"rendered":"<p>Programaci\u00f3 General Anual curs 2023-2024 (en revisi\u00f3)<br \/>\nPodeu consultar la PGA del curs 2022-2023 en aquest document:<br \/>\n<a href=\"https:\/\/docs.google.com\/document\/d\/1PnuJbVpLJK0YCFNriuKNxL9WABSpn3yPVUK2i7BxnSY\/edit?usp=sharing\">PGA 2023-24<\/a><\/p>\n","protected":false},"author":1,"featured_media":0,"parent":57,"menu_order":20,"comment_status":"closed","ping_status":"closed","template":"page-templates\/side-menu.php","meta":{"_bbp_topic_count":0,"_bbp_reply_count":0,"_bbp_total_topic_count":0,"_bbp_total_reply_count":0,"_bbp_voice_count":0,"_bbp_anonymous_reply_count":0,"_bbp_topic_count_hidden":0,"_bbp_reply_count_hidden":0,"_bbp_forum_subforum_count":0,"footnotes":""},"class_list":["post-681","page","type-page","status-publish","hentry"],"post_mailing_queue_ids":[],"_links":{"self":[{"href":"https:\/\/agora.xtec.cat\/ies-eltiller\/wp-json\/wp\/v2\/pages\/681","targetHints":{"allow":["GET"]}}],"collection":[{"href":"https:\/\/agora.xtec.cat\/ies-eltiller\/wp-json\/wp\/v2\/pages"}],"about":[{"href":"https:\/\/agora.xtec.cat\/ies-eltiller\/wp-json\/wp\/v2\/types\/page"}],"author":[{"embeddable":true,"href":"https:\/\/agora.xtec.cat\/ies-eltiller\/wp-json\/wp\/v2\/users\/1"}],"replies":[{"embeddable":true,"href":"https:\/\/agora.xtec.cat\/ies-eltiller\/wp-json\/wp\/v2\/comments?post=681"}],"version-history":[{"count":5,"href":"https:\/\/agora.xtec.cat\/ies-eltiller\/wp-json\/wp\/v2\/pages\/681\/revisions"}],"predecessor-version":[{"id":8367,"href":"https:\/\/agora.xtec.cat\/ies-eltiller\/wp-json\/wp\/v2\/pages\/681\/revisions\/8367"}],"up":[{"embeddable":true,"href":"https:\/\/agora.xtec.cat\/ies-eltiller\/wp-json\/wp\/v2\/pages\/57"}],"wp:attachment":[{"href":"https:\/\/agora.xtec.cat\/ies-eltiller\/wp-json\/wp\/v2\/media?parent=681"}],"curies":[{"name":"wp","href":"https:\/\/api.w.org\/{rel}","templated":true}]}}