{"id":650,"date":"2016-06-29T08:41:15","date_gmt":"2016-06-29T07:41:15","guid":{"rendered":"http:\/\/agora.xtec.cat\/ies-eltiller\/?page_id=650"},"modified":"2021-01-18T13:08:03","modified_gmt":"2021-01-18T12:08:03","slug":"biblioteca-escolar-epergam","status":"publish","type":"page","link":"https:\/\/agora.xtec.cat\/ies-eltiller\/serveis\/biblioteca-escolar-epergam\/","title":{"rendered":"Biblioteca escolar Ep\u00e8rgam"},"content":{"rendered":"<p>Aqu\u00ed trobareu l&#8217;enlla\u00e7 a l&#8217;espai de consulta Ep\u00e8rgam de la biblioteca del nostre centre. Dins d&#8217;aquest espai podeu trobar el cat\u00e0leg del dip\u00f2sit de llibres que tenim actualment a la biblioteca.<\/p>\n<p><a href=\"https:\/\/aplicacions.gestioeducativa.gencat.cat\/epergam\/web\/biblioteca.jsp?codi=08065391\" target=\"_blank\" rel=\"noopener noreferrer\">Ep\u00e8rgam Institut El Til\u00b7ler<\/a><\/p>\n<p>&nbsp;<\/p>\n","protected":false},"excerpt":{"rendered":"<p>Aqu\u00ed trobareu l&#8217;enlla\u00e7 a l&#8217;espai de consulta Ep\u00e8rgam de la biblioteca del nostre centre. Dins d&#8217;aquest espai podeu trobar el cat\u00e0leg del dip\u00f2sit de llibres que tenim actualment a la biblioteca.<br \/>\n<a href=\"https:\/\/aplicacions.gestioeducativa.gencat.cat\/epergam\/web\/biblioteca.jsp?codi=08065391\" target=\"_blank\" rel=\"noopener noreferrer\">Ep\u00e8rgam Institut El Til\u00b7ler<\/a><br \/>\n&nbsp;<\/p>\n","protected":false},"author":1,"featured_media":0,"parent":63,"menu_order":0,"comment_status":"closed","ping_status":"closed","template":"page-templates\/side-menu.php","meta":{"_bbp_topic_count":0,"_bbp_reply_count":0,"_bbp_total_topic_count":0,"_bbp_total_reply_count":0,"_bbp_voice_count":0,"_bbp_anonymous_reply_count":0,"_bbp_topic_count_hidden":0,"_bbp_reply_count_hidden":0,"_bbp_forum_subforum_count":0,"footnotes":""},"class_list":["post-650","page","type-page","status-publish","hentry"],"post_mailing_queue_ids":[],"_links":{"self":[{"href":"https:\/\/agora.xtec.cat\/ies-eltiller\/wp-json\/wp\/v2\/pages\/650","targetHints":{"allow":["GET"]}}],"collection":[{"href":"https:\/\/agora.xtec.cat\/ies-eltiller\/wp-json\/wp\/v2\/pages"}],"about":[{"href":"https:\/\/agora.xtec.cat\/ies-eltiller\/wp-json\/wp\/v2\/types\/page"}],"author":[{"embeddable":true,"href":"https:\/\/agora.xtec.cat\/ies-eltiller\/wp-json\/wp\/v2\/users\/1"}],"replies":[{"embeddable":true,"href":"https:\/\/agora.xtec.cat\/ies-eltiller\/wp-json\/wp\/v2\/comments?post=650"}],"version-history":[{"count":3,"href":"https:\/\/agora.xtec.cat\/ies-eltiller\/wp-json\/wp\/v2\/pages\/650\/revisions"}],"predecessor-version":[{"id":5008,"href":"https:\/\/agora.xtec.cat\/ies-eltiller\/wp-json\/wp\/v2\/pages\/650\/revisions\/5008"}],"up":[{"embeddable":true,"href":"https:\/\/agora.xtec.cat\/ies-eltiller\/wp-json\/wp\/v2\/pages\/63"}],"wp:attachment":[{"href":"https:\/\/agora.xtec.cat\/ies-eltiller\/wp-json\/wp\/v2\/media?parent=650"}],"curies":[{"name":"wp","href":"https:\/\/api.w.org\/{rel}","templated":true}]}}