{"id":5637,"date":"2021-10-03T12:55:23","date_gmt":"2021-10-03T10:55:23","guid":{"rendered":"https:\/\/agora.xtec.cat\/ies-eltiller\/?page_id=5637"},"modified":"2021-10-03T12:55:23","modified_gmt":"2021-10-03T10:55:23","slug":"procediment-de-vaga-referent-a-lalumnat","status":"publish","type":"page","link":"https:\/\/agora.xtec.cat\/ies-eltiller\/projecte-educatiu\/procediment-de-vaga-referent-a-lalumnat\/","title":{"rendered":"Procediment de vaga referent a l&#8217;alumnat"},"content":{"rendered":"<p>Es detalla el procediment de vaga referent a l&#8217;alumnat.<\/p>\n<p>El seg\u00fcent procediment es troba recollit a les NOFC al punt 11.3.<\/p>\n<p><strong>11.3.Procediment de vaga.<\/strong><\/p>\n<p dir=\"ltr\"><strong>Alumnat<\/strong><\/p>\n<p dir=\"ltr\">D\u2019acord amb les pautes que fixa l\u2019article 24 del Decret d\u2019Autonomia de centres educatius 102\/2010 de 3 d\u2019agost on es determina que, a partir de tercer curs d\u2019Educaci\u00f3 Secund\u00e0ria Obligat\u00f2ria, l\u2019alumnat podr\u00e0 prendre decisions col\u00b7lectives adoptades en relaci\u00f3 amb la seva assist\u00e8ncia a classe en exercici del dret de reuni\u00f3 i pr\u00e8viament comunicades a la direcci\u00f3 del centre i amb la corresponent autoritzaci\u00f3 dels pares i seguint, tamb\u00e9, les normes recollides a les NOFC del centre.<\/p>\n<p dir=\"ltr\">En cas de convocato\u0300ria de manifestacio\u0301 o vaga d\u2019alumnes de postobligato\u0300ria o 3r i 4t d\u00b4ESO en horari escolar, aquests hauran de seguir les segu\u0308ents pautes:<\/p>\n<p dir=\"ltr\">Reunio\u0301 del consell de delegats per valorar la situacio\u0301, en cas que\u0300 el consell de delegats cregui convenient fer efectiva la convocato\u0300ria, cada delegat ha de fer una votacio\u0301 d\u2019alumnes a la seva classe, aixecant acta dels vots a favor, vots en contra i abstencions.<\/p>\n<p dir=\"ltr\">Cada classe debatr\u00e0 sobre l\u2019adhesi\u00f3 o no a la convocat\u00f2ria de vaga i far\u00e0 arribar a la direcci\u00f3 un escrit amb la signatura dels alumnes que s\u2019adhereixen.<\/p>\n<p dir=\"ltr\">En aquest escrit, signat pels membres del comit\u00e8 de vaga, ha de figurar: el dia i les hores de la convocat\u00f2ria de vaga, els actes previstos, els motius de la vaga i els fulls amb les signatures dels alumnes que s\u2019adhereixen a la convocat\u00f2ria.<\/p>\n<p dir=\"ltr\">Si una majoria d\u2019alumnes del grup esta\u0300 a favor de la vaga, cal comunicar-ho al director amb <b>48 hores d\u2019antelacio\u0301<\/b> per tal d\u2019oficialitzar la proposta de vaga.<\/p>\n<p dir=\"ltr\">El director comunicara\u0300 a la Delegacio\u0301 Territorial, als pares i professors que els alumnes han decidit per majoria fer vaga.<\/p>\n<p dir=\"ltr\">Segon Cicle d\u2019ESO i de Batxillerat menors d\u2019edat hauran de retornar una autoritzaci\u00f3 signada pels pares o tutors legals, per tal que el seu fill es pugui absentar del centre en les condicions abans esmentades.<\/p>\n<p dir=\"ltr\">Durant l\u2019exercici del dret de vaga \u00e9s responsabilitat dels pares que els han autoritzat a exercir-la el que facin els seus fills. El centre no t\u00e9 cap responsabilitat en cas d\u2019inassist\u00e8ncia d\u2019un alumne.<\/p>\n<p dir=\"ltr\">En cas que el dia de la vaga hi hagu\u00e9s algun examen o prova convocada anteriorment, si la majoria absoluta del grup-classe hagu\u00e9s votat en favor de la vaga, s\u2019ajornar\u00e0 aquesta prova fins el proper dia de classe de la mat\u00e8ria. En cas contrari, la prova es far\u00e0 el dia previst.<\/p>\n<p dir=\"ltr\">Els estudiants que no vulguin fer vaga tenen dret a assistir a classe per participar amb normalitat en l\u2019activitat acade\u0300mica.<\/p>\n<p dir=\"ltr\">El professorat haur\u00e0 de complir amb el seu horari habitual, passaran llista a totes les seves classes i anotaran les faltes d\u2019assist\u00e8ncia, que despr\u00e9s seran comprovades amb els justificants abans esmentats. Aquest proc\u00e9s es seguir\u00e0 amb especial cura a primera hora del mat\u00ed i despr\u00e9s de l\u2019esbarjo.<\/p>\n<p dir=\"ltr\"><strong>La Direcci\u00f3 nom\u00e9s acceptar\u00e0 les vagues convocades oficialment des del Sindicat d\u2019Estudiants.<\/strong><\/p>\n<p><span style=\"color: #888888;\">\u00a0<\/span><\/p>\n","protected":false},"excerpt":{"rendered":"<p>Es detalla el procediment de vaga referent a l&#8217;alumnat.<br \/>\nEl seg\u00fcent procediment es troba recollit a les NOFC al punt 11.3.<br \/>\n11.3.Procediment de vaga.<br \/>\nAlumnat<br \/>\nD\u2019acord amb les pautes que fixa l\u2019article 24 del Decret d\u2019Autonomia de centres educatius 102\/2010 de 3 d\u2019agost on es determina que, a partir&hellip;  <a href=\"https:\/\/agora.xtec.cat\/ies-eltiller\/projecte-educatiu\/procediment-de-vaga-referent-a-lalumnat\/\" title=\"Read Procediment de vaga referent a l&#8217;alumnat\">Llegeix m\u00e9s\u00bb<\/a><\/p>\n","protected":false},"author":1,"featured_media":0,"parent":57,"menu_order":31,"comment_status":"closed","ping_status":"closed","template":"page-templates\/side-menu.php","meta":{"_bbp_topic_count":0,"_bbp_reply_count":0,"_bbp_total_topic_count":0,"_bbp_total_reply_count":0,"_bbp_voice_count":0,"_bbp_anonymous_reply_count":0,"_bbp_topic_count_hidden":0,"_bbp_reply_count_hidden":0,"_bbp_forum_subforum_count":0,"footnotes":""},"class_list":["post-5637","page","type-page","status-publish","hentry"],"post_mailing_queue_ids":[],"_links":{"self":[{"href":"https:\/\/agora.xtec.cat\/ies-eltiller\/wp-json\/wp\/v2\/pages\/5637","targetHints":{"allow":["GET"]}}],"collection":[{"href":"https:\/\/agora.xtec.cat\/ies-eltiller\/wp-json\/wp\/v2\/pages"}],"about":[{"href":"https:\/\/agora.xtec.cat\/ies-eltiller\/wp-json\/wp\/v2\/types\/page"}],"author":[{"embeddable":true,"href":"https:\/\/agora.xtec.cat\/ies-eltiller\/wp-json\/wp\/v2\/users\/1"}],"replies":[{"embeddable":true,"href":"https:\/\/agora.xtec.cat\/ies-eltiller\/wp-json\/wp\/v2\/comments?post=5637"}],"version-history":[{"count":2,"href":"https:\/\/agora.xtec.cat\/ies-eltiller\/wp-json\/wp\/v2\/pages\/5637\/revisions"}],"predecessor-version":[{"id":5639,"href":"https:\/\/agora.xtec.cat\/ies-eltiller\/wp-json\/wp\/v2\/pages\/5637\/revisions\/5639"}],"up":[{"embeddable":true,"href":"https:\/\/agora.xtec.cat\/ies-eltiller\/wp-json\/wp\/v2\/pages\/57"}],"wp:attachment":[{"href":"https:\/\/agora.xtec.cat\/ies-eltiller\/wp-json\/wp\/v2\/media?parent=5637"}],"curies":[{"name":"wp","href":"https:\/\/api.w.org\/{rel}","templated":true}]}}