{"id":5528,"date":"2021-07-15T10:43:34","date_gmt":"2021-07-15T08:43:34","guid":{"rendered":"http:\/\/agora.xtec.cat\/ies-eltiller\/?page_id=5528"},"modified":"2023-02-01T11:14:44","modified_gmt":"2023-02-01T10:14:44","slug":"ajuda-en-aplicacions-digitals","status":"publish","type":"page","link":"https:\/\/agora.xtec.cat\/ies-eltiller\/serveis\/serveis-digitals\/ajuda-en-aplicacions-digitals\/","title":{"rendered":"Ajuda en aplicacions digitals"},"content":{"rendered":"<p>Dins de l&#8217;Estrat\u00e8gia Digital de Centre (EDC), volem oferir a les fam\u00edlies ajuda en l&#8217;\u00fas d&#8217;aplicacions digitals necess\u00e0ries en el transcurs de l&#8217;etapa educativa.<\/p>\n<p>&nbsp;<\/p>\n<p>Classroom<\/p>\n<p><iframe loading=\"lazy\" title=\"\ud83d\ude0d TUTORIAL GOOGLE CLASSROOM PARA ALUMNOS Y FAMILIAS \ud83e\uddd2\ud83c\udffb\ud83e\uddd1\ud83c\udffe\ud83d\udc66\ud83c\udffc\ud83d\udc69\ud83c\udffd\ud83c\udf93\" width=\"500\" height=\"281\" src=\"https:\/\/www.youtube.com\/embed\/MycvBy8LSN4?feature=oembed\" frameborder=\"0\" allow=\"accelerometer; autoplay; clipboard-write; encrypted-media; gyroscope; picture-in-picture; web-share\" referrerpolicy=\"strict-origin-when-cross-origin\" allowfullscreen><\/iframe><\/p>\n<hr \/>\n<p>Meet<\/p>\n<p><iframe loading=\"lazy\" title=\"\ud83d\udd35 GOOGLE MEET para ALUMNOS C\u00f3mo ENTRAR a la videollamada desde Classroom \u2795 F\u00c1CIL y SENCILLO\" width=\"500\" height=\"281\" src=\"https:\/\/www.youtube.com\/embed\/FcvV6zNHQcw?feature=oembed\" frameborder=\"0\" allow=\"accelerometer; autoplay; clipboard-write; encrypted-media; gyroscope; picture-in-picture; web-share\" referrerpolicy=\"strict-origin-when-cross-origin\" allowfullscreen><\/iframe><\/p>\n<hr \/>\n<p>Moodle<\/p>\n<p><iframe loading=\"lazy\" title=\"Moodle Alumnat - Descripci\u00f3 de l&#039;entorn virtual d&#039;aprenentatge en l\u00ednia\" width=\"500\" height=\"281\" src=\"https:\/\/www.youtube.com\/embed\/9G8n5oH632A?feature=oembed\" frameborder=\"0\" allow=\"accelerometer; autoplay; clipboard-write; encrypted-media; gyroscope; picture-in-picture; web-share\" referrerpolicy=\"strict-origin-when-cross-origin\" allowfullscreen><\/iframe><\/p>\n<hr \/>\n<p>Jitsi<\/p>\n<p><iframe loading=\"lazy\" title=\"Como usar JETSI MEET \ud83d\udda5\ufe0f | TUTORIAL 2022 ESPA\u00d1OL\" width=\"500\" height=\"281\" src=\"https:\/\/www.youtube.com\/embed\/hL5MofYP3bc?feature=oembed\" frameborder=\"0\" allow=\"accelerometer; autoplay; clipboard-write; encrypted-media; gyroscope; picture-in-picture; web-share\" referrerpolicy=\"strict-origin-when-cross-origin\" allowfullscreen><\/iframe><\/p>\n<hr \/>\n<p>Gmail<\/p>\n<p><iframe loading=\"lazy\" title=\"TUTORIAL GMAIL\" width=\"500\" height=\"281\" src=\"https:\/\/www.youtube.com\/embed\/d4CgNflD75c?feature=oembed\" frameborder=\"0\" allow=\"accelerometer; autoplay; clipboard-write; encrypted-media; gyroscope; picture-in-picture; web-share\" referrerpolicy=\"strict-origin-when-cross-origin\" allowfullscreen><\/iframe><\/p>\n<p>&nbsp;<\/p>\n","protected":false},"excerpt":{"rendered":"<p>Dins de l&#8217;Estrat\u00e8gia Digital de Centre (EDC), volem oferir a les fam\u00edlies ajuda en l&#8217;\u00fas d&#8217;aplicacions digitals necess\u00e0ries en el transcurs de l&#8217;etapa educativa.<br \/>\n&nbsp;<br \/>\nClassroom<\/p>\n<p>Meet<\/p>\n<p>Moodle<\/p>\n<p>Jitsi<\/p>\n<p>Gmail<\/p>\n<p>&nbsp;<\/p>\n","protected":false},"author":1,"featured_media":0,"parent":65,"menu_order":10,"comment_status":"closed","ping_status":"closed","template":"page-templates\/side-menu.php","meta":{"_bbp_topic_count":0,"_bbp_reply_count":0,"_bbp_total_topic_count":0,"_bbp_total_reply_count":0,"_bbp_voice_count":0,"_bbp_anonymous_reply_count":0,"_bbp_topic_count_hidden":0,"_bbp_reply_count_hidden":0,"_bbp_forum_subforum_count":0,"footnotes":""},"class_list":["post-5528","page","type-page","status-publish","hentry"],"post_mailing_queue_ids":[],"_links":{"self":[{"href":"https:\/\/agora.xtec.cat\/ies-eltiller\/wp-json\/wp\/v2\/pages\/5528","targetHints":{"allow":["GET"]}}],"collection":[{"href":"https:\/\/agora.xtec.cat\/ies-eltiller\/wp-json\/wp\/v2\/pages"}],"about":[{"href":"https:\/\/agora.xtec.cat\/ies-eltiller\/wp-json\/wp\/v2\/types\/page"}],"author":[{"embeddable":true,"href":"https:\/\/agora.xtec.cat\/ies-eltiller\/wp-json\/wp\/v2\/users\/1"}],"replies":[{"embeddable":true,"href":"https:\/\/agora.xtec.cat\/ies-eltiller\/wp-json\/wp\/v2\/comments?post=5528"}],"version-history":[{"count":3,"href":"https:\/\/agora.xtec.cat\/ies-eltiller\/wp-json\/wp\/v2\/pages\/5528\/revisions"}],"predecessor-version":[{"id":5535,"href":"https:\/\/agora.xtec.cat\/ies-eltiller\/wp-json\/wp\/v2\/pages\/5528\/revisions\/5535"}],"up":[{"embeddable":true,"href":"https:\/\/agora.xtec.cat\/ies-eltiller\/wp-json\/wp\/v2\/pages\/65"}],"wp:attachment":[{"href":"https:\/\/agora.xtec.cat\/ies-eltiller\/wp-json\/wp\/v2\/media?parent=5528"}],"curies":[{"name":"wp","href":"https:\/\/api.w.org\/{rel}","templated":true}]}}