{"id":5077,"date":"2021-02-02T11:36:47","date_gmt":"2021-02-02T10:36:47","guid":{"rendered":"http:\/\/agora.xtec.cat\/ies-eltiller\/?page_id=5077"},"modified":"2023-12-03T20:55:00","modified_gmt":"2023-12-03T19:55:00","slug":"protocol-datencio-tic-a-lalumnat","status":"publish","type":"page","link":"https:\/\/agora.xtec.cat\/ies-eltiller\/serveis\/protocol-datencio-tic-a-lalumnat\/","title":{"rendered":"Protocol d&#8217;atenci\u00f3 TIC a l&#8217;alumnat"},"content":{"rendered":"<p>El Pla d\u2019educaci\u00f3 digital de Catalunya 2020-2023 t\u00e9 per objectiu contribuir al desenvolupament de les compet\u00e8ncies digitals que els ciutadans i les ciutadanes necessiten per viure i treballar en una societat immersa en constants transformacions i canvis. <span style=\"font-family: inherit; font-size: 1em;\">Per tal d\u2019assolir aquest objectiu \u00e9s necessari assegurar la connectivitat dels centres educatius i proporcionar els equipaments necessaris a alumnes i docents.<\/span><\/p>\n<p>El curs 2020-2021 els centres p\u00fablics rebran els equipaments destinats als docents i els destinats a tots els alumnes dels nivells educatius de 3r i 4t d\u2019ESO, Batxillerat i CFGM, aix\u00ed com als alumnes que no disposen d\u2019ordinadors a les seves llars dels nivells educatius de 5\u00e8 i 6\u00e8 de prim\u00e0ria, 1r i 2n d\u2019ESO i CFGS.<\/p>\n<p>Des del centre es posar\u00e0 a la disposici\u00f3 de l&#8217;alumnat un d\u2019aquests ordinadors per tal que en facin el bon \u00fas necessari per seguir el seu aprenentatge. \u00c9s responsabilitat de l&#8217;alumnat assegurar-se que es mant\u00e9 en bon estat al llarg de tot el curs, moment en el qual s\u2019haur\u00e0 de retornar al centre. El centre pot demanar al llarg del curs diversos punts de control si aix\u00ed ho considera. Recordeu que l&#8217;ordinador no \u00e9s propietat de l&#8217;alumnat, sin\u00f3 que el centre el deixa en pr\u00e9stec.<\/p>\n<p>Amb l&#8217;objectiu de gestionar les incid\u00e8ncies amb l&#8217;equipament del centre cedit a l&#8217;alumnat, s&#8217;ha creat el protocol d&#8217;atenci\u00f3 TIC.<\/p>\n<h3><strong>Protocol d&#8217;atenci\u00f3 TIC a l&#8217;alumnat:<\/strong><\/h3>\n<p>Cal posar-se en contacte mitjan\u00e7ant el correu electr\u00f2nic amb el coordinador digital. Cal indicar el nom, cognom, curs, incid\u00e8ncia o dubte, n\u00famero SAU del port\u00e0til (en cas de ser una incid\u00e8ncia amb el port\u00e0til de la generalitat).<\/p>\n","protected":false},"excerpt":{"rendered":"<p>El Pla d\u2019educaci\u00f3 digital de Catalunya 2020-2023 t\u00e9 per objectiu contribuir al desenvolupament de les compet\u00e8ncies digitals que els ciutadans i les ciutadanes necessiten per viure i treballar en una societat immersa en constants transformacions i canvis. Per tal d\u2019assolir aquest objectiu \u00e9s necessari assegurar&hellip;  <a href=\"https:\/\/agora.xtec.cat\/ies-eltiller\/serveis\/protocol-datencio-tic-a-lalumnat\/\" title=\"Read Protocol d&#8217;atenci\u00f3 TIC a l&#8217;alumnat\">Llegeix m\u00e9s\u00bb<\/a><\/p>\n","protected":false},"author":1,"featured_media":0,"parent":63,"menu_order":80,"comment_status":"closed","ping_status":"closed","template":"page-templates\/side-menu.php","meta":{"_bbp_topic_count":0,"_bbp_reply_count":0,"_bbp_total_topic_count":0,"_bbp_total_reply_count":0,"_bbp_voice_count":0,"_bbp_anonymous_reply_count":0,"_bbp_topic_count_hidden":0,"_bbp_reply_count_hidden":0,"_bbp_forum_subforum_count":0,"footnotes":""},"class_list":["post-5077","page","type-page","status-publish","hentry"],"post_mailing_queue_ids":[],"_links":{"self":[{"href":"https:\/\/agora.xtec.cat\/ies-eltiller\/wp-json\/wp\/v2\/pages\/5077","targetHints":{"allow":["GET"]}}],"collection":[{"href":"https:\/\/agora.xtec.cat\/ies-eltiller\/wp-json\/wp\/v2\/pages"}],"about":[{"href":"https:\/\/agora.xtec.cat\/ies-eltiller\/wp-json\/wp\/v2\/types\/page"}],"author":[{"embeddable":true,"href":"https:\/\/agora.xtec.cat\/ies-eltiller\/wp-json\/wp\/v2\/users\/1"}],"replies":[{"embeddable":true,"href":"https:\/\/agora.xtec.cat\/ies-eltiller\/wp-json\/wp\/v2\/comments?post=5077"}],"version-history":[{"count":4,"href":"https:\/\/agora.xtec.cat\/ies-eltiller\/wp-json\/wp\/v2\/pages\/5077\/revisions"}],"predecessor-version":[{"id":7991,"href":"https:\/\/agora.xtec.cat\/ies-eltiller\/wp-json\/wp\/v2\/pages\/5077\/revisions\/7991"}],"up":[{"embeddable":true,"href":"https:\/\/agora.xtec.cat\/ies-eltiller\/wp-json\/wp\/v2\/pages\/63"}],"wp:attachment":[{"href":"https:\/\/agora.xtec.cat\/ies-eltiller\/wp-json\/wp\/v2\/media?parent=5077"}],"curies":[{"name":"wp","href":"https:\/\/api.w.org\/{rel}","templated":true}]}}