{"id":3924,"date":"2019-11-07T19:46:39","date_gmt":"2019-11-07T18:46:39","guid":{"rendered":"http:\/\/agora.xtec.cat\/ies-eltiller\/?page_id=3924"},"modified":"2023-01-19T13:30:12","modified_gmt":"2023-01-19T12:30:12","slug":"tilleralpati-19-20","status":"publish","type":"page","link":"https:\/\/agora.xtec.cat\/ies-eltiller\/estudis\/tilleralpati-19-20\/","title":{"rendered":"R\u00e0dio: Til\u00b7ler al pati 2019-20"},"content":{"rendered":"<p>R\u00e0dio Til\u00b7ler al pati som 3 alumnes de l&#8217;institut: V\u00edctor Carreras i Eric Quintas de 2n ESO i Pau Jose Mar\u00eda de 4t ESO. Fem un programa setmanal (enregistrat els dilluns) amb emissi\u00f3 via internet i via sistema de megafonia de l&#8217;institut. Ens caracteritza l&#8217;esperit de servei p\u00fablic i tenim per objectiu informar de tot el que passa a l&#8217;institut amb humor, rigor i bona sintonia. Tot aquell alumne que vulgui participar \u00e9s benvingut i benvinguda.<\/p>\n<p><a href=\"http:\/\/agora.xtec.cat\/ies-eltiller\/estudis\/tilleralpati-19-20\/attachment\/tiller-al-pati-definitiu\/\" rel=\"attachment wp-att-4176\"><img loading=\"lazy\" decoding=\"async\" class=\"alignleft size-full wp-image-4176\" src=\"https:\/\/agora.xtec.cat\/ies-eltiller\/wp-content\/uploads\/usu1312\/2020\/02\/Til\u00b7ler-al-Pati-DEFINITIU.png\" alt=\"\" width=\"1280\" height=\"720\" srcset=\"https:\/\/agora.xtec.cat\/ies-eltiller\/wp-content\/uploads\/usu1312\/2020\/02\/Til\u00b7ler-al-Pati-DEFINITIU.png 1280w, https:\/\/agora.xtec.cat\/ies-eltiller\/wp-content\/uploads\/usu1312\/2020\/02\/Til\u00b7ler-al-Pati-DEFINITIU-300x169.png 300w, https:\/\/agora.xtec.cat\/ies-eltiller\/wp-content\/uploads\/usu1312\/2020\/02\/Til\u00b7ler-al-Pati-DEFINITIU-768x432.png 768w, https:\/\/agora.xtec.cat\/ies-eltiller\/wp-content\/uploads\/usu1312\/2020\/02\/Til\u00b7ler-al-Pati-DEFINITIU-1024x576.png 1024w\" sizes=\"auto, (max-width: 1280px) 100vw, 1280px\" \/><\/a><\/p>\n<p>&nbsp;<\/p>\n<p>&nbsp;<\/p>\n<table style=\"height: 73px;\" width=\"613\">\n<tbody>\n<tr>\n<td style=\"width: 108px;\">Programa<\/td>\n<td style=\"width: 115px;\">Data<\/td>\n<td style=\"width: 380px;\">Article amb enregistrament<\/td>\n<\/tr>\n<tr>\n<td style=\"width: 108px;\">1<\/td>\n<td style=\"width: 115px;\">21-10-2019<\/td>\n<td style=\"width: 380px;\"><a href=\"https:\/\/agora.xtec.cat\/ies-eltiller\/portada\/primer-programa-tillerfm-2019-20\/\" target=\"_blank\" rel=\"noopener noreferrer\">Primer programa Til\u00b7ler al pati<\/a><\/p>\n<p><a href=\"https:\/\/drive.google.com\/file\/d\/10PtL9iKGx8gvsZ7cd9gBTkad_5POo37Z\/view?usp=sharing\" target=\"_blank\" rel=\"noopener noreferrer\">\u00c0udio<\/a><\/td>\n<\/tr>\n<tr>\n<td style=\"width: 108px;\">2<\/td>\n<td style=\"width: 115px;\">28-10-2019<\/td>\n<td style=\"width: 380px;\"><a href=\"https:\/\/agora.xtec.cat\/ies-eltiller\/eso\/eso-2\/segon-programa-tiller-fm\/\" target=\"_blank\" rel=\"noopener noreferrer\">Segon programa Til\u00b7ler al pati<\/a><\/p>\n<p><a href=\"https:\/\/drive.google.com\/file\/d\/0B8UTHXK9ZKrxcVdFNkRQeTZGX3FfclpNcmlhNzFtaEp0WnEw\/view?usp=sharing\" target=\"_blank\" rel=\"noopener noreferrer\">\u00c0udio<\/a><\/td>\n<\/tr>\n<tr>\n<td style=\"width: 108px;\">3<\/td>\n<td style=\"width: 115px;\">4-11-2019<\/td>\n<td style=\"width: 380px;\"><a href=\"https:\/\/agora.xtec.cat\/ies-eltiller\/eso\/eso-2\/tiller-al-pati-tercer-programa\/\" target=\"_blank\" rel=\"noopener noreferrer\">Tercer programa Til\u00b7ler al pati<\/a><\/p>\n<p><a href=\"https:\/\/drive.google.com\/file\/d\/1GFtq5pLPO0zI2RGYwzEu08PKodalQvWK\/view?usp=sharing\" target=\"_blank\" rel=\"noopener noreferrer\">\u00c0udio<\/a><\/p>\n<p><a href=\"https:\/\/drive.google.com\/file\/d\/13PtIuGbJUi6x1Q3pGvRBePtdK2zvZt_p\/view?usp=sharing\" target=\"_blank\" rel=\"noopener noreferrer\">V\u00eddeo tercer programa Til\u00b7ler al pati<\/a><\/td>\n<\/tr>\n<tr>\n<td style=\"width: 108px;\">4<\/td>\n<td style=\"width: 115px;\">11-11-2019<\/td>\n<td style=\"width: 380px;\"><a href=\"https:\/\/drive.google.com\/file\/d\/1-WAn8SHr4uZTFameOWzNJ0gfaAn0xF6z\/view?usp=sharing\" target=\"_blank\" rel=\"noopener noreferrer\">\u00c0udio<\/a><\/p>\n<p><a href=\"https:\/\/drive.google.com\/file\/d\/12bHl_nF2BgOoJQfLjyQMeENvD9Vf7nCZ\/view?usp=sharing\" target=\"_blank\" rel=\"noopener noreferrer\">V\u00eddeo<\/a><\/td>\n<\/tr>\n<tr>\n<td style=\"width: 108px;\">5<\/td>\n<td style=\"width: 115px;\">18-11-2019<\/td>\n<td style=\"width: 380px;\"><a href=\"https:\/\/drive.google.com\/file\/d\/1oBGJQt9xGHDHDwW_cLUekEGAGB7Yw34k\/view?usp=sharing\" target=\"_blank\" rel=\"noopener noreferrer\">\u00c0udio<\/a><\/p>\n<p><a href=\"https:\/\/drive.google.com\/file\/d\/1BU-pt0tXNg_LUpDl1llkXhTuPlXqnRcm\/view?usp=sharing\" target=\"_blank\" rel=\"noopener noreferrer\">V\u00eddeo<\/a><\/td>\n<\/tr>\n<tr>\n<td style=\"width: 108px;\">6<\/td>\n<td style=\"width: 115px;\">02-12-2019<\/td>\n<td style=\"width: 380px;\"><a href=\"https:\/\/drive.google.com\/open?id=1jcJXGaq7ZZuKbgFadaQODdyfVVzo_Qnk\" target=\"_blank\" rel=\"noopener noreferrer\">\u00c0udio<\/a><\/td>\n<\/tr>\n<tr>\n<td style=\"width: 108px;\">7<\/td>\n<td style=\"width: 115px;\">20-01-2020<\/td>\n<td style=\"width: 380px;\"><a href=\"https:\/\/drive.google.com\/file\/d\/1APS2P5OQ2zKLuVAT5NFVaMc65U1aYTAu\/view?usp=sharing\" target=\"_blank\" rel=\"noopener noreferrer\">\u00c0udio<\/a><\/td>\n<\/tr>\n<tr>\n<td style=\"width: 108px;\">8<\/td>\n<td style=\"width: 115px;\">27-01-2020<\/td>\n<td style=\"width: 380px;\"><a href=\"https:\/\/drive.google.com\/file\/d\/1qiMsspZyLIPsubJ1Sb-XjgL3Fjs2Rtt5\/view?usp=sharing\" target=\"_blank\" rel=\"noopener noreferrer\">\u00c0udio<\/a><\/td>\n<\/tr>\n<tr>\n<td style=\"width: 108px;\">9<\/td>\n<td style=\"width: 115px;\">03-02-2020<\/td>\n<td style=\"width: 380px;\"><a href=\"https:\/\/drive.google.com\/file\/d\/1wKpu2SPH2S8n4qDm8AXnWpmhU4OA5HMv\/view?usp=sharing\" target=\"_blank\" rel=\"noopener noreferrer\">\u00c0udio<\/a><\/td>\n<\/tr>\n<tr>\n<td style=\"width: 108px;\">10<\/td>\n<td style=\"width: 115px;\">13-02-2020<\/td>\n<td style=\"width: 380px;\">Especial dia mundial de la r\u00e0dio<\/p>\n<p><a href=\"https:\/\/drive.google.com\/file\/d\/174qYyQG8Ja_Zf3XHCx5ArzyIBHb3noMs\/view?usp=sharing\" target=\"_blank\" rel=\"noopener noreferrer\">\u00c0udio<\/a><\/p>\n<p><a href=\"https:\/\/drive.google.com\/open?id=1AXtThjO-LWAww6EOukxLGex5Ee-vyexn\" target=\"_blank\" rel=\"noopener noreferrer\">V\u00eddeo<\/a><\/td>\n<\/tr>\n<tr>\n<td style=\"width: 108px;\">11<\/td>\n<td style=\"width: 115px;\">17-02-2020<\/td>\n<td style=\"width: 380px;\"><a href=\"https:\/\/drive.google.com\/file\/d\/1zq_q8WVP0cv60yNsz9a8HQpLQ-6w9f4A\/view?usp=sharing\" target=\"_blank\" rel=\"noopener noreferrer\">\u00c0udio<\/a><\/td>\n<\/tr>\n<tr>\n<td style=\"width: 108px;\">12<\/td>\n<td style=\"width: 115px;\">25-02-2020<\/td>\n<td style=\"width: 380px;\"><a href=\"https:\/\/drive.google.com\/file\/d\/1UYXkW_7n5fu_lwg8o6xG_ckFnK5j8KzW\/view?usp=sharing\" target=\"_blank\" rel=\"noopener noreferrer\">\u00c0udio<\/a><\/td>\n<\/tr>\n<tr>\n<td style=\"width: 108px;\">13<\/td>\n<td style=\"width: 115px;\">02-03-2020<\/td>\n<td style=\"width: 380px;\"><a href=\"https:\/\/drive.google.com\/file\/d\/1dq-zaI14LSZe0JK3ZbreUYhpDOZBVp7P\/view?usp=sharing\" target=\"_blank\" rel=\"noopener noreferrer\">\u00c0udio<\/a><\/td>\n<\/tr>\n<tr>\n<td style=\"width: 108px;\">14<\/td>\n<td style=\"width: 115px;\">09-02-2020<\/td>\n<td style=\"width: 380px;\"><a href=\"https:\/\/drive.google.com\/file\/d\/1M33WyMGxBM9Q4DEHQulkjU30ByNvhR6O\/view?usp=sharing\" target=\"_blank\" rel=\"noopener noreferrer\">\u00c0udio<\/a><\/td>\n<\/tr>\n<tr>\n<td style=\"width: 108px;\">15<\/td>\n<td style=\"width: 115px;\">16-03-2020<\/td>\n<td style=\"width: 380px;\">Especial Coronavirus 1<\/p>\n<p><a href=\"https:\/\/drive.google.com\/open?id=1WQF-qKsuR2QDwz4mz0zNlGOFR4l2tlfC\" target=\"_blank\" rel=\"noopener noreferrer\">\u00c0udio<\/a><\/td>\n<\/tr>\n<\/tbody>\n<\/table>\n","protected":false},"excerpt":{"rendered":"<p>R\u00e0dio Til\u00b7ler al pati som 3 alumnes de l&#8217;institut: V\u00edctor Carreras i Eric Quintas de 2n ESO i Pau Jose Mar\u00eda de 4t ESO. Fem un programa setmanal (enregistrat els dilluns) amb emissi\u00f3 via internet i via sistema de megafonia de l&#8217;institut. Ens caracteritza l&#8217;esperit&hellip;  <a href=\"https:\/\/agora.xtec.cat\/ies-eltiller\/estudis\/tilleralpati-19-20\/\" title=\"Read R\u00e0dio: Til\u00b7ler al pati 2019-20\">Llegeix m\u00e9s\u00bb<\/a><\/p>\n","protected":false},"author":1,"featured_media":0,"parent":195,"menu_order":5,"comment_status":"closed","ping_status":"closed","template":"page-templates\/side-menu.php","meta":{"_bbp_topic_count":0,"_bbp_reply_count":0,"_bbp_total_topic_count":0,"_bbp_total_reply_count":0,"_bbp_voice_count":0,"_bbp_anonymous_reply_count":0,"_bbp_topic_count_hidden":0,"_bbp_reply_count_hidden":0,"_bbp_forum_subforum_count":0,"footnotes":""},"class_list":["post-3924","page","type-page","status-publish","hentry"],"post_mailing_queue_ids":[],"_links":{"self":[{"href":"https:\/\/agora.xtec.cat\/ies-eltiller\/wp-json\/wp\/v2\/pages\/3924","targetHints":{"allow":["GET"]}}],"collection":[{"href":"https:\/\/agora.xtec.cat\/ies-eltiller\/wp-json\/wp\/v2\/pages"}],"about":[{"href":"https:\/\/agora.xtec.cat\/ies-eltiller\/wp-json\/wp\/v2\/types\/page"}],"author":[{"embeddable":true,"href":"https:\/\/agora.xtec.cat\/ies-eltiller\/wp-json\/wp\/v2\/users\/1"}],"replies":[{"embeddable":true,"href":"https:\/\/agora.xtec.cat\/ies-eltiller\/wp-json\/wp\/v2\/comments?post=3924"}],"version-history":[{"count":4,"href":"https:\/\/agora.xtec.cat\/ies-eltiller\/wp-json\/wp\/v2\/pages\/3924\/revisions"}],"predecessor-version":[{"id":4291,"href":"https:\/\/agora.xtec.cat\/ies-eltiller\/wp-json\/wp\/v2\/pages\/3924\/revisions\/4291"}],"up":[{"embeddable":true,"href":"https:\/\/agora.xtec.cat\/ies-eltiller\/wp-json\/wp\/v2\/pages\/195"}],"wp:attachment":[{"href":"https:\/\/agora.xtec.cat\/ies-eltiller\/wp-json\/wp\/v2\/media?parent=3924"}],"curies":[{"name":"wp","href":"https:\/\/api.w.org\/{rel}","templated":true}]}}