{"id":39,"date":"2014-09-17T16:36:44","date_gmt":"2014-09-17T16:36:44","guid":{"rendered":"http:\/\/agora.xtec.cat\/ies-eltiller\/?page_id=39"},"modified":"2025-07-29T09:48:24","modified_gmt":"2025-07-29T07:48:24","slug":"instal%c2%b7lacions","status":"publish","type":"page","link":"https:\/\/agora.xtec.cat\/ies-eltiller\/linstitut\/instal%c2%b7lacions\/","title":{"rendered":"Instal\u00b7lacions"},"content":{"rendered":"<p>L&#8217;equipament actual del centre \u00e9s el seg\u00fcent:<\/p>\n<ul>\n<li>24 aules de classe connectades a Internet per wifi amb projector o pissarra digital<\/li>\n<li>1 taller de tecnologia<\/li>\n<li>2 laboratoris de ci\u00e8ncies experimentals (qu\u00edmica, f\u00edsica i biologia)<\/li>\n<li>1 aula de m\u00fasica<\/li>\n<li>cantina i menjador<\/li>\n<li>sala de professors<\/li>\n<li>sala d&#8217;AMPA<\/li>\n<li>espais de reuni\u00f3<\/li>\n<li>pati<\/li>\n<li>gimn\u00e0s-sala polivalent<\/li>\n<li>ascensor i escala d\u2019emerg\u00e8ncia<\/li>\n<\/ul>\n<p><a href=\"https:\/\/photos.app.goo.gl\/K8tGTQqiNinwJ2gj7\" target=\"_blank\" rel=\"attachment noopener wp-att-3043\"><img loading=\"lazy\" decoding=\"async\" class=\"alignleft wp-image-3043 size-full\" src=\"https:\/\/agora.xtec.cat\/ies-eltiller\/wp-content\/uploads\/usu1312\/2018\/10\/IMG_20181011_092412.jpg\" alt=\"\" width=\"1664\" height=\"1248\" srcset=\"https:\/\/agora.xtec.cat\/ies-eltiller\/wp-content\/uploads\/usu1312\/2018\/10\/IMG_20181011_092412.jpg 1664w, https:\/\/agora.xtec.cat\/ies-eltiller\/wp-content\/uploads\/usu1312\/2018\/10\/IMG_20181011_092412-300x225.jpg 300w, https:\/\/agora.xtec.cat\/ies-eltiller\/wp-content\/uploads\/usu1312\/2018\/10\/IMG_20181011_092412-768x576.jpg 768w, https:\/\/agora.xtec.cat\/ies-eltiller\/wp-content\/uploads\/usu1312\/2018\/10\/IMG_20181011_092412-1024x768.jpg 1024w, https:\/\/agora.xtec.cat\/ies-eltiller\/wp-content\/uploads\/usu1312\/2018\/10\/IMG_20181011_092412-200x150.jpg 200w\" sizes=\"auto, (max-width: 1664px) 100vw, 1664px\" \/><\/a><\/p>\n","protected":false},"excerpt":{"rendered":"<p>L&#8217;equipament actual del centre \u00e9s el seg\u00fcent:<\/p>\n<ul>\n<li>24 aules de classe connectades a Internet per wifi amb projector o pissarra digital<\/li>\n<li>1 taller de tecnologia<\/li>\n<li>2 laboratoris de ci\u00e8ncies experimentals (qu\u00edmica, f\u00edsica i biologia)<\/li>\n<li>1 aula de m\u00fasica<\/li>\n<li>cantina i menjador<\/li>\n<li>sala de professors<\/li>\n<li>sala d&#8217;AMPA<\/li>\n<li>espais de reuni\u00f3<\/li>\n<li>pati<\/li>\n<li>gimn\u00e0s-sala polivalent<\/li>\n<li>ascensor i escala d\u2019emerg\u00e8ncia<\/li>\n<\/ul>\n<p><a&hellip;  <a href=\"https:\/\/agora.xtec.cat\/ies-eltiller\/linstitut\/instal%c2%b7lacions\/\" title=\"Read Instal\u00b7lacions\">Llegeix m\u00e9s\u00bb<\/a><\/p>\n","protected":false},"author":1,"featured_media":0,"parent":19,"menu_order":3,"comment_status":"closed","ping_status":"closed","template":"page-templates\/side-menu.php","meta":{"_bbp_topic_count":0,"_bbp_reply_count":0,"_bbp_total_topic_count":0,"_bbp_total_reply_count":0,"_bbp_voice_count":0,"_bbp_anonymous_reply_count":0,"_bbp_topic_count_hidden":0,"_bbp_reply_count_hidden":0,"_bbp_forum_subforum_count":0,"footnotes":""},"class_list":["post-39","page","type-page","status-publish","hentry"],"post_mailing_queue_ids":[],"_links":{"self":[{"href":"https:\/\/agora.xtec.cat\/ies-eltiller\/wp-json\/wp\/v2\/pages\/39","targetHints":{"allow":["GET"]}}],"collection":[{"href":"https:\/\/agora.xtec.cat\/ies-eltiller\/wp-json\/wp\/v2\/pages"}],"about":[{"href":"https:\/\/agora.xtec.cat\/ies-eltiller\/wp-json\/wp\/v2\/types\/page"}],"author":[{"embeddable":true,"href":"https:\/\/agora.xtec.cat\/ies-eltiller\/wp-json\/wp\/v2\/users\/1"}],"replies":[{"embeddable":true,"href":"https:\/\/agora.xtec.cat\/ies-eltiller\/wp-json\/wp\/v2\/comments?post=39"}],"version-history":[{"count":4,"href":"https:\/\/agora.xtec.cat\/ies-eltiller\/wp-json\/wp\/v2\/pages\/39\/revisions"}],"predecessor-version":[{"id":8602,"href":"https:\/\/agora.xtec.cat\/ies-eltiller\/wp-json\/wp\/v2\/pages\/39\/revisions\/8602"}],"up":[{"embeddable":true,"href":"https:\/\/agora.xtec.cat\/ies-eltiller\/wp-json\/wp\/v2\/pages\/19"}],"wp:attachment":[{"href":"https:\/\/agora.xtec.cat\/ies-eltiller\/wp-json\/wp\/v2\/media?parent=39"}],"curies":[{"name":"wp","href":"https:\/\/api.w.org\/{rel}","templated":true}]}}