{"id":2492,"date":"2018-03-06T21:31:24","date_gmt":"2018-03-06T20:31:24","guid":{"rendered":"http:\/\/agora.xtec.cat\/ies-eltiller\/?page_id=2492"},"modified":"2026-04-07T09:26:03","modified_gmt":"2026-04-07T07:26:03","slug":"batxillerat","status":"publish","type":"page","link":"https:\/\/agora.xtec.cat\/ies-eltiller\/estudis\/batxillerat\/","title":{"rendered":"Pla d&#8217;estudis Batxillerat Curs 26-27"},"content":{"rendered":"<p style=\"text-align: left;\">A l\u2019Institut El Til\u00b7ler oferim les seg\u00fcents <strong>modalitats de Batxillerat:<\/strong><\/p>\n<ul>\n<li><strong>Cient\u00edfic.<\/strong><\/li>\n<li><strong>Tecnol\u00f2gic.<\/strong><\/li>\n<li><strong>Human\u00edstic.<\/strong><\/li>\n<li><strong>Social.<\/strong><\/li>\n<\/ul>\n<h4><a href=\"https:\/\/agora.xtec.cat\/ies-eltiller\/wp-content\/uploads\/usu1312\/2026\/04\/Batxillerat-El-Tiller-26-27.pdf\" target=\"_blank\" rel=\"noopener\">Batxillerat El Til\u00b7ler 26-27<\/a><\/h4>\n<p><span style=\"font-family: inherit; font-size: 1em;\">El curr\u00edculum s\u2019estructura en mat\u00e8ries comunes, mat\u00e8ries obligat\u00f2ries de modalitat, mat\u00e8ries de modalitat i mat\u00e8ries optatives. A m\u00e9s, els alumnes tamb\u00e9 realitzen un Treball de Recerca que s&#8217;inicia a 1r i acaba a 2n de Batxillerat.<\/span><\/p>\n","protected":false},"excerpt":{"rendered":"<p>A l\u2019Institut El Til\u00b7ler oferim les seg\u00fcents modalitats de Batxillerat:<\/p>\n<ul>\n<li>Cient\u00edfic.<\/li>\n<li>Tecnol\u00f2gic.<\/li>\n<li>Human\u00edstic.<\/li>\n<li>Social.<\/li>\n<\/ul>\n<p><a href=\"https:\/\/agora.xtec.cat\/ies-eltiller\/wp-content\/uploads\/usu1312\/2026\/04\/Batxillerat-El-Tiller-26-27.pdf\" target=\"_blank\" rel=\"noopener\">Batxillerat El Til\u00b7ler 26-27<\/a><br \/>\nEl curr\u00edculum s\u2019estructura en mat\u00e8ries comunes, mat\u00e8ries obligat\u00f2ries de modalitat, mat\u00e8ries de modalitat i mat\u00e8ries optatives. A m\u00e9s, els alumnes tamb\u00e9 realitzen un Treball de Recerca que s&#8217;inicia a 1r&hellip;  <a href=\"https:\/\/agora.xtec.cat\/ies-eltiller\/estudis\/batxillerat\/\" title=\"Read Pla d&#8217;estudis Batxillerat Curs 26-27\">Llegeix m\u00e9s\u00bb<\/a><\/p>\n","protected":false},"author":1,"featured_media":0,"parent":195,"menu_order":15,"comment_status":"closed","ping_status":"closed","template":"page-templates\/side-menu.php","meta":{"_bbp_topic_count":0,"_bbp_reply_count":0,"_bbp_total_topic_count":0,"_bbp_total_reply_count":0,"_bbp_voice_count":0,"_bbp_anonymous_reply_count":0,"_bbp_topic_count_hidden":0,"_bbp_reply_count_hidden":0,"_bbp_forum_subforum_count":0,"footnotes":""},"class_list":["post-2492","page","type-page","status-publish","hentry"],"post_mailing_queue_ids":[],"_links":{"self":[{"href":"https:\/\/agora.xtec.cat\/ies-eltiller\/wp-json\/wp\/v2\/pages\/2492","targetHints":{"allow":["GET"]}}],"collection":[{"href":"https:\/\/agora.xtec.cat\/ies-eltiller\/wp-json\/wp\/v2\/pages"}],"about":[{"href":"https:\/\/agora.xtec.cat\/ies-eltiller\/wp-json\/wp\/v2\/types\/page"}],"author":[{"embeddable":true,"href":"https:\/\/agora.xtec.cat\/ies-eltiller\/wp-json\/wp\/v2\/users\/1"}],"replies":[{"embeddable":true,"href":"https:\/\/agora.xtec.cat\/ies-eltiller\/wp-json\/wp\/v2\/comments?post=2492"}],"version-history":[{"count":6,"href":"https:\/\/agora.xtec.cat\/ies-eltiller\/wp-json\/wp\/v2\/pages\/2492\/revisions"}],"predecessor-version":[{"id":8715,"href":"https:\/\/agora.xtec.cat\/ies-eltiller\/wp-json\/wp\/v2\/pages\/2492\/revisions\/8715"}],"up":[{"embeddable":true,"href":"https:\/\/agora.xtec.cat\/ies-eltiller\/wp-json\/wp\/v2\/pages\/195"}],"wp:attachment":[{"href":"https:\/\/agora.xtec.cat\/ies-eltiller\/wp-json\/wp\/v2\/media?parent=2492"}],"curies":[{"name":"wp","href":"https:\/\/api.w.org\/{rel}","templated":true}]}}