{"id":1907,"date":"2017-10-25T10:18:13","date_gmt":"2017-10-25T08:18:13","guid":{"rendered":"http:\/\/agora.xtec.cat\/ies-eltiller\/?page_id=1907"},"modified":"2017-10-25T10:39:29","modified_gmt":"2017-10-25T08:39:29","slug":"subscripcio-a-portada","status":"publish","type":"page","link":"https:\/\/agora.xtec.cat\/ies-eltiller\/serveis\/subscripcio-a-portada\/","title":{"rendered":"Subscripci\u00f3 a Portada"},"content":{"rendered":"<h6><strong>Per poder inscriure&#8217;t mitjan\u00e7ant el m\u00f2bil, has d&#8217;anar a la part final de la p\u00e0gina.<\/strong><\/h6>\n<p>Ja tenim canal de\u00a0<span class=\"il\">subscripci\u00f3<\/span>\u00a0als nous articles que apareixen a la Portada de la web del centre.<\/p>\n<p><a href=\"http:\/\/agora.xtec.cat\/ies-eltiller\/serveis\/subscripcio-a-portada\/attachment\/subscripcio-3\/\" rel=\"attachment wp-att-1912\"><img loading=\"lazy\" decoding=\"async\" class=\"aligncenter wp-image-1912 size-medium\" src=\"http:\/\/agora.xtec.cat\/ies-eltiller\/wp-content\/uploads\/usu1312\/2017\/10\/subscripci\u00f3-3-300x174.png\" alt=\"\" width=\"300\" height=\"174\" srcset=\"https:\/\/agora.xtec.cat\/ies-eltiller\/wp-content\/uploads\/usu1312\/2017\/10\/subscripci\u00f3-3-300x174.png 300w, https:\/\/agora.xtec.cat\/ies-eltiller\/wp-content\/uploads\/usu1312\/2017\/10\/subscripci\u00f3-3-768x446.png 768w, https:\/\/agora.xtec.cat\/ies-eltiller\/wp-content\/uploads\/usu1312\/2017\/10\/subscripci\u00f3-3.png 793w\" sizes=\"auto, (max-width: 300px) 100vw, 300px\" \/><\/a><\/p>\n<p>Us podeu inscriure escrivint el vostre <strong>nom i cognoms<\/strong> al primer requadre, despr\u00e9s cal escriure la vostra <strong>adre\u00e7a de correu electr\u00f2nic<\/strong>. Finalment cal pr\u00e9mer el bot\u00f3\u00a0<strong><em>Subscriu<\/em><\/strong>.<\/p>\n<p>Seguidament rebreu un correu electr\u00f2nic de confirmaci\u00f3 on cal<strong> confirmar la subscripci\u00f3<\/strong>.<\/p>\n<p>Llavors, cada cop que es publiqui un nou article a la portada rebreu una notificaci\u00f3 al correu electr\u00f2nic amb un resum de la not\u00edcia i l&#8217;enlla\u00e7 per poder visualitzar-la.<\/p>\n<p>&nbsp;<\/p>\n","protected":false},"excerpt":{"rendered":"<p>Per poder inscriure&#8217;t mitjan\u00e7ant el m\u00f2bil, has d&#8217;anar a la part final de la p\u00e0gina.<br \/>\nJa tenim canal de\u00a0subscripci\u00f3\u00a0als nous articles que apareixen a la Portada de la web del centre.<br \/>\n<a href=\"http:\/\/agora.xtec.cat\/ies-eltiller\/serveis\/subscripcio-a-portada\/attachment\/subscripcio-3\/\" rel=\"attachment wp-att-1912\"><\/a><br \/>\nUs podeu inscriure escrivint el vostre nom i cognoms al primer requadre, despr\u00e9s&hellip;  <a href=\"https:\/\/agora.xtec.cat\/ies-eltiller\/serveis\/subscripcio-a-portada\/\" title=\"Read Subscripci\u00f3 a Portada\">Llegeix m\u00e9s\u00bb<\/a><\/p>\n","protected":false},"author":1,"featured_media":0,"parent":63,"menu_order":100,"comment_status":"closed","ping_status":"closed","template":"","meta":{"_bbp_topic_count":0,"_bbp_reply_count":0,"_bbp_total_topic_count":0,"_bbp_total_reply_count":0,"_bbp_voice_count":0,"_bbp_anonymous_reply_count":0,"_bbp_topic_count_hidden":0,"_bbp_reply_count_hidden":0,"_bbp_forum_subforum_count":0,"footnotes":""},"class_list":["post-1907","page","type-page","status-publish","hentry"],"post_mailing_queue_ids":[],"_links":{"self":[{"href":"https:\/\/agora.xtec.cat\/ies-eltiller\/wp-json\/wp\/v2\/pages\/1907","targetHints":{"allow":["GET"]}}],"collection":[{"href":"https:\/\/agora.xtec.cat\/ies-eltiller\/wp-json\/wp\/v2\/pages"}],"about":[{"href":"https:\/\/agora.xtec.cat\/ies-eltiller\/wp-json\/wp\/v2\/types\/page"}],"author":[{"embeddable":true,"href":"https:\/\/agora.xtec.cat\/ies-eltiller\/wp-json\/wp\/v2\/users\/1"}],"replies":[{"embeddable":true,"href":"https:\/\/agora.xtec.cat\/ies-eltiller\/wp-json\/wp\/v2\/comments?post=1907"}],"version-history":[{"count":3,"href":"https:\/\/agora.xtec.cat\/ies-eltiller\/wp-json\/wp\/v2\/pages\/1907\/revisions"}],"predecessor-version":[{"id":1916,"href":"https:\/\/agora.xtec.cat\/ies-eltiller\/wp-json\/wp\/v2\/pages\/1907\/revisions\/1916"}],"up":[{"embeddable":true,"href":"https:\/\/agora.xtec.cat\/ies-eltiller\/wp-json\/wp\/v2\/pages\/63"}],"wp:attachment":[{"href":"https:\/\/agora.xtec.cat\/ies-eltiller\/wp-json\/wp\/v2\/media?parent=1907"}],"curies":[{"name":"wp","href":"https:\/\/api.w.org\/{rel}","templated":true}]}}