{"id":19,"date":"2014-09-17T14:56:56","date_gmt":"2014-09-17T14:56:56","guid":{"rendered":"http:\/\/agora.xtec.cat\/ies-eltiller\/?page_id=19"},"modified":"2018-02-07T12:29:22","modified_gmt":"2018-02-07T11:29:22","slug":"linstitut","status":"publish","type":"page","link":"https:\/\/agora.xtec.cat\/ies-eltiller\/linstitut\/","title":{"rendered":"L&#8217;institut"},"content":{"rendered":"<p style=\"color: #444444;\">En aquest men\u00fa podeu consultar la informaci\u00f3 seg\u00fcent del centre:\u00a0ubicaci\u00f3, hist\u00f2ria, instal\u00b7lacions, equip docent, consell escolar, conviv\u00e8ncia, calendari, normativa\u2026<\/p>\n<p style=\"color: #444444;\">Per poder accedir a les p\u00e0gines, cal pr\u00e9mer l&#8217;enlla\u00e7 corresponent del men\u00fa lateral.<\/p>\n<p style=\"color: #444444;\"><a href=\"http:\/\/agora.xtec.cat\/ies-eltiller\/linstitut\/attachment\/img_7384ok\/\" rel=\"attachment wp-att-2350\"><img loading=\"lazy\" decoding=\"async\" class=\"size-full wp-image-2350 aligncenter\" src=\"http:\/\/agora.xtec.cat\/ies-eltiller\/wp-content\/uploads\/usu1312\/2014\/09\/IMG_7384ok.jpg\" alt=\"\" width=\"800\" height=\"534\" srcset=\"https:\/\/agora.xtec.cat\/ies-eltiller\/wp-content\/uploads\/usu1312\/2014\/09\/IMG_7384ok.jpg 800w, https:\/\/agora.xtec.cat\/ies-eltiller\/wp-content\/uploads\/usu1312\/2014\/09\/IMG_7384ok-300x200.jpg 300w, https:\/\/agora.xtec.cat\/ies-eltiller\/wp-content\/uploads\/usu1312\/2014\/09\/IMG_7384ok-768x513.jpg 768w\" sizes=\"auto, (max-width: 800px) 100vw, 800px\" \/><\/a><\/p>\n","protected":false},"excerpt":{"rendered":"<p>En aquest men\u00fa podeu consultar la informaci\u00f3 seg\u00fcent del centre:\u00a0ubicaci\u00f3, hist\u00f2ria, instal\u00b7lacions, equip docent, consell escolar, conviv\u00e8ncia, calendari, normativa\u2026<br \/>\nPer poder accedir a les p\u00e0gines, cal pr\u00e9mer l&#8217;enlla\u00e7 corresponent del men\u00fa lateral.<br \/>\n<a href=\"http:\/\/agora.xtec.cat\/ies-eltiller\/linstitut\/attachment\/img_7384ok\/\" rel=\"attachment wp-att-2350\"><\/a><\/p>\n","protected":false},"author":1,"featured_media":0,"parent":0,"menu_order":0,"comment_status":"closed","ping_status":"closed","template":"page-templates\/side-menu.php","meta":{"_bbp_topic_count":0,"_bbp_reply_count":0,"_bbp_total_topic_count":0,"_bbp_total_reply_count":0,"_bbp_voice_count":0,"_bbp_anonymous_reply_count":0,"_bbp_topic_count_hidden":0,"_bbp_reply_count_hidden":0,"_bbp_forum_subforum_count":0,"footnotes":""},"class_list":["post-19","page","type-page","status-publish","hentry"],"post_mailing_queue_ids":[],"_links":{"self":[{"href":"https:\/\/agora.xtec.cat\/ies-eltiller\/wp-json\/wp\/v2\/pages\/19","targetHints":{"allow":["GET"]}}],"collection":[{"href":"https:\/\/agora.xtec.cat\/ies-eltiller\/wp-json\/wp\/v2\/pages"}],"about":[{"href":"https:\/\/agora.xtec.cat\/ies-eltiller\/wp-json\/wp\/v2\/types\/page"}],"author":[{"embeddable":true,"href":"https:\/\/agora.xtec.cat\/ies-eltiller\/wp-json\/wp\/v2\/users\/1"}],"replies":[{"embeddable":true,"href":"https:\/\/agora.xtec.cat\/ies-eltiller\/wp-json\/wp\/v2\/comments?post=19"}],"version-history":[{"count":3,"href":"https:\/\/agora.xtec.cat\/ies-eltiller\/wp-json\/wp\/v2\/pages\/19\/revisions"}],"predecessor-version":[{"id":2351,"href":"https:\/\/agora.xtec.cat\/ies-eltiller\/wp-json\/wp\/v2\/pages\/19\/revisions\/2351"}],"wp:attachment":[{"href":"https:\/\/agora.xtec.cat\/ies-eltiller\/wp-json\/wp\/v2\/media?parent=19"}],"curies":[{"name":"wp","href":"https:\/\/api.w.org\/{rel}","templated":true}]}}