{"id":746,"date":"2016-04-04T20:07:48","date_gmt":"2016-04-04T18:07:48","guid":{"rendered":"http:\/\/agora.xtec.cat\/ies-dperramon\/?page_id=746"},"modified":"2026-02-23T08:54:42","modified_gmt":"2026-02-23T07:54:42","slug":"departaments","status":"publish","type":"page","link":"https:\/\/agora.xtec.cat\/ies-dperramon\/linstitut\/equip-huma-2025-26\/departaments\/","title":{"rendered":"Departaments: Professorat"},"content":{"rendered":"<h5>Curs 2022\/2023<\/h5>\n<p>&nbsp;<\/p>\n<h2>AULA D&#8217;ACOLLIDA<\/h2>\n<p style=\"padding-left: 80px;\">Casanova Garc\u00eda, Eva<\/p>\n<h2>CI\u00c8NCIES SOCIALS<\/h2>\n<h3>Cap Departament:<\/h3>\n<p style=\"padding-left: 80px;\">Crespo Flores, M. del Carmen<\/p>\n<h4>FILOSOFIA<\/h4>\n<p style=\"padding-left: 80px;\">Llacay, Toni<\/p>\n<h3>SIEI<\/h3>\n<p style=\"padding-left: 80px;\">Tarifa, Maribel<\/p>\n<h4>RELIGI\u00d3<\/h4>\n<p style=\"padding-left: 80px;\">Torras, Teresa<\/p>\n<h4>SOCIALS<\/h4>\n<p style=\"padding-left: 80px;\">Fita, Montse<\/p>\n<p style=\"padding-left: 80px;\">Pinyol Ll\u00e9sera, Eva<\/p>\n<p style=\"padding-left: 80px;\">Luque, Laura<\/p>\n<p style=\"padding-left: 80px;\">Crespo Flores, Carmen<\/p>\n<p>&nbsp;<\/p>\n<h2>CI\u00c8NCIES NATURALS<\/h2>\n<h3>Cap Departament:<\/h3>\n<p style=\"padding-left: 80px;\">Molons Puig, Agn\u00e8s<\/p>\n<h4>BIOLOGIA I GEOLOGIA<\/h4>\n<p style=\"padding-left: 80px;\">Tusell Talayero, Neus<\/p>\n<p style=\"padding-left: 80px;\">Lloret Tortosa, Sergi<\/p>\n<p style=\"padding-left: 80px;\">Pou, Georgina<\/p>\n<p style=\"padding-left: 80px;\">En Assignaci\u00f3<\/p>\n<h4>F\u00cfSICA QUIMICA<\/h4>\n<p style=\"padding-left: 80px;\">Gibert Font, N\u00faria<\/p>\n<p>&nbsp;<\/p>\n<h2>LLENG\u00dcES<\/h2>\n<h3>Cap Departament:<\/h3>\n<p style=\"padding-left: 80px;\">Mar\u00eda Garc\u00eda<\/p>\n<h4>CASTELL\u00c0<\/h4>\n<p style=\"padding-left: 80px;\">Romero, Ruth<\/p>\n<p style=\"padding-left: 80px;\">Guzman Morales, Raquel<\/p>\n<p style=\"padding-left: 80px;\">Llorente Rosell, Montserrat<\/p>\n<p style=\"padding-left: 80px;\">Fern\u00e1ndez Canal, Sandra<\/p>\n<h4>CATAL\u00c0<\/h4>\n<p style=\"padding-left: 80px;\">Cabrera Varela, H\u00e9ctor<\/p>\n<p style=\"padding-left: 80px;\">Farelo Gonz\u00e1lez, Miriam<\/p>\n<p style=\"padding-left: 80px;\">Mart\u00ednez S\u00e1nchez, Anabel<\/p>\n<p style=\"padding-left: 80px;\">Nadal Lion, Judit<\/p>\n<p style=\"padding-left: 80px;\">Pujol, Montse<\/p>\n<p style=\"padding-left: 80px;\">Ros Balagu\u00e9, Anna<\/p>\n<p style=\"padding-left: 80px;\">En assignaci\u00f3<\/p>\n<h4>CL\u00c0SSIQUES<\/h4>\n<p style=\"padding-left: 80px;\">Mir Est\u00e9vez, Josep Maria<\/p>\n<p>&nbsp;<\/p>\n<h4>LLENG\u00dcES ESTRANGERES<\/h4>\n<h3>Cap Departament:<\/h3>\n<p style=\"padding-left: 80px;\">G\u00f3mez Navas, Maria<\/p>\n<h4>ANGL\u00c8S \u00a0ALEMANY<\/h4>\n<p style=\"padding-left: 80px;\">Cabezos Xiqu\u00e9s, Nuria<\/p>\n<p style=\"padding-left: 80px;\">Fors Espejo, Georgina<\/p>\n<p style=\"padding-left: 80px;\">Roura, Guiu<\/p>\n<p style=\"padding-left: 80px;\">P\u00e9rez Cort\u00e9s, Ver\u00f3nica<\/p>\n<p style=\"padding-left: 80px;\">Puche Navarro, \u00c1ngela<\/p>\n<p>&nbsp;<\/p>\n<h2>ED. FISICA<\/h2>\n<h3>Cap Departament:<\/h3>\n<p style=\"padding-left: 80px;\">S\u00e0nchez Ribas, Montserrat<\/p>\n<p style=\"padding-left: 80px;\">Rodrigo, Mayra<\/p>\n<p style=\"padding-left: 80px;\">Virgili Com\u00ed, Neus<\/p>\n<p>&nbsp;<\/p>\n<h2>ORIENTACI\u00d3<\/h2>\n<h3>Cap Departament:<\/h3>\n<p style=\"padding-left: 80px;\">Camps, Montse<\/p>\n<p style=\"padding-left: 80px;\">Bosch, Sandra<\/p>\n<p style=\"padding-left: 80px;\">Lorencio Puig, Georgina<\/p>\n<p>&nbsp;<\/p>\n<h2>Tecnologia, Matem\u00e0tiques, VIP i M\u00fasica<\/h2>\n<h3>Cap Departament:<\/h3>\n<p style=\"padding-left: 80px;\">Sala, Elisa<\/p>\n<h4>MATEM\u00c0TIQUES<\/h4>\n<p style=\"padding-left: 80px;\">Matas, Pere<\/p>\n<p style=\"padding-left: 80px;\">Balagu\u00e9 Guardia, Ricard<\/p>\n<p style=\"padding-left: 80px;\">Pastor, Marc<\/p>\n<p style=\"padding-left: 80px;\">Perez, Nerea<\/p>\n<p style=\"padding-left: 80px;\">Peralta Parera, Gisela<\/p>\n<p style=\"padding-left: 80px;\">En Assignaci\u00f3<\/p>\n<h4>M\u00daSICA<\/h4>\n<p style=\"padding-left: 80px;\">Valenzuela, Olga<\/p>\n<h4>ECONOMIA<\/h4>\n<p style=\"padding-left: 80px;\">Ferreres Gin\u00e9, Jaume<\/p>\n<h4>TECNOLOGIA<\/h4>\n<p style=\"padding-left: 80px;\">Morena, Francesco<\/p>\n<p style=\"padding-left: 80px;\">Planas Forment, Ricard<\/p>\n<p style=\"padding-left: 80px;\">Pena Ramentol, Laura<\/p>\n<h4>VISUAL I PL\u00c0STICA<\/h4>\n<p style=\"padding-left: 80px;\">Gallardet Domingo, Carola<\/p>\n<p style=\"padding-left: 80px;\">Navas, Maria Dolores<\/p>\n<p>&nbsp;<\/p>\n<div id=\"contingut\">\n<div class=\"organigrama\"><\/div>\n<\/div>\n","protected":false},"excerpt":{"rendered":"<p>Curs 2022\/2023 &nbsp; AULA D&#8217;ACOLLIDA Casanova Garc\u00eda, Eva CI\u00c8NCIES SOCIALS Cap Departament: Crespo Flores, M. del Carmen FILOSOFIA Llacay, Toni SIEI Tarifa, Maribel RELIGI\u00d3 Torras, Teresa SOCIALS Fita, Montse Pinyol Ll\u00e9sera, Eva Luque, Laura Crespo Flores, Carmen &nbsp; CI\u00c8NCIES NATURALS Cap Departament: Molons Puig, Agn\u00e8s BIOLOGIA I GEOLOGIA Tusell Talayero, Neus Lloret Tortosa, Sergi Pou, [&hellip;]<\/p>\n","protected":false},"author":1,"featured_media":0,"parent":6186,"menu_order":0,"comment_status":"closed","ping_status":"closed","template":"","meta":{"_bbp_topic_count":0,"_bbp_reply_count":0,"_bbp_total_topic_count":0,"_bbp_total_reply_count":0,"_bbp_voice_count":0,"_bbp_anonymous_reply_count":0,"_bbp_topic_count_hidden":0,"_bbp_reply_count_hidden":0,"_bbp_forum_subforum_count":0,"site-sidebar-layout":"default","site-content-layout":"","ast-site-content-layout":"","site-content-style":"default","site-sidebar-style":"default","ast-global-header-display":"","ast-banner-title-visibility":"","ast-main-header-display":"","ast-hfb-above-header-display":"","ast-hfb-below-header-display":"","ast-hfb-mobile-header-display":"","site-post-title":"","ast-breadcrumbs-content":"","ast-featured-img":"","footer-sml-layout":"","theme-transparent-header-meta":"","adv-header-id-meta":"","stick-header-meta":"","header-above-stick-meta":"","header-main-stick-meta":"","header-below-stick-meta":"","astra-migrate-meta-layouts":"default","ast-page-background-enabled":"default","ast-page-background-meta":{"desktop":{"background-color":"var(--ast-global-color-4)","background-image":"","background-repeat":"repeat","background-position":"center center","background-size":"auto","background-attachment":"scroll","background-type":"","background-media":"","overlay-type":"","overlay-color":"","overlay-opacity":"","overlay-gradient":""},"tablet":{"background-color":"","background-image":"","background-repeat":"repeat","background-position":"center center","background-size":"auto","background-attachment":"scroll","background-type":"","background-media":"","overlay-type":"","overlay-color":"","overlay-opacity":"","overlay-gradient":""},"mobile":{"background-color":"","background-image":"","background-repeat":"repeat","background-position":"center center","background-size":"auto","background-attachment":"scroll","background-type":"","background-media":"","overlay-type":"","overlay-color":"","overlay-opacity":"","overlay-gradient":""}},"ast-content-background-meta":{"desktop":{"background-color":"var(--ast-global-color-5)","background-image":"","background-repeat":"repeat","background-position":"center center","background-size":"auto","background-attachment":"scroll","background-type":"","background-media":"","overlay-type":"","overlay-color":"","overlay-opacity":"","overlay-gradient":""},"tablet":{"background-color":"var(--ast-global-color-5)","background-image":"","background-repeat":"repeat","background-position":"center center","background-size":"auto","background-attachment":"scroll","background-type":"","background-media":"","overlay-type":"","overlay-color":"","overlay-opacity":"","overlay-gradient":""},"mobile":{"background-color":"var(--ast-global-color-5)","background-image":"","background-repeat":"repeat","background-position":"center center","background-size":"auto","background-attachment":"scroll","background-type":"","background-media":"","overlay-type":"","overlay-color":"","overlay-opacity":"","overlay-gradient":""}},"footnotes":""},"class_list":["post-746","page","type-page","status-publish","hentry"],"post_mailing_queue_ids":[],"_links":{"self":[{"href":"https:\/\/agora.xtec.cat\/ies-dperramon\/wp-json\/wp\/v2\/pages\/746","targetHints":{"allow":["GET"]}}],"collection":[{"href":"https:\/\/agora.xtec.cat\/ies-dperramon\/wp-json\/wp\/v2\/pages"}],"about":[{"href":"https:\/\/agora.xtec.cat\/ies-dperramon\/wp-json\/wp\/v2\/types\/page"}],"author":[{"embeddable":true,"href":"https:\/\/agora.xtec.cat\/ies-dperramon\/wp-json\/wp\/v2\/users\/1"}],"replies":[{"embeddable":true,"href":"https:\/\/agora.xtec.cat\/ies-dperramon\/wp-json\/wp\/v2\/comments?post=746"}],"version-history":[{"count":6,"href":"https:\/\/agora.xtec.cat\/ies-dperramon\/wp-json\/wp\/v2\/pages\/746\/revisions"}],"predecessor-version":[{"id":6183,"href":"https:\/\/agora.xtec.cat\/ies-dperramon\/wp-json\/wp\/v2\/pages\/746\/revisions\/6183"}],"up":[{"embeddable":true,"href":"https:\/\/agora.xtec.cat\/ies-dperramon\/wp-json\/wp\/v2\/pages\/6186"}],"wp:attachment":[{"href":"https:\/\/agora.xtec.cat\/ies-dperramon\/wp-json\/wp\/v2\/media?parent=746"}],"curies":[{"name":"wp","href":"https:\/\/api.w.org\/{rel}","templated":true}]}}