{"id":6205,"date":"2022-07-22T09:37:42","date_gmt":"2022-07-22T07:37:42","guid":{"rendered":"https:\/\/agora.xtec.cat\/ies-dperramon\/?page_id=6205"},"modified":"2024-07-05T23:00:24","modified_gmt":"2024-07-05T21:00:24","slug":"materies-optatives-1r-2n-i-3r-eso","status":"publish","type":"page","link":"https:\/\/agora.xtec.cat\/ies-dperramon\/projecte-educatiu\/materies-optatives-1r-2n-i-3r-eso\/","title":{"rendered":"Mat\u00e8ries Optatives 1r, 2n i 3r ESO"},"content":{"rendered":"<h4>Mat\u00e8ries optatives\u00a0<strong>1r quadrimestre<\/strong><\/h4>\n<p>Els enlla\u00e7os seg\u00fcents porten a les mat\u00e8ries optatives del <strong>1r quadrimestre del curs 2024-25<\/strong>.<\/p>\n<p>Per a la tria, caldr\u00e0 seguir les instruccions que donaran els tutors en el seu moment.<\/p>\n<p>En preparaci\u00f3. Disculpeu les mol\u00e8sties.<\/p>\n<p>&nbsp;<\/p>\n<p>&nbsp;<\/p>\n<h4>Mat\u00e8ries optatives\u00a0<strong>2n quadrimestre<\/strong><\/h4>\n<p>Mat\u00e8ries optatives del centre el <strong>2n quadrimestre del curs 2024-25<\/strong><\/p>\n<p>&nbsp;<\/p>\n<p>En preparaci\u00f3. Disculpeu les mol\u00e8sties.<\/p>\n<p>&nbsp;<\/p>\n<p>&nbsp;<\/p>\n","protected":false},"excerpt":{"rendered":"<p>Mat\u00e8ries optatives\u00a01r quadrimestre Els enlla\u00e7os seg\u00fcents porten a les mat\u00e8ries optatives del 1r quadrimestre del curs 2024-25. Per a la tria, caldr\u00e0 seguir les instruccions que donaran els tutors en el seu moment. En preparaci\u00f3. Disculpeu les mol\u00e8sties. &nbsp; &nbsp; Mat\u00e8ries optatives\u00a02n quadrimestre Mat\u00e8ries optatives del centre el 2n quadrimestre del curs 2024-25 &nbsp; En [&hellip;]<\/p>\n","protected":false},"author":129,"featured_media":0,"parent":57,"menu_order":30,"comment_status":"closed","ping_status":"closed","template":"page-templates\/side-menu.php","meta":{"_bbp_topic_count":0,"_bbp_reply_count":0,"_bbp_total_topic_count":0,"_bbp_total_reply_count":0,"_bbp_voice_count":0,"_bbp_anonymous_reply_count":0,"_bbp_topic_count_hidden":0,"_bbp_reply_count_hidden":0,"_bbp_forum_subforum_count":0,"site-sidebar-layout":"default","site-content-layout":"","ast-site-content-layout":"","site-content-style":"default","site-sidebar-style":"default","ast-global-header-display":"","ast-banner-title-visibility":"","ast-main-header-display":"","ast-hfb-above-header-display":"","ast-hfb-below-header-display":"","ast-hfb-mobile-header-display":"","site-post-title":"","ast-breadcrumbs-content":"","ast-featured-img":"","footer-sml-layout":"","theme-transparent-header-meta":"","adv-header-id-meta":"","stick-header-meta":"","header-above-stick-meta":"","header-main-stick-meta":"","header-below-stick-meta":"","astra-migrate-meta-layouts":"default","ast-page-background-enabled":"default","ast-page-background-meta":{"desktop":{"background-color":"var(--ast-global-color-4)","background-image":"","background-repeat":"repeat","background-position":"center center","background-size":"auto","background-attachment":"scroll","background-type":"","background-media":"","overlay-type":"","overlay-color":"","overlay-opacity":"","overlay-gradient":""},"tablet":{"background-color":"","background-image":"","background-repeat":"repeat","background-position":"center center","background-size":"auto","background-attachment":"scroll","background-type":"","background-media":"","overlay-type":"","overlay-color":"","overlay-opacity":"","overlay-gradient":""},"mobile":{"background-color":"","background-image":"","background-repeat":"repeat","background-position":"center center","background-size":"auto","background-attachment":"scroll","background-type":"","background-media":"","overlay-type":"","overlay-color":"","overlay-opacity":"","overlay-gradient":""}},"ast-content-background-meta":{"desktop":{"background-color":"var(--ast-global-color-5)","background-image":"","background-repeat":"repeat","background-position":"center center","background-size":"auto","background-attachment":"scroll","background-type":"","background-media":"","overlay-type":"","overlay-color":"","overlay-opacity":"","overlay-gradient":""},"tablet":{"background-color":"var(--ast-global-color-5)","background-image":"","background-repeat":"repeat","background-position":"center center","background-size":"auto","background-attachment":"scroll","background-type":"","background-media":"","overlay-type":"","overlay-color":"","overlay-opacity":"","overlay-gradient":""},"mobile":{"background-color":"var(--ast-global-color-5)","background-image":"","background-repeat":"repeat","background-position":"center center","background-size":"auto","background-attachment":"scroll","background-type":"","background-media":"","overlay-type":"","overlay-color":"","overlay-opacity":"","overlay-gradient":""}},"footnotes":""},"class_list":["post-6205","page","type-page","status-publish","hentry"],"post_mailing_queue_ids":[],"_links":{"self":[{"href":"https:\/\/agora.xtec.cat\/ies-dperramon\/wp-json\/wp\/v2\/pages\/6205","targetHints":{"allow":["GET"]}}],"collection":[{"href":"https:\/\/agora.xtec.cat\/ies-dperramon\/wp-json\/wp\/v2\/pages"}],"about":[{"href":"https:\/\/agora.xtec.cat\/ies-dperramon\/wp-json\/wp\/v2\/types\/page"}],"author":[{"embeddable":true,"href":"https:\/\/agora.xtec.cat\/ies-dperramon\/wp-json\/wp\/v2\/users\/129"}],"replies":[{"embeddable":true,"href":"https:\/\/agora.xtec.cat\/ies-dperramon\/wp-json\/wp\/v2\/comments?post=6205"}],"version-history":[{"count":6,"href":"https:\/\/agora.xtec.cat\/ies-dperramon\/wp-json\/wp\/v2\/pages\/6205\/revisions"}],"predecessor-version":[{"id":7321,"href":"https:\/\/agora.xtec.cat\/ies-dperramon\/wp-json\/wp\/v2\/pages\/6205\/revisions\/7321"}],"up":[{"embeddable":true,"href":"https:\/\/agora.xtec.cat\/ies-dperramon\/wp-json\/wp\/v2\/pages\/57"}],"wp:attachment":[{"href":"https:\/\/agora.xtec.cat\/ies-dperramon\/wp-json\/wp\/v2\/media?parent=6205"}],"curies":[{"name":"wp","href":"https:\/\/api.w.org\/{rel}","templated":true}]}}