{"id":5704,"date":"2022-05-20T13:32:31","date_gmt":"2022-05-20T11:32:31","guid":{"rendered":"https:\/\/agora.xtec.cat\/ies-dperramon\/?page_id=5704"},"modified":"2023-05-17T23:21:00","modified_gmt":"2023-05-17T21:21:00","slug":"avaluacio-i-millora","status":"publish","type":"page","link":"https:\/\/agora.xtec.cat\/ies-dperramon\/projecte-educatiu\/projecte-digital-de-centre\/part-estrategica\/avaluacio-i-millora\/","title":{"rendered":"Avaluaci\u00f3 i millora"},"content":{"rendered":"<p>AVALUACI\u00d3 I MILLORA<\/p>\n<p dir=\"ltr\">Per tal d&#8217;avaluar la implementaci\u00f3 de l&#8217;Estrat\u00e8gia digital, a final de cada curs es reunir\u00e0 la comissi\u00f3 digital i valorar\u00e0 l&#8217;assoliment dels criteris dels indicadors de les activitats i dels objectius.<\/p>\n<p dir=\"ltr\">Cada responsable far\u00e0 una exposici\u00f3 del que s&#8217;ha assolit i del que no s&#8217;ha assolit, i exposar\u00e0 les propostes de millora.<\/p>\n<p dir=\"ltr\">A partir d&#8217;aqu\u00ed, la comissi\u00f3 modificar\u00e0 l&#8217;ECD pel que queda de temps d&#8217;implementaci\u00f3, si s&#8217;escau.<\/p>\n<p dir=\"ltr\">Com a cada trobada de la comissi\u00f3, es redactar\u00e0 l\u2019acta amb els acords presos. S\u2019actualitzar\u00e0 el full de c\u00e0lcul de seguiment de l\u2019EDC.<\/p>\n<p dir=\"ltr\">A final de curs, es presentaran al Claustre i al Consell Escolar tant les tasques acomplertes des de la Comissi\u00f3 Digital durant el curs com les planificades pels cursos vinent en el marc de l\u2019Estrat\u00e8gia Digital de Centre.<\/p>\n","protected":false},"excerpt":{"rendered":"<p>AVALUACI\u00d3 I MILLORA Per tal d&#8217;avaluar la implementaci\u00f3 de l&#8217;Estrat\u00e8gia digital, a final de cada curs es reunir\u00e0 la comissi\u00f3 digital i valorar\u00e0 l&#8217;assoliment dels criteris dels indicadors de les activitats i dels objectius. Cada responsable far\u00e0 una exposici\u00f3 del que s&#8217;ha assolit i del que no s&#8217;ha assolit, i exposar\u00e0 les propostes de millora. [&hellip;]<\/p>\n","protected":false},"author":1,"featured_media":0,"parent":5684,"menu_order":4,"comment_status":"closed","ping_status":"closed","template":"page-templates\/side-menu.php","meta":{"_bbp_topic_count":0,"_bbp_reply_count":0,"_bbp_total_topic_count":0,"_bbp_total_reply_count":0,"_bbp_voice_count":0,"_bbp_anonymous_reply_count":0,"_bbp_topic_count_hidden":0,"_bbp_reply_count_hidden":0,"_bbp_forum_subforum_count":0,"site-sidebar-layout":"default","site-content-layout":"","ast-site-content-layout":"","site-content-style":"default","site-sidebar-style":"default","ast-global-header-display":"","ast-banner-title-visibility":"","ast-main-header-display":"","ast-hfb-above-header-display":"","ast-hfb-below-header-display":"","ast-hfb-mobile-header-display":"","site-post-title":"","ast-breadcrumbs-content":"","ast-featured-img":"","footer-sml-layout":"","theme-transparent-header-meta":"","adv-header-id-meta":"","stick-header-meta":"","header-above-stick-meta":"","header-main-stick-meta":"","header-below-stick-meta":"","astra-migrate-meta-layouts":"default","ast-page-background-enabled":"default","ast-page-background-meta":{"desktop":{"background-color":"var(--ast-global-color-4)","background-image":"","background-repeat":"repeat","background-position":"center center","background-size":"auto","background-attachment":"scroll","background-type":"","background-media":"","overlay-type":"","overlay-color":"","overlay-opacity":"","overlay-gradient":""},"tablet":{"background-color":"","background-image":"","background-repeat":"repeat","background-position":"center center","background-size":"auto","background-attachment":"scroll","background-type":"","background-media":"","overlay-type":"","overlay-color":"","overlay-opacity":"","overlay-gradient":""},"mobile":{"background-color":"","background-image":"","background-repeat":"repeat","background-position":"center center","background-size":"auto","background-attachment":"scroll","background-type":"","background-media":"","overlay-type":"","overlay-color":"","overlay-opacity":"","overlay-gradient":""}},"ast-content-background-meta":{"desktop":{"background-color":"var(--ast-global-color-5)","background-image":"","background-repeat":"repeat","background-position":"center center","background-size":"auto","background-attachment":"scroll","background-type":"","background-media":"","overlay-type":"","overlay-color":"","overlay-opacity":"","overlay-gradient":""},"tablet":{"background-color":"var(--ast-global-color-5)","background-image":"","background-repeat":"repeat","background-position":"center center","background-size":"auto","background-attachment":"scroll","background-type":"","background-media":"","overlay-type":"","overlay-color":"","overlay-opacity":"","overlay-gradient":""},"mobile":{"background-color":"var(--ast-global-color-5)","background-image":"","background-repeat":"repeat","background-position":"center center","background-size":"auto","background-attachment":"scroll","background-type":"","background-media":"","overlay-type":"","overlay-color":"","overlay-opacity":"","overlay-gradient":""}},"footnotes":""},"class_list":["post-5704","page","type-page","status-publish","hentry"],"post_mailing_queue_ids":[],"_links":{"self":[{"href":"https:\/\/agora.xtec.cat\/ies-dperramon\/wp-json\/wp\/v2\/pages\/5704","targetHints":{"allow":["GET"]}}],"collection":[{"href":"https:\/\/agora.xtec.cat\/ies-dperramon\/wp-json\/wp\/v2\/pages"}],"about":[{"href":"https:\/\/agora.xtec.cat\/ies-dperramon\/wp-json\/wp\/v2\/types\/page"}],"author":[{"embeddable":true,"href":"https:\/\/agora.xtec.cat\/ies-dperramon\/wp-json\/wp\/v2\/users\/1"}],"replies":[{"embeddable":true,"href":"https:\/\/agora.xtec.cat\/ies-dperramon\/wp-json\/wp\/v2\/comments?post=5704"}],"version-history":[{"count":3,"href":"https:\/\/agora.xtec.cat\/ies-dperramon\/wp-json\/wp\/v2\/pages\/5704\/revisions"}],"predecessor-version":[{"id":6710,"href":"https:\/\/agora.xtec.cat\/ies-dperramon\/wp-json\/wp\/v2\/pages\/5704\/revisions\/6710"}],"up":[{"embeddable":true,"href":"https:\/\/agora.xtec.cat\/ies-dperramon\/wp-json\/wp\/v2\/pages\/5684"}],"wp:attachment":[{"href":"https:\/\/agora.xtec.cat\/ies-dperramon\/wp-json\/wp\/v2\/media?parent=5704"}],"curies":[{"name":"wp","href":"https:\/\/api.w.org\/{rel}","templated":true}]}}