{"id":5687,"date":"2022-05-20T12:48:43","date_gmt":"2022-05-20T10:48:43","guid":{"rendered":"https:\/\/agora.xtec.cat\/ies-dperramon\/?page_id=5687"},"modified":"2024-02-13T07:19:36","modified_gmt":"2024-02-13T06:19:36","slug":"cultura-digital","status":"publish","type":"page","link":"https:\/\/agora.xtec.cat\/ies-dperramon\/projecte-educatiu\/projecte-digital-de-centre\/cultura-digital\/","title":{"rendered":"Cultura Digital"},"content":{"rendered":"<h4><span style=\"color: #339966;\">Qu\u00e8 \u00e9s la Cultura Digital?<\/span><\/h4>\n<p><a href=\"https:\/\/agora.xtec.cat\/ies-dperramon\/wp-content\/uploads\/usu947\/2022\/07\/dig.png\"><img loading=\"lazy\" decoding=\"async\" class=\"wp-image-6112 aligncenter\" src=\"https:\/\/agora.xtec.cat\/ies-dperramon\/wp-content\/uploads\/usu947\/2022\/07\/dig.png\" alt=\"\" width=\"644\" height=\"460\" srcset=\"https:\/\/agora.xtec.cat\/ies-dperramon\/wp-content\/uploads\/usu947\/2022\/07\/dig.png 771w, https:\/\/agora.xtec.cat\/ies-dperramon\/wp-content\/uploads\/usu947\/2022\/07\/dig-300x214.png 300w, https:\/\/agora.xtec.cat\/ies-dperramon\/wp-content\/uploads\/usu947\/2022\/07\/dig-768x549.png 768w\" sizes=\"auto, (max-width: 644px) 100vw, 644px\" \/><\/a><\/p>\n<p>&nbsp;<\/p>\n<h4><span style=\"color: #339966;\">Comunicaci\u00f3 de la Comunitat Educativa<\/span><\/h4>\n<p style=\"text-align: justify;\"><span style=\"font-family: inherit; font-size: 1em;\">A m\u00e9s dels fulls anteriors, en aquestes carpetes hi ha tota la resta d\u2019informaci\u00f3 que necessita el centre. Des de la documentaci\u00f3 oficial (PEC, NOFC, projecte de direcci\u00f3, etc), passant per llistes d\u2019alumnes, el PAT, fins als informes d\u2019avaluaci\u00f3 de cada un dels alumnes durant tots els cursos que est\u00e0 al centre.<\/span><\/p>\n<table style=\"border-collapse: collapse; width: 100%;\">\n<tbody>\n<tr>\n<td style=\"width: 33.3333%; text-align: center; background-color: #d6d4d9;\"><strong><span style=\"color: #000000;\">COMUNICACI\u00d3 A FAM\u00cdLIES<\/span><\/strong><\/td>\n<td style=\"width: 33.3333%; text-align: center; background-color: #d6d4d9;\"><strong><span style=\"color: #000000;\">PROFESSORAT<\/span><\/strong><\/td>\n<td style=\"width: 33.3333%; text-align: center; background-color: #d6d4d9;\"><strong><span style=\"color: #000000;\">ALUMNAT<\/span><\/strong><\/td>\n<\/tr>\n<tr>\n<td style=\"width: 33.3333%;\"><a href=\"https:\/\/drive.google.com\/file\/d\/1NLU_sZeo2AKPn16XLXjFBR1orL27pEXP\/view?usp=sharing\"><span style=\"background-color: #ffffff;\">Carta Comprom\u00eds dels Port\u00e0tils<\/span><\/a><\/td>\n<td style=\"width: 33.3333%;\">Protocol averia del port\u00e0til<\/td>\n<td style=\"width: 33.3333%;\"><a href=\"https:\/\/drive.google.com\/file\/d\/1o481Bl3zFMnzTCMTP3aeC4zv9lG433oJ\/view?usp=sharing\">Petici\u00f3 ordinador en pr\u00e9stec del centre<\/a><\/td>\n<\/tr>\n<tr>\n<td style=\"width: 33.3333%;\"><a href=\"https:\/\/drive.google.com\/file\/d\/1lROKQcMPIqpXJxBAIdq9RkjZf7xm6Et9\/view?usp=sharing\"><span style=\"background-color: #ffffff;\">Carta Retorn del Port\u00e0til<\/span><\/a><\/td>\n<td style=\"width: 33.3333%;\">Protocol averia ordinador\/projector de l&#8217;aula<\/td>\n<td style=\"width: 33.3333%;\">Petici\u00f3 incid\u00e8ncia del port\u00e0til<\/td>\n<\/tr>\n<tr>\n<td style=\"width: 33.3333%;\"><a href=\"https:\/\/drive.google.com\/file\/d\/1RHn2lOkjiHzHLgW7HYTHoL8k7xoLkvwY\/view?usp=sharing\">Autoritzaci\u00f3 alumnes menors de 14 anys:<\/a> \u00fas d\u2019imatges, publicaci\u00f3<br \/>\nde dades de car\u00e0cter personal i de material que elaboren.<\/td>\n<td style=\"width: 33.3333%;\"><a href=\"https:\/\/drive.google.com\/file\/d\/1_ZWODoaypj0CFOi1TgdcdMdP4dMvTjMc\/view?usp=sharing\">Carta Retorn del Port\u00e0til<\/a><\/td>\n<td style=\"width: 33.3333%;\"><\/td>\n<\/tr>\n<tr>\n<td style=\"width: 33.3333%;\"><a href=\"https:\/\/drive.google.com\/file\/d\/1CR9O6P_73prwQnKx7bozH3Dc-EW70xac\/view?usp=sharing\">Autoritzaci\u00f3 alumnat major de 14 anys:<\/a>\u00a0 \u00a0 \u00a0\u00fas d\u2019imatges, publicaci\u00f3 de dades de car\u00e0cter personal i de material<br \/>\nque elaboren.<\/td>\n<td style=\"width: 33.3333%;\"><a href=\"https:\/\/drive.google.com\/file\/d\/1CR9O6P_73prwQnKx7bozH3Dc-EW70xac\/view?usp=sharing\">Autoritzaci\u00f3 del professorat i personal del centre:<\/a> \u00fas d\u2019imatges, publicaci\u00f3 de dades de car\u00e0cter personal i de material<br \/>\nque elaboren.<\/td>\n<td style=\"width: 33.3333%;\"><\/td>\n<\/tr>\n<\/tbody>\n<\/table>\n<h4><span style=\"color: #339966;\">Acolliment Digital\u00a0<\/span><\/h4>\n<p style=\"text-align: justify;\">A l&#8217;inici de curs, en el moment en qu\u00e8 es fa l&#8217;acollida del professorat nou, se&#8217;ls presenta les eines principals que s&#8217;utilitzen al centre. Paral\u00b7lelament, es comparteixen diferents documents i tutorials per tal d&#8217;acollir el professorat des del punt de vista digital. La documentaci\u00f3 b\u00e0sica que s&#8217;ha creat i \u00e9s compartida per tot el professorat \u00e9s la seg\u00fcent:<\/p>\n<ul>\n<li style=\"list-style-type: none;\">\n<ul>\n<li><a href=\"https:\/\/drive.google.com\/drive\/folders\/1rH4IHTyDkzw1AGLG3zSujAhPOyqfIzbh?usp=sharing\">C\u00e0psules formatives Moodle<\/a><\/li>\n<li><a href=\"https:\/\/drive.google.com\/drive\/folders\/1XN4b7Vpd3EivCQ0BzoVkHELYFhhOXiW5?usp=sharing\">Tutoria<\/a><\/li>\n<li><a href=\"https:\/\/drive.google.com\/drive\/folders\/1nO_nftueXnu3ghYNO04hcla5auuCsjRn?usp=sharing\">Eines Google<\/a><\/li>\n<li><a href=\"https:\/\/drive.google.com\/drive\/folders\/1jsvrbRSodh6LGWXU-k6bYS9U4qsy6e-9?usp=sharing\">Eina Ieduca<\/a><\/li>\n<\/ul>\n<\/li>\n<\/ul>\n<h4><span style=\"color: #339966;\">Portals Digitals i Xarxes Socials\u00a0<\/span><\/h4>\n<p><span style=\"color: #339966;\">Plataforma Digital de Centre<\/span><\/p>\n<p style=\"text-align: justify;\">El centre disposa d\u2019un domini GSuite for Education propi. L&#8217; alumnat, professorat i personal d\u2019administraci\u00f3 disposen d\u2019un usuari <strong><span class=\"\">@dperramon.<\/span>cat.\u00a0<\/strong><\/p>\n<p>A m\u00e9s a m\u00e9s disposa de l&#8217;Entorn Virtual Moodle per a cada mat\u00e8ria i curs.<\/p>\n<p><span style=\"color: #339966;\">Xarxes Socials<\/span><\/p>\n<ul>\n<li style=\"list-style-type: none;\">\n<ul>\n<li>Instragram <a href=\"https:\/\/www.instagram.com\/insdperramon\/\">@insdperramon<\/a><\/li>\n<li>Facebook <a href=\"https:\/\/www.facebook.com\/insdperramon?locale=ca_ES\">@insdperramon<\/a><\/li>\n<li>Twitter <a href=\"https:\/\/twitter.com\/INSDperramon\"><span class=\"atwho-query\">@INSDperramon<\/span><\/a><\/li>\n<li>Youtube <a href=\"https:\/\/www.youtube.com\/@domenecperramon\">@domenecperramon<\/a><\/li>\n<\/ul>\n<\/li>\n<\/ul>\n<h4><span style=\"color: #339966;\">Descripci\u00f3 dels Serveis<\/span><\/h4>\n<ul>\n<li style=\"list-style-type: none;\">\n<ul>\n<li>Ieduca<\/li>\n<li>TPV<\/li>\n<\/ul>\n<\/li>\n<\/ul>\n<h4><span style=\"color: #339966;\">Compet\u00e8ncia Digital de l&#8217;Alumnat<\/span><\/h4>\n<p><span style=\"font-family: inherit; font-size: 1em;\">Tot el seguiment dels alumnes, acad\u00e8mic i personal, es fa a trav\u00e9s de fulls de c\u00e0lcul que el centre ha creat i que t\u00e9 organitzat en unitats compartides.<\/span><\/p>\n<h4><span style=\"color: #339966;\">Acords de Claustre i Consell Escolar<\/span><\/h4>\n","protected":false},"excerpt":{"rendered":"<p>Qu\u00e8 \u00e9s la Cultura Digital? &nbsp; Comunicaci\u00f3 de la Comunitat Educativa A m\u00e9s dels fulls anteriors, en aquestes carpetes hi ha tota la resta d\u2019informaci\u00f3 que necessita el centre. Des de la documentaci\u00f3 oficial (PEC, NOFC, projecte de direcci\u00f3, etc), passant per llistes d\u2019alumnes, el PAT, fins als informes d\u2019avaluaci\u00f3 de cada un dels alumnes [&hellip;]<\/p>\n","protected":false},"author":1,"featured_media":0,"parent":5616,"menu_order":2,"comment_status":"closed","ping_status":"closed","template":"page-templates\/side-menu.php","meta":{"_bbp_topic_count":0,"_bbp_reply_count":0,"_bbp_total_topic_count":0,"_bbp_total_reply_count":0,"_bbp_voice_count":0,"_bbp_anonymous_reply_count":0,"_bbp_topic_count_hidden":0,"_bbp_reply_count_hidden":0,"_bbp_forum_subforum_count":0,"site-sidebar-layout":"default","site-content-layout":"","ast-site-content-layout":"","site-content-style":"default","site-sidebar-style":"default","ast-global-header-display":"","ast-banner-title-visibility":"","ast-main-header-display":"","ast-hfb-above-header-display":"","ast-hfb-below-header-display":"","ast-hfb-mobile-header-display":"","site-post-title":"","ast-breadcrumbs-content":"","ast-featured-img":"","footer-sml-layout":"","theme-transparent-header-meta":"","adv-header-id-meta":"","stick-header-meta":"","header-above-stick-meta":"","header-main-stick-meta":"","header-below-stick-meta":"","astra-migrate-meta-layouts":"default","ast-page-background-enabled":"default","ast-page-background-meta":{"desktop":{"background-color":"var(--ast-global-color-4)","background-image":"","background-repeat":"repeat","background-position":"center center","background-size":"auto","background-attachment":"scroll","background-type":"","background-media":"","overlay-type":"","overlay-color":"","overlay-opacity":"","overlay-gradient":""},"tablet":{"background-color":"","background-image":"","background-repeat":"repeat","background-position":"center center","background-size":"auto","background-attachment":"scroll","background-type":"","background-media":"","overlay-type":"","overlay-color":"","overlay-opacity":"","overlay-gradient":""},"mobile":{"background-color":"","background-image":"","background-repeat":"repeat","background-position":"center center","background-size":"auto","background-attachment":"scroll","background-type":"","background-media":"","overlay-type":"","overlay-color":"","overlay-opacity":"","overlay-gradient":""}},"ast-content-background-meta":{"desktop":{"background-color":"var(--ast-global-color-5)","background-image":"","background-repeat":"repeat","background-position":"center center","background-size":"auto","background-attachment":"scroll","background-type":"","background-media":"","overlay-type":"","overlay-color":"","overlay-opacity":"","overlay-gradient":""},"tablet":{"background-color":"var(--ast-global-color-5)","background-image":"","background-repeat":"repeat","background-position":"center center","background-size":"auto","background-attachment":"scroll","background-type":"","background-media":"","overlay-type":"","overlay-color":"","overlay-opacity":"","overlay-gradient":""},"mobile":{"background-color":"var(--ast-global-color-5)","background-image":"","background-repeat":"repeat","background-position":"center center","background-size":"auto","background-attachment":"scroll","background-type":"","background-media":"","overlay-type":"","overlay-color":"","overlay-opacity":"","overlay-gradient":""}},"footnotes":""},"class_list":["post-5687","page","type-page","status-publish","hentry"],"post_mailing_queue_ids":[],"_links":{"self":[{"href":"https:\/\/agora.xtec.cat\/ies-dperramon\/wp-json\/wp\/v2\/pages\/5687","targetHints":{"allow":["GET"]}}],"collection":[{"href":"https:\/\/agora.xtec.cat\/ies-dperramon\/wp-json\/wp\/v2\/pages"}],"about":[{"href":"https:\/\/agora.xtec.cat\/ies-dperramon\/wp-json\/wp\/v2\/types\/page"}],"author":[{"embeddable":true,"href":"https:\/\/agora.xtec.cat\/ies-dperramon\/wp-json\/wp\/v2\/users\/1"}],"replies":[{"embeddable":true,"href":"https:\/\/agora.xtec.cat\/ies-dperramon\/wp-json\/wp\/v2\/comments?post=5687"}],"version-history":[{"count":7,"href":"https:\/\/agora.xtec.cat\/ies-dperramon\/wp-json\/wp\/v2\/pages\/5687\/revisions"}],"predecessor-version":[{"id":7074,"href":"https:\/\/agora.xtec.cat\/ies-dperramon\/wp-json\/wp\/v2\/pages\/5687\/revisions\/7074"}],"up":[{"embeddable":true,"href":"https:\/\/agora.xtec.cat\/ies-dperramon\/wp-json\/wp\/v2\/pages\/5616"}],"wp:attachment":[{"href":"https:\/\/agora.xtec.cat\/ies-dperramon\/wp-json\/wp\/v2\/media?parent=5687"}],"curies":[{"name":"wp","href":"https:\/\/api.w.org\/{rel}","templated":true}]}}