{"id":5474,"date":"2022-03-08T16:58:33","date_gmt":"2022-03-08T15:58:33","guid":{"rendered":"https:\/\/agora.xtec.cat\/ies-dperramon\/?page_id=5474"},"modified":"2023-01-25T19:54:32","modified_gmt":"2023-01-25T18:54:32","slug":"projecte-emocional","status":"publish","type":"page","link":"https:\/\/agora.xtec.cat\/ies-dperramon\/projecte-educatiu\/projecte-emocional\/","title":{"rendered":"Projecte Emocional"},"content":{"rendered":"<p>El centre tenim un projecte d&#8217;educaci\u00f3 emocional perqu\u00e8 considerem imprescindible els valors com la cooperaci\u00f3, el di\u00e0leg, el respecte i ho desenvolupem a partir d&#8217;un projecte que es va iniciar el 2018. En aquest projecte potenciem dos puntals: el benestar emocional de l&#8217;alumnat i el treball cooperatiu. Considerem que d&#8217;aquesta manera assolim una educaci\u00f3 integral entre l&#8217;alumnat.<\/p>\n<div>\n<p>Les actuacions que es fan van des de tasques de tutoria per treballar l&#8217;autoconeixement fins a activitats transversals amb altres mat\u00e8ries.<\/p>\n<p>Des del curs 2021-22 el projecte ha pres m\u00e9s for\u00e7a i el que es fa \u00e9s que la coordinadora d&#8217;educaci\u00f3 emocional, la Montse S\u00e1nchez, posa en pr\u00e0ctica din\u00e0miques a tots els grups classe des de les mat\u00e8ries d&#8217;optativa, tutoria o cultura i valors.<\/p>\n<\/div>\n<div><\/div>\n<div><a href=\"https:\/\/drive.google.com\/file\/d\/1HjcMsvKRZDjXVE3sr3F9vd3CC60TsBA7\/view?usp=sharing\">Explicaci\u00f3 projecte educaci\u00f3 emocional<\/a><\/div>\n<div><\/div>\n<div>\n<p><a href=\"https:\/\/agora.xtec.cat\/ies-dperramon\/wp-content\/uploads\/usu947\/2022\/07\/3.1-Projecte-educacio-emocional.png\"><img loading=\"lazy\" decoding=\"async\" class=\"alignnone wp-image-6217 \" src=\"https:\/\/agora.xtec.cat\/ies-dperramon\/wp-content\/uploads\/usu947\/2022\/07\/3.1-Projecte-educacio-emocional.png\" alt=\"\" width=\"476\" height=\"262\" \/><\/a><a href=\"https:\/\/agora.xtec.cat\/ies-dperramon\/wp-content\/uploads\/usu947\/2022\/07\/3.2-Projecte-educacio-emocional.png\"><img loading=\"lazy\" decoding=\"async\" class=\"alignnone wp-image-6218 \" src=\"https:\/\/agora.xtec.cat\/ies-dperramon\/wp-content\/uploads\/usu947\/2022\/07\/3.2-Projecte-educacio-emocional.png\" alt=\"\" width=\"459\" height=\"259\" srcset=\"https:\/\/agora.xtec.cat\/ies-dperramon\/wp-content\/uploads\/usu947\/2022\/07\/3.2-Projecte-educacio-emocional-300x168.png 300w, https:\/\/agora.xtec.cat\/ies-dperramon\/wp-content\/uploads\/usu947\/2022\/07\/3.2-Projecte-educacio-emocional-768x431.png 768w\" sizes=\"auto, (max-width: 459px) 100vw, 459px\" \/><\/a><\/p>\n<h4><a href=\"https:\/\/agora.xtec.cat\/ies-dperramon\/wp-content\/uploads\/usu947\/2022\/07\/3.3-Projecte-educacio-emocional.png\">\u00a0 \u00a0 \u00a0 \u00a0 \u00a0 \u00a0 \u00a0 \u00a0 \u00a0 \u00a0 \u00a0 \u00a0 \u00a0 \u00a0 \u00a0 \u00a0 \u00a0 \u00a0 \u00a0 \u00a0 \u00a0 \u00a0 \u00a0<img loading=\"lazy\" decoding=\"async\" class=\"alignnone wp-image-6219 \" src=\"https:\/\/agora.xtec.cat\/ies-dperramon\/wp-content\/uploads\/usu947\/2022\/07\/3.3-Projecte-educacio-emocional.png\" alt=\"\" width=\"408\" height=\"222\" \/><\/a><\/h4>\n<\/div>\n","protected":false},"excerpt":{"rendered":"<p>El centre tenim un projecte d&#8217;educaci\u00f3 emocional perqu\u00e8 considerem imprescindible els valors com la cooperaci\u00f3, el di\u00e0leg, el respecte i ho desenvolupem a partir d&#8217;un projecte que es va iniciar el 2018. En aquest projecte potenciem dos puntals: el benestar emocional de l&#8217;alumnat i el treball cooperatiu. Considerem que d&#8217;aquesta manera assolim una educaci\u00f3 integral [&hellip;]<\/p>\n","protected":false},"author":1,"featured_media":0,"parent":57,"menu_order":10,"comment_status":"closed","ping_status":"closed","template":"page-templates\/side-menu.php","meta":{"_bbp_topic_count":0,"_bbp_reply_count":0,"_bbp_total_topic_count":0,"_bbp_total_reply_count":0,"_bbp_voice_count":0,"_bbp_anonymous_reply_count":0,"_bbp_topic_count_hidden":0,"_bbp_reply_count_hidden":0,"_bbp_forum_subforum_count":0,"site-sidebar-layout":"default","site-content-layout":"","ast-site-content-layout":"","site-content-style":"default","site-sidebar-style":"default","ast-global-header-display":"","ast-banner-title-visibility":"","ast-main-header-display":"","ast-hfb-above-header-display":"","ast-hfb-below-header-display":"","ast-hfb-mobile-header-display":"","site-post-title":"","ast-breadcrumbs-content":"","ast-featured-img":"","footer-sml-layout":"","theme-transparent-header-meta":"","adv-header-id-meta":"","stick-header-meta":"","header-above-stick-meta":"","header-main-stick-meta":"","header-below-stick-meta":"","astra-migrate-meta-layouts":"default","ast-page-background-enabled":"default","ast-page-background-meta":{"desktop":{"background-color":"var(--ast-global-color-4)","background-image":"","background-repeat":"repeat","background-position":"center center","background-size":"auto","background-attachment":"scroll","background-type":"","background-media":"","overlay-type":"","overlay-color":"","overlay-opacity":"","overlay-gradient":""},"tablet":{"background-color":"","background-image":"","background-repeat":"repeat","background-position":"center center","background-size":"auto","background-attachment":"scroll","background-type":"","background-media":"","overlay-type":"","overlay-color":"","overlay-opacity":"","overlay-gradient":""},"mobile":{"background-color":"","background-image":"","background-repeat":"repeat","background-position":"center center","background-size":"auto","background-attachment":"scroll","background-type":"","background-media":"","overlay-type":"","overlay-color":"","overlay-opacity":"","overlay-gradient":""}},"ast-content-background-meta":{"desktop":{"background-color":"var(--ast-global-color-5)","background-image":"","background-repeat":"repeat","background-position":"center center","background-size":"auto","background-attachment":"scroll","background-type":"","background-media":"","overlay-type":"","overlay-color":"","overlay-opacity":"","overlay-gradient":""},"tablet":{"background-color":"var(--ast-global-color-5)","background-image":"","background-repeat":"repeat","background-position":"center center","background-size":"auto","background-attachment":"scroll","background-type":"","background-media":"","overlay-type":"","overlay-color":"","overlay-opacity":"","overlay-gradient":""},"mobile":{"background-color":"var(--ast-global-color-5)","background-image":"","background-repeat":"repeat","background-position":"center center","background-size":"auto","background-attachment":"scroll","background-type":"","background-media":"","overlay-type":"","overlay-color":"","overlay-opacity":"","overlay-gradient":""}},"footnotes":""},"class_list":["post-5474","page","type-page","status-publish","hentry"],"post_mailing_queue_ids":[],"_links":{"self":[{"href":"https:\/\/agora.xtec.cat\/ies-dperramon\/wp-json\/wp\/v2\/pages\/5474","targetHints":{"allow":["GET"]}}],"collection":[{"href":"https:\/\/agora.xtec.cat\/ies-dperramon\/wp-json\/wp\/v2\/pages"}],"about":[{"href":"https:\/\/agora.xtec.cat\/ies-dperramon\/wp-json\/wp\/v2\/types\/page"}],"author":[{"embeddable":true,"href":"https:\/\/agora.xtec.cat\/ies-dperramon\/wp-json\/wp\/v2\/users\/1"}],"replies":[{"embeddable":true,"href":"https:\/\/agora.xtec.cat\/ies-dperramon\/wp-json\/wp\/v2\/comments?post=5474"}],"version-history":[{"count":3,"href":"https:\/\/agora.xtec.cat\/ies-dperramon\/wp-json\/wp\/v2\/pages\/5474\/revisions"}],"predecessor-version":[{"id":6220,"href":"https:\/\/agora.xtec.cat\/ies-dperramon\/wp-json\/wp\/v2\/pages\/5474\/revisions\/6220"}],"up":[{"embeddable":true,"href":"https:\/\/agora.xtec.cat\/ies-dperramon\/wp-json\/wp\/v2\/pages\/57"}],"wp:attachment":[{"href":"https:\/\/agora.xtec.cat\/ies-dperramon\/wp-json\/wp\/v2\/media?parent=5474"}],"curies":[{"name":"wp","href":"https:\/\/api.w.org\/{rel}","templated":true}]}}