{"id":21,"date":"2014-09-17T16:14:14","date_gmt":"2014-09-17T16:14:14","guid":{"rendered":"http:\/\/agora.xtec.cat\/ies-dperramon\/?page_id=21"},"modified":"2022-06-30T20:32:11","modified_gmt":"2022-06-30T18:32:11","slug":"on-som","status":"publish","type":"page","link":"https:\/\/agora.xtec.cat\/ies-dperramon\/linstitut\/on-som\/","title":{"rendered":"On som"},"content":{"rendered":"<h3 style=\"color: #666666;\"><span style=\"color: #339966;\"><strong>Institut\u00a0Dom\u00e8nec Perramon<\/strong><\/span><\/h3>\n<h4 style=\"color: #666666;\">\n<span style=\"color: #000000;\">Torrent d&#8217;en Terra, s\/n<\/span><br \/>\n<span style=\"color: #000000;\">08358 Arenys de Munt (Barcelona)<\/span><\/h4>\n<p><span style=\"color: #000000;\">93.793.90.75<\/span><\/p>\n<p style=\"color: #666666;\"><span style=\"color: #000000;\">a8034187@xtec.cat<\/span><\/p>\n<p><iframe loading=\"lazy\" src=\"https:\/\/www.google.com\/maps\/embed?pb=!1m14!1m8!1m3!1d11930.736002943426!2d2.5377238!3d41.6193445!3m2!1i1024!2i768!4f13.1!3m3!1m2!1s0x0%3A0x99a333e9ca5086b2!2sI.N.S.+Dom%C3%A8nec+Perramon!5e0!3m2!1sca!2ses!4v1455982864521\" width=\"600\" height=\"450\" frameborder=\"0\"><span data-mce-type=\"bookmark\" style=\"display: inline-block; width: 0px; overflow: hidden; line-height: 0;\" class=\"mce_SELRES_start\">\ufeff<\/span><\/iframe><\/p>\n<p><strong>Com arribar-hi:<br \/>\n<\/strong><\/p>\n<ul>\n<li>Per tren: <a href=\"http:\/\/rodalies.gencat.cat\/web\/.content\/02_Horaris\/horaris\/R1.pdf\">Estaci\u00f3 Arenys de Mar, Rodalies Renfe l\u00ednia C1<\/a><\/li>\n<li>Per <a href=\"http:\/\/www.arenysdemunt.cat\/ARXIUS\/2015\/Policia\/HORARI_BUS_2013__A3__amb_canvi_7.00_St.Iscle.pdf\">bus: Arenys de Mar &#8211; Arenys de Munt<\/a><\/li>\n<\/ul>\n<p><strong>Escoles adscrites a l&#8217;institut:<br \/>\n<\/strong>CEIP Sant Mart\u00ed, CEIP Sobirans, CEIP Dones d&#8217;Aigua<\/p>\n<p>&nbsp;<\/p>\n","protected":false},"excerpt":{"rendered":"<p>Institut\u00a0Dom\u00e8nec Perramon Torrent d&#8217;en Terra, s\/n 08358 Arenys de Munt (Barcelona) 93.793.90.75 a8034187@xtec.cat \ufeff Com arribar-hi: Per tren: Estaci\u00f3 Arenys de Mar, Rodalies Renfe l\u00ednia C1 Per bus: Arenys de Mar &#8211; Arenys de Munt Escoles adscrites a l&#8217;institut: CEIP Sant Mart\u00ed, CEIP Sobirans, CEIP Dones d&#8217;Aigua &nbsp;<\/p>\n","protected":false},"author":1,"featured_media":0,"parent":19,"menu_order":0,"comment_status":"closed","ping_status":"closed","template":"page-templates\/side-menu.php","meta":{"_bbp_topic_count":0,"_bbp_reply_count":0,"_bbp_total_topic_count":0,"_bbp_total_reply_count":0,"_bbp_voice_count":0,"_bbp_anonymous_reply_count":0,"_bbp_topic_count_hidden":0,"_bbp_reply_count_hidden":0,"_bbp_forum_subforum_count":0,"site-sidebar-layout":"default","site-content-layout":"","ast-site-content-layout":"","site-content-style":"default","site-sidebar-style":"default","ast-global-header-display":"","ast-banner-title-visibility":"","ast-main-header-display":"","ast-hfb-above-header-display":"","ast-hfb-below-header-display":"","ast-hfb-mobile-header-display":"","site-post-title":"","ast-breadcrumbs-content":"","ast-featured-img":"","footer-sml-layout":"","theme-transparent-header-meta":"","adv-header-id-meta":"","stick-header-meta":"","header-above-stick-meta":"","header-main-stick-meta":"","header-below-stick-meta":"","astra-migrate-meta-layouts":"default","ast-page-background-enabled":"default","ast-page-background-meta":{"desktop":{"background-color":"var(--ast-global-color-4)","background-image":"","background-repeat":"repeat","background-position":"center center","background-size":"auto","background-attachment":"scroll","background-type":"","background-media":"","overlay-type":"","overlay-color":"","overlay-opacity":"","overlay-gradient":""},"tablet":{"background-color":"","background-image":"","background-repeat":"repeat","background-position":"center center","background-size":"auto","background-attachment":"scroll","background-type":"","background-media":"","overlay-type":"","overlay-color":"","overlay-opacity":"","overlay-gradient":""},"mobile":{"background-color":"","background-image":"","background-repeat":"repeat","background-position":"center center","background-size":"auto","background-attachment":"scroll","background-type":"","background-media":"","overlay-type":"","overlay-color":"","overlay-opacity":"","overlay-gradient":""}},"ast-content-background-meta":{"desktop":{"background-color":"var(--ast-global-color-5)","background-image":"","background-repeat":"repeat","background-position":"center center","background-size":"auto","background-attachment":"scroll","background-type":"","background-media":"","overlay-type":"","overlay-color":"","overlay-opacity":"","overlay-gradient":""},"tablet":{"background-color":"var(--ast-global-color-5)","background-image":"","background-repeat":"repeat","background-position":"center center","background-size":"auto","background-attachment":"scroll","background-type":"","background-media":"","overlay-type":"","overlay-color":"","overlay-opacity":"","overlay-gradient":""},"mobile":{"background-color":"var(--ast-global-color-5)","background-image":"","background-repeat":"repeat","background-position":"center center","background-size":"auto","background-attachment":"scroll","background-type":"","background-media":"","overlay-type":"","overlay-color":"","overlay-opacity":"","overlay-gradient":""}},"footnotes":""},"class_list":["post-21","page","type-page","status-publish","hentry"],"post_mailing_queue_ids":[],"_links":{"self":[{"href":"https:\/\/agora.xtec.cat\/ies-dperramon\/wp-json\/wp\/v2\/pages\/21","targetHints":{"allow":["GET"]}}],"collection":[{"href":"https:\/\/agora.xtec.cat\/ies-dperramon\/wp-json\/wp\/v2\/pages"}],"about":[{"href":"https:\/\/agora.xtec.cat\/ies-dperramon\/wp-json\/wp\/v2\/types\/page"}],"author":[{"embeddable":true,"href":"https:\/\/agora.xtec.cat\/ies-dperramon\/wp-json\/wp\/v2\/users\/1"}],"replies":[{"embeddable":true,"href":"https:\/\/agora.xtec.cat\/ies-dperramon\/wp-json\/wp\/v2\/comments?post=21"}],"version-history":[{"count":4,"href":"https:\/\/agora.xtec.cat\/ies-dperramon\/wp-json\/wp\/v2\/pages\/21\/revisions"}],"predecessor-version":[{"id":6006,"href":"https:\/\/agora.xtec.cat\/ies-dperramon\/wp-json\/wp\/v2\/pages\/21\/revisions\/6006"}],"up":[{"embeddable":true,"href":"https:\/\/agora.xtec.cat\/ies-dperramon\/wp-json\/wp\/v2\/pages\/19"}],"wp:attachment":[{"href":"https:\/\/agora.xtec.cat\/ies-dperramon\/wp-json\/wp\/v2\/media?parent=21"}],"curies":[{"name":"wp","href":"https:\/\/api.w.org\/{rel}","templated":true}]}}